{"id":7443,"date":"2023-03-11T16:48:24","date_gmt":"2023-03-11T15:48:24","guid":{"rendered":"http:\/\/astehshop.com\/?post_type=product&#038;p=7443"},"modified":"2023-03-11T16:48:24","modified_gmt":"2023-03-11T15:48:24","slug":"huawei-pametni-sat-band-4e","status":"publish","type":"product","link":"http:\/\/astehshop.com\/index.php\/product\/huawei-pametni-sat-band-4e\/","title":{"rendered":"Huawei pametni sat Band 4e"},"content":{"rendered":"<p>HUAWEI Band 4e <strong>pametna je narukvica<\/strong> koja podr\u017eava <strong>na\u010din rada na ruci i nozi<\/strong>, a integrira pametne zna\u010dajke kao \u0161to su <strong>pra\u0107enje ko\u0161arka\u0161kih<\/strong> performansi, <strong>pra\u0107enje forme tr\u010danja<\/strong> i pra\u0107enje dnevnih aktivnosti, pra\u0107enje spavanja i <strong>podsjetnici na poruke<\/strong>.<\/p>\n<p>Proizvod sadr\u017ei opcije za fitnes, zdravlje i modu te je savr\u0161en partner za pametne telefone. HUAWEI Band 4e poma\u017ee vam da saznate vi\u0161e o svojoj <strong>kondiciji i statusu spavanja<\/strong>, postignete bolje rezultate u tr\u010danju i smanjite <strong>rizik od ozljeda<\/strong>.<\/p>\n<p>Ko\u0161arka\u0161ki na\u010din rada Podr\u017ean: zabilje\u017eite podatke kao \u0161to su <strong>visina skoka<\/strong>, odskoci, vrijeme visi, udaljenost, kalorije, <strong>prosje\u010dna brzina kretanja<\/strong>, najve\u0107a brzina kretanja itd. Za vrijeme va\u0161eg igranja ko\u0161arke, <strong>podijelite podatke<\/strong> sa svojim prijateljima.<\/p>\n<p>Aplikacija HUAWEI Health Podr\u017eava <strong>dva ure\u0111aja za istovremeno<\/strong> povezivanje.<\/p>\n<p><strong>Profesionalni vodi\u010d za tr\u010danje<\/strong>: podr\u017eava 7 vrsta pra\u0107enja podataka o formama za tr\u010danje u na\u010dinu rada stopala, profesionalnu analizu i savjete o formama za tr\u010danje. <strong>6-osni<\/strong> senzor pokreta poma\u017ee u preciznom nadzoru.<\/p>\n<h3>Zna\u010dajke<\/h3>\n<ul>\n<li>Otporan na vodu do 50m.<\/li>\n<li>Kompatibilan s aplikacijama iz trgovine Google Play.<\/li>\n<li>Monitor otkucaja srca.<\/li>\n<li>Pedometar.<\/li>\n<li>Udaljenost.<\/li>\n<li>Brzinomjer.<\/li>\n<li>Kalorije.<\/li>\n<li>Spavanje.<\/li>\n<li>Dodaci uklju\u010deni: kop\u010da za cipele, postolje za punjenje, uklju\u010duju\u0107i punja\u010d.<\/li>\n<\/ul>\n<iframe  id=\"_ytid_72471\"  width=\"480\" height=\"270\"  data-origwidth=\"480\" data-origheight=\"270\"  src=\"https:\/\/www.youtube.com\/embed\/N_aZpaIitWM?enablejsapi=1&autoplay=0&cc_load_policy=0&cc_lang_pref=&iv_load_policy=1&loop=0&modestbranding=0&rel=1&fs=1&playsinline=0&autohide=2&theme=dark&color=red&controls=1&\" class=\"__youtube_prefs__  no-lazyload\" title=\"YouTube player\"  allow=\"autoplay; encrypted-media\" allowfullscreen data-no-lazy=\"1\" data-skipgform_ajax_framebjll=\"\"><\/iframe>\n","protected":false},"excerpt":{"rendered":"<p>HUAWEI Band 4e <strong>pametna je narukvica<\/strong> koja podr\u017eava <strong>na\u010din rada na ruci i nozi<\/strong>, a integrira pametne zna\u010dajke kao \u0161to su <strong>pra\u0107enje ko\u0161arka\u0161kih<\/strong> performansi, <strong>pra\u0107enje forme tr\u010danja<\/strong> i pra\u0107enje dnevnih aktivnosti, pra\u0107enje spavanja i <strong>podsjetnici na poruke<\/strong>.<\/p>\n<p>Proizvod sadr\u017ei opcije za fitnes, zdravlje i modu te je savr\u0161en partner za pametne telefone. HUAWEI Band 4e poma\u017ee vam da saznate vi\u0161e o svojoj <strong>kondiciji i statusu spavanja<\/strong>, postignete bolje rezultate u tr\u010danju i smanjite <strong>rizik od ozljeda<\/strong>.<\/p>\n<p>Ko\u0161arka\u0161ki na\u010din rada Podr\u017ean: zabilje\u017eite podatke kao \u0161to su <strong>visina skoka<\/strong>, odskoci, vrijeme visi, udaljenost, kalorije, <strong>prosje\u010dna brzina kretanja<\/strong>, najve\u0107a brzina kretanja itd. Za vrijeme va\u0161eg igranja ko\u0161arke, <strong>podijelite podatke<\/strong> sa svojim prijateljima.<\/p>\n<p>Aplikacija HUAWEI Health Podr\u017eava <strong>dva ure\u0111aja za istovremeno<\/strong> povezivanje.<\/p>\n<p><strong>Profesionalni vodi\u010d za tr\u010danje<\/strong>: podr\u017eava 7 vrsta pra\u0107enja podataka o formama za tr\u010danje u na\u010dinu rada stopala, profesionalnu analizu i savjete o formama za tr\u010danje. <strong>6-osni<\/strong> senzor pokreta poma\u017ee u preciznom nadzoru.<\/p>\n<h3>Zna\u010dajke<\/h3>\n<ul>\n<li>Otporan na vodu do 50m.<\/li>\n<li>Kompatibilan s aplikacijama iz trgovine Google Play.<\/li>\n<li>Monitor otkucaja srca.<\/li>\n<li>Pedometar.<\/li>\n<li>Udaljenost.<\/li>\n<li>Brzinomjer.<\/li>\n<li>Kalorije.<\/li>\n<li>Spavanje.<\/li>\n<li>Dodaci uklju\u010deni: kop\u010da za cipele, postolje za punjenje, uklju\u010duju\u0107i punja\u010d.<\/li>\n<\/ul>\n[embedyt] https:\/\/www.youtube.com\/watch?v=N_aZpaIitWM[\/embedyt]\n","protected":false},"featured_media":7444,"comment_status":"open","ping_status":"closed","template":"","meta":{"_mi_skip_tracking":false,"_exactmetrics_sitenote_active":false,"_exactmetrics_sitenote_note":"","_exactmetrics_sitenote_category":0,"spay_email":""},"product_cat":[885],"product_tag":[5262,5255,5263,5256,5258,900,5260,5259,5257,854,5264,5261],"brands":[{"id":5254,"name":"Huawei","slug":"huawei"}],"df_price":79,"df_sale_price":"","df_regular_price":79,"df_image_link":"https:\/\/i1.wp.com\/astehshop.com\/wp-content\/uploads\/2023\/03\/Huawei-pametni-sat-Band-4e.jpeg?fit=450%2C450","jetpack_publicize_connections":[],"jetpack_sharing_enabled":true,"jetpack_likes_enabled":true,"jetpack-related-posts":[{"id":7403,"url":"http:\/\/astehshop.com\/index.php\/product\/pametni-sat-haylou-smart-watch-rt2-black-ls1\/","url_meta":{"origin":7443,"position":0},"title":"Pametni sat Haylou Smart Watch RT2 Black &#8211; LS1","date":"11. o\u017eujka 2023.","format":false,"excerpt":"Haylou RT2 pametni sat je napravljen za stalni pokret. Estetski je dizajniran za sport sa 2.5D zakrivljenim staklom i TFT ekranom veli\u010dine 1.32 in\u010da, stoji na ruci veoma ugodno i donosi ljepotu nje\u017enog dizajna. Inkorporirano je 12 re\u017eima za fizi\u010dku aktivnost kao \u0161to su brzo hodanje, penjanje, joga, gimnastika i\u2026","rel":"","context":"Srodne objave","img":{"alt_text":"","src":"https:\/\/i2.wp.com\/astehshop.com\/wp-content\/uploads\/2023\/03\/xiaomi-haylou-rt2-ls10-smart-watch-black.png?fit=800%2C800&resize=350%2C200","width":350,"height":200},"classes":[]},{"id":5613,"url":"http:\/\/astehshop.com\/index.php\/product\/xiaomi-mi-smart-band-6\/","url_meta":{"origin":7443,"position":1},"title":"Xiaomi Mi Smart Band 6","date":"5. studenoga 2021.","format":false,"excerpt":"Smart Band 6 je nova Xiaomi pametna narukvica koja zadovoljava potrebe svih korisnika. Nije bitno \u017eelite li brojati korake, brzinu kojom tr\u010dite ili pre\u0111ene kilometre za vrijeme vje\u017ebe, novi model smart band-a mo\u017ee sve. Nova pametna narukvica ima ve\u0107i zaslon s obzirom na pro\u0161li model, dodana je automatska detekcija za\u2026","rel":"","context":"Srodne objave","img":{"alt_text":"","src":"https:\/\/i0.wp.com\/astehshop.com\/wp-content\/uploads\/2021\/11\/Xiaomi-Mi-Smart-Band-6.jpg?fit=800%2C800&resize=350%2C200","width":350,"height":200},"classes":[]},{"id":5609,"url":"http:\/\/astehshop.com\/index.php\/product\/xiaomi-mi-band-5-pametni-sat-smart-watch\/","url_meta":{"origin":7443,"position":2},"title":"Xiaomi Mi Band 5 pametni sat smart watch","date":"5. studenoga 2021.","format":false,"excerpt":"Mi pametna narukvica 5 je najnovija verzija iz kolekcije pametnih narukvica koja je\u00a0vodootporna\u00a0te Vam omogu\u0107ava\u00a0pra\u0107enje 11 razli\u010ditih sportova\u00a0od tr\u010danja i biciklizma pa sve do plivanja. Mi pametna narukvica 5 koristi pobolj\u0161ane i novije zna\u010dajke koje poma\u017eu da pazite na Va\u0161e zdravlje. S njom mo\u017eete lako\u00a0pratiti va\u0161e spavanje, otkucaje srca, razinu\u2026","rel":"","context":"Srodne objave","img":{"alt_text":"","src":"https:\/\/i0.wp.com\/astehshop.com\/wp-content\/uploads\/2021\/11\/Xiaomi-Mi-Band-5.jpg?fit=1143%2C1200&resize=350%2C200","width":350,"height":200},"classes":[]},{"id":5611,"url":"http:\/\/astehshop.com\/index.php\/product\/haylou-solar-smartwatch-ls05\/","url_meta":{"origin":7443,"position":3},"title":"Haylou Solar SmartWatch LS05","date":"5. studenoga 2021.","format":false,"excerpt":"Haylou Solar LS05 ima jednostavan i atraktivan dizajn s\u00a0IP68 certifikatom\u00a0(otporan na vodu i pra\u0161inu) i velikim 1.28\u2033 zaslonom. Zaslon je ina\u010de vrlo visoke\u00a0240 x 240 rezolucije, te je dobro vidljiv na suncu. Ovo je zapravo idealan ure\u0111aj za one koji \u017eele pametni sat \/ narukvicu \/ fitness ure\u0111aj, ali ne\u2026","rel":"","context":"Srodne objave","img":{"alt_text":"","src":"https:\/\/i0.wp.com\/astehshop.com\/wp-content\/uploads\/2021\/11\/Haylou-Solar.jpg?fit=1000%2C1000&resize=350%2C200","width":350,"height":200},"classes":[]},{"id":11899,"url":"http:\/\/astehshop.com\/index.php\/product\/cloud-upravljivi-unv-uniview-poe-switch-gigabitni-16-portni-nsw3000-17gt1gp1gc-poe-in\/","url_meta":{"origin":7443,"position":4},"title":"Cloud upravljivi UNV UniView POE switch gigabitni 16 portni NSW3000-17GT1GP1GC-POE-IN","date":"31. listopada 2025.","format":false,"excerpt":"\u2022 Podr\u017eava objedinjenu konfiguraciju, upravljanje i pretra\u017eivanje na softveru, \u0161to je prakti\u010dno za brzi rad i odr\u017eavanje vi\u0161e ure\u0111aja; podr\u017eava automatsko otkrivanje povezanih video ure\u0111aja i generiranje mre\u017ene topologije na softveru. \u2022 Podr\u017eava web prijavu i konfiguraciju i upravljanje ure\u0111ajima na web su\u010delju. \u2022 Podr\u017eava posjetu oblaku skeniranjem QR koda.\u2026","rel":"","context":"Srodne objave","img":{"alt_text":"","src":"https:\/\/i2.wp.com\/astehshop.com\/wp-content\/uploads\/2025\/10\/NSW3000-17GT1GP1GC-POE-IN.png?fit=600%2C338&resize=350%2C200","width":350,"height":200},"classes":[]},{"id":7247,"url":"http:\/\/astehshop.com\/index.php\/product\/ezviz-hikvision-kucni-gateway-cs-a3-a0-w\/","url_meta":{"origin":7443,"position":5},"title":"Ezviz HikVision ku\u0107ni gateway CS-A3-A0-W","date":"15. velja\u010de 2023.","format":false,"excerpt":"\u2022 Ku\u0107ni gateway \u2022 Podr\u017eava pristup pametnim ku\u0107nim ure\u0111ajima kao \u0161to su EZVIZ senzori i pametne brave \u2022 Za napajanje koristi Micro USB, DC 5V \/ 1A \u2022 Potro\u0161nja energije Maks.3W \u2022 Podr\u017eava 2.4 GHz WiFi","rel":"","context":"Srodne objave","img":{"alt_text":"","src":"","width":0,"height":0},"classes":[]}],"_links":{"self":[{"href":"http:\/\/astehshop.com\/index.php\/wp-json\/wp\/v2\/product\/7443"}],"collection":[{"href":"http:\/\/astehshop.com\/index.php\/wp-json\/wp\/v2\/product"}],"about":[{"href":"http:\/\/astehshop.com\/index.php\/wp-json\/wp\/v2\/types\/product"}],"replies":[{"embeddable":true,"href":"http:\/\/astehshop.com\/index.php\/wp-json\/wp\/v2\/comments?post=7443"}],"wp:featuredmedia":[{"embeddable":true,"href":"http:\/\/astehshop.com\/index.php\/wp-json\/wp\/v2\/media\/7444"}],"wp:attachment":[{"href":"http:\/\/astehshop.com\/index.php\/wp-json\/wp\/v2\/media?parent=7443"}],"wp:term":[{"taxonomy":"product_cat","embeddable":true,"href":"http:\/\/astehshop.com\/index.php\/wp-json\/wp\/v2\/product_cat?post=7443"},{"taxonomy":"product_tag","embeddable":true,"href":"http:\/\/astehshop.com\/index.php\/wp-json\/wp\/v2\/product_tag?post=7443"}],"curies":[{"name":"wp","href":"https:\/\/api.w.org\/{rel}","templated":true}]}}