{"id":7438,"date":"2023-03-11T16:39:03","date_gmt":"2023-03-11T15:39:03","guid":{"rendered":"http:\/\/astehshop.com\/?post_type=product&#038;p=7438"},"modified":"2023-03-11T16:39:04","modified_gmt":"2023-03-11T15:39:04","slug":"pametni-sat-blackview-r5-pink","status":"publish","type":"product","link":"http:\/\/astehshop.com\/index.php\/product\/pametni-sat-blackview-r5-pink\/","title":{"rendered":"Pametni sat Blackview R5 Pink"},"content":{"rendered":"<p>ZGLED:<br \/>\nVeli\u010dina ekrana: 1,57&#8243;<br \/>\nVrsta zaslona: TFT-LCD<br \/>\nPoklopac zaslona: 3D zakrivljeno kaljeno staklo<br \/>\nMaterijal dna: Ku\u0107i\u0161te od aluminijske legure, plasti\u010dna donja \u0161koljka<br \/>\nMaterijal remena: TPU remen + metalna kop\u010da<\/p>\n<p>HADVER:<br \/>\nCPU: Realtek8762DK<br \/>\nG-senzor: Podr\u0161ka<br \/>\nBrzinomjer: Podr\u0161ka<br \/>\nPra\u0107enje kisika u krvi: Podr\u0161ka<br \/>\nPra\u0107enje otkucaja srca: Podr\u0161ka<br \/>\nGPS: Ne<br \/>\nZaslon: 1,57&#8243; TFT-LCD<br \/>\nRazlu\u010divost zaslona: 200*320<br \/>\nFlash memorija: 384 KB<br \/>\nRadna memorija: 160 KB<br \/>\nBluetooth: 5.0<\/p>\n<p>BATERIJA:<br \/>\nVrijeme \u010dekanja uz Bluetooth povezan: &gt;60 dana<br \/>\nTipi\u010dna svakodnevna upotreba: 12-15 dana<br \/>\nTip baterije: Litij polimer baterija<br \/>\nKapacitet baterije: 260 mAh<br \/>\nNa\u010din punjenja: Magnetno punjenje<br \/>\nVrijeme punjenja: \u2264 2 sata<\/p>\n<p>FUNKCIJE:<br \/>\nPodr\u0161ka za 8 jezika: Engleski, njema\u010dki, francuski, talijanski, \u0161panjolski, japanski, ruski, portugalski<\/p>\n<p>Podsjetnik: podsjetnik na poziv, podsjetnik na tekstualnu poruku, podsjetnik na sjedenje, podsjetnik na budilicu<\/p>\n<p>Pedometar: broj koraka vje\u017ebanja, izra\u010dun potro\u0161nje kalorija, zapis kilometra\u017ee vje\u017ebanja;<\/p>\n<p>Pra\u0107enje spavanja: pra\u0107enje kvalitete sna<\/p>\n<p>Brzina otkucaja srca: Cjelodnevno pra\u0107enje otkucaja srca: 24-satno neprekinuto visokoprecizno otkrivanje otkucaja srca, fokusiranje i razumijevanje va\u0161eg zdravlja<\/p>\n<p>Razina kisika u krvi: Cjelodnevno pra\u0107enje kisika u krvi<br \/>\n24 sportskih na\u010dina rada: Tr\u010danje u zatvorenom, ples, vo\u017enja bicikla, veslanje, gimnastika, sportsko hodanje, rotiraju\u0107i bicikl, situps, joga, ragbi, hokej, odbojka, tenis, bejzbol, kriket, nogomet, ko\u0161arka, planinarenje, vje\u017eba slobodnog stila, badminton, stolni tenis, preskakanje , plivanje, tr\u010danje na otvorenom<\/p>\n<p>Ostale funkcije: \u0161toperica; odbrojavanje; kontrola glazbe; trening disanja, svjetiljka; podignite ruku da osvijetlite ekran; QR kod za preuzimanje aplikacije;<\/p>\n<p>Podsjetnik obavijesti (IOS Android): Twitter, Facebook, Linkedin, WhatsApp, Line, lnstagram, snapchat, skype i druge pravovremene informacije; SMS push, dolazni poziv push<\/p>\n<iframe  id=\"_ytid_59150\"  width=\"480\" height=\"270\"  data-origwidth=\"480\" data-origheight=\"270\"  src=\"https:\/\/www.youtube.com\/embed\/keMM11mtqLI?enablejsapi=1&autoplay=0&cc_load_policy=0&cc_lang_pref=&iv_load_policy=1&loop=0&modestbranding=0&rel=1&fs=1&playsinline=0&autohide=2&theme=dark&color=red&controls=1&\" class=\"__youtube_prefs__  no-lazyload\" title=\"YouTube player\"  allow=\"autoplay; encrypted-media\" allowfullscreen data-no-lazy=\"1\" data-skipgform_ajax_framebjll=\"\"><\/iframe>\n","protected":false},"excerpt":{"rendered":"<p>ZGLED:<br \/>\nVeli\u010dina ekrana: 1,57&#8243;<br \/>\nVrsta zaslona: TFT-LCD<br \/>\nPoklopac zaslona: 3D zakrivljeno kaljeno staklo<br \/>\nMaterijal dna: Ku\u0107i\u0161te od aluminijske legure, plasti\u010dna donja \u0161koljka<br \/>\nMaterijal remena: TPU remen + metalna kop\u010da<\/p>\n<p>HADVER:<br \/>\nCPU: Realtek8762DK<br \/>\nG-senzor: Podr\u0161ka<br \/>\nBrzinomjer: Podr\u0161ka<br \/>\nPra\u0107enje kisika u krvi: Podr\u0161ka<br \/>\nPra\u0107enje otkucaja srca: Podr\u0161ka<br \/>\nGPS: Ne<br \/>\nZaslon: 1,57&#8243; TFT-LCD<br \/>\nRazlu\u010divost zaslona: 200*320<br \/>\nFlash memorija: 384 KB<br \/>\nRadna memorija: 160 KB<br \/>\nBluetooth: 5.0<\/p>\n<p>BATERIJA:<br \/>\nVrijeme \u010dekanja uz Bluetooth povezan: &gt;60 dana<br \/>\nTipi\u010dna svakodnevna upotreba: 12-15 dana<br \/>\nTip baterije: Litij polimer baterija<br \/>\nKapacitet baterije: 260 mAh<br \/>\nNa\u010din punjenja: Magnetno punjenje<br \/>\nVrijeme punjenja: \u2264 2 sata<\/p>\n<p>FUNKCIJE:<br \/>\nPodr\u0161ka za 8 jezika: Engleski, njema\u010dki, francuski, talijanski, \u0161panjolski, japanski, ruski, portugalski<\/p>\n<p>Podsjetnik: podsjetnik na poziv, podsjetnik na tekstualnu poruku, podsjetnik na sjedenje, podsjetnik na budilicu<\/p>\n<p>Pedometar: broj koraka vje\u017ebanja, izra\u010dun potro\u0161nje kalorija, zapis kilometra\u017ee vje\u017ebanja;<\/p>\n<p>Pra\u0107enje spavanja: pra\u0107enje kvalitete sna<\/p>\n<p>Brzina otkucaja srca: Cjelodnevno pra\u0107enje otkucaja srca: 24-satno neprekinuto visokoprecizno otkrivanje otkucaja srca, fokusiranje i razumijevanje va\u0161eg zdravlja<\/p>\n<p>Razina kisika u krvi: Cjelodnevno pra\u0107enje kisika u krvi<br \/>\n24 sportskih na\u010dina rada: Tr\u010danje u zatvorenom, ples, vo\u017enja bicikla, veslanje, gimnastika, sportsko hodanje, rotiraju\u0107i bicikl, situps, joga, ragbi, hokej, odbojka, tenis, bejzbol, kriket, nogomet, ko\u0161arka, planinarenje, vje\u017eba slobodnog stila, badminton, stolni tenis, preskakanje , plivanje, tr\u010danje na otvorenom<\/p>\n<p>Ostale funkcije: \u0161toperica; odbrojavanje; kontrola glazbe; trening disanja, svjetiljka; podignite ruku da osvijetlite ekran; QR kod za preuzimanje aplikacije;<\/p>\n<p>Podsjetnik obavijesti (IOS Android): Twitter, Facebook, Linkedin, WhatsApp, Line, lnstagram, snapchat, skype i druge pravovremene informacije; SMS push, dolazni poziv push<\/p>\n[embedyt] https:\/\/www.youtube.com\/watch?v=keMM11mtqLI[\/embedyt]\n","protected":false},"featured_media":7439,"comment_status":"open","ping_status":"closed","template":"","meta":{"_mi_skip_tracking":false,"_exactmetrics_sitenote_active":false,"_exactmetrics_sitenote_note":"","_exactmetrics_sitenote_category":0,"spay_email":""},"product_cat":[885],"product_tag":[5248,5245,5246,5247,5249,5212,5250],"brands":[{"id":5236,"name":"Blackview","slug":"blackview"}],"df_price":79,"df_sale_price":"","df_regular_price":79,"df_image_link":"https:\/\/i1.wp.com\/astehshop.com\/wp-content\/uploads\/2023\/03\/0107432_pametni-sat-blackview-r5-pink.jpeg?fit=450%2C450","jetpack_publicize_connections":[],"jetpack_sharing_enabled":true,"jetpack_likes_enabled":true,"jetpack-related-posts":[{"id":7441,"url":"http:\/\/astehshop.com\/index.php\/product\/pametni-sat-blackview-r5-orange\/","url_meta":{"origin":7438,"position":0},"title":"Pametni sat Blackview R5 Orange","date":"11. o\u017eujka 2023.","format":false,"excerpt":"Veli\u010dina ekrana: 1,57\u2033 Vrsta zaslona: TFT-LCD Poklopac zaslona: 3D zakrivljeno kaljeno staklo Materijal dna: Ku\u0107i\u0161te od aluminijske legure, plasti\u010dna donja \u0161koljka Materijal remena: TPU remen + metalna kop\u010da HADVER: CPU: Realtek8762DK G-senzor: Podr\u0161ka Brzinomjer: Podr\u0161ka Pra\u0107enje kisika u krvi: Podr\u0161ka Pra\u0107enje otkucaja srca: Podr\u0161ka GPS: Ne Zaslon: 1,57\u2033 TFT-LCD Razlu\u010divost\u2026","rel":"","context":"Srodne objave","img":{"alt_text":"","src":"https:\/\/i1.wp.com\/astehshop.com\/wp-content\/uploads\/2023\/03\/0107430_pametni-sat-blackview-r5-orange.jpeg?fit=900%2C900&resize=350%2C200","width":350,"height":200},"classes":[]},{"id":7430,"url":"http:\/\/astehshop.com\/index.php\/product\/pametni-sat-blackview-r3-black\/","url_meta":{"origin":7438,"position":1},"title":"Pametni sat Blackview R3 Black","date":"11. o\u017eujka 2023.","format":false,"excerpt":"Dimenzije: 35.5*41.5*11 mm Vodootpornost 5ATM Veli\u010dina zaslona 1,3 \" Tip zaslona TFT-LCD Zaslon je za\u0161ti\u0107en staklenim poklopcem visoke tvrdo\u0107e Materijal remenja: Silikon CPU: Realtek8762C, BLE 5.1, 384KB FLASH + 160KB RAM Rezolucija ekrana: 240*240 Bluetooth BLE 5.1 Baterija: 220mAh FUNKCIJE: - Osnovne funkcije: sat, prikaz datuma (12\/24 satni sustav, zadani\u2026","rel":"","context":"Srodne objave","img":{"alt_text":"","src":"https:\/\/i1.wp.com\/astehshop.com\/wp-content\/uploads\/2023\/03\/0107449_pametni-sat-blackview-r3-black.jpeg?fit=900%2C900&resize=350%2C200","width":350,"height":200},"classes":[]},{"id":7433,"url":"http:\/\/astehshop.com\/index.php\/product\/pametni-sat-blackview-r3-pink\/","url_meta":{"origin":7438,"position":2},"title":"Pametni sat Blackview R3 Pink","date":"11. o\u017eujka 2023.","format":false,"excerpt":"Dimenzije: 35.5*41.5*11 mm Vodootpornost 5ATM Veli\u010dina zaslona 1,3 \" Tip zaslona TFT-LCD Zaslon je za\u0161ti\u0107en staklenim poklopcem visoke tvrdo\u0107e Materijal remenja: Silikon CPU: Realtek8762C, BLE 5.1, 384KB FLASH + 160KB RAM Rezolucija ekrana: 240*240 Bluetooth BLE 5.1 Baterija: 220mAh FUNKCIJE: - Osnovne funkcije: sat, prikaz datuma (12\/24 satni sustav, zadani\u2026","rel":"","context":"Srodne objave","img":{"alt_text":"","src":"https:\/\/i1.wp.com\/astehshop.com\/wp-content\/uploads\/2023\/03\/0107452_pametni-sat-blackview-r3-pink.jpeg?fit=900%2C900&resize=350%2C200","width":350,"height":200},"classes":[]},{"id":6573,"url":"http:\/\/astehshop.com\/index.php\/product\/haylou-t15-bluetooth-earbuds-black\/","url_meta":{"origin":7438,"position":3},"title":"Haylou T15 Bluetooth Earbuds Black","date":"17. studenoga 2022.","format":false,"excerpt":"Vrijeme rada : 3,5 sata Vrijeme punjenja slu\u0161alica do 1,5 sati (kutija - 4 sata) Radijus: do 10 metara Baterija : slu\u0161alica 43 m * Ah, ku\u0107i\u0161te 2200 m * Ah Priklju\u010dci: MicroUSB, USB-A","rel":"","context":"Srodne objave","img":{"alt_text":"","src":"https:\/\/i1.wp.com\/astehshop.com\/wp-content\/uploads\/2022\/11\/haylou-t15-bluetooth-earbuds-black.jpg?fit=800%2C800&resize=350%2C200","width":350,"height":200},"classes":[]},{"id":7399,"url":"http:\/\/astehshop.com\/index.php\/product\/pametni-sat-amazfit-bip-u-green\/","url_meta":{"origin":7438,"position":4},"title":"Pametni sat Amazfit Bip U Green","date":"11. o\u017eujka 2023.","format":false,"excerpt":"Najnoviji Amazfit Bip dobio je kvadratni ekran, za razliku od Amazfit Pacea. No, njegova glavna karakteristika je super dugo vrijeme trajanja baterije, oko 9 dana. Sa vodootpornom stopom IP68, ovaj pametni sat Amazfit BIP mo\u017ee se koristiti u mnogim razli\u010ditim situacijama. Tako\u0111er koristi dual-core pozicioniranje uz pomo\u0107 28nm GPS modula\u2026","rel":"","context":"Srodne objave","img":{"alt_text":"","src":"https:\/\/i1.wp.com\/astehshop.com\/wp-content\/uploads\/2023\/03\/Amazfit-Bip-U-Green.jpg?fit=800%2C800&resize=350%2C200","width":350,"height":200},"classes":[]},{"id":6756,"url":"http:\/\/astehshop.com\/index.php\/product\/mobitel-samsung-galaxy-a04-3gb-32gb-dual-sim-white\/","url_meta":{"origin":7438,"position":5},"title":"Mobitel Samsung Galaxy A04 3GB 32GB Dual Sim white","date":"19. studenoga 2022.","format":false,"excerpt":"Dimenzija 164.4 x 76.3 x 9.1 mm Mre\u017ea GSM \/ HSPA \/ LTE Te\u017eina 192 g SIM kartice Dual SIM ( 2x Nano SIM ) Vrsta zaslona PLS IPS Veli\u010dina zaslona 6.5\" Za\u0161tita zaslona NE Rezolucija zaslona 720 x 1600 pixels, 20:9 ratio (~270 ppi density) Operativni sustav (OS) Android\u2026","rel":"","context":"Srodne objave","img":{"alt_text":"","src":"https:\/\/i2.wp.com\/astehshop.com\/wp-content\/uploads\/2022\/11\/0113977_mobitel-samsung-galaxy-a04-3gb-32gb-dual-sim-white.jpeg?fit=1110%2C1148&resize=350%2C200","width":350,"height":200},"classes":[]}],"_links":{"self":[{"href":"http:\/\/astehshop.com\/index.php\/wp-json\/wp\/v2\/product\/7438"}],"collection":[{"href":"http:\/\/astehshop.com\/index.php\/wp-json\/wp\/v2\/product"}],"about":[{"href":"http:\/\/astehshop.com\/index.php\/wp-json\/wp\/v2\/types\/product"}],"replies":[{"embeddable":true,"href":"http:\/\/astehshop.com\/index.php\/wp-json\/wp\/v2\/comments?post=7438"}],"wp:featuredmedia":[{"embeddable":true,"href":"http:\/\/astehshop.com\/index.php\/wp-json\/wp\/v2\/media\/7439"}],"wp:attachment":[{"href":"http:\/\/astehshop.com\/index.php\/wp-json\/wp\/v2\/media?parent=7438"}],"wp:term":[{"taxonomy":"product_cat","embeddable":true,"href":"http:\/\/astehshop.com\/index.php\/wp-json\/wp\/v2\/product_cat?post=7438"},{"taxonomy":"product_tag","embeddable":true,"href":"http:\/\/astehshop.com\/index.php\/wp-json\/wp\/v2\/product_tag?post=7438"}],"curies":[{"name":"wp","href":"https:\/\/api.w.org\/{rel}","templated":true}]}}