{"id":7435,"date":"2023-03-11T16:33:04","date_gmt":"2023-03-11T15:33:04","guid":{"rendered":"http:\/\/astehshop.com\/?post_type=product&#038;p=7435"},"modified":"2023-03-11T16:33:04","modified_gmt":"2023-03-11T15:33:04","slug":"pametni-sat-blackview-r8-black","status":"publish","type":"product","link":"http:\/\/astehshop.com\/index.php\/product\/pametni-sat-blackview-r8-black\/","title":{"rendered":"Pametni sat Blackview R8 Black"},"content":{"rendered":"<p>Screen Size 1.09\u201d 240*240 pixel<br \/>\nScreen Type TFT-LCD<br \/>\nScreen Cover 2.5D-curved Asahi Glass<br \/>\nBottom Material Zinc alloy frame, Plastic bottom shell, stainless buttons<br \/>\nStrap Material TPU strap + metal buckle<\/p>\n<iframe  id=\"_ytid_88378\"  width=\"480\" height=\"270\"  data-origwidth=\"480\" data-origheight=\"270\"  src=\"https:\/\/www.youtube.com\/embed\/NEUO-kebpsI?enablejsapi=1&autoplay=0&cc_load_policy=0&cc_lang_pref=&iv_load_policy=1&loop=0&modestbranding=0&rel=1&fs=1&playsinline=0&autohide=2&theme=dark&color=red&controls=1&\" class=\"__youtube_prefs__  no-lazyload\" title=\"YouTube player\"  allow=\"autoplay; encrypted-media\" allowfullscreen data-no-lazy=\"1\" data-skipgform_ajax_framebjll=\"\"><\/iframe>\n","protected":false},"excerpt":{"rendered":"<p>Screen Size 1.09\u201d 240*240 pixel<br \/>\nScreen Type TFT-LCD<br \/>\nScreen Cover 2.5D-curved Asahi Glass<br \/>\nBottom Material Zinc alloy frame, Plastic bottom shell, stainless buttons<br \/>\nStrap Material TPU strap + metal buckle<\/p>\n[embedyt] https:\/\/www.youtube.com\/watch?v=NEUO-kebpsI[\/embedyt]\n","protected":false},"featured_media":7436,"comment_status":"open","ping_status":"closed","template":"","meta":{"_mi_skip_tracking":false,"_exactmetrics_sitenote_active":false,"_exactmetrics_sitenote_note":"","_exactmetrics_sitenote_category":0,"spay_email":""},"product_cat":[885],"product_tag":[5244],"brands":[{"id":5236,"name":"Blackview","slug":"blackview"}],"df_price":75,"df_sale_price":"","df_regular_price":75,"df_image_link":"https:\/\/i1.wp.com\/astehshop.com\/wp-content\/uploads\/2023\/03\/0110114_pametni-sat-blackview-r8-black1.jpeg?fit=450%2C450","jetpack_publicize_connections":[],"jetpack_sharing_enabled":true,"jetpack_likes_enabled":true,"jetpack-related-posts":[{"id":7420,"url":"http:\/\/astehshop.com\/index.php\/product\/pametni-sat-cubot-c3-crni\/","url_meta":{"origin":7435,"position":0},"title":"Pametni sat CUBOT C3 crni","date":"11. o\u017eujka 2023.","format":false,"excerpt":"Vodootporan 5ATM Veli\u010dina ekrana 1.3\" 240*240 Materijal narukvice TPU Buckle TPU Bluetooth 5.0 (acceleration + gyroscope) STK8321 heart rate sensor HX3600 Flash 64Mb iOS iOS 8.0 and above Android Android 4.4 and above Osnovne funkcije: sat, datum, otkucaji srca, pra\u0107enje sna, koraci, kalorije.","rel":"","context":"Srodne objave","img":{"alt_text":"","src":"https:\/\/i1.wp.com\/astehshop.com\/wp-content\/uploads\/2023\/03\/0101259_pametni-sat-cubot-c3-crni.jpeg?fit=900%2C900&resize=350%2C200","width":350,"height":200},"classes":[]},{"id":7430,"url":"http:\/\/astehshop.com\/index.php\/product\/pametni-sat-blackview-r3-black\/","url_meta":{"origin":7435,"position":1},"title":"Pametni sat Blackview R3 Black","date":"11. o\u017eujka 2023.","format":false,"excerpt":"Dimenzije: 35.5*41.5*11 mm Vodootpornost 5ATM Veli\u010dina zaslona 1,3 \" Tip zaslona TFT-LCD Zaslon je za\u0161ti\u0107en staklenim poklopcem visoke tvrdo\u0107e Materijal remenja: Silikon CPU: Realtek8762C, BLE 5.1, 384KB FLASH + 160KB RAM Rezolucija ekrana: 240*240 Bluetooth BLE 5.1 Baterija: 220mAh FUNKCIJE: - Osnovne funkcije: sat, prikaz datuma (12\/24 satni sustav, zadani\u2026","rel":"","context":"Srodne objave","img":{"alt_text":"","src":"https:\/\/i1.wp.com\/astehshop.com\/wp-content\/uploads\/2023\/03\/0107449_pametni-sat-blackview-r3-black.jpeg?fit=900%2C900&resize=350%2C200","width":350,"height":200},"classes":[]},{"id":7433,"url":"http:\/\/astehshop.com\/index.php\/product\/pametni-sat-blackview-r3-pink\/","url_meta":{"origin":7435,"position":2},"title":"Pametni sat Blackview R3 Pink","date":"11. o\u017eujka 2023.","format":false,"excerpt":"Dimenzije: 35.5*41.5*11 mm Vodootpornost 5ATM Veli\u010dina zaslona 1,3 \" Tip zaslona TFT-LCD Zaslon je za\u0161ti\u0107en staklenim poklopcem visoke tvrdo\u0107e Materijal remenja: Silikon CPU: Realtek8762C, BLE 5.1, 384KB FLASH + 160KB RAM Rezolucija ekrana: 240*240 Bluetooth BLE 5.1 Baterija: 220mAh FUNKCIJE: - Osnovne funkcije: sat, prikaz datuma (12\/24 satni sustav, zadani\u2026","rel":"","context":"Srodne objave","img":{"alt_text":"","src":"https:\/\/i1.wp.com\/astehshop.com\/wp-content\/uploads\/2023\/03\/0107452_pametni-sat-blackview-r3-pink.jpeg?fit=900%2C900&resize=350%2C200","width":350,"height":200},"classes":[]},{"id":5354,"url":"http:\/\/astehshop.com\/index.php\/product\/hikvision-modul-vanjski-ds-kd-dis\/","url_meta":{"origin":7435,"position":3},"title":"HikVision modul vanjski DS-KD-DIS","date":"10. listopada 2021.","format":false,"excerpt":"Modular door station Display module, needs mouting bracket 3.5 inch LCD screen, 4 buttons, backlight, IP65 Dial number display, pin code unlock, contact list display Up to 2000 contacts can be added to the device Stores and searches contact list Multiple languages","rel":"","context":"Srodne objave","img":{"alt_text":"","src":"https:\/\/i1.wp.com\/astehshop.com\/wp-content\/uploads\/2021\/10\/ds-kd-dis__99454.1605061400.jpg?fit=1200%2C750&resize=350%2C200","width":350,"height":200},"classes":[]},{"id":6947,"url":"http:\/\/astehshop.com\/index.php\/product\/homtom-smartphone-ht80-green\/","url_meta":{"origin":7435,"position":4},"title":"HomTom Smartphone HT80 Green","date":"6. prosinca 2022.","format":false,"excerpt":"Size: 75.0 mm x 156.0 mm x 13.6 mm Weight: 205 g Materials: Plastic Resistance certificates (dust, water): IP68 Diagonal: 5.5\" Type: LCD IPS Aspect Ratio: 18:9 Resolution: 720 x 1440 px \u2022 HD+ Density: 293 ppi; Medium Density; Without Notch; 2.5D curved glass screen; GFF full lamination; Capacitive; Multi-touch\u2026","rel":"","context":"Srodne objave","img":{"alt_text":"","src":"https:\/\/i0.wp.com\/astehshop.com\/wp-content\/uploads\/2022\/12\/29047-HomTom-Smartphone-HT80-Orange-5.jpg?fit=633%2C557&resize=350%2C200","width":350,"height":200},"classes":[]},{"id":7417,"url":"http:\/\/astehshop.com\/index.php\/product\/pametni-sat-cubot-c7-crni\/","url_meta":{"origin":7435,"position":5},"title":"Pametni sat CUBOT C7 crni","date":"11. o\u017eujka 2023.","format":false,"excerpt":"Cubot C7 Smartwatch Android 6.0+ IOS 10.0+ 24 satno pra\u0107enje otkucaja srca 23 sportska moda 7 dana baterija (uobi\u010dajno kori\u0161tenje) IP68 - vodootpornost Display - 1.54 in\u010da | TFT-LCD Pozivi\/Poruke - notifikacija 15 jezika","rel":"","context":"Srodne objave","img":{"alt_text":"","src":"https:\/\/i2.wp.com\/astehshop.com\/wp-content\/uploads\/2023\/03\/0105060_pametni-sat-cubot-c7-crni.jpeg?fit=900%2C900&resize=350%2C200","width":350,"height":200},"classes":[]}],"_links":{"self":[{"href":"http:\/\/astehshop.com\/index.php\/wp-json\/wp\/v2\/product\/7435"}],"collection":[{"href":"http:\/\/astehshop.com\/index.php\/wp-json\/wp\/v2\/product"}],"about":[{"href":"http:\/\/astehshop.com\/index.php\/wp-json\/wp\/v2\/types\/product"}],"replies":[{"embeddable":true,"href":"http:\/\/astehshop.com\/index.php\/wp-json\/wp\/v2\/comments?post=7435"}],"wp:featuredmedia":[{"embeddable":true,"href":"http:\/\/astehshop.com\/index.php\/wp-json\/wp\/v2\/media\/7436"}],"wp:attachment":[{"href":"http:\/\/astehshop.com\/index.php\/wp-json\/wp\/v2\/media?parent=7435"}],"wp:term":[{"taxonomy":"product_cat","embeddable":true,"href":"http:\/\/astehshop.com\/index.php\/wp-json\/wp\/v2\/product_cat?post=7435"},{"taxonomy":"product_tag","embeddable":true,"href":"http:\/\/astehshop.com\/index.php\/wp-json\/wp\/v2\/product_tag?post=7435"}],"curies":[{"name":"wp","href":"https:\/\/api.w.org\/{rel}","templated":true}]}}