{"id":7430,"date":"2023-03-11T16:15:00","date_gmt":"2023-03-11T15:15:00","guid":{"rendered":"http:\/\/astehshop.com\/?post_type=product&#038;p=7430"},"modified":"2023-03-11T16:15:01","modified_gmt":"2023-03-11T15:15:01","slug":"pametni-sat-blackview-r3-black","status":"publish","type":"product","link":"http:\/\/astehshop.com\/index.php\/product\/pametni-sat-blackview-r3-black\/","title":{"rendered":"Pametni sat Blackview R3 Black"},"content":{"rendered":"<p>Dimenzije: 35.5*41.5*11 mm<br \/>\nVodootpornost 5ATM<br \/>\nVeli\u010dina zaslona 1,3 &#8221;<br \/>\nTip zaslona TFT-LCD<br \/>\nZaslon je za\u0161ti\u0107en staklenim poklopcem visoke tvrdo\u0107e<br \/>\nMaterijal remenja: Silikon<br \/>\nCPU: Realtek8762C, BLE 5.1, 384KB FLASH + 160KB RAM<br \/>\nRezolucija ekrana: 240*240<br \/>\nBluetooth BLE 5.1<br \/>\nBaterija: 220mAh<br \/>\nFUNKCIJE:<br \/>\n&#8211; Osnovne funkcije: sat, prikaz datuma (12\/24 satni sustav, zadani 12 satni sustav), svakodnevno pra\u0107enje aktivnosti srca (24-satno pra\u0107enje otkucaja u stvarnom vremenu), elipti\u010dni stroj (vrijeme vje\u017ebanja, potro\u0161nja energije, puls), pje\u0161a\u010denje (vrijeme vje\u017ebanja, potro\u0161nja energije, otkucaji srca, tempo, brzina, koraci, udaljenost)<\/p>\n<iframe  id=\"_ytid_76436\"  width=\"480\" height=\"270\"  data-origwidth=\"480\" data-origheight=\"270\"  src=\"https:\/\/www.youtube.com\/embed\/VCQ3clbxZHU?enablejsapi=1&autoplay=0&cc_load_policy=0&cc_lang_pref=&iv_load_policy=1&loop=0&modestbranding=0&rel=1&fs=1&playsinline=0&autohide=2&theme=dark&color=red&controls=1&\" class=\"__youtube_prefs__  no-lazyload\" title=\"YouTube player\"  allow=\"autoplay; encrypted-media\" allowfullscreen data-no-lazy=\"1\" data-skipgform_ajax_framebjll=\"\"><\/iframe>\n","protected":false},"excerpt":{"rendered":"<p>Dimenzije: 35.5*41.5*11 mm<br \/>\nVodootpornost 5ATM<br \/>\nVeli\u010dina zaslona 1,3 &#8221;<br \/>\nTip zaslona TFT-LCD<br \/>\nZaslon je za\u0161ti\u0107en staklenim poklopcem visoke tvrdo\u0107e<br \/>\nMaterijal remenja: Silikon<br \/>\nCPU: Realtek8762C, BLE 5.1, 384KB FLASH + 160KB RAM<br \/>\nRezolucija ekrana: 240*240<br \/>\nBluetooth BLE 5.1<br \/>\nBaterija: 220mAh<br \/>\nFUNKCIJE:<br \/>\n&#8211; Osnovne funkcije: sat, prikaz datuma (12\/24 satni sustav, zadani 12 satni sustav), svakodnevno pra\u0107enje aktivnosti srca (24-satno pra\u0107enje otkucaja u stvarnom vremenu), elipti\u010dni stroj (vrijeme vje\u017ebanja, potro\u0161nja energije, puls), pje\u0161a\u010denje (vrijeme vje\u017ebanja, potro\u0161nja energije, otkucaji srca, tempo, brzina, koraci, udaljenost)<\/p>\n[embedyt] https:\/\/www.youtube.com\/watch?v=VCQ3clbxZHU[\/embedyt]\n","protected":false},"featured_media":7431,"comment_status":"open","ping_status":"closed","template":"","meta":{"_mi_skip_tracking":false,"_exactmetrics_sitenote_active":false,"_exactmetrics_sitenote_note":"","_exactmetrics_sitenote_category":0,"spay_email":""},"product_cat":[885],"product_tag":[5239,5233,896,5237,5238,5240],"brands":[{"id":5236,"name":"Blackview","slug":"blackview"}],"df_price":69,"df_sale_price":"","df_regular_price":69,"df_image_link":"https:\/\/i1.wp.com\/astehshop.com\/wp-content\/uploads\/2023\/03\/0107449_pametni-sat-blackview-r3-black.jpeg?fit=450%2C450","jetpack_publicize_connections":[],"jetpack_sharing_enabled":true,"jetpack_likes_enabled":true,"jetpack-related-posts":[{"id":7433,"url":"http:\/\/astehshop.com\/index.php\/product\/pametni-sat-blackview-r3-pink\/","url_meta":{"origin":7430,"position":0},"title":"Pametni sat Blackview R3 Pink","date":"11. o\u017eujka 2023.","format":false,"excerpt":"Dimenzije: 35.5*41.5*11 mm Vodootpornost 5ATM Veli\u010dina zaslona 1,3 \" Tip zaslona TFT-LCD Zaslon je za\u0161ti\u0107en staklenim poklopcem visoke tvrdo\u0107e Materijal remenja: Silikon CPU: Realtek8762C, BLE 5.1, 384KB FLASH + 160KB RAM Rezolucija ekrana: 240*240 Bluetooth BLE 5.1 Baterija: 220mAh FUNKCIJE: - Osnovne funkcije: sat, prikaz datuma (12\/24 satni sustav, zadani\u2026","rel":"","context":"Srodne objave","img":{"alt_text":"","src":"https:\/\/i1.wp.com\/astehshop.com\/wp-content\/uploads\/2023\/03\/0107452_pametni-sat-blackview-r3-pink.jpeg?fit=900%2C900&resize=350%2C200","width":350,"height":200},"classes":[]},{"id":7438,"url":"http:\/\/astehshop.com\/index.php\/product\/pametni-sat-blackview-r5-pink\/","url_meta":{"origin":7430,"position":1},"title":"Pametni sat Blackview R5 Pink","date":"11. o\u017eujka 2023.","format":false,"excerpt":"ZGLED: Veli\u010dina ekrana: 1,57\" Vrsta zaslona: TFT-LCD Poklopac zaslona: 3D zakrivljeno kaljeno staklo Materijal dna: Ku\u0107i\u0161te od aluminijske legure, plasti\u010dna donja \u0161koljka Materijal remena: TPU remen + metalna kop\u010da HADVER: CPU: Realtek8762DK G-senzor: Podr\u0161ka Brzinomjer: Podr\u0161ka Pra\u0107enje kisika u krvi: Podr\u0161ka Pra\u0107enje otkucaja srca: Podr\u0161ka GPS: Ne Zaslon: 1,57\" TFT-LCD\u2026","rel":"","context":"Srodne objave","img":{"alt_text":"","src":"https:\/\/i1.wp.com\/astehshop.com\/wp-content\/uploads\/2023\/03\/0107432_pametni-sat-blackview-r5-pink.jpeg?fit=900%2C900&resize=350%2C200","width":350,"height":200},"classes":[]},{"id":7441,"url":"http:\/\/astehshop.com\/index.php\/product\/pametni-sat-blackview-r5-orange\/","url_meta":{"origin":7430,"position":2},"title":"Pametni sat Blackview R5 Orange","date":"11. o\u017eujka 2023.","format":false,"excerpt":"Veli\u010dina ekrana: 1,57\u2033 Vrsta zaslona: TFT-LCD Poklopac zaslona: 3D zakrivljeno kaljeno staklo Materijal dna: Ku\u0107i\u0161te od aluminijske legure, plasti\u010dna donja \u0161koljka Materijal remena: TPU remen + metalna kop\u010da HADVER: CPU: Realtek8762DK G-senzor: Podr\u0161ka Brzinomjer: Podr\u0161ka Pra\u0107enje kisika u krvi: Podr\u0161ka Pra\u0107enje otkucaja srca: Podr\u0161ka GPS: Ne Zaslon: 1,57\u2033 TFT-LCD Razlu\u010divost\u2026","rel":"","context":"Srodne objave","img":{"alt_text":"","src":"https:\/\/i1.wp.com\/astehshop.com\/wp-content\/uploads\/2023\/03\/0107430_pametni-sat-blackview-r5-orange.jpeg?fit=900%2C900&resize=350%2C200","width":350,"height":200},"classes":[]},{"id":7423,"url":"http:\/\/astehshop.com\/index.php\/product\/pametni-sat-cubot-c5-crni\/","url_meta":{"origin":7430,"position":3},"title":"Pametni sat CUBOT C5 crni","date":"11. o\u017eujka 2023.","format":false,"excerpt":"Android 6.0+ IOS 10.0+ 24 satno pra\u0107enje otkucaja srca 23 sportska moda 7 dana baterija (uobi\u010dajno kori\u0161tenje) 5ATM - vodootpornost Display - 1.7 in\u010da | TFT-LCD Pozivi\/Poruke - notifikacija 15 jezika","rel":"","context":"Srodne objave","img":{"alt_text":"","src":"https:\/\/i2.wp.com\/astehshop.com\/wp-content\/uploads\/2023\/03\/0102458_pametni-sat-cubot-c5-crni.jpeg?fit=900%2C900&resize=350%2C200","width":350,"height":200},"classes":[]},{"id":7417,"url":"http:\/\/astehshop.com\/index.php\/product\/pametni-sat-cubot-c7-crni\/","url_meta":{"origin":7430,"position":4},"title":"Pametni sat CUBOT C7 crni","date":"11. o\u017eujka 2023.","format":false,"excerpt":"Cubot C7 Smartwatch Android 6.0+ IOS 10.0+ 24 satno pra\u0107enje otkucaja srca 23 sportska moda 7 dana baterija (uobi\u010dajno kori\u0161tenje) IP68 - vodootpornost Display - 1.54 in\u010da | TFT-LCD Pozivi\/Poruke - notifikacija 15 jezika","rel":"","context":"Srodne objave","img":{"alt_text":"","src":"https:\/\/i2.wp.com\/astehshop.com\/wp-content\/uploads\/2023\/03\/0105060_pametni-sat-cubot-c7-crni.jpeg?fit=900%2C900&resize=350%2C200","width":350,"height":200},"classes":[]},{"id":7399,"url":"http:\/\/astehshop.com\/index.php\/product\/pametni-sat-amazfit-bip-u-green\/","url_meta":{"origin":7430,"position":5},"title":"Pametni sat Amazfit Bip U Green","date":"11. o\u017eujka 2023.","format":false,"excerpt":"Najnoviji Amazfit Bip dobio je kvadratni ekran, za razliku od Amazfit Pacea. No, njegova glavna karakteristika je super dugo vrijeme trajanja baterije, oko 9 dana. Sa vodootpornom stopom IP68, ovaj pametni sat Amazfit BIP mo\u017ee se koristiti u mnogim razli\u010ditim situacijama. Tako\u0111er koristi dual-core pozicioniranje uz pomo\u0107 28nm GPS modula\u2026","rel":"","context":"Srodne objave","img":{"alt_text":"","src":"https:\/\/i1.wp.com\/astehshop.com\/wp-content\/uploads\/2023\/03\/Amazfit-Bip-U-Green.jpg?fit=800%2C800&resize=350%2C200","width":350,"height":200},"classes":[]}],"_links":{"self":[{"href":"http:\/\/astehshop.com\/index.php\/wp-json\/wp\/v2\/product\/7430"}],"collection":[{"href":"http:\/\/astehshop.com\/index.php\/wp-json\/wp\/v2\/product"}],"about":[{"href":"http:\/\/astehshop.com\/index.php\/wp-json\/wp\/v2\/types\/product"}],"replies":[{"embeddable":true,"href":"http:\/\/astehshop.com\/index.php\/wp-json\/wp\/v2\/comments?post=7430"}],"wp:featuredmedia":[{"embeddable":true,"href":"http:\/\/astehshop.com\/index.php\/wp-json\/wp\/v2\/media\/7431"}],"wp:attachment":[{"href":"http:\/\/astehshop.com\/index.php\/wp-json\/wp\/v2\/media?parent=7430"}],"wp:term":[{"taxonomy":"product_cat","embeddable":true,"href":"http:\/\/astehshop.com\/index.php\/wp-json\/wp\/v2\/product_cat?post=7430"},{"taxonomy":"product_tag","embeddable":true,"href":"http:\/\/astehshop.com\/index.php\/wp-json\/wp\/v2\/product_tag?post=7430"}],"curies":[{"name":"wp","href":"https:\/\/api.w.org\/{rel}","templated":true}]}}