{"id":7427,"date":"2023-03-11T16:06:17","date_gmt":"2023-03-11T15:06:17","guid":{"rendered":"http:\/\/astehshop.com\/?post_type=product&#038;p=7427"},"modified":"2023-03-11T16:06:18","modified_gmt":"2023-03-11T15:06:18","slug":"pametni-sat-cubot-c9-black","status":"publish","type":"product","link":"http:\/\/astehshop.com\/index.php\/product\/pametni-sat-cubot-c9-black\/","title":{"rendered":"Pametni sat CUBOT C9 black"},"content":{"rendered":"<div id=\"product-description-short-1170\" class=\"product-description-short\">\n<p>Cubot Smart Watch C9 Crni 43mm.<\/p>\n<p>Ekran u boji 1.30&#8221;.<\/p>\n<p>Obavijesti o pozivima, porukama i od aplikacija.<\/p>\n<p>Pra\u0107enje sportskih aktivnosti, 10 sportskih modova.<\/p>\n<p>Pra\u0107enje rada srca 24 sata. Pra\u0107enje kvaliteta sna.<\/p>\n<p>Kontrola muzike putem sata.<\/p>\n<p>Trajanje baterije 7 dana.<\/p>\n<p>Vodootporan IP68.<\/p>\n<p>Magnetni punja\u010d.<\/p>\n<p>Garancija 12 mjeseci.<\/p>\n<\/div>\n","protected":false},"excerpt":{"rendered":"<div id=\"product-description-short-1170\" class=\"product-description-short\">\n<p>Cubot Smart Watch C9 Crni 43mm.<\/p>\n<p>Ekran u boji 1.30&#8221;.<\/p>\n<p>Obavijesti o pozivima, porukama i od aplikacija.<\/p>\n<p>Pra\u0107enje sportskih aktivnosti, 10 sportskih modova.<\/p>\n<p>Pra\u0107enje rada srca 24 sata. Pra\u0107enje kvaliteta sna.<\/p>\n<p>Kontrola muzike putem sata.<\/p>\n<p>Trajanje baterije 7 dana.<\/p>\n<p>Vodootporan IP68.<\/p>\n<p>Magnetni punja\u010d.<\/p>\n<p>Garancija 12 mjeseci.<\/p>\n<\/div>\n","protected":false},"featured_media":7428,"comment_status":"open","ping_status":"closed","template":"","meta":{"_mi_skip_tracking":false,"_exactmetrics_sitenote_active":false,"_exactmetrics_sitenote_note":"","_exactmetrics_sitenote_category":0,"spay_email":""},"product_cat":[885],"product_tag":[5234,5235,5228,5233,896,5232,2388],"brands":[{"id":5215,"name":"Cubot","slug":"cubot"}],"df_price":69,"df_sale_price":69,"df_regular_price":79,"df_image_link":"https:\/\/i1.wp.com\/astehshop.com\/wp-content\/uploads\/2023\/03\/0109694_pametni-sat-cubot-c9-black.jpeg?fit=450%2C450","jetpack_publicize_connections":[],"jetpack_sharing_enabled":true,"jetpack_likes_enabled":true,"jetpack-related-posts":[{"id":7388,"url":"http:\/\/astehshop.com\/index.php\/product\/pametni-sat-haylou-smart-watch-gs-black-ls09a\/","url_meta":{"origin":7427,"position":0},"title":"Pametni sat Haylou Smart Watch GS Black &#8211; LS09A","date":"11. o\u017eujka 2023.","format":false,"excerpt":"Xiaomi Haylou GST Watch LS09A, boja: crna. Ekran u boji 1.28''. Obavijesti o pozivima, porukama i od aplikacija. Pra\u0107enje sportskih aktivnosti, 12 razli\u010ditih sportskih modova. Pra\u0107enje rada srca 24 sata. Pra\u0107enje kvaliteta sna. Mjerenje nivoa kisika u krvi (SpO2). Trajanje baterije do 7-20 dana. Vodootporan, certificiran IP68. Garancija 12 mjeseci.","rel":"","context":"Srodne objave","img":{"alt_text":"","src":"https:\/\/i1.wp.com\/astehshop.com\/wp-content\/uploads\/2023\/03\/xiaomi-haylou-ls09a-smart-watch-black.png?fit=800%2C800&resize=350%2C200","width":350,"height":200},"classes":[]},{"id":7410,"url":"http:\/\/astehshop.com\/index.php\/product\/pametni-sat-haylou-smart-watch-rs4-black-ls12\/","url_meta":{"origin":7427,"position":1},"title":"Pametni sat Haylou Smart Watch RS4 Black &#8211; LS12","date":"11. o\u017eujka 2023.","format":false,"excerpt":"Xiaomi Haylou RS4 Watch LS12 Black, boja: crna. Ekran AMOLED HD 1.78''. Metalna magnetna narukvica. Obavijesti o pozivima, porukama i od aplikacija. Pra\u0107enje sportskih aktivnosti, 12 razli\u010ditih sportskih modova. Pra\u0107enje rada srca 24 sata. Pra\u0107enje kvaliteta sna. Mjerenje nivoa kisika u krvi (SpO2). Vje\u017ebe disanja. Kontrola muzike preko sata. Trajanje\u2026","rel":"","context":"Srodne objave","img":{"alt_text":"","src":"https:\/\/i1.wp.com\/astehshop.com\/wp-content\/uploads\/2023\/03\/haylou-smart-watch-rs4-black-ls12.png?fit=800%2C800&resize=350%2C200","width":350,"height":200},"classes":[]},{"id":7423,"url":"http:\/\/astehshop.com\/index.php\/product\/pametni-sat-cubot-c5-crni\/","url_meta":{"origin":7427,"position":2},"title":"Pametni sat CUBOT C5 crni","date":"11. o\u017eujka 2023.","format":false,"excerpt":"Android 6.0+ IOS 10.0+ 24 satno pra\u0107enje otkucaja srca 23 sportska moda 7 dana baterija (uobi\u010dajno kori\u0161tenje) 5ATM - vodootpornost Display - 1.7 in\u010da | TFT-LCD Pozivi\/Poruke - notifikacija 15 jezika","rel":"","context":"Srodne objave","img":{"alt_text":"","src":"https:\/\/i2.wp.com\/astehshop.com\/wp-content\/uploads\/2023\/03\/0102458_pametni-sat-cubot-c5-crni.jpeg?fit=900%2C900&resize=350%2C200","width":350,"height":200},"classes":[]},{"id":7417,"url":"http:\/\/astehshop.com\/index.php\/product\/pametni-sat-cubot-c7-crni\/","url_meta":{"origin":7427,"position":3},"title":"Pametni sat CUBOT C7 crni","date":"11. o\u017eujka 2023.","format":false,"excerpt":"Cubot C7 Smartwatch Android 6.0+ IOS 10.0+ 24 satno pra\u0107enje otkucaja srca 23 sportska moda 7 dana baterija (uobi\u010dajno kori\u0161tenje) IP68 - vodootpornost Display - 1.54 in\u010da | TFT-LCD Pozivi\/Poruke - notifikacija 15 jezika","rel":"","context":"Srodne objave","img":{"alt_text":"","src":"https:\/\/i2.wp.com\/astehshop.com\/wp-content\/uploads\/2023\/03\/0105060_pametni-sat-cubot-c7-crni.jpeg?fit=900%2C900&resize=350%2C200","width":350,"height":200},"classes":[]},{"id":5609,"url":"http:\/\/astehshop.com\/index.php\/product\/xiaomi-mi-band-5-pametni-sat-smart-watch\/","url_meta":{"origin":7427,"position":4},"title":"Xiaomi Mi Band 5 pametni sat smart watch","date":"5. studenoga 2021.","format":false,"excerpt":"Mi pametna narukvica 5 je najnovija verzija iz kolekcije pametnih narukvica koja je\u00a0vodootporna\u00a0te Vam omogu\u0107ava\u00a0pra\u0107enje 11 razli\u010ditih sportova\u00a0od tr\u010danja i biciklizma pa sve do plivanja. Mi pametna narukvica 5 koristi pobolj\u0161ane i novije zna\u010dajke koje poma\u017eu da pazite na Va\u0161e zdravlje. S njom mo\u017eete lako\u00a0pratiti va\u0161e spavanje, otkucaje srca, razinu\u2026","rel":"","context":"Srodne objave","img":{"alt_text":"","src":"https:\/\/i0.wp.com\/astehshop.com\/wp-content\/uploads\/2021\/11\/Xiaomi-Mi-Band-5.jpg?fit=1143%2C1200&resize=350%2C200","width":350,"height":200},"classes":[]},{"id":7420,"url":"http:\/\/astehshop.com\/index.php\/product\/pametni-sat-cubot-c3-crni\/","url_meta":{"origin":7427,"position":5},"title":"Pametni sat CUBOT C3 crni","date":"11. o\u017eujka 2023.","format":false,"excerpt":"Vodootporan 5ATM Veli\u010dina ekrana 1.3\" 240*240 Materijal narukvice TPU Buckle TPU Bluetooth 5.0 (acceleration + gyroscope) STK8321 heart rate sensor HX3600 Flash 64Mb iOS iOS 8.0 and above Android Android 4.4 and above Osnovne funkcije: sat, datum, otkucaji srca, pra\u0107enje sna, koraci, kalorije.","rel":"","context":"Srodne objave","img":{"alt_text":"","src":"https:\/\/i1.wp.com\/astehshop.com\/wp-content\/uploads\/2023\/03\/0101259_pametni-sat-cubot-c3-crni.jpeg?fit=900%2C900&resize=350%2C200","width":350,"height":200},"classes":[]}],"_links":{"self":[{"href":"http:\/\/astehshop.com\/index.php\/wp-json\/wp\/v2\/product\/7427"}],"collection":[{"href":"http:\/\/astehshop.com\/index.php\/wp-json\/wp\/v2\/product"}],"about":[{"href":"http:\/\/astehshop.com\/index.php\/wp-json\/wp\/v2\/types\/product"}],"replies":[{"embeddable":true,"href":"http:\/\/astehshop.com\/index.php\/wp-json\/wp\/v2\/comments?post=7427"}],"wp:featuredmedia":[{"embeddable":true,"href":"http:\/\/astehshop.com\/index.php\/wp-json\/wp\/v2\/media\/7428"}],"wp:attachment":[{"href":"http:\/\/astehshop.com\/index.php\/wp-json\/wp\/v2\/media?parent=7427"}],"wp:term":[{"taxonomy":"product_cat","embeddable":true,"href":"http:\/\/astehshop.com\/index.php\/wp-json\/wp\/v2\/product_cat?post=7427"},{"taxonomy":"product_tag","embeddable":true,"href":"http:\/\/astehshop.com\/index.php\/wp-json\/wp\/v2\/product_tag?post=7427"}],"curies":[{"name":"wp","href":"https:\/\/api.w.org\/{rel}","templated":true}]}}