{"id":7413,"date":"2023-03-11T15:50:15","date_gmt":"2023-03-11T14:50:15","guid":{"rendered":"http:\/\/astehshop.com\/?post_type=product&#038;p=7413"},"modified":"2023-03-11T15:50:16","modified_gmt":"2023-03-11T14:50:16","slug":"pametni-sat-cubot-c7-pink-smart-watch","status":"publish","type":"product","link":"http:\/\/astehshop.com\/index.php\/product\/pametni-sat-cubot-c7-pink-smart-watch\/","title":{"rendered":"Pametni sat CUBOT C7 pink smart watch"},"content":{"rendered":"<h3>Cubot C7 Smartwatch<\/h3>\n<ul>\n<li>Android 6.0+<\/li>\n<li>IOS 10.0+<\/li>\n<li>24 satno pra\u0107enje otkucaja srca<\/li>\n<li>23 sportska moda<\/li>\n<li>7 dana baterija (uobi\u010dajno kori\u0161tenje)<\/li>\n<li>IP68 &#8211; vodootpornost<\/li>\n<li>Display &#8211; 1.54 in\u010da | TFT-LCD<\/li>\n<li>Pozivi\/Poruke &#8211; notifikacija<\/li>\n<li>15 jezika<\/li>\n<\/ul>\n<iframe  id=\"_ytid_63179\"  width=\"480\" height=\"270\"  data-origwidth=\"480\" data-origheight=\"270\"  src=\"https:\/\/www.youtube.com\/embed\/kA8072_McIo?enablejsapi=1&autoplay=0&cc_load_policy=0&cc_lang_pref=&iv_load_policy=1&loop=0&modestbranding=0&rel=1&fs=1&playsinline=0&autohide=2&theme=dark&color=red&controls=1&\" class=\"__youtube_prefs__  no-lazyload\" title=\"YouTube player\"  allow=\"autoplay; encrypted-media\" allowfullscreen data-no-lazy=\"1\" data-skipgform_ajax_framebjll=\"\"><\/iframe>\n","protected":false},"excerpt":{"rendered":"<h3>Cubot C7 Smartwatch<\/h3>\n<ul>\n<li>Android 6.0+<\/li>\n<li>IOS 10.0+<\/li>\n<li>24 satno pra\u0107enje otkucaja srca<\/li>\n<li>23 sportska moda<\/li>\n<li>7 dana baterija (uobi\u010dajno kori\u0161tenje)<\/li>\n<li>IP68 &#8211; vodootpornost<\/li>\n<li>Display &#8211; 1.54 in\u010da | TFT-LCD<\/li>\n<li>Pozivi\/Poruke &#8211; notifikacija<\/li>\n<li>15 jezika<\/li>\n<\/ul>\n[embedyt] https:\/\/www.youtube.com\/watch?v=kA8072_McIo[\/embedyt]\n","protected":false},"featured_media":7414,"comment_status":"open","ping_status":"closed","template":"","meta":{"_mi_skip_tracking":false,"_exactmetrics_sitenote_active":false,"_exactmetrics_sitenote_note":"","_exactmetrics_sitenote_category":0,"spay_email":""},"product_cat":[885],"product_tag":[5218,5217,5216,5223,5222,5219,5220,5221],"brands":[{"id":5215,"name":"Cubot","slug":"cubot"}],"df_price":79,"df_sale_price":79,"df_regular_price":99,"df_image_link":"https:\/\/i0.wp.com\/astehshop.com\/wp-content\/uploads\/2023\/03\/0105061_pametni-sat-cubot-c7-pink.jpeg?fit=450%2C450","jetpack_publicize_connections":[],"jetpack_sharing_enabled":true,"jetpack_likes_enabled":true,"jetpack-related-posts":[{"id":7417,"url":"http:\/\/astehshop.com\/index.php\/product\/pametni-sat-cubot-c7-crni\/","url_meta":{"origin":7413,"position":0},"title":"Pametni sat CUBOT C7 crni","date":"11. o\u017eujka 2023.","format":false,"excerpt":"Cubot C7 Smartwatch Android 6.0+ IOS 10.0+ 24 satno pra\u0107enje otkucaja srca 23 sportska moda 7 dana baterija (uobi\u010dajno kori\u0161tenje) IP68 - vodootpornost Display - 1.54 in\u010da | TFT-LCD Pozivi\/Poruke - notifikacija 15 jezika","rel":"","context":"Srodne objave","img":{"alt_text":"","src":"https:\/\/i2.wp.com\/astehshop.com\/wp-content\/uploads\/2023\/03\/0105060_pametni-sat-cubot-c7-crni.jpeg?fit=900%2C900&resize=350%2C200","width":350,"height":200},"classes":[]},{"id":7423,"url":"http:\/\/astehshop.com\/index.php\/product\/pametni-sat-cubot-c5-crni\/","url_meta":{"origin":7413,"position":1},"title":"Pametni sat CUBOT C5 crni","date":"11. o\u017eujka 2023.","format":false,"excerpt":"Android 6.0+ IOS 10.0+ 24 satno pra\u0107enje otkucaja srca 23 sportska moda 7 dana baterija (uobi\u010dajno kori\u0161tenje) 5ATM - vodootpornost Display - 1.7 in\u010da | TFT-LCD Pozivi\/Poruke - notifikacija 15 jezika","rel":"","context":"Srodne objave","img":{"alt_text":"","src":"https:\/\/i2.wp.com\/astehshop.com\/wp-content\/uploads\/2023\/03\/0102458_pametni-sat-cubot-c5-crni.jpeg?fit=900%2C900&resize=350%2C200","width":350,"height":200},"classes":[]},{"id":7427,"url":"http:\/\/astehshop.com\/index.php\/product\/pametni-sat-cubot-c9-black\/","url_meta":{"origin":7413,"position":2},"title":"Pametni sat CUBOT C9 black","date":"11. o\u017eujka 2023.","format":false,"excerpt":"Cubot Smart Watch C9 Crni 43mm. Ekran u boji 1.30''. Obavijesti o pozivima, porukama i od aplikacija. Pra\u0107enje sportskih aktivnosti, 10 sportskih modova. Pra\u0107enje rada srca 24 sata. Pra\u0107enje kvaliteta sna. Kontrola muzike putem sata. Trajanje baterije 7 dana. Vodootporan IP68. Magnetni punja\u010d. Garancija 12 mjeseci.","rel":"","context":"Srodne objave","img":{"alt_text":"","src":"https:\/\/i1.wp.com\/astehshop.com\/wp-content\/uploads\/2023\/03\/0109694_pametni-sat-cubot-c9-black.jpeg?fit=900%2C900&resize=350%2C200","width":350,"height":200},"classes":[]},{"id":7430,"url":"http:\/\/astehshop.com\/index.php\/product\/pametni-sat-blackview-r3-black\/","url_meta":{"origin":7413,"position":3},"title":"Pametni sat Blackview R3 Black","date":"11. o\u017eujka 2023.","format":false,"excerpt":"Dimenzije: 35.5*41.5*11 mm Vodootpornost 5ATM Veli\u010dina zaslona 1,3 \" Tip zaslona TFT-LCD Zaslon je za\u0161ti\u0107en staklenim poklopcem visoke tvrdo\u0107e Materijal remenja: Silikon CPU: Realtek8762C, BLE 5.1, 384KB FLASH + 160KB RAM Rezolucija ekrana: 240*240 Bluetooth BLE 5.1 Baterija: 220mAh FUNKCIJE: - Osnovne funkcije: sat, prikaz datuma (12\/24 satni sustav, zadani\u2026","rel":"","context":"Srodne objave","img":{"alt_text":"","src":"https:\/\/i1.wp.com\/astehshop.com\/wp-content\/uploads\/2023\/03\/0107449_pametni-sat-blackview-r3-black.jpeg?fit=900%2C900&resize=350%2C200","width":350,"height":200},"classes":[]},{"id":7433,"url":"http:\/\/astehshop.com\/index.php\/product\/pametni-sat-blackview-r3-pink\/","url_meta":{"origin":7413,"position":4},"title":"Pametni sat Blackview R3 Pink","date":"11. o\u017eujka 2023.","format":false,"excerpt":"Dimenzije: 35.5*41.5*11 mm Vodootpornost 5ATM Veli\u010dina zaslona 1,3 \" Tip zaslona TFT-LCD Zaslon je za\u0161ti\u0107en staklenim poklopcem visoke tvrdo\u0107e Materijal remenja: Silikon CPU: Realtek8762C, BLE 5.1, 384KB FLASH + 160KB RAM Rezolucija ekrana: 240*240 Bluetooth BLE 5.1 Baterija: 220mAh FUNKCIJE: - Osnovne funkcije: sat, prikaz datuma (12\/24 satni sustav, zadani\u2026","rel":"","context":"Srodne objave","img":{"alt_text":"","src":"https:\/\/i1.wp.com\/astehshop.com\/wp-content\/uploads\/2023\/03\/0107452_pametni-sat-blackview-r3-pink.jpeg?fit=900%2C900&resize=350%2C200","width":350,"height":200},"classes":[]},{"id":7438,"url":"http:\/\/astehshop.com\/index.php\/product\/pametni-sat-blackview-r5-pink\/","url_meta":{"origin":7413,"position":5},"title":"Pametni sat Blackview R5 Pink","date":"11. o\u017eujka 2023.","format":false,"excerpt":"ZGLED: Veli\u010dina ekrana: 1,57\" Vrsta zaslona: TFT-LCD Poklopac zaslona: 3D zakrivljeno kaljeno staklo Materijal dna: Ku\u0107i\u0161te od aluminijske legure, plasti\u010dna donja \u0161koljka Materijal remena: TPU remen + metalna kop\u010da HADVER: CPU: Realtek8762DK G-senzor: Podr\u0161ka Brzinomjer: Podr\u0161ka Pra\u0107enje kisika u krvi: Podr\u0161ka Pra\u0107enje otkucaja srca: Podr\u0161ka GPS: Ne Zaslon: 1,57\" TFT-LCD\u2026","rel":"","context":"Srodne objave","img":{"alt_text":"","src":"https:\/\/i1.wp.com\/astehshop.com\/wp-content\/uploads\/2023\/03\/0107432_pametni-sat-blackview-r5-pink.jpeg?fit=900%2C900&resize=350%2C200","width":350,"height":200},"classes":[]}],"_links":{"self":[{"href":"http:\/\/astehshop.com\/index.php\/wp-json\/wp\/v2\/product\/7413"}],"collection":[{"href":"http:\/\/astehshop.com\/index.php\/wp-json\/wp\/v2\/product"}],"about":[{"href":"http:\/\/astehshop.com\/index.php\/wp-json\/wp\/v2\/types\/product"}],"replies":[{"embeddable":true,"href":"http:\/\/astehshop.com\/index.php\/wp-json\/wp\/v2\/comments?post=7413"}],"wp:featuredmedia":[{"embeddable":true,"href":"http:\/\/astehshop.com\/index.php\/wp-json\/wp\/v2\/media\/7414"}],"wp:attachment":[{"href":"http:\/\/astehshop.com\/index.php\/wp-json\/wp\/v2\/media?parent=7413"}],"wp:term":[{"taxonomy":"product_cat","embeddable":true,"href":"http:\/\/astehshop.com\/index.php\/wp-json\/wp\/v2\/product_cat?post=7413"},{"taxonomy":"product_tag","embeddable":true,"href":"http:\/\/astehshop.com\/index.php\/wp-json\/wp\/v2\/product_tag?post=7413"}],"curies":[{"name":"wp","href":"https:\/\/api.w.org\/{rel}","templated":true}]}}