{"id":7407,"date":"2023-03-11T15:30:33","date_gmt":"2023-03-11T14:30:33","guid":{"rendered":"http:\/\/astehshop.com\/?post_type=product&#038;p=7407"},"modified":"2023-03-11T15:30:35","modified_gmt":"2023-03-11T14:30:35","slug":"pametni-sat-xiaomi-mi-band-7","status":"publish","type":"product","link":"http:\/\/astehshop.com\/index.php\/product\/pametni-sat-xiaomi-mi-band-7\/","title":{"rendered":"Pametni sat Xiaomi Mi Band 7"},"content":{"rendered":"<ul>\n<li>1.62\u201d AMOLED ekran<\/li>\n<li>Rezolucija 192\u00d7490 (326 PPI)<\/li>\n<li>110+ sportskih re\u017eima<\/li>\n<li>100+ interfejsa<\/li>\n<li>Do 14 dana trajanje baterije<\/li>\n<\/ul>\n<p><strong>Previ\u0161e veli\u010danstven da bi se propustio 1,62\u201d AMOLED ekran<\/strong><\/p>\n<p>Veli\u010danstveni veliki AMOLED ekran debituje na va\u0161em zglobu, \u0161to vam olak\u0161ava \u010ditanje i kontrolu. Sve je detaljno predstavljeno u visokoj rezoluciji. Zahvaljujuc\u0301i always-on re\u017eimu, mo\u017eete da \u010ditate datum i vrijeme bez podizanja zgloba ili upotrebe prstiju.<\/p>\n<p><strong>Profesionalna analiza treninga*<\/strong><br \/>\nOdgovori na probleme svakodnevnog vje\u017ebanja<\/p>\n<p><strong>Cijelodnevno prac\u0301enje otkucaja srca<\/strong><br \/>\nXiaomi Smart Band 7 prati broj otkucaja srca u realnom vremenu tijekom cijelog dana i daje precizne preglede u grafikonima koji se lako \u010ditaju. Traka c\u0301e vibrirati da upozori kada otkucaji srca padnu iz bezbjedne zone.*<\/p>\n<p><strong>Prac\u0301enje kvaliteta spavanja<\/strong><br \/>\nNarukvica pa\u017eljivo i precizno prati va\u0161e obrasce spavanja. Mo\u017eete pronac\u0301i detaljne statistike u vezi sa dubokim snom, laganim snom i REM* fazom na svom pametnom telefonu da biste lak\u0161e razumjeli kvalitet sna.<\/p>\n<iframe  id=\"_ytid_46055\"  width=\"480\" height=\"270\"  data-origwidth=\"480\" data-origheight=\"270\"  src=\"https:\/\/www.youtube.com\/embed\/wvfFDH9LmQ8?enablejsapi=1&autoplay=0&cc_load_policy=0&cc_lang_pref=&iv_load_policy=1&loop=0&modestbranding=0&rel=1&fs=1&playsinline=0&autohide=2&theme=dark&color=red&controls=1&\" class=\"__youtube_prefs__  no-lazyload\" title=\"YouTube player\"  allow=\"autoplay; encrypted-media\" allowfullscreen data-no-lazy=\"1\" data-skipgform_ajax_framebjll=\"\"><\/iframe>\n","protected":false},"excerpt":{"rendered":"<ul>\n<li>1.62\u201d AMOLED ekran<\/li>\n<li>Rezolucija 192\u00d7490 (326 PPI)<\/li>\n<li>110+ sportskih re\u017eima<\/li>\n<li>100+ interfejsa<\/li>\n<li>Do 14 dana trajanje baterije<\/li>\n<\/ul>\n<p><strong>Previ\u0161e veli\u010danstven da bi se propustio 1,62\u201d AMOLED ekran<\/strong><\/p>\n<p>Veli\u010danstveni veliki AMOLED ekran debituje na va\u0161em zglobu, \u0161to vam olak\u0161ava \u010ditanje i kontrolu. Sve je detaljno predstavljeno u visokoj rezoluciji. Zahvaljujuc\u0301i always-on re\u017eimu, mo\u017eete da \u010ditate datum i vrijeme bez podizanja zgloba ili upotrebe prstiju.<\/p>\n<p><strong>Profesionalna analiza treninga*<\/strong><br \/>\nOdgovori na probleme svakodnevnog vje\u017ebanja<\/p>\n<p><strong>Cijelodnevno prac\u0301enje otkucaja srca<\/strong><br \/>\nXiaomi Smart Band 7 prati broj otkucaja srca u realnom vremenu tijekom cijelog dana i daje precizne preglede u grafikonima koji se lako \u010ditaju. Traka c\u0301e vibrirati da upozori kada otkucaji srca padnu iz bezbjedne zone.*<\/p>\n<p><strong>Prac\u0301enje kvaliteta spavanja<\/strong><br \/>\nNarukvica pa\u017eljivo i precizno prati va\u0161e obrasce spavanja. Mo\u017eete pronac\u0301i detaljne statistike u vezi sa dubokim snom, laganim snom i REM* fazom na svom pametnom telefonu da biste lak\u0161e razumjeli kvalitet sna.<\/p>\n[embedyt] https:\/\/www.youtube.com\/watch?v=wvfFDH9LmQ8[\/embedyt]\n","protected":false},"featured_media":7408,"comment_status":"open","ping_status":"closed","template":"","meta":{"_mi_skip_tracking":false,"_exactmetrics_sitenote_active":false,"_exactmetrics_sitenote_note":"","_exactmetrics_sitenote_category":0,"spay_email":""},"product_cat":[885],"product_tag":[5206,5211,5208,900,896,5212,5209,5210,5207,5205,5204],"brands":[{"id":2356,"name":"xiaomi","slug":"xiaomi"}],"df_price":112,"df_sale_price":"","df_regular_price":112,"df_image_link":"https:\/\/i1.wp.com\/astehshop.com\/wp-content\/uploads\/2023\/03\/xiaomi-mi-band-7.png?fit=450%2C450","jetpack_publicize_connections":[],"jetpack_sharing_enabled":true,"jetpack_likes_enabled":true,"jetpack-related-posts":[{"id":7394,"url":"http:\/\/astehshop.com\/index.php\/product\/pametni-sat-xiaomi-redmi-smart-band-pro-preko-110-rezima-vjezbanja\/","url_meta":{"origin":7407,"position":0},"title":"Pametni sat Xiaomi Redmi Smart Band Pro preko 110 re\u017eima vje\u017ebanja","date":"11. o\u017eujka 2023.","format":false,"excerpt":"1,47\u2033 AMOLED ekran Rezolucija 194 x 368 Do 14 dana kori\u0161tenja pri jednom punjenju 110+ re\u017eima vje\u017ebanja 1,47 \u201dPuni AMOLED \u0161iroki ekran Veliki \u0161iroki ekran sa visokim odnosom ekrana i tela od 66,7% pru\u017ei\u0107e vam neverovatno vizuelno iskustvo. 100% NSTC raspon boja, 450 nita maksimalna podesiva svjetlina, za uvijek \u017eivu\u2026","rel":"","context":"Srodne objave","img":{"alt_text":"","src":"https:\/\/i0.wp.com\/astehshop.com\/wp-content\/uploads\/2023\/03\/xiaomi-redmi-smart-band-pro.jpg?fit=800%2C800&resize=350%2C200","width":350,"height":200},"classes":[]},{"id":5609,"url":"http:\/\/astehshop.com\/index.php\/product\/xiaomi-mi-band-5-pametni-sat-smart-watch\/","url_meta":{"origin":7407,"position":1},"title":"Xiaomi Mi Band 5 pametni sat smart watch","date":"5. studenoga 2021.","format":false,"excerpt":"Mi pametna narukvica 5 je najnovija verzija iz kolekcije pametnih narukvica koja je\u00a0vodootporna\u00a0te Vam omogu\u0107ava\u00a0pra\u0107enje 11 razli\u010ditih sportova\u00a0od tr\u010danja i biciklizma pa sve do plivanja. Mi pametna narukvica 5 koristi pobolj\u0161ane i novije zna\u010dajke koje poma\u017eu da pazite na Va\u0161e zdravlje. S njom mo\u017eete lako\u00a0pratiti va\u0161e spavanje, otkucaje srca, razinu\u2026","rel":"","context":"Srodne objave","img":{"alt_text":"","src":"https:\/\/i0.wp.com\/astehshop.com\/wp-content\/uploads\/2021\/11\/Xiaomi-Mi-Band-5.jpg?fit=1143%2C1200&resize=350%2C200","width":350,"height":200},"classes":[]},{"id":7410,"url":"http:\/\/astehshop.com\/index.php\/product\/pametni-sat-haylou-smart-watch-rs4-black-ls12\/","url_meta":{"origin":7407,"position":2},"title":"Pametni sat Haylou Smart Watch RS4 Black &#8211; LS12","date":"11. o\u017eujka 2023.","format":false,"excerpt":"Xiaomi Haylou RS4 Watch LS12 Black, boja: crna. Ekran AMOLED HD 1.78''. Metalna magnetna narukvica. Obavijesti o pozivima, porukama i od aplikacija. Pra\u0107enje sportskih aktivnosti, 12 razli\u010ditih sportskih modova. Pra\u0107enje rada srca 24 sata. Pra\u0107enje kvaliteta sna. Mjerenje nivoa kisika u krvi (SpO2). Vje\u017ebe disanja. Kontrola muzike preko sata. Trajanje\u2026","rel":"","context":"Srodne objave","img":{"alt_text":"","src":"https:\/\/i1.wp.com\/astehshop.com\/wp-content\/uploads\/2023\/03\/haylou-smart-watch-rs4-black-ls12.png?fit=800%2C800&resize=350%2C200","width":350,"height":200},"classes":[]},{"id":7438,"url":"http:\/\/astehshop.com\/index.php\/product\/pametni-sat-blackview-r5-pink\/","url_meta":{"origin":7407,"position":3},"title":"Pametni sat Blackview R5 Pink","date":"11. o\u017eujka 2023.","format":false,"excerpt":"ZGLED: Veli\u010dina ekrana: 1,57\" Vrsta zaslona: TFT-LCD Poklopac zaslona: 3D zakrivljeno kaljeno staklo Materijal dna: Ku\u0107i\u0161te od aluminijske legure, plasti\u010dna donja \u0161koljka Materijal remena: TPU remen + metalna kop\u010da HADVER: CPU: Realtek8762DK G-senzor: Podr\u0161ka Brzinomjer: Podr\u0161ka Pra\u0107enje kisika u krvi: Podr\u0161ka Pra\u0107enje otkucaja srca: Podr\u0161ka GPS: Ne Zaslon: 1,57\" TFT-LCD\u2026","rel":"","context":"Srodne objave","img":{"alt_text":"","src":"https:\/\/i1.wp.com\/astehshop.com\/wp-content\/uploads\/2023\/03\/0107432_pametni-sat-blackview-r5-pink.jpeg?fit=900%2C900&resize=350%2C200","width":350,"height":200},"classes":[]},{"id":7388,"url":"http:\/\/astehshop.com\/index.php\/product\/pametni-sat-haylou-smart-watch-gs-black-ls09a\/","url_meta":{"origin":7407,"position":4},"title":"Pametni sat Haylou Smart Watch GS Black &#8211; LS09A","date":"11. o\u017eujka 2023.","format":false,"excerpt":"Xiaomi Haylou GST Watch LS09A, boja: crna. Ekran u boji 1.28''. Obavijesti o pozivima, porukama i od aplikacija. Pra\u0107enje sportskih aktivnosti, 12 razli\u010ditih sportskih modova. Pra\u0107enje rada srca 24 sata. Pra\u0107enje kvaliteta sna. Mjerenje nivoa kisika u krvi (SpO2). Trajanje baterije do 7-20 dana. Vodootporan, certificiran IP68. Garancija 12 mjeseci.","rel":"","context":"Srodne objave","img":{"alt_text":"","src":"https:\/\/i1.wp.com\/astehshop.com\/wp-content\/uploads\/2023\/03\/xiaomi-haylou-ls09a-smart-watch-black.png?fit=800%2C800&resize=350%2C200","width":350,"height":200},"classes":[]},{"id":7441,"url":"http:\/\/astehshop.com\/index.php\/product\/pametni-sat-blackview-r5-orange\/","url_meta":{"origin":7407,"position":5},"title":"Pametni sat Blackview R5 Orange","date":"11. o\u017eujka 2023.","format":false,"excerpt":"Veli\u010dina ekrana: 1,57\u2033 Vrsta zaslona: TFT-LCD Poklopac zaslona: 3D zakrivljeno kaljeno staklo Materijal dna: Ku\u0107i\u0161te od aluminijske legure, plasti\u010dna donja \u0161koljka Materijal remena: TPU remen + metalna kop\u010da HADVER: CPU: Realtek8762DK G-senzor: Podr\u0161ka Brzinomjer: Podr\u0161ka Pra\u0107enje kisika u krvi: Podr\u0161ka Pra\u0107enje otkucaja srca: Podr\u0161ka GPS: Ne Zaslon: 1,57\u2033 TFT-LCD Razlu\u010divost\u2026","rel":"","context":"Srodne objave","img":{"alt_text":"","src":"https:\/\/i1.wp.com\/astehshop.com\/wp-content\/uploads\/2023\/03\/0107430_pametni-sat-blackview-r5-orange.jpeg?fit=900%2C900&resize=350%2C200","width":350,"height":200},"classes":[]}],"_links":{"self":[{"href":"http:\/\/astehshop.com\/index.php\/wp-json\/wp\/v2\/product\/7407"}],"collection":[{"href":"http:\/\/astehshop.com\/index.php\/wp-json\/wp\/v2\/product"}],"about":[{"href":"http:\/\/astehshop.com\/index.php\/wp-json\/wp\/v2\/types\/product"}],"replies":[{"embeddable":true,"href":"http:\/\/astehshop.com\/index.php\/wp-json\/wp\/v2\/comments?post=7407"}],"wp:featuredmedia":[{"embeddable":true,"href":"http:\/\/astehshop.com\/index.php\/wp-json\/wp\/v2\/media\/7408"}],"wp:attachment":[{"href":"http:\/\/astehshop.com\/index.php\/wp-json\/wp\/v2\/media?parent=7407"}],"wp:term":[{"taxonomy":"product_cat","embeddable":true,"href":"http:\/\/astehshop.com\/index.php\/wp-json\/wp\/v2\/product_cat?post=7407"},{"taxonomy":"product_tag","embeddable":true,"href":"http:\/\/astehshop.com\/index.php\/wp-json\/wp\/v2\/product_tag?post=7407"}],"curies":[{"name":"wp","href":"https:\/\/api.w.org\/{rel}","templated":true}]}}