{"id":7403,"date":"2023-03-11T15:25:27","date_gmt":"2023-03-11T14:25:27","guid":{"rendered":"http:\/\/astehshop.com\/?post_type=product&#038;p=7403"},"modified":"2023-03-11T15:25:28","modified_gmt":"2023-03-11T14:25:28","slug":"pametni-sat-haylou-smart-watch-rt2-black-ls1","status":"publish","type":"product","link":"http:\/\/astehshop.com\/index.php\/product\/pametni-sat-haylou-smart-watch-rt2-black-ls1\/","title":{"rendered":"Pametni sat Haylou Smart Watch RT2 Black &#8211; LS1"},"content":{"rendered":"<p>Haylou RT2 pametni sat je napravljen za stalni pokret. Estetski je dizajniran za sport sa 2.5D zakrivljenim staklom i TFT ekranom veli\u010dine 1.32 in\u010da, stoji na ruci veoma ugodno i donosi ljepotu nje\u017enog dizajna.<\/p>\n<p>Inkorporirano je 12 re\u017eima za fizi\u010dku aktivnost kao \u0161to su brzo hodanje, penjanje, joga, gimnastika i mnoge druge. Prati vrijeme trajanja fizi\u010dke aktivnosti, kao i intenzitet i kalorije koje su potro\u0161ene. 300 mAh baterija omogu\u0107ava da, nakon jednog punjenja, sat traje do 20 dana sa basic re\u017eimom kori\u0161tenja, 12 dana sa re\u017eimom za svakodnevno kori\u0161tenje.<\/p>\n<p>Re\u017eim za svakodnevno kori\u0161tenje podrazumijeva pra\u0107enje rada srca, pra\u0107enje toka sna, te podsjetnici za pozive. Basic re\u017eim podrazumijeva pra\u0107enje sna, ga\u0161enje Bluetooth konekcije sa telefonom i stalno pra\u0107enje rada srca. Pored toga, ima mogu\u0107nost SpO2 tracking, tako da stalno prati koli\u010dinu kisika u krvi. IP68 certifikat za otpornost na vlagu zna\u010di da mo\u017ee izdr\u017eati sve dnevne aktivnosti. Sa Bluetooth 5.0 verzijom mo\u017ee se povezati na druge ure\u0111aje Android 0.6 i iOS 11 verzije ili vi\u0161e.<\/p>\n<iframe  id=\"_ytid_12263\"  width=\"480\" height=\"270\"  data-origwidth=\"480\" data-origheight=\"270\"  src=\"https:\/\/www.youtube.com\/embed\/ouq0PlgKw24?enablejsapi=1&autoplay=0&cc_load_policy=0&cc_lang_pref=&iv_load_policy=1&loop=0&modestbranding=0&rel=1&fs=1&playsinline=0&autohide=2&theme=dark&color=red&controls=1&\" class=\"__youtube_prefs__  no-lazyload\" title=\"YouTube player\"  allow=\"autoplay; encrypted-media\" allowfullscreen data-no-lazy=\"1\" data-skipgform_ajax_framebjll=\"\"><\/iframe>\n","protected":false},"excerpt":{"rendered":"<p>Haylou RT2 pametni sat je napravljen za stalni pokret. Estetski je dizajniran za sport sa 2.5D zakrivljenim staklom i TFT ekranom veli\u010dine 1.32 in\u010da, stoji na ruci veoma ugodno i donosi ljepotu nje\u017enog dizajna.<\/p>\n<p>Inkorporirano je 12 re\u017eima za fizi\u010dku aktivnost kao \u0161to su brzo hodanje, penjanje, joga, gimnastika i mnoge druge. Prati vrijeme trajanja fizi\u010dke aktivnosti, kao i intenzitet i kalorije koje su potro\u0161ene. 300 mAh baterija omogu\u0107ava da, nakon jednog punjenja, sat traje do 20 dana sa basic re\u017eimom kori\u0161tenja, 12 dana sa re\u017eimom za svakodnevno kori\u0161tenje.<\/p>\n<p>Re\u017eim za svakodnevno kori\u0161tenje podrazumijeva pra\u0107enje rada srca, pra\u0107enje toka sna, te podsjetnici za pozive. Basic re\u017eim podrazumijeva pra\u0107enje sna, ga\u0161enje Bluetooth konekcije sa telefonom i stalno pra\u0107enje rada srca. Pored toga, ima mogu\u0107nost SpO2 tracking, tako da stalno prati koli\u010dinu kisika u krvi. IP68 certifikat za otpornost na vlagu zna\u010di da mo\u017ee izdr\u017eati sve dnevne aktivnosti. Sa Bluetooth 5.0 verzijom mo\u017ee se povezati na druge ure\u0111aje Android 0.6 i iOS 11 verzije ili vi\u0161e.<\/p>\n[embedyt] https:\/\/www.youtube.com\/watch?v=ouq0PlgKw24[\/embedyt]\n","protected":false},"featured_media":7404,"comment_status":"open","ping_status":"closed","template":"","meta":{"_mi_skip_tracking":false,"_exactmetrics_sitenote_active":false,"_exactmetrics_sitenote_note":"","_exactmetrics_sitenote_category":0,"spay_email":""},"product_cat":[885],"product_tag":[5199,5200,5203,5186,896,5202,5201],"brands":[{"id":2356,"name":"xiaomi","slug":"xiaomi"}],"df_price":115,"df_sale_price":115,"df_regular_price":140,"df_image_link":"https:\/\/i2.wp.com\/astehshop.com\/wp-content\/uploads\/2023\/03\/xiaomi-haylou-rt2-ls10-smart-watch-black.png?fit=450%2C450","jetpack_publicize_connections":[],"jetpack_sharing_enabled":true,"jetpack_likes_enabled":true,"jetpack-related-posts":[{"id":5611,"url":"http:\/\/astehshop.com\/index.php\/product\/haylou-solar-smartwatch-ls05\/","url_meta":{"origin":7403,"position":0},"title":"Haylou Solar SmartWatch LS05","date":"5. studenoga 2021.","format":false,"excerpt":"Haylou Solar LS05 ima jednostavan i atraktivan dizajn s\u00a0IP68 certifikatom\u00a0(otporan na vodu i pra\u0161inu) i velikim 1.28\u2033 zaslonom. Zaslon je ina\u010de vrlo visoke\u00a0240 x 240 rezolucije, te je dobro vidljiv na suncu. Ovo je zapravo idealan ure\u0111aj za one koji \u017eele pametni sat \/ narukvicu \/ fitness ure\u0111aj, ali ne\u2026","rel":"","context":"Srodne objave","img":{"alt_text":"","src":"https:\/\/i0.wp.com\/astehshop.com\/wp-content\/uploads\/2021\/11\/Haylou-Solar.jpg?fit=1000%2C1000&resize=350%2C200","width":350,"height":200},"classes":[]},{"id":7388,"url":"http:\/\/astehshop.com\/index.php\/product\/pametni-sat-haylou-smart-watch-gs-black-ls09a\/","url_meta":{"origin":7403,"position":1},"title":"Pametni sat Haylou Smart Watch GS Black &#8211; LS09A","date":"11. o\u017eujka 2023.","format":false,"excerpt":"Xiaomi Haylou GST Watch LS09A, boja: crna. Ekran u boji 1.28''. Obavijesti o pozivima, porukama i od aplikacija. Pra\u0107enje sportskih aktivnosti, 12 razli\u010ditih sportskih modova. Pra\u0107enje rada srca 24 sata. Pra\u0107enje kvaliteta sna. Mjerenje nivoa kisika u krvi (SpO2). Trajanje baterije do 7-20 dana. Vodootporan, certificiran IP68. Garancija 12 mjeseci.","rel":"","context":"Srodne objave","img":{"alt_text":"","src":"https:\/\/i1.wp.com\/astehshop.com\/wp-content\/uploads\/2023\/03\/xiaomi-haylou-ls09a-smart-watch-black.png?fit=800%2C800&resize=350%2C200","width":350,"height":200},"classes":[]},{"id":7410,"url":"http:\/\/astehshop.com\/index.php\/product\/pametni-sat-haylou-smart-watch-rs4-black-ls12\/","url_meta":{"origin":7403,"position":2},"title":"Pametni sat Haylou Smart Watch RS4 Black &#8211; LS12","date":"11. o\u017eujka 2023.","format":false,"excerpt":"Xiaomi Haylou RS4 Watch LS12 Black, boja: crna. Ekran AMOLED HD 1.78''. Metalna magnetna narukvica. Obavijesti o pozivima, porukama i od aplikacija. Pra\u0107enje sportskih aktivnosti, 12 razli\u010ditih sportskih modova. Pra\u0107enje rada srca 24 sata. Pra\u0107enje kvaliteta sna. Mjerenje nivoa kisika u krvi (SpO2). Vje\u017ebe disanja. Kontrola muzike preko sata. Trajanje\u2026","rel":"","context":"Srodne objave","img":{"alt_text":"","src":"https:\/\/i1.wp.com\/astehshop.com\/wp-content\/uploads\/2023\/03\/haylou-smart-watch-rs4-black-ls12.png?fit=800%2C800&resize=350%2C200","width":350,"height":200},"classes":[]},{"id":7427,"url":"http:\/\/astehshop.com\/index.php\/product\/pametni-sat-cubot-c9-black\/","url_meta":{"origin":7403,"position":3},"title":"Pametni sat CUBOT C9 black","date":"11. o\u017eujka 2023.","format":false,"excerpt":"Cubot Smart Watch C9 Crni 43mm. Ekran u boji 1.30''. Obavijesti o pozivima, porukama i od aplikacija. Pra\u0107enje sportskih aktivnosti, 10 sportskih modova. Pra\u0107enje rada srca 24 sata. Pra\u0107enje kvaliteta sna. Kontrola muzike putem sata. Trajanje baterije 7 dana. Vodootporan IP68. Magnetni punja\u010d. Garancija 12 mjeseci.","rel":"","context":"Srodne objave","img":{"alt_text":"","src":"https:\/\/i1.wp.com\/astehshop.com\/wp-content\/uploads\/2023\/03\/0109694_pametni-sat-cubot-c9-black.jpeg?fit=900%2C900&resize=350%2C200","width":350,"height":200},"classes":[]},{"id":7413,"url":"http:\/\/astehshop.com\/index.php\/product\/pametni-sat-cubot-c7-pink-smart-watch\/","url_meta":{"origin":7403,"position":4},"title":"Pametni sat CUBOT C7 pink smart watch","date":"11. o\u017eujka 2023.","format":false,"excerpt":"Cubot C7 Smartwatch Android 6.0+ IOS 10.0+ 24 satno pra\u0107enje otkucaja srca 23 sportska moda 7 dana baterija (uobi\u010dajno kori\u0161tenje) IP68 - vodootpornost Display - 1.54 in\u010da | TFT-LCD Pozivi\/Poruke - notifikacija 15 jezika","rel":"","context":"Srodne objave","img":{"alt_text":"","src":"https:\/\/i0.wp.com\/astehshop.com\/wp-content\/uploads\/2023\/03\/0105061_pametni-sat-cubot-c7-pink.jpeg?fit=900%2C900&resize=350%2C200","width":350,"height":200},"classes":[]},{"id":7443,"url":"http:\/\/astehshop.com\/index.php\/product\/huawei-pametni-sat-band-4e\/","url_meta":{"origin":7403,"position":5},"title":"Huawei pametni sat Band 4e","date":"11. o\u017eujka 2023.","format":false,"excerpt":"HUAWEI Band 4e pametna je narukvica koja podr\u017eava na\u010din rada na ruci i nozi, a integrira pametne zna\u010dajke kao \u0161to su pra\u0107enje ko\u0161arka\u0161kih performansi, pra\u0107enje forme tr\u010danja i pra\u0107enje dnevnih aktivnosti, pra\u0107enje spavanja i podsjetnici na poruke. Proizvod sadr\u017ei opcije za fitnes, zdravlje i modu te je savr\u0161en partner za\u2026","rel":"","context":"Srodne objave","img":{"alt_text":"","src":"https:\/\/i1.wp.com\/astehshop.com\/wp-content\/uploads\/2023\/03\/Huawei-pametni-sat-Band-4e.jpeg?fit=900%2C900&resize=350%2C200","width":350,"height":200},"classes":[]}],"_links":{"self":[{"href":"http:\/\/astehshop.com\/index.php\/wp-json\/wp\/v2\/product\/7403"}],"collection":[{"href":"http:\/\/astehshop.com\/index.php\/wp-json\/wp\/v2\/product"}],"about":[{"href":"http:\/\/astehshop.com\/index.php\/wp-json\/wp\/v2\/types\/product"}],"replies":[{"embeddable":true,"href":"http:\/\/astehshop.com\/index.php\/wp-json\/wp\/v2\/comments?post=7403"}],"wp:featuredmedia":[{"embeddable":true,"href":"http:\/\/astehshop.com\/index.php\/wp-json\/wp\/v2\/media\/7404"}],"wp:attachment":[{"href":"http:\/\/astehshop.com\/index.php\/wp-json\/wp\/v2\/media?parent=7403"}],"wp:term":[{"taxonomy":"product_cat","embeddable":true,"href":"http:\/\/astehshop.com\/index.php\/wp-json\/wp\/v2\/product_cat?post=7403"},{"taxonomy":"product_tag","embeddable":true,"href":"http:\/\/astehshop.com\/index.php\/wp-json\/wp\/v2\/product_tag?post=7403"}],"curies":[{"name":"wp","href":"https:\/\/api.w.org\/{rel}","templated":true}]}}