{"id":7399,"date":"2023-03-11T15:21:00","date_gmt":"2023-03-11T14:21:00","guid":{"rendered":"http:\/\/astehshop.com\/?post_type=product&#038;p=7399"},"modified":"2023-03-11T15:21:34","modified_gmt":"2023-03-11T14:21:34","slug":"pametni-sat-amazfit-bip-u-green","status":"publish","type":"product","link":"http:\/\/astehshop.com\/index.php\/product\/pametni-sat-amazfit-bip-u-green\/","title":{"rendered":"Pametni sat Amazfit Bip U Green"},"content":{"rendered":"<p>Najnoviji Amazfit Bip dobio je kvadratni ekran, za razliku od Amazfit Pacea. No, njegova glavna karakteristika je super dugo vrijeme trajanja baterije, oko 9 dana. Sa vodootpornom stopom IP68, ovaj pametni sat Amazfit BIP mo\u017ee se koristiti u mnogim razli\u010ditim situacijama. Tako\u0111er koristi dual-core pozicioniranje uz pomo\u0107 28nm GPS modula za GPS + Glonass.<\/p>\n<p>Pametni satovi Amazfit Bip pru\u017eit \u0107e vam fantasti\u010dnu autonomiju, vodootpornost, otkucaje srca i senzore lokacije, kao i detaljnu statistiku fitness aktivnosti. Sinkronizacija s pametnim telefonom u\u010dinit \u0107e proces kori\u0161tenja i upravljanja satovima lakim i ugodnim.<\/p>\n<p>Pametni sat s povoljnim omjerom cijene i kvalitete. Veliki TFT zaslon od 1,43&#8243;, rezolucija 320x302px, 60+ sportskih na\u010dina, BioTracker 2 &#8211; SpO2 monitor oksigenacije krvi, 24\/7 mjerenje otkucaja srca, monitor kvalitete spavanja i ukupni PAI zdravstveni rezultat, monitor razine stresa, monitor menstrualnog ciklusa, 50 satova, vodootporan do 50m, upravljanje glazbom, daljinski okida\u010d kamere, obavijesti aplikacija, vremenska prognoza itd., trajanje baterije do 9 dana<\/p>\n<ul>\n<li>Dimenzije 40,9 x 35,5 x 11,4 mm<\/li>\n<li>Te\u017eina 31g (s remenom)<\/li>\n<li>Materijal ku\u0107i\u0161ta: Polikarbonat<\/li>\n<li>Materijal remena: Silikonska guma<\/li>\n<li>Vodootpornost: 25 ATM<\/li>\n<li>Zaslon: 1,43&#8243; IPS LCD u punoj boji, 72% NTSC (tipi\u010dno), rezolucija 302&#215;320<\/li>\n<li>Zaslon osjetljiv na dodir: 2.5D staklo + premaz protiv otiska prsta<\/li>\n<li>Senzori:BioTracker&#x2122; 2 PPG biolo\u0161ki opti\u010dki senzor, Senzor ubrzanja, Senzor \u017eiroskopa, Geomagnetski senzor<\/li>\n<li>Mikrofon: Da<\/li>\n<li>Pozicioniranje: GPS<\/li>\n<li>Bluetooth: BT5.0\/BLE<\/li>\n<li>Baterija: 230mAh litij-ionska polimerna baterija<\/li>\n<li>Vrijeme punjenja: Oko 2 sata<\/li>\n<li>Na\u010din punjenja: 2-pina POGO punja\u010d<\/li>\n<li>Trajanje baterije: 9 dana<\/li>\n<\/ul>\n<iframe  id=\"_ytid_14539\"  width=\"480\" height=\"270\"  data-origwidth=\"480\" data-origheight=\"270\"  src=\"https:\/\/www.youtube.com\/embed\/TR3EXv-wlVE?enablejsapi=1&autoplay=0&cc_load_policy=0&cc_lang_pref=&iv_load_policy=1&loop=0&modestbranding=0&rel=1&fs=1&playsinline=0&autohide=2&theme=dark&color=red&controls=1&\" class=\"__youtube_prefs__  no-lazyload\" title=\"YouTube player\"  allow=\"autoplay; encrypted-media\" allowfullscreen data-no-lazy=\"1\" data-skipgform_ajax_framebjll=\"\"><\/iframe>\n","protected":false},"excerpt":{"rendered":"<p>Najnoviji Amazfit Bip dobio je kvadratni ekran, za razliku od Amazfit Pacea. No, njegova glavna karakteristika je super dugo vrijeme trajanja baterije, oko 9 dana. Sa vodootpornom stopom IP68, ovaj pametni sat Amazfit BIP mo\u017ee se koristiti u mnogim razli\u010ditim situacijama. Tako\u0111er koristi dual-core pozicioniranje uz pomo\u0107 28nm GPS modula za GPS + Glonass.<\/p>\n<p>Pametni satovi Amazfit Bip pru\u017eit \u0107e vam fantasti\u010dnu autonomiju, vodootpornost, otkucaje srca i senzore lokacije, kao i detaljnu statistiku fitness aktivnosti. Sinkronizacija s pametnim telefonom u\u010dinit \u0107e proces kori\u0161tenja i upravljanja satovima lakim i ugodnim.<\/p>\n<p>Pametni sat s povoljnim omjerom cijene i kvalitete. Veliki TFT zaslon od 1,43&#8243;, rezolucija 320x302px, 60+ sportskih na\u010dina, BioTracker 2 &#8211; SpO2 monitor oksigenacije krvi, 24\/7 mjerenje otkucaja srca, monitor kvalitete spavanja i ukupni PAI zdravstveni rezultat, monitor razine stresa, monitor menstrualnog ciklusa, 50 satova, vodootporan do 50m, upravljanje glazbom, daljinski okida\u010d kamere, obavijesti aplikacija, vremenska prognoza itd., trajanje baterije do 9 dana<\/p>\n<ul>\n<li>Dimenzije 40,9 x 35,5 x 11,4 mm<\/li>\n<li>Te\u017eina 31g (s remenom)<\/li>\n<li>Materijal ku\u0107i\u0161ta: Polikarbonat<\/li>\n<li>Materijal remena: Silikonska guma<\/li>\n<li>Vodootpornost: 25 ATM<\/li>\n<li>Zaslon: 1,43&#8243; IPS LCD u punoj boji, 72% NTSC (tipi\u010dno), rezolucija 302&#215;320<\/li>\n<li>Zaslon osjetljiv na dodir: 2.5D staklo + premaz protiv otiska prsta<\/li>\n<li>Senzori:BioTracker&#x2122; 2 PPG biolo\u0161ki opti\u010dki senzor, Senzor ubrzanja, Senzor \u017eiroskopa, Geomagnetski senzor<\/li>\n<li>Mikrofon: Da<\/li>\n<li>Pozicioniranje: GPS<\/li>\n<li>Bluetooth: BT5.0\/BLE<\/li>\n<li>Baterija: 230mAh litij-ionska polimerna baterija<\/li>\n<li>Vrijeme punjenja: Oko 2 sata<\/li>\n<li>Na\u010din punjenja: 2-pina POGO punja\u010d<\/li>\n<li>Trajanje baterije: 9 dana<\/li>\n<\/ul>\n[embedyt] https:\/\/www.youtube.com\/watch?v=TR3EXv-wlVE[\/embedyt]\n","protected":false},"featured_media":7400,"comment_status":"open","ping_status":"closed","template":"","meta":{"_mi_skip_tracking":false,"_exactmetrics_sitenote_active":false,"_exactmetrics_sitenote_note":"","_exactmetrics_sitenote_category":0,"spay_email":""},"product_cat":[885],"product_tag":[5197,896,5198,5185,3403,3404],"brands":[{"id":2356,"name":"xiaomi","slug":"xiaomi"}],"df_price":99,"df_sale_price":99,"df_regular_price":130,"df_image_link":"https:\/\/i1.wp.com\/astehshop.com\/wp-content\/uploads\/2023\/03\/Amazfit-Bip-U-Green.jpg?fit=450%2C450","jetpack_publicize_connections":[],"jetpack_sharing_enabled":true,"jetpack_likes_enabled":true,"jetpack-related-posts":[{"id":11389,"url":"http:\/\/astehshop.com\/index.php\/product\/amazfit-pametni-sat-pop-3r-silver\/","url_meta":{"origin":7399,"position":0},"title":"Amazfit pametni sat Pop 3R silver","date":"23. srpnja 2025.","format":false,"excerpt":"1.43\" HD AMOLED ekran s Always-On prikazom Metalni okvir i narukvica od nehr\u0111aju\u0107eg \u010delika Bluetooth pozivi i podr\u0161ka za glasovne asistente 24h mjerenje pulsa, SpO2, stresa i sna 100+ sportskih re\u017eima Baterija traje do 12 dana","rel":"","context":"Srodne objave","img":{"alt_text":"","src":"https:\/\/i0.wp.com\/astehshop.com\/wp-content\/uploads\/2025\/07\/0136563_amazfit-pametni-sat-pop-3r-silver.png?fit=900%2C900&resize=350%2C200","width":350,"height":200},"classes":[]},{"id":11391,"url":"http:\/\/astehshop.com\/index.php\/product\/amazfit-pametni-sat-pop-3r-crni\/","url_meta":{"origin":7399,"position":1},"title":"Amazfit pametni sat Pop 3R crni","date":"23. srpnja 2025.","format":false,"excerpt":"\u00a01.43\" HD AMOLED ekran s Always-On prikazom Metalni okvir i narukvica od nehr\u0111aju\u0107eg \u010delika Bluetooth pozivi i podr\u0161ka za glasovne asistente 24h mjerenje pulsa, SpO2, stresa i sna 100+ sportskih re\u017eima Baterija traje do 12 dana","rel":"","context":"Srodne objave","img":{"alt_text":"","src":"https:\/\/i1.wp.com\/astehshop.com\/wp-content\/uploads\/2025\/07\/4.png?fit=900%2C900&resize=350%2C200","width":350,"height":200},"classes":[]},{"id":5611,"url":"http:\/\/astehshop.com\/index.php\/product\/haylou-solar-smartwatch-ls05\/","url_meta":{"origin":7399,"position":2},"title":"Haylou Solar SmartWatch LS05","date":"5. studenoga 2021.","format":false,"excerpt":"Haylou Solar LS05 ima jednostavan i atraktivan dizajn s\u00a0IP68 certifikatom\u00a0(otporan na vodu i pra\u0161inu) i velikim 1.28\u2033 zaslonom. Zaslon je ina\u010de vrlo visoke\u00a0240 x 240 rezolucije, te je dobro vidljiv na suncu. Ovo je zapravo idealan ure\u0111aj za one koji \u017eele pametni sat \/ narukvicu \/ fitness ure\u0111aj, ali ne\u2026","rel":"","context":"Srodne objave","img":{"alt_text":"","src":"https:\/\/i0.wp.com\/astehshop.com\/wp-content\/uploads\/2021\/11\/Haylou-Solar.jpg?fit=1000%2C1000&resize=350%2C200","width":350,"height":200},"classes":[]},{"id":7413,"url":"http:\/\/astehshop.com\/index.php\/product\/pametni-sat-cubot-c7-pink-smart-watch\/","url_meta":{"origin":7399,"position":3},"title":"Pametni sat CUBOT C7 pink smart watch","date":"11. o\u017eujka 2023.","format":false,"excerpt":"Cubot C7 Smartwatch Android 6.0+ IOS 10.0+ 24 satno pra\u0107enje otkucaja srca 23 sportska moda 7 dana baterija (uobi\u010dajno kori\u0161tenje) IP68 - vodootpornost Display - 1.54 in\u010da | TFT-LCD Pozivi\/Poruke - notifikacija 15 jezika","rel":"","context":"Srodne objave","img":{"alt_text":"","src":"https:\/\/i0.wp.com\/astehshop.com\/wp-content\/uploads\/2023\/03\/0105061_pametni-sat-cubot-c7-pink.jpeg?fit=900%2C900&resize=350%2C200","width":350,"height":200},"classes":[]},{"id":7391,"url":"http:\/\/astehshop.com\/index.php\/product\/pametni-sat-haylou-smart-watch-gst-black-ls09b\/","url_meta":{"origin":7399,"position":4},"title":"Pametni sat Haylou Smart Watch GST Black &#8211; LS09B","date":"11. o\u017eujka 2023.","format":false,"excerpt":"Detaljan opis: Vodootporni pametni sat Haylou LS09B GST s Bluetooth 5.0 - IP68, 220 mAh Pratite svoje fitness aktivnosti pomo\u0107u ovog vodootpornog pametnog sata Haylou LS09B GST! Opremljen s vi\u0161e senzora, mo\u0107i \u0107ete pratiti broj otkucaja srca, razinu kisika, sate spavanja itd. Pove\u017eite ga sa svojim pametnim telefonom putem aplikacije\u2026","rel":"","context":"Srodne objave","img":{"alt_text":"","src":"https:\/\/i1.wp.com\/astehshop.com\/wp-content\/uploads\/2023\/03\/xiaomi-haylou-ls09b-smart-watch-black.png?fit=800%2C800&resize=350%2C200","width":350,"height":200},"classes":[]},{"id":6375,"url":"http:\/\/astehshop.com\/index.php\/product\/pametni-sat-huawei-gt-3-42-mm\/","url_meta":{"origin":7399,"position":5},"title":"Pametni sat Huawei GT 3 42 mm","date":"30. rujna 2022.","format":false,"excerpt":"Multifunkcionalni pametni sat, 1.32\" ( 3.35 cm ) AMOLED display, 466 x 466 pixela, vodootporan 5ATM, ku\u0107i\u0161te izra\u0111eno od nehr\u0111aju\u0107eg \u010delika \/ plastika. Interna memorija 4GB \/ 32MB. Senzor: Akcelerometar, \u017eiroskop, geomagnetni senzor, opti\u010dki senzor za mjerenje otkucaja srca, senzor za vazdu\u0161ni pritisak, senzor temperature Povezivost Bluetooth 5.1, LE, EDR,\u2026","rel":"","context":"Srodne objave","img":{"alt_text":"","src":"https:\/\/i2.wp.com\/astehshop.com\/wp-content\/uploads\/2022\/09\/GT-3-42-mm.png?fit=1150%2C1200&resize=350%2C200","width":350,"height":200},"classes":[]}],"_links":{"self":[{"href":"http:\/\/astehshop.com\/index.php\/wp-json\/wp\/v2\/product\/7399"}],"collection":[{"href":"http:\/\/astehshop.com\/index.php\/wp-json\/wp\/v2\/product"}],"about":[{"href":"http:\/\/astehshop.com\/index.php\/wp-json\/wp\/v2\/types\/product"}],"replies":[{"embeddable":true,"href":"http:\/\/astehshop.com\/index.php\/wp-json\/wp\/v2\/comments?post=7399"}],"wp:featuredmedia":[{"embeddable":true,"href":"http:\/\/astehshop.com\/index.php\/wp-json\/wp\/v2\/media\/7400"}],"wp:attachment":[{"href":"http:\/\/astehshop.com\/index.php\/wp-json\/wp\/v2\/media?parent=7399"}],"wp:term":[{"taxonomy":"product_cat","embeddable":true,"href":"http:\/\/astehshop.com\/index.php\/wp-json\/wp\/v2\/product_cat?post=7399"},{"taxonomy":"product_tag","embeddable":true,"href":"http:\/\/astehshop.com\/index.php\/wp-json\/wp\/v2\/product_tag?post=7399"}],"curies":[{"name":"wp","href":"https:\/\/api.w.org\/{rel}","templated":true}]}}