{"id":7394,"date":"2023-03-11T15:16:37","date_gmt":"2023-03-11T14:16:37","guid":{"rendered":"http:\/\/astehshop.com\/?post_type=product&#038;p=7394"},"modified":"2023-03-11T15:16:39","modified_gmt":"2023-03-11T14:16:39","slug":"pametni-sat-xiaomi-redmi-smart-band-pro-preko-110-rezima-vjezbanja","status":"publish","type":"product","link":"http:\/\/astehshop.com\/index.php\/product\/pametni-sat-xiaomi-redmi-smart-band-pro-preko-110-rezima-vjezbanja\/","title":{"rendered":"Pametni sat Xiaomi Redmi Smart Band Pro preko 110 re\u017eima vje\u017ebanja"},"content":{"rendered":"<p>1,47\u2033 AMOLED ekran<\/p>\n<p>Rezolucija 194 x 368<\/p>\n<p>Do 14 dana kori\u0161tenja pri jednom punjenju<\/p>\n<p>110+ re\u017eima vje\u017ebanja<\/p>\n<p>1,47 \u201dPuni AMOLED \u0161iroki ekran<br \/>\nVeliki \u0161iroki ekran sa visokim odnosom ekrana i tela od 66,7% pru\u017ei\u0107e vam neverovatno vizuelno iskustvo. 100% NSTC raspon boja, 450 nita maksimalna podesiva svjetlina, za uvijek \u017eivu i svijetlu sliku.<\/p>\n<p>Vi\u0161e od 110 re\u017eima vje\u017ebanja za snimanje otkucaja srca i sagorjelih kalorija, uklju\u010duju\u0107i vodene sportove, sportove s loptom, zimske sportove, ples, itd.<\/p>\n<p>Vodootporan do 50m<br \/>\nNivo vodootpornosti od 5 ATM koji se mo\u017ee koristiti prilikom plivanja.<\/p>\n<p><a href=\"https:\/\/i0.wp.com\/astehshop.com\/wp-content\/uploads\/2023\/03\/f9256f7f-a01d-4b77-bce8-633853ae28cb.png\" data-rel=\"lightbox-image-0\" data-rl_title=\"\" data-rl_caption=\"\" title=\"\"><img data-attachment-id=\"7396\" data-permalink=\"http:\/\/astehshop.com\/?attachment_id=7396\" data-orig-file=\"https:\/\/i0.wp.com\/astehshop.com\/wp-content\/uploads\/2023\/03\/f9256f7f-a01d-4b77-bce8-633853ae28cb.png?fit=1397%2C381\" data-orig-size=\"1397,381\" data-comments-opened=\"1\" data-image-meta=\"{&quot;aperture&quot;:&quot;0&quot;,&quot;credit&quot;:&quot;&quot;,&quot;camera&quot;:&quot;&quot;,&quot;caption&quot;:&quot;&quot;,&quot;created_timestamp&quot;:&quot;0&quot;,&quot;copyright&quot;:&quot;&quot;,&quot;focal_length&quot;:&quot;0&quot;,&quot;iso&quot;:&quot;0&quot;,&quot;shutter_speed&quot;:&quot;0&quot;,&quot;title&quot;:&quot;&quot;,&quot;orientation&quot;:&quot;0&quot;}\" data-image-title=\"f9256f7f-a01d-4b77-bce8-633853ae28cb\" data-image-description=\"\" data-image-caption=\"\" data-medium-file=\"https:\/\/i0.wp.com\/astehshop.com\/wp-content\/uploads\/2023\/03\/f9256f7f-a01d-4b77-bce8-633853ae28cb.png?fit=450%2C123\" data-large-file=\"https:\/\/i0.wp.com\/astehshop.com\/wp-content\/uploads\/2023\/03\/f9256f7f-a01d-4b77-bce8-633853ae28cb.png?fit=1024%2C279\" decoding=\"async\" loading=\"lazy\" class=\"alignnone size-medium wp-image-7396\" src=\"https:\/\/i0.wp.com\/astehshop.com\/wp-content\/uploads\/2023\/03\/f9256f7f-a01d-4b77-bce8-633853ae28cb.png?resize=450%2C123\" alt=\"\" width=\"450\" height=\"123\" srcset=\"https:\/\/i0.wp.com\/astehshop.com\/wp-content\/uploads\/2023\/03\/f9256f7f-a01d-4b77-bce8-633853ae28cb.png?resize=450%2C123 450w, https:\/\/i0.wp.com\/astehshop.com\/wp-content\/uploads\/2023\/03\/f9256f7f-a01d-4b77-bce8-633853ae28cb.png?resize=1024%2C279 1024w, https:\/\/i0.wp.com\/astehshop.com\/wp-content\/uploads\/2023\/03\/f9256f7f-a01d-4b77-bce8-633853ae28cb.png?resize=768%2C209 768w, https:\/\/i0.wp.com\/astehshop.com\/wp-content\/uploads\/2023\/03\/f9256f7f-a01d-4b77-bce8-633853ae28cb.png?resize=300%2C82 300w, https:\/\/i0.wp.com\/astehshop.com\/wp-content\/uploads\/2023\/03\/f9256f7f-a01d-4b77-bce8-633853ae28cb.png?resize=1170%2C319 1170w, https:\/\/i0.wp.com\/astehshop.com\/wp-content\/uploads\/2023\/03\/f9256f7f-a01d-4b77-bce8-633853ae28cb.png?resize=600%2C164 600w, https:\/\/i0.wp.com\/astehshop.com\/wp-content\/uploads\/2023\/03\/f9256f7f-a01d-4b77-bce8-633853ae28cb.png?w=1397 1397w\" sizes=\"(max-width: 450px) 100vw, 450px\" data-recalc-dims=\"1\" \/><\/a><\/p>\n<p>Izmjerite nivo kiseonika u krvi<\/p>\n<p>Zasi\u0107enost kiseonikom (SpO\u2082) je klju\u010dni pokazatelj op\u0161teg zdravlja osobe, koji odra\u017eava nivo kiseonika u krvi. Traka vam pru\u017ea bezbri\u017enost automatskim testiranjem nivoa kiseonika u krvi tokom spavanja i ru\u010dno kad god vam zatreba. Nije namijenjen za dijagnostiku, prevenciju, pra\u0107enje, predvi\u0111anje, prognozu bilo koje bolesti, ispitivanje fiziolo\u0161kih procesa ili bilo koju drugu medicinsku svrhu.<\/p>\n<p>Pra\u0107enje kvaliteta sna<\/p>\n<p>Pitate se \u0161ta se de\u0161ava sa va\u0161im tijelom dok spavate? Redmi Smart Band Pro pa\u017eljivo i precizno prati kvalitetu va\u0161eg sna. Mo\u017eete provjeriti detaljnu statistiku o dubokom snu, laganom snu i REM fazi na svom pametnom telefonu kako bi vam pomogli da pobolj\u0161ate kvalitet sna. Morate uklju\u010diti napredno pra\u0107enje spavanja u dodatnim postavkama na Xiaomi Wear \/ Xiaomi Wear Lite da biste imali REM funkciju.<\/p>\n<iframe  id=\"_ytid_48339\"  width=\"480\" height=\"270\"  data-origwidth=\"480\" data-origheight=\"270\"  src=\"https:\/\/www.youtube.com\/embed\/yhcj0sOhAh8?enablejsapi=1&autoplay=0&cc_load_policy=0&cc_lang_pref=&iv_load_policy=1&loop=0&modestbranding=0&rel=1&fs=1&playsinline=0&autohide=2&theme=dark&color=red&controls=1&\" class=\"__youtube_prefs__  no-lazyload\" title=\"YouTube player\"  allow=\"autoplay; encrypted-media\" allowfullscreen data-no-lazy=\"1\" data-skipgform_ajax_framebjll=\"\"><\/iframe>\n","protected":false},"excerpt":{"rendered":"<p>1,47\u2033 AMOLED ekran<\/p>\n<p>Rezolucija 194 x 368<\/p>\n<p>Do 14 dana kori\u0161tenja pri jednom punjenju<\/p>\n<p>110+ re\u017eima vje\u017ebanja<\/p>\n<p>1,47 \u201dPuni AMOLED \u0161iroki ekran<br \/>\nVeliki \u0161iroki ekran sa visokim odnosom ekrana i tela od 66,7% pru\u017ei\u0107e vam neverovatno vizuelno iskustvo. 100% NSTC raspon boja, 450 nita maksimalna podesiva svjetlina, za uvijek \u017eivu i svijetlu sliku.<\/p>\n<p>Vi\u0161e od 110 re\u017eima vje\u017ebanja za snimanje otkucaja srca i sagorjelih kalorija, uklju\u010duju\u0107i vodene sportove, sportove s loptom, zimske sportove, ples, itd.<\/p>\n<p>Vodootporan do 50m<br \/>\nNivo vodootpornosti od 5 ATM koji se mo\u017ee koristiti prilikom plivanja.<\/p>\n<p><a href=\"http:\/\/astehshop.com\/wp-content\/uploads\/2023\/03\/f9256f7f-a01d-4b77-bce8-633853ae28cb.png\"><img decoding=\"async\" loading=\"lazy\" class=\"alignnone size-medium wp-image-7396\" src=\"http:\/\/astehshop.com\/wp-content\/uploads\/2023\/03\/f9256f7f-a01d-4b77-bce8-633853ae28cb-450x123.png\" alt=\"\" width=\"450\" height=\"123\" srcset=\"https:\/\/i0.wp.com\/astehshop.com\/wp-content\/uploads\/2023\/03\/f9256f7f-a01d-4b77-bce8-633853ae28cb.png?resize=450%2C123 450w, https:\/\/i0.wp.com\/astehshop.com\/wp-content\/uploads\/2023\/03\/f9256f7f-a01d-4b77-bce8-633853ae28cb.png?resize=1024%2C279 1024w, https:\/\/i0.wp.com\/astehshop.com\/wp-content\/uploads\/2023\/03\/f9256f7f-a01d-4b77-bce8-633853ae28cb.png?resize=768%2C209 768w, https:\/\/i0.wp.com\/astehshop.com\/wp-content\/uploads\/2023\/03\/f9256f7f-a01d-4b77-bce8-633853ae28cb.png?resize=300%2C82 300w, https:\/\/i0.wp.com\/astehshop.com\/wp-content\/uploads\/2023\/03\/f9256f7f-a01d-4b77-bce8-633853ae28cb.png?resize=1170%2C319 1170w, https:\/\/i0.wp.com\/astehshop.com\/wp-content\/uploads\/2023\/03\/f9256f7f-a01d-4b77-bce8-633853ae28cb.png?resize=600%2C164 600w, https:\/\/i0.wp.com\/astehshop.com\/wp-content\/uploads\/2023\/03\/f9256f7f-a01d-4b77-bce8-633853ae28cb.png?w=1397 1397w\" sizes=\"(max-width: 450px) 100vw, 450px\" \/><\/a><\/p>\n<p>Izmjerite nivo kiseonika u krvi<\/p>\n<p>Zasi\u0107enost kiseonikom (SpO\u2082) je klju\u010dni pokazatelj op\u0161teg zdravlja osobe, koji odra\u017eava nivo kiseonika u krvi. Traka vam pru\u017ea bezbri\u017enost automatskim testiranjem nivoa kiseonika u krvi tokom spavanja i ru\u010dno kad god vam zatreba. Nije namijenjen za dijagnostiku, prevenciju, pra\u0107enje, predvi\u0111anje, prognozu bilo koje bolesti, ispitivanje fiziolo\u0161kih procesa ili bilo koju drugu medicinsku svrhu.<\/p>\n<p>Pra\u0107enje kvaliteta sna<\/p>\n<p>Pitate se \u0161ta se de\u0161ava sa va\u0161im tijelom dok spavate? Redmi Smart Band Pro pa\u017eljivo i precizno prati kvalitetu va\u0161eg sna. Mo\u017eete provjeriti detaljnu statistiku o dubokom snu, laganom snu i REM fazi na svom pametnom telefonu kako bi vam pomogli da pobolj\u0161ate kvalitet sna. Morate uklju\u010diti napredno pra\u0107enje spavanja u dodatnim postavkama na Xiaomi Wear \/ Xiaomi Wear Lite da biste imali REM funkciju.<\/p>\n[embedyt] https:\/\/www.youtube.com\/watch?v=yhcj0sOhAh8[\/embedyt]\n","protected":false},"featured_media":7395,"comment_status":"open","ping_status":"closed","template":"","meta":{"_mi_skip_tracking":false,"_exactmetrics_sitenote_active":false,"_exactmetrics_sitenote_note":"","_exactmetrics_sitenote_category":0,"spay_email":""},"product_cat":[885],"product_tag":[5193,896,5196,5192,3405,3404,5190,5191,5194,5195,5189],"brands":[{"id":2356,"name":"xiaomi","slug":"xiaomi"}],"df_price":97,"df_sale_price":97,"df_regular_price":120,"df_image_link":"https:\/\/i0.wp.com\/astehshop.com\/wp-content\/uploads\/2023\/03\/xiaomi-redmi-smart-band-pro.jpg?fit=450%2C450","jetpack_publicize_connections":[],"jetpack_sharing_enabled":true,"jetpack_likes_enabled":true,"jetpack-related-posts":[{"id":7407,"url":"http:\/\/astehshop.com\/index.php\/product\/pametni-sat-xiaomi-mi-band-7\/","url_meta":{"origin":7394,"position":0},"title":"Pametni sat Xiaomi Mi Band 7","date":"11. o\u017eujka 2023.","format":false,"excerpt":"1.62\u201d AMOLED ekran Rezolucija 192\u00d7490 (326 PPI) 110+ sportskih re\u017eima 100+ interfejsa Do 14 dana trajanje baterije Previ\u0161e veli\u010danstven da bi se propustio 1,62\u201d AMOLED ekran Veli\u010danstveni veliki AMOLED ekran debituje na va\u0161em zglobu, \u0161to vam olak\u0161ava \u010ditanje i kontrolu. Sve je detaljno predstavljeno u visokoj rezoluciji. Zahvaljujuc\u0301i always-on re\u017eimu,\u2026","rel":"","context":"Srodne objave","img":{"alt_text":"","src":"https:\/\/i1.wp.com\/astehshop.com\/wp-content\/uploads\/2023\/03\/xiaomi-mi-band-7.png?fit=800%2C800&resize=350%2C200","width":350,"height":200},"classes":[]},{"id":11389,"url":"http:\/\/astehshop.com\/index.php\/product\/amazfit-pametni-sat-pop-3r-silver\/","url_meta":{"origin":7394,"position":1},"title":"Amazfit pametni sat Pop 3R silver","date":"23. srpnja 2025.","format":false,"excerpt":"1.43\" HD AMOLED ekran s Always-On prikazom Metalni okvir i narukvica od nehr\u0111aju\u0107eg \u010delika Bluetooth pozivi i podr\u0161ka za glasovne asistente 24h mjerenje pulsa, SpO2, stresa i sna 100+ sportskih re\u017eima Baterija traje do 12 dana","rel":"","context":"Srodne objave","img":{"alt_text":"","src":"https:\/\/i0.wp.com\/astehshop.com\/wp-content\/uploads\/2025\/07\/0136563_amazfit-pametni-sat-pop-3r-silver.png?fit=900%2C900&resize=350%2C200","width":350,"height":200},"classes":[]},{"id":11391,"url":"http:\/\/astehshop.com\/index.php\/product\/amazfit-pametni-sat-pop-3r-crni\/","url_meta":{"origin":7394,"position":2},"title":"Amazfit pametni sat Pop 3R crni","date":"23. srpnja 2025.","format":false,"excerpt":"\u00a01.43\" HD AMOLED ekran s Always-On prikazom Metalni okvir i narukvica od nehr\u0111aju\u0107eg \u010delika Bluetooth pozivi i podr\u0161ka za glasovne asistente 24h mjerenje pulsa, SpO2, stresa i sna 100+ sportskih re\u017eima Baterija traje do 12 dana","rel":"","context":"Srodne objave","img":{"alt_text":"","src":"https:\/\/i1.wp.com\/astehshop.com\/wp-content\/uploads\/2025\/07\/4.png?fit=900%2C900&resize=350%2C200","width":350,"height":200},"classes":[]},{"id":7410,"url":"http:\/\/astehshop.com\/index.php\/product\/pametni-sat-haylou-smart-watch-rs4-black-ls12\/","url_meta":{"origin":7394,"position":3},"title":"Pametni sat Haylou Smart Watch RS4 Black &#8211; LS12","date":"11. o\u017eujka 2023.","format":false,"excerpt":"Xiaomi Haylou RS4 Watch LS12 Black, boja: crna. Ekran AMOLED HD 1.78''. Metalna magnetna narukvica. Obavijesti o pozivima, porukama i od aplikacija. Pra\u0107enje sportskih aktivnosti, 12 razli\u010ditih sportskih modova. Pra\u0107enje rada srca 24 sata. Pra\u0107enje kvaliteta sna. Mjerenje nivoa kisika u krvi (SpO2). Vje\u017ebe disanja. Kontrola muzike preko sata. Trajanje\u2026","rel":"","context":"Srodne objave","img":{"alt_text":"","src":"https:\/\/i1.wp.com\/astehshop.com\/wp-content\/uploads\/2023\/03\/haylou-smart-watch-rs4-black-ls12.png?fit=800%2C800&resize=350%2C200","width":350,"height":200},"classes":[]},{"id":11948,"url":"http:\/\/astehshop.com\/index.php\/product\/samsung-a26-8gb-256gb-black-2\/","url_meta":{"origin":7394,"position":4},"title":"Samsung A26 8GB 256GB Black","date":"7. prosinca 2025.","format":false,"excerpt":"Samsung Galaxy A26 8GB 256GB Samsung Galaxy A26 je moderan pametni telefon koji donosi odli\u010dne performanse, veliki ekran i dugotrajnu bateriju. Idealan je za korisnike koji \u017eele balans izme\u0111u cijene i kvaliteta. Klju\u010dne karakteristike: Ekran:\u00a06.7-in\u010dni Super AMOLED ekran sa Full HD+ rezolucijom i osvje\u017eavanjem od 120Hz za glatko iskustvo. Procesor:\u00a0Exynos\u2026","rel":"","context":"Srodne objave","img":{"alt_text":"","src":"https:\/\/i1.wp.com\/astehshop.com\/wp-content\/uploads\/2025\/12\/Samsung-A26-8GB-256GB-Black.jpg?fit=800%2C800&resize=350%2C200","width":350,"height":200},"classes":[]},{"id":11946,"url":"http:\/\/astehshop.com\/index.php\/product\/samsung-a17-4gb-128gb-blue\/","url_meta":{"origin":7394,"position":5},"title":"Samsung A17 4GB 128GB Blue","date":"7. prosinca 2025.","format":false,"excerpt":"Samsung Galaxy A17 (4GB \/ 128GB, Blue) Samsung Galaxy A17\u00a0je elegantan i pouzdan pametni telefon koji kombinuje moderan dizajn, sna\u017ene performanse i prakti\u010dne funkcije za svakodnevnu upotrebu. Idealan je za korisnike koji \u017eele balans izme\u0111u kvaliteta, funkcionalnosti i pristupa\u010dne cijene. Klju\u010dne Karakteristike: Ekran:\u00a06.7\u201d Super AMOLED\u00a0ekran sa Full HD+ rezolucijom (1080\u2026","rel":"","context":"Srodne objave","img":{"alt_text":"","src":"https:\/\/i2.wp.com\/astehshop.com\/wp-content\/uploads\/2025\/12\/Samsung-A17-4GB-128GB-Blue.png?fit=800%2C800&resize=350%2C200","width":350,"height":200},"classes":[]}],"_links":{"self":[{"href":"http:\/\/astehshop.com\/index.php\/wp-json\/wp\/v2\/product\/7394"}],"collection":[{"href":"http:\/\/astehshop.com\/index.php\/wp-json\/wp\/v2\/product"}],"about":[{"href":"http:\/\/astehshop.com\/index.php\/wp-json\/wp\/v2\/types\/product"}],"replies":[{"embeddable":true,"href":"http:\/\/astehshop.com\/index.php\/wp-json\/wp\/v2\/comments?post=7394"}],"wp:featuredmedia":[{"embeddable":true,"href":"http:\/\/astehshop.com\/index.php\/wp-json\/wp\/v2\/media\/7395"}],"wp:attachment":[{"href":"http:\/\/astehshop.com\/index.php\/wp-json\/wp\/v2\/media?parent=7394"}],"wp:term":[{"taxonomy":"product_cat","embeddable":true,"href":"http:\/\/astehshop.com\/index.php\/wp-json\/wp\/v2\/product_cat?post=7394"},{"taxonomy":"product_tag","embeddable":true,"href":"http:\/\/astehshop.com\/index.php\/wp-json\/wp\/v2\/product_tag?post=7394"}],"curies":[{"name":"wp","href":"https:\/\/api.w.org\/{rel}","templated":true}]}}