{"id":7391,"date":"2023-03-11T15:09:05","date_gmt":"2023-03-11T14:09:05","guid":{"rendered":"http:\/\/astehshop.com\/?post_type=product&#038;p=7391"},"modified":"2023-03-11T15:09:06","modified_gmt":"2023-03-11T14:09:06","slug":"pametni-sat-haylou-smart-watch-gst-black-ls09b","status":"publish","type":"product","link":"http:\/\/astehshop.com\/index.php\/product\/pametni-sat-haylou-smart-watch-gst-black-ls09b\/","title":{"rendered":"Pametni sat Haylou Smart Watch GST Black &#8211; LS09B"},"content":{"rendered":"<p><strong>Detaljan opis:<\/strong><\/p>\n<p>Vodootporni pametni sat Haylou LS09B GST s Bluetooth 5.0 &#8211; IP68, 220 mAh<\/p>\n<p>Pratite svoje fitness aktivnosti pomo\u0107u ovog vodootpornog pametnog sata Haylou LS09B GST!<\/p>\n<p>Opremljen s vi\u0161e senzora, mo\u0107i \u0107ete pratiti broj otkucaja srca, razinu kisika, sate spavanja itd. Pove\u017eite ga sa svojim pametnim telefonom putem aplikacije Haylou Fun, odaberite jedan od 12 na\u010dina vje\u017ebanja, locirajte svoj pametni telefon, kontrolirajte glazbu, provjerite prognoza, itd.<\/p>\n<p>Haylou LS09B GST vodootporni ure\u0111aj za pra\u0107enje aktivnosti<\/p>\n<p>1,69&#8243; zaslon u boji sa zakrivljenim rubovima<\/p>\n<p>Provjerite otkucaje srca, razinu O2, pratite spavanje i jo\u0161 mnogo toga<\/p>\n<p>Dvanaest na\u010dina vje\u017ebanja, izborni broj\u010danici sata<\/p>\n<p>Dugotrajna punjiva baterija od 220 mAh<\/p>\n<p>Upravljajte glazbom, locirajte pametni telefon, provjeravajte vremenske prilike, itd.<\/p>\n<p>Vodootporna razina za\u0161tite IP68<\/p>\n<p><strong>Specifikacije:<\/strong><\/p>\n<p>&nbsp;<\/p>\n<p><strong> Zaslon: 1,69&#8243; zaslon u boji 240 x 280p<\/strong><\/p>\n<p><strong>Veza: Bluetooth 5.0<\/strong><\/p>\n<p><strong> Kapacitet baterije: 220 mAh<\/strong><\/p>\n<p><strong> Vodootporna ocjena : IP68<\/strong><\/p>\n<p><strong> Kompatibilnost sistema: Android i iOS<\/strong><\/p>\n<iframe  id=\"_ytid_57144\"  width=\"480\" height=\"270\"  data-origwidth=\"480\" data-origheight=\"270\"  src=\"https:\/\/www.youtube.com\/embed\/wUdbDEYV6T8?enablejsapi=1&autoplay=0&cc_load_policy=0&cc_lang_pref=&iv_load_policy=1&loop=0&modestbranding=0&rel=1&fs=1&playsinline=0&autohide=2&theme=dark&color=red&controls=1&\" class=\"__youtube_prefs__  no-lazyload\" title=\"YouTube player\"  allow=\"autoplay; encrypted-media\" allowfullscreen data-no-lazy=\"1\" data-skipgform_ajax_framebjll=\"\"><\/iframe>\n","protected":false},"excerpt":{"rendered":"<p><strong>Detaljan opis:<\/strong><\/p>\n<p>Vodootporni pametni sat Haylou LS09B GST s Bluetooth 5.0 &#8211; IP68, 220 mAh<\/p>\n<p>Pratite svoje fitness aktivnosti pomo\u0107u ovog vodootpornog pametnog sata Haylou LS09B GST!<\/p>\n<p>Opremljen s vi\u0161e senzora, mo\u0107i \u0107ete pratiti broj otkucaja srca, razinu kisika, sate spavanja itd. Pove\u017eite ga sa svojim pametnim telefonom putem aplikacije Haylou Fun, odaberite jedan od 12 na\u010dina vje\u017ebanja, locirajte svoj pametni telefon, kontrolirajte glazbu, provjerite prognoza, itd.<\/p>\n<p>Haylou LS09B GST vodootporni ure\u0111aj za pra\u0107enje aktivnosti<\/p>\n<p>1,69&#8243; zaslon u boji sa zakrivljenim rubovima<\/p>\n<p>Provjerite otkucaje srca, razinu O2, pratite spavanje i jo\u0161 mnogo toga<\/p>\n<p>Dvanaest na\u010dina vje\u017ebanja, izborni broj\u010danici sata<\/p>\n<p>Dugotrajna punjiva baterija od 220 mAh<\/p>\n<p>Upravljajte glazbom, locirajte pametni telefon, provjeravajte vremenske prilike, itd.<\/p>\n<p>Vodootporna razina za\u0161tite IP68<\/p>\n<p><strong>Specifikacije:<\/strong><\/p>\n<p>&nbsp;<\/p>\n<p><strong> Zaslon: 1,69&#8243; zaslon u boji 240 x 280p<\/strong><\/p>\n<p><strong>Veza: Bluetooth 5.0<\/strong><\/p>\n<p><strong> Kapacitet baterije: 220 mAh<\/strong><\/p>\n<p><strong> Vodootporna ocjena : IP68<\/strong><\/p>\n<p><strong> Kompatibilnost sistema: Android i iOS<\/strong><\/p>\n[embedyt] https:\/\/www.youtube.com\/watch?v=wUdbDEYV6T8[\/embedyt]\n","protected":false},"featured_media":7392,"comment_status":"open","ping_status":"closed","template":"","meta":{"_mi_skip_tracking":false,"_exactmetrics_sitenote_active":false,"_exactmetrics_sitenote_note":"","_exactmetrics_sitenote_category":0,"spay_email":""},"product_cat":[885],"product_tag":[5184,5187,5186,896,5185,3403,5188],"brands":[{"id":2356,"name":"xiaomi","slug":"xiaomi"}],"df_price":92,"df_sale_price":92,"df_regular_price":119,"df_image_link":"https:\/\/i1.wp.com\/astehshop.com\/wp-content\/uploads\/2023\/03\/xiaomi-haylou-ls09b-smart-watch-black.png?fit=450%2C450","jetpack_publicize_connections":[],"jetpack_sharing_enabled":true,"jetpack_likes_enabled":true,"jetpack-related-posts":[{"id":7388,"url":"http:\/\/astehshop.com\/index.php\/product\/pametni-sat-haylou-smart-watch-gs-black-ls09a\/","url_meta":{"origin":7391,"position":0},"title":"Pametni sat Haylou Smart Watch GS Black &#8211; LS09A","date":"11. o\u017eujka 2023.","format":false,"excerpt":"Xiaomi Haylou GST Watch LS09A, boja: crna. Ekran u boji 1.28''. Obavijesti o pozivima, porukama i od aplikacija. Pra\u0107enje sportskih aktivnosti, 12 razli\u010ditih sportskih modova. Pra\u0107enje rada srca 24 sata. Pra\u0107enje kvaliteta sna. Mjerenje nivoa kisika u krvi (SpO2). Trajanje baterije do 7-20 dana. Vodootporan, certificiran IP68. Garancija 12 mjeseci.","rel":"","context":"Srodne objave","img":{"alt_text":"","src":"https:\/\/i1.wp.com\/astehshop.com\/wp-content\/uploads\/2023\/03\/xiaomi-haylou-ls09a-smart-watch-black.png?fit=800%2C800&resize=350%2C200","width":350,"height":200},"classes":[]},{"id":7410,"url":"http:\/\/astehshop.com\/index.php\/product\/pametni-sat-haylou-smart-watch-rs4-black-ls12\/","url_meta":{"origin":7391,"position":1},"title":"Pametni sat Haylou Smart Watch RS4 Black &#8211; LS12","date":"11. o\u017eujka 2023.","format":false,"excerpt":"Xiaomi Haylou RS4 Watch LS12 Black, boja: crna. Ekran AMOLED HD 1.78''. Metalna magnetna narukvica. Obavijesti o pozivima, porukama i od aplikacija. Pra\u0107enje sportskih aktivnosti, 12 razli\u010ditih sportskih modova. Pra\u0107enje rada srca 24 sata. Pra\u0107enje kvaliteta sna. Mjerenje nivoa kisika u krvi (SpO2). Vje\u017ebe disanja. Kontrola muzike preko sata. Trajanje\u2026","rel":"","context":"Srodne objave","img":{"alt_text":"","src":"https:\/\/i1.wp.com\/astehshop.com\/wp-content\/uploads\/2023\/03\/haylou-smart-watch-rs4-black-ls12.png?fit=800%2C800&resize=350%2C200","width":350,"height":200},"classes":[]},{"id":5611,"url":"http:\/\/astehshop.com\/index.php\/product\/haylou-solar-smartwatch-ls05\/","url_meta":{"origin":7391,"position":2},"title":"Haylou Solar SmartWatch LS05","date":"5. studenoga 2021.","format":false,"excerpt":"Haylou Solar LS05 ima jednostavan i atraktivan dizajn s\u00a0IP68 certifikatom\u00a0(otporan na vodu i pra\u0161inu) i velikim 1.28\u2033 zaslonom. Zaslon je ina\u010de vrlo visoke\u00a0240 x 240 rezolucije, te je dobro vidljiv na suncu. Ovo je zapravo idealan ure\u0111aj za one koji \u017eele pametni sat \/ narukvicu \/ fitness ure\u0111aj, ali ne\u2026","rel":"","context":"Srodne objave","img":{"alt_text":"","src":"https:\/\/i0.wp.com\/astehshop.com\/wp-content\/uploads\/2021\/11\/Haylou-Solar.jpg?fit=1000%2C1000&resize=350%2C200","width":350,"height":200},"classes":[]},{"id":7385,"url":"http:\/\/astehshop.com\/index.php\/product\/pametni-sat-haylou-smart-watch-2-ls02\/","url_meta":{"origin":7391,"position":3},"title":"Pametni sat Haylou Smart Watch 2 &#8211; LS02","date":"11. o\u017eujka 2023.","format":false,"excerpt":"- Garancija:\u00a012 mjeseci - Ekran:\u00a01.4\" - Vodootpornost:\u00a0IP68 - Sport re\u017eimi:\u00a012 Trajanje baterije: 20 dana Otpornost na pra\u0161inu i vodu: IP68 Radna temperatura: -20 \u2103 ~ 45 \u2103 Naziv aplikacije: HaylouFit","rel":"","context":"Srodne objave","img":{"alt_text":"","src":"https:\/\/i2.wp.com\/astehshop.com\/wp-content\/uploads\/2023\/03\/ls02.png?fit=800%2C800&resize=350%2C200","width":350,"height":200},"classes":[]},{"id":7403,"url":"http:\/\/astehshop.com\/index.php\/product\/pametni-sat-haylou-smart-watch-rt2-black-ls1\/","url_meta":{"origin":7391,"position":4},"title":"Pametni sat Haylou Smart Watch RT2 Black &#8211; LS1","date":"11. o\u017eujka 2023.","format":false,"excerpt":"Haylou RT2 pametni sat je napravljen za stalni pokret. Estetski je dizajniran za sport sa 2.5D zakrivljenim staklom i TFT ekranom veli\u010dine 1.32 in\u010da, stoji na ruci veoma ugodno i donosi ljepotu nje\u017enog dizajna. Inkorporirano je 12 re\u017eima za fizi\u010dku aktivnost kao \u0161to su brzo hodanje, penjanje, joga, gimnastika i\u2026","rel":"","context":"Srodne objave","img":{"alt_text":"","src":"https:\/\/i2.wp.com\/astehshop.com\/wp-content\/uploads\/2023\/03\/xiaomi-haylou-rt2-ls10-smart-watch-black.png?fit=800%2C800&resize=350%2C200","width":350,"height":200},"classes":[]},{"id":7427,"url":"http:\/\/astehshop.com\/index.php\/product\/pametni-sat-cubot-c9-black\/","url_meta":{"origin":7391,"position":5},"title":"Pametni sat CUBOT C9 black","date":"11. o\u017eujka 2023.","format":false,"excerpt":"Cubot Smart Watch C9 Crni 43mm. Ekran u boji 1.30''. Obavijesti o pozivima, porukama i od aplikacija. Pra\u0107enje sportskih aktivnosti, 10 sportskih modova. Pra\u0107enje rada srca 24 sata. Pra\u0107enje kvaliteta sna. Kontrola muzike putem sata. Trajanje baterije 7 dana. Vodootporan IP68. Magnetni punja\u010d. Garancija 12 mjeseci.","rel":"","context":"Srodne objave","img":{"alt_text":"","src":"https:\/\/i1.wp.com\/astehshop.com\/wp-content\/uploads\/2023\/03\/0109694_pametni-sat-cubot-c9-black.jpeg?fit=900%2C900&resize=350%2C200","width":350,"height":200},"classes":[]}],"_links":{"self":[{"href":"http:\/\/astehshop.com\/index.php\/wp-json\/wp\/v2\/product\/7391"}],"collection":[{"href":"http:\/\/astehshop.com\/index.php\/wp-json\/wp\/v2\/product"}],"about":[{"href":"http:\/\/astehshop.com\/index.php\/wp-json\/wp\/v2\/types\/product"}],"replies":[{"embeddable":true,"href":"http:\/\/astehshop.com\/index.php\/wp-json\/wp\/v2\/comments?post=7391"}],"wp:featuredmedia":[{"embeddable":true,"href":"http:\/\/astehshop.com\/index.php\/wp-json\/wp\/v2\/media\/7392"}],"wp:attachment":[{"href":"http:\/\/astehshop.com\/index.php\/wp-json\/wp\/v2\/media?parent=7391"}],"wp:term":[{"taxonomy":"product_cat","embeddable":true,"href":"http:\/\/astehshop.com\/index.php\/wp-json\/wp\/v2\/product_cat?post=7391"},{"taxonomy":"product_tag","embeddable":true,"href":"http:\/\/astehshop.com\/index.php\/wp-json\/wp\/v2\/product_tag?post=7391"}],"curies":[{"name":"wp","href":"https:\/\/api.w.org\/{rel}","templated":true}]}}