{"id":7388,"date":"2023-03-11T15:04:10","date_gmt":"2023-03-11T14:04:10","guid":{"rendered":"http:\/\/astehshop.com\/?post_type=product&#038;p=7388"},"modified":"2023-03-11T15:04:11","modified_gmt":"2023-03-11T14:04:11","slug":"pametni-sat-haylou-smart-watch-gs-black-ls09a","status":"publish","type":"product","link":"http:\/\/astehshop.com\/index.php\/product\/pametni-sat-haylou-smart-watch-gs-black-ls09a\/","title":{"rendered":"Pametni sat Haylou Smart Watch GS Black &#8211; LS09A"},"content":{"rendered":"<div id=\"product-description-short-1232\" class=\"product-description-short\">\n<p>Xiaomi Haylou GST Watch LS09A, boja: crna.<\/p>\n<p>Ekran u boji 1.28&#8221;.<\/p>\n<p>Obavijesti o pozivima, porukama i od aplikacija.<\/p>\n<p>Pra\u0107enje sportskih aktivnosti, 12 razli\u010ditih sportskih modova.<\/p>\n<p>Pra\u0107enje rada srca 24 sata. Pra\u0107enje kvaliteta sna.<\/p>\n<p>Mjerenje nivoa kisika u krvi (SpO2).<\/p>\n<p>Trajanje baterije do 7-20 dana.<\/p>\n<p>Vodootporan, certificiran IP68.<\/p>\n<p>Garancija 12 mjeseci.<\/p>\n<iframe  id=\"_ytid_15893\"  width=\"480\" height=\"270\"  data-origwidth=\"480\" data-origheight=\"270\"  src=\"https:\/\/www.youtube.com\/embed\/JQGMYrM7CQ4?enablejsapi=1&autoplay=0&cc_load_policy=0&cc_lang_pref=&iv_load_policy=1&loop=0&modestbranding=0&rel=1&fs=1&playsinline=0&autohide=2&theme=dark&color=red&controls=1&\" class=\"__youtube_prefs__  no-lazyload\" title=\"YouTube player\"  allow=\"autoplay; encrypted-media\" allowfullscreen data-no-lazy=\"1\" data-skipgform_ajax_framebjll=\"\"><\/iframe>\n<\/div>\n","protected":false},"excerpt":{"rendered":"<div id=\"product-description-short-1232\" class=\"product-description-short\">\n<p>Xiaomi Haylou GST Watch LS09A, boja: crna.<\/p>\n<p>Ekran u boji 1.28&#8221;.<\/p>\n<p>Obavijesti o pozivima, porukama i od aplikacija.<\/p>\n<p>Pra\u0107enje sportskih aktivnosti, 12 razli\u010ditih sportskih modova.<\/p>\n<p>Pra\u0107enje rada srca 24 sata. Pra\u0107enje kvaliteta sna.<\/p>\n<p>Mjerenje nivoa kisika u krvi (SpO2).<\/p>\n<p>Trajanje baterije do 7-20 dana.<\/p>\n<p>Vodootporan, certificiran IP68.<\/p>\n<p>Garancija 12 mjeseci.<\/p>\n[embedyt] https:\/\/www.youtube.com\/watch?v=JQGMYrM7CQ4[\/embedyt]\n<\/div>\n","protected":false},"featured_media":7389,"comment_status":"open","ping_status":"closed","template":"","meta":{"_mi_skip_tracking":false,"_exactmetrics_sitenote_active":false,"_exactmetrics_sitenote_note":"","_exactmetrics_sitenote_category":0,"spay_email":""},"product_cat":[885],"product_tag":[5182,5183,896,895],"brands":[{"id":2356,"name":"xiaomi","slug":"xiaomi"}],"df_price":89,"df_sale_price":"","df_regular_price":89,"df_image_link":"https:\/\/i1.wp.com\/astehshop.com\/wp-content\/uploads\/2023\/03\/xiaomi-haylou-ls09a-smart-watch-black.png?fit=450%2C450","jetpack_publicize_connections":[],"jetpack_sharing_enabled":true,"jetpack_likes_enabled":true,"jetpack-related-posts":[{"id":7410,"url":"http:\/\/astehshop.com\/index.php\/product\/pametni-sat-haylou-smart-watch-rs4-black-ls12\/","url_meta":{"origin":7388,"position":0},"title":"Pametni sat Haylou Smart Watch RS4 Black &#8211; LS12","date":"11. o\u017eujka 2023.","format":false,"excerpt":"Xiaomi Haylou RS4 Watch LS12 Black, boja: crna. Ekran AMOLED HD 1.78''. Metalna magnetna narukvica. Obavijesti o pozivima, porukama i od aplikacija. Pra\u0107enje sportskih aktivnosti, 12 razli\u010ditih sportskih modova. Pra\u0107enje rada srca 24 sata. Pra\u0107enje kvaliteta sna. Mjerenje nivoa kisika u krvi (SpO2). Vje\u017ebe disanja. Kontrola muzike preko sata. Trajanje\u2026","rel":"","context":"Srodne objave","img":{"alt_text":"","src":"https:\/\/i1.wp.com\/astehshop.com\/wp-content\/uploads\/2023\/03\/haylou-smart-watch-rs4-black-ls12.png?fit=800%2C800&resize=350%2C200","width":350,"height":200},"classes":[]},{"id":7427,"url":"http:\/\/astehshop.com\/index.php\/product\/pametni-sat-cubot-c9-black\/","url_meta":{"origin":7388,"position":1},"title":"Pametni sat CUBOT C9 black","date":"11. o\u017eujka 2023.","format":false,"excerpt":"Cubot Smart Watch C9 Crni 43mm. Ekran u boji 1.30''. Obavijesti o pozivima, porukama i od aplikacija. Pra\u0107enje sportskih aktivnosti, 10 sportskih modova. Pra\u0107enje rada srca 24 sata. Pra\u0107enje kvaliteta sna. Kontrola muzike putem sata. Trajanje baterije 7 dana. Vodootporan IP68. Magnetni punja\u010d. Garancija 12 mjeseci.","rel":"","context":"Srodne objave","img":{"alt_text":"","src":"https:\/\/i1.wp.com\/astehshop.com\/wp-content\/uploads\/2023\/03\/0109694_pametni-sat-cubot-c9-black.jpeg?fit=900%2C900&resize=350%2C200","width":350,"height":200},"classes":[]},{"id":7403,"url":"http:\/\/astehshop.com\/index.php\/product\/pametni-sat-haylou-smart-watch-rt2-black-ls1\/","url_meta":{"origin":7388,"position":2},"title":"Pametni sat Haylou Smart Watch RT2 Black &#8211; LS1","date":"11. o\u017eujka 2023.","format":false,"excerpt":"Haylou RT2 pametni sat je napravljen za stalni pokret. Estetski je dizajniran za sport sa 2.5D zakrivljenim staklom i TFT ekranom veli\u010dine 1.32 in\u010da, stoji na ruci veoma ugodno i donosi ljepotu nje\u017enog dizajna. Inkorporirano je 12 re\u017eima za fizi\u010dku aktivnost kao \u0161to su brzo hodanje, penjanje, joga, gimnastika i\u2026","rel":"","context":"Srodne objave","img":{"alt_text":"","src":"https:\/\/i2.wp.com\/astehshop.com\/wp-content\/uploads\/2023\/03\/xiaomi-haylou-rt2-ls10-smart-watch-black.png?fit=800%2C800&resize=350%2C200","width":350,"height":200},"classes":[]},{"id":5611,"url":"http:\/\/astehshop.com\/index.php\/product\/haylou-solar-smartwatch-ls05\/","url_meta":{"origin":7388,"position":3},"title":"Haylou Solar SmartWatch LS05","date":"5. studenoga 2021.","format":false,"excerpt":"Haylou Solar LS05 ima jednostavan i atraktivan dizajn s\u00a0IP68 certifikatom\u00a0(otporan na vodu i pra\u0161inu) i velikim 1.28\u2033 zaslonom. Zaslon je ina\u010de vrlo visoke\u00a0240 x 240 rezolucije, te je dobro vidljiv na suncu. Ovo je zapravo idealan ure\u0111aj za one koji \u017eele pametni sat \/ narukvicu \/ fitness ure\u0111aj, ali ne\u2026","rel":"","context":"Srodne objave","img":{"alt_text":"","src":"https:\/\/i0.wp.com\/astehshop.com\/wp-content\/uploads\/2021\/11\/Haylou-Solar.jpg?fit=1000%2C1000&resize=350%2C200","width":350,"height":200},"classes":[]},{"id":5609,"url":"http:\/\/astehshop.com\/index.php\/product\/xiaomi-mi-band-5-pametni-sat-smart-watch\/","url_meta":{"origin":7388,"position":4},"title":"Xiaomi Mi Band 5 pametni sat smart watch","date":"5. studenoga 2021.","format":false,"excerpt":"Mi pametna narukvica 5 je najnovija verzija iz kolekcije pametnih narukvica koja je\u00a0vodootporna\u00a0te Vam omogu\u0107ava\u00a0pra\u0107enje 11 razli\u010ditih sportova\u00a0od tr\u010danja i biciklizma pa sve do plivanja. Mi pametna narukvica 5 koristi pobolj\u0161ane i novije zna\u010dajke koje poma\u017eu da pazite na Va\u0161e zdravlje. S njom mo\u017eete lako\u00a0pratiti va\u0161e spavanje, otkucaje srca, razinu\u2026","rel":"","context":"Srodne objave","img":{"alt_text":"","src":"https:\/\/i0.wp.com\/astehshop.com\/wp-content\/uploads\/2021\/11\/Xiaomi-Mi-Band-5.jpg?fit=1143%2C1200&resize=350%2C200","width":350,"height":200},"classes":[]},{"id":7438,"url":"http:\/\/astehshop.com\/index.php\/product\/pametni-sat-blackview-r5-pink\/","url_meta":{"origin":7388,"position":5},"title":"Pametni sat Blackview R5 Pink","date":"11. o\u017eujka 2023.","format":false,"excerpt":"ZGLED: Veli\u010dina ekrana: 1,57\" Vrsta zaslona: TFT-LCD Poklopac zaslona: 3D zakrivljeno kaljeno staklo Materijal dna: Ku\u0107i\u0161te od aluminijske legure, plasti\u010dna donja \u0161koljka Materijal remena: TPU remen + metalna kop\u010da HADVER: CPU: Realtek8762DK G-senzor: Podr\u0161ka Brzinomjer: Podr\u0161ka Pra\u0107enje kisika u krvi: Podr\u0161ka Pra\u0107enje otkucaja srca: Podr\u0161ka GPS: Ne Zaslon: 1,57\" TFT-LCD\u2026","rel":"","context":"Srodne objave","img":{"alt_text":"","src":"https:\/\/i1.wp.com\/astehshop.com\/wp-content\/uploads\/2023\/03\/0107432_pametni-sat-blackview-r5-pink.jpeg?fit=900%2C900&resize=350%2C200","width":350,"height":200},"classes":[]}],"_links":{"self":[{"href":"http:\/\/astehshop.com\/index.php\/wp-json\/wp\/v2\/product\/7388"}],"collection":[{"href":"http:\/\/astehshop.com\/index.php\/wp-json\/wp\/v2\/product"}],"about":[{"href":"http:\/\/astehshop.com\/index.php\/wp-json\/wp\/v2\/types\/product"}],"replies":[{"embeddable":true,"href":"http:\/\/astehshop.com\/index.php\/wp-json\/wp\/v2\/comments?post=7388"}],"wp:featuredmedia":[{"embeddable":true,"href":"http:\/\/astehshop.com\/index.php\/wp-json\/wp\/v2\/media\/7389"}],"wp:attachment":[{"href":"http:\/\/astehshop.com\/index.php\/wp-json\/wp\/v2\/media?parent=7388"}],"wp:term":[{"taxonomy":"product_cat","embeddable":true,"href":"http:\/\/astehshop.com\/index.php\/wp-json\/wp\/v2\/product_cat?post=7388"},{"taxonomy":"product_tag","embeddable":true,"href":"http:\/\/astehshop.com\/index.php\/wp-json\/wp\/v2\/product_tag?post=7388"}],"curies":[{"name":"wp","href":"https:\/\/api.w.org\/{rel}","templated":true}]}}