{"id":7377,"date":"2023-03-11T14:37:40","date_gmt":"2023-03-11T13:37:40","guid":{"rendered":"http:\/\/astehshop.com\/?post_type=product&#038;p=7377"},"modified":"2023-03-11T14:37:41","modified_gmt":"2023-03-11T13:37:41","slug":"slusalice-bluetooth-5-0-tws-gaming-punjivo-kuciste-assault-mediatech","status":"publish","type":"product","link":"http:\/\/astehshop.com\/index.php\/product\/slusalice-bluetooth-5-0-tws-gaming-punjivo-kuciste-assault-mediatech\/","title":{"rendered":"Slu\u0161alice Bluetooth 5.0 TWS | Gaming | Punjivo Ku\u0107i\u0161te | ASSAULT | Mediatech"},"content":{"rendered":"<p>ASSAULT TWS MT3606 in-ear be\u017ei\u010dne slu\u0161alice za igrice<br \/>\nTWS in-ear be\u017ei\u010dne gaming slu\u0161alice s punja\u010dem (Powerbox).<br \/>\nUgra\u0111eni osjetljivi mikrofon. Jednostavno uparivanje i rukovanje, osvjetljenje.<\/p>\n<p>In-ear be\u017ei\u010dne TWS Bluetooth slu\u0161alice za igra\u010de<br \/>\nPredstavljamo in-ear Bluetooth 5.0 TWS slu\u0161alice s prijenosnim punja\u010dem\/power bankom.<br \/>\nASSAULT TWS MT3606 podr\u017eava TWS (True Wireless Stereo) tehnologiju &#8211; obje se slu\u0161alice povezuju jedna s drugom kako bi stvorile be\u017ei\u010dni stereo set.<br \/>\nVisoka kvaliteta zvuka \u010dine slu\u0161alice izvrsnim gadgetom za igra\u010de, ali ne samo. Slu\u0161alice mo\u017eete koristiti svakodnevno, npr. za slu\u0161anje omiljene glazbe ili podcasta.<br \/>\nPrijenosni Powerbox, osim funkcije punjenja, omogu\u0107uje sigurno spremanje slu\u0161alica u torbi, ruksaku ili d\u017eepu. Ovo inovativno rje\u0161enje idealno je za ljude koji cijene udobnost.<br \/>\nNa Powerboxu se nalaze dvije diode u boji koje slu\u0161alicama daju gaming karakter. Nakon otvaranja pojavljuje se jasan zaslon s informacijama o razini napunjenosti ure\u0111aja.<br \/>\nOslobodite ruke i slu\u0161ajte glazbu, podcaste, internetski radio dok radite, hodate, trenirate ili vozite. Ovo je savr\u0161en set za igra\u010de, fizi\u010dki aktivne ljude i vi\u0161e! ASSAULT TWS MT3606 slu\u0161alice idealno<br \/>\nsu rje\u0161enje za korisnike pametnih telefona, ra\u010dunala, prijenosnih ra\u010dunala, tableta i drugih ure\u0111aja koji podr\u017eavaju Bluetooth tehnologiju. Kompatibilni su s ve\u0107inom Android i iOS ure\u0111aja.<br \/>\nSlu\u0161alice imaju i mikrofon, zahvaljuju\u0107i kojem mo\u017eete jednostavno obavljati glasovne pozive tijekom igre (npr. na Discordu) kao i telefonske pozive.<br \/>\nSlu\u0161alice imaju funkcionalnu tipku osjetljivu na dodir koja omogu\u0107uje jednostavno rukovanje ; me\u0111u ostalim: odgovaranje na dolazne pozive, prekidanje poziva i upravljanje glasno\u0107om.<br \/>\nPojedinosti o radu potra\u017eite u korisni\u010dkom priru\u010dniku.<\/p>\n<p>Tehni\u010dke specifikacije:<\/p>\n<p>-In-Ear Bluetooth 5.0 TWS slu\u0161alice za igrice<br \/>\n-Ugra\u0111eni osjetljivi mikrofon<br \/>\n-Jednostavno uparivanje i rukovanje<br \/>\n-Bluetooth V5.0+BR+EDR su\u010delje koje \u0161tedi energiju<br \/>\n-Kompatibilan s HES\/HSP\/AVRCP\/A2DP\/SPP profilima<br \/>\n-Radi s ve\u0107inom BT su\u010delja u pametnim telefonima i mobilnim telefonima.<br \/>\n-Snaga\/frekvencija prijenosa: Klasa 2\/2,4 Ghz<br \/>\n-Domet prijenosa: do 10m<br \/>\n-Osvjetljenje<br \/>\n-Napajanje: napredna litij polimer baterija, do 3,5 sata rad s jednim punjenjem (ovisno o priklju\u010denom ure\u0111aju i razini glasno\u0107e)<br \/>\n-Punjenje slu\u0161alica: cca 1,5 sat, punjenje Powerbox baterije: cca 2 sata<br \/>\n-Magnetska kutija za napajanje s prikazom razine napunjenosti<br \/>\n-USB-C priklju\u010dak za punjenje<br \/>\n-Dimenzije: 33x17x19mm (jedna slu\u0161alica); 67x49x25mm (powerbox)<br \/>\n-Te\u017eina slu\u0161alica: 2 x 3g<br \/>\n-Te\u017eina Powerbox-a: 35g<\/p>\n","protected":false},"excerpt":{"rendered":"<p>ASSAULT TWS MT3606 in-ear be\u017ei\u010dne slu\u0161alice za igrice<br \/>\nTWS in-ear be\u017ei\u010dne gaming slu\u0161alice s punja\u010dem (Powerbox).<br \/>\nUgra\u0111eni osjetljivi mikrofon. Jednostavno uparivanje i rukovanje, osvjetljenje.<\/p>\n<p>In-ear be\u017ei\u010dne TWS Bluetooth slu\u0161alice za igra\u010de<br \/>\nPredstavljamo in-ear Bluetooth 5.0 TWS slu\u0161alice s prijenosnim punja\u010dem\/power bankom.<br \/>\nASSAULT TWS MT3606 podr\u017eava TWS (True Wireless Stereo) tehnologiju &#8211; obje se slu\u0161alice povezuju jedna s drugom kako bi stvorile be\u017ei\u010dni stereo set.<br \/>\nVisoka kvaliteta zvuka \u010dine slu\u0161alice izvrsnim gadgetom za igra\u010de, ali ne samo. Slu\u0161alice mo\u017eete koristiti svakodnevno, npr. za slu\u0161anje omiljene glazbe ili podcasta.<br \/>\nPrijenosni Powerbox, osim funkcije punjenja, omogu\u0107uje sigurno spremanje slu\u0161alica u torbi, ruksaku ili d\u017eepu. Ovo inovativno rje\u0161enje idealno je za ljude koji cijene udobnost.<br \/>\nNa Powerboxu se nalaze dvije diode u boji koje slu\u0161alicama daju gaming karakter. Nakon otvaranja pojavljuje se jasan zaslon s informacijama o razini napunjenosti ure\u0111aja.<br \/>\nOslobodite ruke i slu\u0161ajte glazbu, podcaste, internetski radio dok radite, hodate, trenirate ili vozite. Ovo je savr\u0161en set za igra\u010de, fizi\u010dki aktivne ljude i vi\u0161e! ASSAULT TWS MT3606 slu\u0161alice idealno<br \/>\nsu rje\u0161enje za korisnike pametnih telefona, ra\u010dunala, prijenosnih ra\u010dunala, tableta i drugih ure\u0111aja koji podr\u017eavaju Bluetooth tehnologiju. Kompatibilni su s ve\u0107inom Android i iOS ure\u0111aja.<br \/>\nSlu\u0161alice imaju i mikrofon, zahvaljuju\u0107i kojem mo\u017eete jednostavno obavljati glasovne pozive tijekom igre (npr. na Discordu) kao i telefonske pozive.<br \/>\nSlu\u0161alice imaju funkcionalnu tipku osjetljivu na dodir koja omogu\u0107uje jednostavno rukovanje ; me\u0111u ostalim: odgovaranje na dolazne pozive, prekidanje poziva i upravljanje glasno\u0107om.<br \/>\nPojedinosti o radu potra\u017eite u korisni\u010dkom priru\u010dniku.<\/p>\n<p>Tehni\u010dke specifikacije:<\/p>\n<p>-In-Ear Bluetooth 5.0 TWS slu\u0161alice za igrice<br \/>\n-Ugra\u0111eni osjetljivi mikrofon<br \/>\n-Jednostavno uparivanje i rukovanje<br \/>\n-Bluetooth V5.0+BR+EDR su\u010delje koje \u0161tedi energiju<br \/>\n-Kompatibilan s HES\/HSP\/AVRCP\/A2DP\/SPP profilima<br \/>\n-Radi s ve\u0107inom BT su\u010delja u pametnim telefonima i mobilnim telefonima.<br \/>\n-Snaga\/frekvencija prijenosa: Klasa 2\/2,4 Ghz<br \/>\n-Domet prijenosa: do 10m<br \/>\n-Osvjetljenje<br \/>\n-Napajanje: napredna litij polimer baterija, do 3,5 sata rad s jednim punjenjem (ovisno o priklju\u010denom ure\u0111aju i razini glasno\u0107e)<br \/>\n-Punjenje slu\u0161alica: cca 1,5 sat, punjenje Powerbox baterije: cca 2 sata<br \/>\n-Magnetska kutija za napajanje s prikazom razine napunjenosti<br \/>\n-USB-C priklju\u010dak za punjenje<br \/>\n-Dimenzije: 33x17x19mm (jedna slu\u0161alica); 67x49x25mm (powerbox)<br \/>\n-Te\u017eina slu\u0161alica: 2 x 3g<br \/>\n-Te\u017eina Powerbox-a: 35g<\/p>\n","protected":false},"featured_media":7378,"comment_status":"open","ping_status":"closed","template":"","meta":{"_mi_skip_tracking":false,"_exactmetrics_sitenote_active":false,"_exactmetrics_sitenote_note":"","_exactmetrics_sitenote_category":0,"spay_email":""},"product_cat":[788,955],"product_tag":[5172,962,2445,5171,5173],"brands":[],"df_price":45,"df_sale_price":45,"df_regular_price":49,"df_image_link":"https:\/\/i1.wp.com\/astehshop.com\/wp-content\/uploads\/2023\/03\/MT3606.jpg?fit=400%2C400","jetpack_publicize_connections":[],"jetpack_sharing_enabled":true,"jetpack_likes_enabled":true,"jetpack-related-posts":[{"id":8248,"url":"http:\/\/astehshop.com\/index.php\/product\/bluetooth-slusalice-rampage-tron\/","url_meta":{"origin":7377,"position":0},"title":"BLUETOOTH SLU\u0160ALICE RAMPAGE TRON","date":"3. rujna 2023.","format":false,"excerpt":"Bluetooth TWS slu\u0161alice za mobitel Proizvo\u0111a\u010d: Rampage Model: RM-TWS02G TRON Boja: Sive Baterija: do 4h","rel":"","context":"Srodne objave","img":{"alt_text":"","src":"https:\/\/i1.wp.com\/astehshop.com\/wp-content\/uploads\/2023\/09\/img-1693765850-32a128c2cec5.jpg?fit=1024%2C1024&resize=350%2C200","width":350,"height":200},"classes":[]},{"id":6567,"url":"http:\/\/astehshop.com\/index.php\/product\/xiaomi-haylou-gt5-tws-bluetooth-earbuds-black\/","url_meta":{"origin":7377,"position":1},"title":"Xiaomi Haylou GT5 TWS Bluetooth Earbuds Black","date":"17. studenoga 2022.","format":false,"excerpt":"Haylou GT5 Be\u017ei\u010dne slu\u0161alice imaju dugo radno vrijeme, udobnu kontrolu dodira, kao i izvrsnu kvalitetu zvuka i stabilan Bluetooth 5.0 prijenos.Moderna Bluetooth 5.0 veza omogu\u0107uje trenutni, stabilan i gotovo bez gubitaka prijenos signala. Sa Haylou GT5 \u0107ete se oprostiti od ka\u0161njenja - u\u017eivat \u0107ete u pouzdanoj vezi i izvanrednoj kvaliteti\u2026","rel":"","context":"Srodne objave","img":{"alt_text":"","src":"https:\/\/i1.wp.com\/astehshop.com\/wp-content\/uploads\/2022\/11\/xiaomi-haylou-gt5-tws-bluetooth-earbuds-black.jpg?fit=800%2C800&resize=350%2C200","width":350,"height":200},"classes":[]},{"id":6725,"url":"http:\/\/astehshop.com\/index.php\/product\/slusalice-cat-ear-stn-28-djecje-wireless-crne\/","url_meta":{"origin":7377,"position":2},"title":"Slu\u0161alice CAT EAR STN-28 dje\u010dje, wireless, crne","date":"19. studenoga 2022.","format":false,"excerpt":"Veli\u010dina zvu\u010dnika:\u00a0\u00d8 40 mm Frekvencijski odziv: 20 Hz - 20 kHz Otpor zvu\u010dnika: 32 Ohm Bluetooth verzija: 5.0 Baterija: 350 mAh, litijska Bluetooth domet: 10 metara Talk \/ Play vrijeme: 8 - 10 sati Trajanje punjenja: 2 sata Kabel za punjenje uklju\u010den u pakiranje; USB na micro","rel":"","context":"Srodne objave","img":{"alt_text":"","src":"https:\/\/i1.wp.com\/astehshop.com\/wp-content\/uploads\/2022\/11\/medium_85732941_2c763054182237b8c8cbc0ac21734bbddI4.png?fit=400%2C400&resize=350%2C200","width":350,"height":200},"classes":[]},{"id":7027,"url":"http:\/\/astehshop.com\/index.php\/product\/ovleng-gt91-gaming-slusalice-usb\/","url_meta":{"origin":7377,"position":3},"title":"OVLENG GT91 Gaming Slu\u0161alice USB","date":"8. prosinca 2022.","format":false,"excerpt":"Over-ear, \u017di\u010dane, Priklju\u010dci USB, Du\u017eina kabla: 2 m , Microphone, Frequency response range: 240 (Hz), Impedance: 32 (\u03a9), Sensitivity: 32 (dB), Distortion rate: 1 (%), Wire length: 1.8 (m), Horn diameter: 40 (\u03a6mm), PC","rel":"","context":"Srodne objave","img":{"alt_text":"","src":"https:\/\/i0.wp.com\/astehshop.com\/wp-content\/uploads\/2022\/12\/28856-OVLENG-GT91-Gaming-Headset-USB-1.jpg?fit=653%2C641&resize=350%2C200","width":350,"height":200},"classes":[]},{"id":6767,"url":"http:\/\/astehshop.com\/index.php\/product\/marvo-cm409-en-4-in-1-gaming-combo\/","url_meta":{"origin":7377,"position":4},"title":"MARVO CM409 EN 4 IN 1 Gaming Combo","date":"20. studenoga 2022.","format":false,"excerpt":"- 4 u 1 napredna igra\u010dka kombinacija - tastatura sa me\u0161ovitim bojama (Rainbov) sa pozadinskim osvetljenjem - kompaktni 104 klju\u010da - podr\u0161ka za prevrtanje sa 19 tastera, dizajn protiv prskanja - slu\u0161alice zatvorenog tipa - slu\u0161alice sa stereo igrama - 6D 3200 dpi mi\u0161 za igre","rel":"","context":"Srodne objave","img":{"alt_text":"","src":"https:\/\/i0.wp.com\/astehshop.com\/wp-content\/uploads\/2022\/11\/marvo-cm409-4-in-1-advanced-gaming-combo.jpg?fit=1006%2C964&resize=350%2C200","width":350,"height":200},"classes":[]},{"id":6565,"url":"http:\/\/astehshop.com\/index.php\/product\/slusalice-xiaomi-redmi-airdots-pro\/","url_meta":{"origin":7377,"position":5},"title":"Slusalice Xiaomi Redmi AirDots Pro","date":"17. studenoga 2022.","format":false,"excerpt":"Slusalice Xiaomi Redmi AirDots Pro","rel":"","context":"Srodne objave","img":{"alt_text":"","src":"https:\/\/i0.wp.com\/astehshop.com\/wp-content\/uploads\/2022\/11\/slusalice-xiaomi-redmi-airdots-pro.png?fit=800%2C800&resize=350%2C200","width":350,"height":200},"classes":[]}],"_links":{"self":[{"href":"http:\/\/astehshop.com\/index.php\/wp-json\/wp\/v2\/product\/7377"}],"collection":[{"href":"http:\/\/astehshop.com\/index.php\/wp-json\/wp\/v2\/product"}],"about":[{"href":"http:\/\/astehshop.com\/index.php\/wp-json\/wp\/v2\/types\/product"}],"replies":[{"embeddable":true,"href":"http:\/\/astehshop.com\/index.php\/wp-json\/wp\/v2\/comments?post=7377"}],"wp:featuredmedia":[{"embeddable":true,"href":"http:\/\/astehshop.com\/index.php\/wp-json\/wp\/v2\/media\/7378"}],"wp:attachment":[{"href":"http:\/\/astehshop.com\/index.php\/wp-json\/wp\/v2\/media?parent=7377"}],"wp:term":[{"taxonomy":"product_cat","embeddable":true,"href":"http:\/\/astehshop.com\/index.php\/wp-json\/wp\/v2\/product_cat?post=7377"},{"taxonomy":"product_tag","embeddable":true,"href":"http:\/\/astehshop.com\/index.php\/wp-json\/wp\/v2\/product_tag?post=7377"}],"curies":[{"name":"wp","href":"https:\/\/api.w.org\/{rel}","templated":true}]}}