{"id":7373,"date":"2023-03-10T20:37:28","date_gmt":"2023-03-10T19:37:28","guid":{"rendered":"http:\/\/astehshop.com\/?post_type=product&#038;p=7373"},"modified":"2023-03-10T20:37:29","modified_gmt":"2023-03-10T19:37:29","slug":"myers-pametni-smart-skriveni-modul-za-roletne-mcr-220v-500w-zbrf","status":"publish","type":"product","link":"http:\/\/astehshop.com\/index.php\/product\/myers-pametni-smart-skriveni-modul-za-roletne-mcr-220v-500w-zbrf\/","title":{"rendered":"Myers Pametni Smart skriveni modul za roletne MCR-220V\/500W ZB+RF"},"content":{"rendered":"<div class=\"tthtable\">\n<div class=\"tthrow\">\n<div class=\"cell cell-head\"><strong>Wireless Protocol:<\/strong><\/div>\n<div class=\"cell\">ZigBee 3.0<\/div>\n<\/div>\n<div class=\"tthrow\">\n<div class=\"cell cell-head\"><strong>RF frequency:<\/strong><\/div>\n<div class=\"cell\">433MHz<\/div>\n<\/div>\n<div class=\"tthrow\">\n<div class=\"cell cell-head\"><strong>Input Voltage:<\/strong><\/div>\n<div class=\"cell\">AC 90~250V, 50\/60 Hz<\/div>\n<\/div>\n<div class=\"tthrow\">\n<div class=\"cell cell-head\"><strong>Max load:<\/strong><\/div>\n<div class=\"cell\">2A<\/div>\n<\/div>\n<div class=\"tthrow\">\n<div class=\"cell cell-head\"><strong>Dimensions:<\/strong><\/div>\n<div class=\"cell\">52x47x18mm, 50g<\/div>\n<\/div>\n<div class=\"tthrow\">\n<div class=\"cell cell-head\"><strong>Operating temperature:<\/strong><\/div>\n<div class=\"cell\">-10\u00b0\u0421 ~ +40\u00b0\u0421<\/div>\n<\/div>\n<div class=\"tthrow\">\n<div class=\"cell cell-head\"><strong>Material:<\/strong><\/div>\n<div class=\"cell\">ABS flame retardant+ glass panel<\/div>\n<\/div>\n<div class=\"tthrow\">\n<div class=\"cell cell-head\"><strong>Software support:<\/strong><\/div>\n<div class=\"cell\">Partizan (iOS, Android)<\/div>\n<\/div>\n<\/div>\n","protected":false},"excerpt":{"rendered":"<div class=\"tthtable\">\n<div class=\"tthrow\">\n<div class=\"cell cell-head\"><strong>Wireless Protocol:<\/strong><\/div>\n<div class=\"cell\">ZigBee 3.0<\/div>\n<\/div>\n<div class=\"tthrow\">\n<div class=\"cell cell-head\"><strong>RF frequency:<\/strong><\/div>\n<div class=\"cell\">433MHz<\/div>\n<\/div>\n<div class=\"tthrow\">\n<div class=\"cell cell-head\"><strong>Input Voltage:<\/strong><\/div>\n<div class=\"cell\">AC 90~250V, 50\/60 Hz<\/div>\n<\/div>\n<div class=\"tthrow\">\n<div class=\"cell cell-head\"><strong>Max load:<\/strong><\/div>\n<div class=\"cell\">2A<\/div>\n<\/div>\n<div class=\"tthrow\">\n<div class=\"cell cell-head\"><strong>Dimensions:<\/strong><\/div>\n<div class=\"cell\">52x47x18mm, 50g<\/div>\n<\/div>\n<div class=\"tthrow\">\n<div class=\"cell cell-head\"><strong>Operating temperature:<\/strong><\/div>\n<div class=\"cell\">-10\u00b0\u0421 ~ +40\u00b0\u0421<\/div>\n<\/div>\n<div class=\"tthrow\">\n<div class=\"cell cell-head\"><strong>Material:<\/strong><\/div>\n<div class=\"cell\">ABS flame retardant+ glass panel<\/div>\n<\/div>\n<div class=\"tthrow\">\n<div class=\"cell cell-head\"><strong>Software support:<\/strong><\/div>\n<div class=\"cell\">Partizan (iOS, Android)<\/div>\n<\/div>\n<\/div>\n","protected":false},"featured_media":7374,"comment_status":"open","ping_status":"closed","template":"","meta":{"_mi_skip_tracking":false,"_exactmetrics_sitenote_active":false,"_exactmetrics_sitenote_note":"","_exactmetrics_sitenote_category":0,"spay_email":""},"product_cat":[3480],"product_tag":[5161,5166,5164,5159,3484,5163,5162,5165],"brands":[{"id":5157,"name":"Myers","slug":"myers"}],"df_price":"","df_sale_price":"","df_regular_price":"","df_image_link":"https:\/\/i1.wp.com\/astehshop.com\/wp-content\/uploads\/2023\/03\/MCR-220V500W.jpg?fit=450%2C450","jetpack_publicize_connections":[],"jetpack_sharing_enabled":true,"jetpack_likes_enabled":true,"jetpack-related-posts":[{"id":9036,"url":"http:\/\/astehshop.com\/index.php\/product\/sensbi-zocketi-usbc-pametna-uticnica\/","url_meta":{"origin":7373,"position":0},"title":"Sensbi ZOCKETI-USBC Pametna uti\u010dnica","date":"19. velja\u010de 2024.","format":false,"excerpt":"Pametna uti\u010dnica. Mogu\u0107nost povezivanja na Sensbi aplikaciju preko Zigbee gateway. Radi samo na 2.4GHz. Input voltage: AC 100-240V. Rated Frequency: 50\/60Hz. Max.Current: 16A. Max.Power: 3000W. Output: DC 20W Max. USB-A + USB-C: 5V\/2A Ma","rel":"","context":"Srodne objave","img":{"alt_text":"","src":"https:\/\/i2.wp.com\/astehshop.com\/wp-content\/uploads\/2024\/02\/sensbi-zocketi-usbc-pametna-uticnica_0.jpg?fit=1200%2C798&resize=350%2C200","width":350,"height":200},"classes":[]},{"id":7371,"url":"http:\/\/astehshop.com\/index.php\/product\/myers-daljinski-za-kontrolu-roletni-mrc-rf\/","url_meta":{"origin":7373,"position":1},"title":"Myers Daljinski za kontrolu roletni MRC-RF","date":"10. o\u017eujka 2023.","format":false,"excerpt":"Radna frekvencija: 433.92MHz Napon: Alkaline Battery LR23A 12V (baterije ne dolaze uz daljinski) Stadnby potro\u0161nja: 10uA Radna potro\u0161nja: \u226416mA Dimenzije : 110x36x14mm, 50g Radna temperatura : -20\u00b0\u0421 ~ +60\u00b0\u0421 Komunikacija : BLE (Bluetooth Low Energy)","rel":"","context":"Srodne objave","img":{"alt_text":"","src":"https:\/\/i0.wp.com\/astehshop.com\/wp-content\/uploads\/2023\/03\/MRC-RF.jpg?fit=1000%2C1000&resize=350%2C200","width":350,"height":200},"classes":[]},{"id":8606,"url":"http:\/\/astehshop.com\/index.php\/product\/inverter-50kw-huawei-sun2000-50ktl-m3\/","url_meta":{"origin":7373,"position":2},"title":"Inverter 50kW Huawei SUN2000-50KTL-M3","date":"11. studenoga 2023.","format":false,"excerpt":"Max. Efficiency 98.5% European Efficiency 98.0% Input Max. Input Voltage 1 1,100 V Max. Current per MPPT 30 A Max. Current per Input 20 A Max. Short Circuit Current per MPPT 40 A Start Voltage 200 V MPPT Operating Voltage Range 2 200 V ~ 1,000 V Rated Input Voltage\u2026","rel":"","context":"Srodne objave","img":{"alt_text":"","src":"https:\/\/i1.wp.com\/astehshop.com\/wp-content\/uploads\/2023\/11\/Screenshot-2023-11-11-at-12-17-18-Inverter-50kW-Huawei-SUN2000-50KTL-M3-Inverteri-Solarne-elektrane-rootCategory-Kim-Tec-Web-Shop.png?fit=470%2C366&resize=350%2C200","width":350,"height":200},"classes":[]},{"id":8994,"url":"http:\/\/astehshop.com\/index.php\/product\/sensbi-z-stripi-4n4-pametni-produzni-kabal\/","url_meta":{"origin":7373,"position":3},"title":"Sensbi Z-STRIPI-4N4 Pametni produ\u017eni kabal","date":"19. velja\u010de 2024.","format":false,"excerpt":"Pametni produ\u017eni kabal. Mogu\u0107nost povezivanja na Sensbi aplikaciju preko Zigbee gateway. Radi samo na 2.4GHz. Input 100-240V AC 50\/60Hz, Output 100-240V AC 50\/60Hz, Load ~12A.","rel":"","context":"Srodne objave","img":{"alt_text":"","src":"https:\/\/i0.wp.com\/astehshop.com\/wp-content\/uploads\/2024\/02\/sensbi-z-stripi-4n4-pametni-produzni-kabal_0.jpg?fit=1200%2C788&resize=350%2C200","width":350,"height":200},"classes":[]},{"id":7702,"url":"http:\/\/astehshop.com\/index.php\/product\/nosac-za-dahua-kamere-pfb203w\/","url_meta":{"origin":7373,"position":4},"title":"Nosa\u010d za Dahua kamere PFB203W","date":"9. svibnja 2023.","format":false,"excerpt":"Material Aluminum & SECC Dimension(WxHxD) 160mmx122mmx76mm (6.30\u201dx4.80\u201dx2.99\u201d) Weight 0.5kg(1.1lb) Load Bearing 1kg(2.2lb) Color White Operating Temperature -40\u00baC~+60\u00baC(-40\u2109~+140\u2109) Humidity <90% RH","rel":"","context":"Srodne objave","img":{"alt_text":"","src":"https:\/\/i2.wp.com\/astehshop.com\/wp-content\/uploads\/2023\/05\/PFB203W_thumb.png?fit=400%2C400&resize=350%2C200","width":350,"height":200},"classes":[]},{"id":7705,"url":"http:\/\/astehshop.com\/index.php\/product\/nosac-za-dahua-kamere-pfb204w\/","url_meta":{"origin":7373,"position":5},"title":"Nosa\u010d za Dahua kamere PFB204W","date":"9. svibnja 2023.","format":false,"excerpt":"Material Aluminum & SECC Dimension(WxHxD) 160mmx122mmx76mm (6.30\u201dx4.80\u201dx2.99\u201d) Weight 0.49kg(1.08lb) Load Bearing 1kg(2.2lb) Color White Operating Temperature -40\u00baC~+60\u00baC(-40\u2109~+140\u2109) Humidity <90% RH","rel":"","context":"Srodne objave","img":{"alt_text":"","src":"https:\/\/i0.wp.com\/astehshop.com\/wp-content\/uploads\/2023\/05\/PFB204W.png?fit=400%2C400&resize=350%2C200","width":350,"height":200},"classes":[]}],"_links":{"self":[{"href":"http:\/\/astehshop.com\/index.php\/wp-json\/wp\/v2\/product\/7373"}],"collection":[{"href":"http:\/\/astehshop.com\/index.php\/wp-json\/wp\/v2\/product"}],"about":[{"href":"http:\/\/astehshop.com\/index.php\/wp-json\/wp\/v2\/types\/product"}],"replies":[{"embeddable":true,"href":"http:\/\/astehshop.com\/index.php\/wp-json\/wp\/v2\/comments?post=7373"}],"wp:featuredmedia":[{"embeddable":true,"href":"http:\/\/astehshop.com\/index.php\/wp-json\/wp\/v2\/media\/7374"}],"wp:attachment":[{"href":"http:\/\/astehshop.com\/index.php\/wp-json\/wp\/v2\/media?parent=7373"}],"wp:term":[{"taxonomy":"product_cat","embeddable":true,"href":"http:\/\/astehshop.com\/index.php\/wp-json\/wp\/v2\/product_cat?post=7373"},{"taxonomy":"product_tag","embeddable":true,"href":"http:\/\/astehshop.com\/index.php\/wp-json\/wp\/v2\/product_tag?post=7373"}],"curies":[{"name":"wp","href":"https:\/\/api.w.org\/{rel}","templated":true}]}}