{"id":7371,"date":"2023-03-10T20:33:24","date_gmt":"2023-03-10T19:33:24","guid":{"rendered":"http:\/\/astehshop.com\/?post_type=product&#038;p=7371"},"modified":"2023-03-10T20:33:25","modified_gmt":"2023-03-10T19:33:25","slug":"myers-daljinski-za-kontrolu-roletni-mrc-rf","status":"publish","type":"product","link":"http:\/\/astehshop.com\/index.php\/product\/myers-daljinski-za-kontrolu-roletni-mrc-rf\/","title":{"rendered":"Myers Daljinski za kontrolu roletni MRC-RF"},"content":{"rendered":"<div class=\"tthtable\">\n<div class=\"tthrow\">\n<div class=\"cell cell-head\"><strong>Radna frekvencija:<\/strong><\/div>\n<div class=\"cell\">433.92MHz<\/div>\n<\/div>\n<div class=\"tthrow\">\n<div class=\"cell cell-head\"><strong>Napon:<\/strong><\/div>\n<div class=\"cell\">Alkaline Battery LR23A 12V (baterije ne dolaze uz daljinski)<\/div>\n<\/div>\n<div class=\"tthrow\">\n<div class=\"cell cell-head\"><strong>Stadnby potro\u0161nja:<\/strong><\/div>\n<div class=\"cell\">10uA<\/div>\n<\/div>\n<div class=\"tthrow\">\n<div class=\"cell cell-head\"><strong>Radna potro\u0161nja:<\/strong><\/div>\n<div class=\"cell\">\u226416mA<\/div>\n<\/div>\n<div class=\"tthrow\">\n<div class=\"cell cell-head\"><strong>Dimenzije :<\/strong><\/div>\n<div class=\"cell\">110x36x14mm, 50g<\/div>\n<\/div>\n<div class=\"tthrow\">\n<div class=\"cell cell-head\"><strong>Radna temperatura :<\/strong><\/div>\n<div class=\"cell\">-20\u00b0\u0421 ~ +60\u00b0\u0421<\/div>\n<\/div>\n<div class=\"tthrow\">\n<div class=\"cell cell-head\"><strong>Komunikacija :<\/strong><\/div>\n<div class=\"cell\">BLE (Bluetooth Low Energy)<\/div>\n<\/div>\n<\/div>\n","protected":false},"excerpt":{"rendered":"<div class=\"tthtable\">\n<div class=\"tthrow\">\n<div class=\"cell cell-head\"><strong>Radna frekvencija:<\/strong><\/div>\n<div class=\"cell\">433.92MHz<\/div>\n<\/div>\n<div class=\"tthrow\">\n<div class=\"cell cell-head\"><strong>Napon:<\/strong><\/div>\n<div class=\"cell\">Alkaline Battery LR23A 12V (baterije ne dolaze uz daljinski)<\/div>\n<\/div>\n<div class=\"tthrow\">\n<div class=\"cell cell-head\"><strong>Stadnby potro\u0161nja:<\/strong><\/div>\n<div class=\"cell\">10uA<\/div>\n<\/div>\n<div class=\"tthrow\">\n<div class=\"cell cell-head\"><strong>Radna potro\u0161nja:<\/strong><\/div>\n<div class=\"cell\">\u226416mA<\/div>\n<\/div>\n<div class=\"tthrow\">\n<div class=\"cell cell-head\"><strong>Dimenzije :<\/strong><\/div>\n<div class=\"cell\">110x36x14mm, 50g<\/div>\n<\/div>\n<div class=\"tthrow\">\n<div class=\"cell cell-head\"><strong>Radna temperatura :<\/strong><\/div>\n<div class=\"cell\">-20\u00b0\u0421 ~ +60\u00b0\u0421<\/div>\n<\/div>\n<div class=\"tthrow\">\n<div class=\"cell cell-head\"><strong>Komunikacija :<\/strong><\/div>\n<div class=\"cell\">BLE (Bluetooth Low Energy)<\/div>\n<\/div>\n<\/div>\n","protected":false},"featured_media":7372,"comment_status":"open","ping_status":"closed","template":"","meta":{"_mi_skip_tracking":false,"_exactmetrics_sitenote_active":false,"_exactmetrics_sitenote_note":"","_exactmetrics_sitenote_category":0,"spay_email":""},"product_cat":[3480],"product_tag":[5158,5159,3484,3492,5160,3483,3493,3486],"brands":[{"id":5157,"name":"Myers","slug":"myers"}],"df_price":"","df_sale_price":"","df_regular_price":"","df_image_link":"https:\/\/i0.wp.com\/astehshop.com\/wp-content\/uploads\/2023\/03\/MRC-RF.jpg?fit=450%2C450","jetpack_publicize_connections":[],"jetpack_sharing_enabled":true,"jetpack_likes_enabled":true,"jetpack-related-posts":[{"id":6632,"url":"http:\/\/astehshop.com\/index.php\/product\/power-walker-vfd-600-ups\/","url_meta":{"origin":7371,"position":0},"title":"Power Walker VFD 600 UPS","date":"17. studenoga 2022.","format":false,"excerpt":"Snaga: 600 VA \/ 300 W Ulazni napon: 170 - 280 VAC Radna frekvencija: 50 - 60 Hz Izlazni napon: 230 VAC Konektori: 2 x Schuko Baterije: 1 x 12 V \/ 7 Ah Jamstvo na bateriju: 6 mjeseci Trajanje punjenja: 10 sati za 90 % Za\u0161tita od prenapona: RJ11\u2026","rel":"","context":"Srodne objave","img":{"alt_text":"","src":"https:\/\/i1.wp.com\/astehshop.com\/wp-content\/uploads\/2022\/11\/medium_341_473462328765a492e3a9a8bb3851184dNHt.png?fit=400%2C400&resize=350%2C200","width":350,"height":200},"classes":[]},{"id":7878,"url":"http:\/\/astehshop.com\/index.php\/product\/dahua-alarmni-daljinski-ard323-w2\/","url_meta":{"origin":7371,"position":1},"title":"Dahua alarmni daljinski ARD323-W2","date":"1. lipnja 2023.","format":false,"excerpt":"Daljinski upravlja\u010d. 4 tastera (Home, Away, Disarm, and SOS). Dvobojni LED indikator. Frekvencija 868.0MHz\u2013868.6MHz. Domet do 900m na otvorenom. 2-smerna komunikacija sa AES128 enkripcijom. Frequency Hopping. Detekcija ja\u010dine signala. Sa CR2032 baterijom. Trajanje baterije do 5 godina. Upozorenje za slabu bateriju. Plasti\u010dno ku\u0107i\u0161te. Radna temperatura \u201310 \u00b0C to +55 \u00b0C.\u2026","rel":"","context":"Srodne objave","img":{"alt_text":"","src":"https:\/\/i2.wp.com\/astehshop.com\/wp-content\/uploads\/2023\/06\/dahua-ara24-w2-1.jpg?fit=1200%2C1131&resize=350%2C200","width":350,"height":200},"classes":[]},{"id":6446,"url":"http:\/\/astehshop.com\/index.php\/product\/tenda-switch-5-port-ni-gigabit-sg105\/","url_meta":{"origin":7371,"position":2},"title":"Tenda switch 5 port-ni Gigabit SG105","date":"23. listopada 2022.","format":false,"excerpt":"Portovi: 5 * 10 \/ 100 \/ 1000 Mbps auto-negotiation RJ45 portovi, auto MDI \/ MDIX Ulazni napon: AC 100 - 240 V \/ 50 - 60 Hz Izlazni napon: 5V \/ 0,6 A Potro\u0161nja u stand by na\u010dinu rada: 0,5 W Maksimalna potro\u0161nja: 2,5 W Dimenzije proizvoda: 96 x\u2026","rel":"","context":"Srodne objave","img":{"alt_text":"","src":"https:\/\/i2.wp.com\/astehshop.com\/wp-content\/uploads\/2022\/10\/7806_e66e6c7700b69ebfc4d4898c09ad4a29utN.png?fit=800%2C800&resize=350%2C200","width":350,"height":200},"classes":[]},{"id":7889,"url":"http:\/\/astehshop.com\/index.php\/product\/bezicni-panik-dahua-ard821-w2\/","url_meta":{"origin":7371,"position":3},"title":"Be\u017ei\u010dni panik Dahua ARD821-W2","date":"1. lipnja 2023.","format":false,"excerpt":"Be\u017ei\u010dni panik taster. 1 taster, LED indikator (status), 2-smerna komunikacija sa AES128 enkripcijom, Frekvencija: 868.0 MHz\u2013868.6 MHz, Frequency Hopping, Detekcija ja\u010dine signala, Domet do 1400m na otvorenom, U kompletu sa CR2032 baterijom, Trajanje baterije do 5 godine, Radna temperatura: -10 \u00b0C to +55 \u00b0C, Dimenzije: 55 mm \u00d7 36 mm\u2026","rel":"","context":"Srodne objave","img":{"alt_text":"","src":"https:\/\/i1.wp.com\/astehshop.com\/wp-content\/uploads\/2023\/06\/dahua-ard821-w2.jpg?fit=1184%2C1200&resize=350%2C200","width":350,"height":200},"classes":[]},{"id":6626,"url":"http:\/\/astehshop.com\/index.php\/product\/power-walker-vi-3000-scl-ups\/","url_meta":{"origin":7371,"position":4},"title":"Power Walker VI 3000 SCL UPS","date":"17. studenoga 2022.","format":false,"excerpt":"Snaga: 3000 VA \/ 1800 W Ulazni napon: 162 - 290 VAC Radna frekvencija: 50 - 60 Hz Izlazni napon: 230 VAC Trajanje punjenja: 6 sati za 90 % Jamstvo na bateriju: 6 mjeseci Za\u0161tita od prenapona: RJ11 Port: USB Softver: ViewPower Dimenzije: 146 x 205 x 397 mm Te\u017eina:\u2026","rel":"","context":"Srodne objave","img":{"alt_text":"","src":"https:\/\/i1.wp.com\/astehshop.com\/wp-content\/uploads\/2022\/11\/medium_349_adc4a3cb97574d3460a86764bfe63968YsB.png?fit=400%2C400&resize=350%2C200","width":350,"height":200},"classes":[]},{"id":5348,"url":"http:\/\/astehshop.com\/index.php\/product\/hikvision-unutarnja-jedinica-ds-kh8350-wte1\/","url_meta":{"origin":7371,"position":5},"title":"Hikvision unutarnja jedinica DS-KH8350-WTE1","date":"10. listopada 2021.","format":false,"excerpt":"IP LCD color monitor 7,0\u2033, Ultra slim dizajn, handsfree (bez slusalice), ekran osjetljiv na dodir, kaljeno staklo otporno na ogrebotine i o\u0161te\u0107enja, 1 mre\u017eni ulaz 10\/100 Mbps, WiFI, mogu\u0107nost povezivanja na aplikaciju Hik-Connect, napajanje 12V\/PoE, 8 alarmnih ulaza, slot za MicroSD karticu do 32GB, potro\u0161nja maksimalno 7W, radna temperatura od\u2026","rel":"","context":"Srodne objave","img":{"alt_text":"","src":"https:\/\/i0.wp.com\/astehshop.com\/wp-content\/uploads\/2021\/10\/DS\u2010KH8350\u2010WTE1.jpg?fit=1200%2C1200&resize=350%2C200","width":350,"height":200},"classes":[]}],"_links":{"self":[{"href":"http:\/\/astehshop.com\/index.php\/wp-json\/wp\/v2\/product\/7371"}],"collection":[{"href":"http:\/\/astehshop.com\/index.php\/wp-json\/wp\/v2\/product"}],"about":[{"href":"http:\/\/astehshop.com\/index.php\/wp-json\/wp\/v2\/types\/product"}],"replies":[{"embeddable":true,"href":"http:\/\/astehshop.com\/index.php\/wp-json\/wp\/v2\/comments?post=7371"}],"wp:featuredmedia":[{"embeddable":true,"href":"http:\/\/astehshop.com\/index.php\/wp-json\/wp\/v2\/media\/7372"}],"wp:attachment":[{"href":"http:\/\/astehshop.com\/index.php\/wp-json\/wp\/v2\/media?parent=7371"}],"wp:term":[{"taxonomy":"product_cat","embeddable":true,"href":"http:\/\/astehshop.com\/index.php\/wp-json\/wp\/v2\/product_cat?post=7371"},{"taxonomy":"product_tag","embeddable":true,"href":"http:\/\/astehshop.com\/index.php\/wp-json\/wp\/v2\/product_tag?post=7371"}],"curies":[{"name":"wp","href":"https:\/\/api.w.org\/{rel}","templated":true}]}}