{"id":7298,"date":"2023-03-08T20:06:02","date_gmt":"2023-03-08T19:06:02","guid":{"rendered":"http:\/\/astehshop.com\/?post_type=product&#038;p=7298"},"modified":"2023-03-08T20:06:03","modified_gmt":"2023-03-08T19:06:03","slug":"monitor-aoc-gaming-25g3zm-25-240hz-0-5ms","status":"publish","type":"product","link":"http:\/\/astehshop.com\/index.php\/product\/monitor-aoc-gaming-25g3zm-25-240hz-0-5ms\/","title":{"rendered":"MONITOR AOC GAMING 25G3ZM 25\u201d 240Hz 0.5ms"},"content":{"rendered":"<h1 class=\"sm:pt-lg pt-xl section-title\">Detaljni opis<\/h1>\n<div class=\"sm:p-md central-inner sm:pb-lg pb-xl ql-editor\">\n<p><strong>MONITOR AOC GAMING 25G3ZM <\/strong><\/p>\n<ul>\n<li><strong>24.5\u201d 240Hz\u00a0 VA, 1920&#215;1080, <\/strong><\/li>\n<li><strong>0.5ms, 3000:1, 178\/178, <\/strong><\/li>\n<li><strong>Adaptive Sync, <\/strong><\/li>\n<li><strong>HDMI, DP, <\/strong><\/li>\n<li><strong>3-sided frameless, <\/strong><\/li>\n<li><strong>Full Ergo, <\/strong><\/li>\n<li><strong>G-Menu, Black-Red, <\/strong><\/li>\n<li><strong>36 mjeseci garancija<\/strong><\/li>\n<\/ul>\n<p>&nbsp;<\/p>\n<p><strong>Za sve dodatne informacije mozete nas kontaktirati na OLX poruke, 065824333 ili Viber<\/strong><\/p>\n<p><strong>\u00a0<\/strong><\/p>\n<p><strong>\u00a0NUDIMO KUPOVINU NOVE ROBE NA RATE:<\/strong><\/p>\n<p><strong>-DO 18 RATA PREKO MIKROFIN KREDITNA ORGANIZACIJA<\/strong><\/p>\n<p><strong>-DO 12 RATA PREKO \u0160OPING KARTICE UNICREDIT BANK<\/strong><\/p>\n<p><strong>\u00a0<\/strong><\/p>\n<p><strong>Trgovinska Radnja<\/strong><br \/>\n<strong>TECHNO SHOP BN<\/strong><br \/>\n<strong>Nikole Tesle 31a, Bijeljina<\/strong><br \/>\n<strong>(izme\u0111u Moja Apoteka i picerije Park Ne\u0161kovi\u0107)<\/strong><br \/>\n<strong>055\/422-599<\/strong><br \/>\n<strong>065\/824-333<\/strong><br \/>\n<strong>066\/123-234<\/strong><br \/>\n<strong>Radnim danima 09-19h<\/strong><br \/>\n<strong>Subotom 09-16h<\/strong><\/p>\n<p><strong>www.technoshopbn.com<\/strong><\/p>\n<p><strong>info@technoshopbn.com<\/strong><\/p>\n<\/div>\n","protected":false},"excerpt":{"rendered":"<p><strong>MONITOR AOC GAMING 25G3ZM <\/strong><\/p>\n<ul>\n<li><strong>24.5\u201d 240Hz\u00a0 VA, 1920&#215;1080, <\/strong><\/li>\n<li><strong>0.5ms, 3000:1, 178\/178, <\/strong><\/li>\n<li><strong>Adaptive Sync, <\/strong><\/li>\n<li><strong>HDMI, DP, <\/strong><\/li>\n<li><strong>3-sided frameless, <\/strong><\/li>\n<li><strong>Full Ergo, <\/strong><\/li>\n<li><strong>G-Menu, Black-Red, <\/strong><\/li>\n<li><strong>36 mjeseci garancija<\/strong><\/li>\n<\/ul>\n","protected":false},"featured_media":7299,"comment_status":"open","ping_status":"closed","template":"","meta":{"_mi_skip_tracking":false,"_exactmetrics_sitenote_active":false,"_exactmetrics_sitenote_note":"","_exactmetrics_sitenote_category":0,"spay_email":""},"product_cat":[15,1089],"product_tag":[],"brands":[{"id":5145,"name":"AOC","slug":"aoc"}],"df_price":419,"df_sale_price":"","df_regular_price":419,"df_image_link":"https:\/\/i1.wp.com\/astehshop.com\/wp-content\/uploads\/2023\/03\/slika-1854472-63e15042b2c8c-velika.jpg?fit=450%2C450","jetpack_publicize_connections":[],"jetpack_sharing_enabled":true,"jetpack_likes_enabled":true,"jetpack-related-posts":[{"id":11343,"url":"http:\/\/astehshop.com\/index.php\/product\/gaming-monitor-zakrivljen-32-samsung-odyssey-g6-qhd-240hz\/","url_meta":{"origin":7298,"position":0},"title":"GAMING MONITOR ZAKRIVLJEN 32&#8243; SAMSUNG Odyssey G6 QHD 240Hz","date":"23. srpnja 2025.","format":false,"excerpt":"Ekran:\u00a032\", VA panel Rezolucija:\u00a02560 \u00d7 1440 (QHD) Osvjetljenje:\u00a0350 cd\/m\u00b2 Vrijeme odziva:\u00a01 ms Osvje\u017eenje:\u00a0240 Hz Tehnologije prikaza:\u00a0AMD FreeSync Premium Pro, NVIDIA G-SYNC Be\u017ei\u010dne funkcije:\u00a0Wireless LAN (WiFi 5), Bluetooth (BT 5.2) Priklju\u010dci:\u00a02 \u00d7 HDMI 2.1, 1 \u00d7 DisplayPort, 2 \u00d7 USB 3.0 Zvu\u010dnici:\u00a0Ugra\u0111eni sa Adaptive Sound tehnologijom","rel":"","context":"Srodne objave","img":{"alt_text":"","src":"https:\/\/i2.wp.com\/astehshop.com\/wp-content\/uploads\/2025\/07\/35356-32-SAMSUNG-Odyssey-LS32BG650EUXEN-G65B-QHD-240Hz-Gaming-Curved-Display-2.webp?fit=450%2C450&resize=350%2C200","width":350,"height":200},"classes":[]},{"id":7318,"url":"http:\/\/astehshop.com\/index.php\/product\/monitor-dell-zakrivljeni-24-gaming-1ms-165-hz\/","url_meta":{"origin":7298,"position":1},"title":"MONITOR DELL ZAKRIVLJENI 24&#8243; Gaming 1ms 165 Hz","date":"8. o\u017eujka 2023.","format":false,"excerpt":"Po mi\u0161ljenju mnogih recenzenata trenutno najbolji 24\" gaming monitor\u00a0 \u00a0 MONITOR DELL S2422HG 23.8\", Gaming LED. ZAKRIVLJEN 1ms. 1920x1080, 16:9, TN, 1000:1, 165 Hz, 350 Cd\/M2, VESA, DisplayPort, HDMI, USB, Garancija 36 mjeseci","rel":"","context":"Srodne objave","img":{"alt_text":"","src":"https:\/\/i0.wp.com\/astehshop.com\/wp-content\/uploads\/2023\/03\/slika-1854472-61fb8d69c2bda-velika.jpg?fit=800%2C620&resize=350%2C200","width":350,"height":200},"classes":[]},{"id":10258,"url":"http:\/\/astehshop.com\/index.php\/product\/aoc-24g15n2-180hz-gaming-monitor-180hz\/","url_meta":{"origin":7298,"position":2},"title":"AOC 24G15N2 180Hz Gaming MONITOR 180HZ","date":"13. travnja 2025.","format":false,"excerpt":"AOC 24G15N2 180Hz Gaming MONITOR 180HZ Veli\u010dina ekrana: 23.8\", VA, Rezolucija: 1920x1080, Osvjetljenje: 250cd\/m2, Vrijeme odziva: 1ms, Osvje\u017eenje: 180Hz, Priklju\u010dci: HDMI 2.0, DisplayPort 1.4","rel":"","context":"Srodne objave","img":{"alt_text":"","src":"https:\/\/i2.wp.com\/astehshop.com\/wp-content\/uploads\/2025\/04\/img-1744454185-e328b97499a0.jpg?fit=775%2C800&resize=350%2C200","width":350,"height":200},"classes":[]},{"id":11268,"url":"http:\/\/astehshop.com\/index.php\/product\/gaming-monitor-27-aoc-q27g4x-qhd-180hz\/","url_meta":{"origin":7298,"position":3},"title":"GAMING MONITOR 27&#8243; AOC Q27G4X QHD 180Hz","date":"21. srpnja 2025.","format":false,"excerpt":"Veli\u010dina ekrana:\u00a027\" Tip panela:\u00a0IPS Rezolucija:\u00a02560\u00d71440 (QHD) Osvjetljenje:\u00a0400 cd\/m\u00b2 Vrijeme odziva:\u00a01 ms Brzina osvje\u017eenja:\u00a0180 Hz Tehnologija:\u00a0Adaptive Sync Priklju\u010dci:\u00a02\u00d7HDMI 2.0, DisplayPort 1.4","rel":"","context":"Srodne objave","img":{"alt_text":"","src":"https:\/\/i2.wp.com\/astehshop.com\/wp-content\/uploads\/2025\/07\/36298-27-AOC-Q27G4X-QHD-180Hz-Gaming-Display-2.webp?fit=450%2C450&resize=350%2C200","width":350,"height":200},"classes":[]},{"id":11251,"url":"http:\/\/astehshop.com\/index.php\/product\/gaming-monitor-zakrivljen-27-aoc-cq27g4x-qhd-180hz\/","url_meta":{"origin":7298,"position":4},"title":"GAMING MONITOR ZAKRIVLJEN 27&#8243; AOC CQ27G4X QHD 180Hz","date":"21. srpnja 2025.","format":false,"excerpt":"Veli\u010dina ekrana:\u00a027\" Tip panela:\u00a0VA Rezolucija:\u00a02560\u00d71440 (QHD) Osvjetljenje:\u00a0300 cd\/m\u00b2 Vrijeme odziva:\u00a01 ms Brzina osvje\u017eenja:\u00a0180 Hz Tehnologija:\u00a0Adaptive Sync Priklju\u010dci:\u00a02\u00d7HDMI 2.0, DisplayPort 1.4","rel":"","context":"Srodne objave","img":{"alt_text":"","src":"https:\/\/i2.wp.com\/astehshop.com\/wp-content\/uploads\/2025\/07\/37992-27-AOC-CQ27G4X-QHD-Curved-180Hz-Gaming-Display-1.webp?fit=450%2C450&resize=350%2C200","width":350,"height":200},"classes":[]},{"id":11253,"url":"http:\/\/astehshop.com\/index.php\/product\/gaming-monitor-zakrivljen-27-asus-tuf-vg27vqm-240hz\/","url_meta":{"origin":7298,"position":5},"title":"GAMING MONITOR ZAKRIVLJEN 27&#8243; ASUS TUF VG27VQM 240Hz","date":"21. srpnja 2025.","format":false,"excerpt":"Veli\u010dina ekrana:\u00a027\" Tip panela:\u00a0VA Rezolucija:\u00a01920\u00d71080 (Full HD) Osvjetljenje:\u00a0350 cd\/m\u00b2 Vrijeme odziva:\u00a01 ms Brzina osvje\u017eenja:\u00a0240 Hz Priklju\u010dci:\u00a02\u00d7HDMI 2.0, DisplayPort, 2\u00d7USB 3.2 Zvu\u010dnici:\u00a02\u00d72W","rel":"","context":"Srodne objave","img":{"alt_text":"","src":"https:\/\/i2.wp.com\/astehshop.com\/wp-content\/uploads\/2025\/07\/38763-27-ASUS-TUF-Gaming-VG27VQM-240Hz-Curved-Display-2.webp?fit=450%2C450&resize=350%2C200","width":350,"height":200},"classes":[]}],"_links":{"self":[{"href":"http:\/\/astehshop.com\/index.php\/wp-json\/wp\/v2\/product\/7298"}],"collection":[{"href":"http:\/\/astehshop.com\/index.php\/wp-json\/wp\/v2\/product"}],"about":[{"href":"http:\/\/astehshop.com\/index.php\/wp-json\/wp\/v2\/types\/product"}],"replies":[{"embeddable":true,"href":"http:\/\/astehshop.com\/index.php\/wp-json\/wp\/v2\/comments?post=7298"}],"wp:featuredmedia":[{"embeddable":true,"href":"http:\/\/astehshop.com\/index.php\/wp-json\/wp\/v2\/media\/7299"}],"wp:attachment":[{"href":"http:\/\/astehshop.com\/index.php\/wp-json\/wp\/v2\/media?parent=7298"}],"wp:term":[{"taxonomy":"product_cat","embeddable":true,"href":"http:\/\/astehshop.com\/index.php\/wp-json\/wp\/v2\/product_cat?post=7298"},{"taxonomy":"product_tag","embeddable":true,"href":"http:\/\/astehshop.com\/index.php\/wp-json\/wp\/v2\/product_tag?post=7298"}],"curies":[{"name":"wp","href":"https:\/\/api.w.org\/{rel}","templated":true}]}}