{"id":7234,"date":"2023-02-15T16:18:39","date_gmt":"2023-02-15T15:18:39","guid":{"rendered":"http:\/\/astehshop.com\/?post_type=product&#038;p=7234"},"modified":"2023-02-15T16:18:40","modified_gmt":"2023-02-15T15:18:40","slug":"smart-wi-fi-komplet-sa-dvije-akumulatorske-kamere-i-baznom-stanicom-cs-bc1-b2","status":"publish","type":"product","link":"http:\/\/astehshop.com\/index.php\/product\/smart-wi-fi-komplet-sa-dvije-akumulatorske-kamere-i-baznom-stanicom-cs-bc1-b2\/","title":{"rendered":"Smart Wi-Fi komplet sa dvije akumulatorske kamere i baznom stanicom CS-BC1-B2"},"content":{"rendered":"<p>\u2022 Smart Wi-Fi komplet sa dvije akumulatorske kamere<br \/>\ni baznom stanicom<br \/>\n\u2022 Rezolucija 2 Mpix(1920\u00d71080)<br \/>\n\u2022 Objektiv: 2,8mm<br \/>\n\u2022 IR domet 10m<br \/>\n\u2022 Za\u0161tita ku\u0107i\u0161ta IP66<br \/>\n\u2022 Dodatne funkcije: detekcija pokreta, prilago\u0111ena<br \/>\nglasovna upozorenja, dvosmjerna audio komunikacija<br \/>\n\u2022 H.265<br \/>\n\u2022 MicroSD 256GB u baznoj stanici<br \/>\n\u2022 5VDC\/1A, 5W \/ baterija 12900 mAh litijeva,<br \/>\n12VDC\/1A, 12W bazna stanica<\/p>\n<iframe  id=\"_ytid_96276\"  width=\"480\" height=\"270\"  data-origwidth=\"480\" data-origheight=\"270\"  src=\"https:\/\/www.youtube.com\/embed\/B8YPl3We5GU?enablejsapi=1&autoplay=0&cc_load_policy=0&cc_lang_pref=&iv_load_policy=1&loop=0&modestbranding=0&rel=1&fs=1&playsinline=0&autohide=2&theme=dark&color=red&controls=1&\" class=\"__youtube_prefs__  no-lazyload\" title=\"YouTube player\"  allow=\"autoplay; encrypted-media\" allowfullscreen data-no-lazy=\"1\" data-skipgform_ajax_framebjll=\"\"><\/iframe>\n","protected":false},"excerpt":{"rendered":"<p>\u2022 Smart Wi-Fi komplet sa dvije akumulatorske kamere<br \/>\ni baznom stanicom<br \/>\n\u2022 Rezolucija 2 Mpix(1920\u00d71080)<br \/>\n\u2022 Objektiv: 2,8mm<br \/>\n\u2022 IR domet 10m<br \/>\n\u2022 Za\u0161tita ku\u0107i\u0161ta IP66<br \/>\n\u2022 Dodatne funkcije: detekcija pokreta, prilago\u0111ena<br \/>\nglasovna upozorenja, dvosmjerna audio komunikacija<br \/>\n\u2022 H.265<br \/>\n\u2022 MicroSD 256GB u baznoj stanici<br \/>\n\u2022 5VDC\/1A, 5W \/ baterija 12900 mAh litijeva,<br \/>\n12VDC\/1A, 12W bazna stanica<\/p>\n[embedyt] https:\/\/www.youtube.com\/watch?v=B8YPl3We5GU[\/embedyt]\n","protected":false},"featured_media":7235,"comment_status":"open","ping_status":"closed","template":"","meta":{"_mi_skip_tracking":false,"_exactmetrics_sitenote_active":false,"_exactmetrics_sitenote_note":"","_exactmetrics_sitenote_category":0,"spay_email":""},"product_cat":[135],"product_tag":[5112,5114,5113],"brands":[{"id":2044,"name":"HikVision","slug":"hikvision"}],"df_price":759,"df_sale_price":"","df_regular_price":759,"df_image_link":"https:\/\/i2.wp.com\/astehshop.com\/wp-content\/uploads\/2023\/02\/0004782_cs-bc1-b2_700.jpeg?fit=450%2C450","jetpack_publicize_connections":[],"jetpack_sharing_enabled":true,"jetpack_likes_enabled":true,"jetpack-related-posts":[{"id":7226,"url":"http:\/\/astehshop.com\/index.php\/product\/hikvision-ezviz-wifi-kamera-3-mp-vanjska-cs-h3\/","url_meta":{"origin":7234,"position":0},"title":"HikVision ezviz wifi kamera 3 MP vanjska CS-H3","date":"15. velja\u010de 2023.","format":false,"excerpt":"\u2022 Outdoor Smart kamera \u2022 Rezolucija 3 Mpix(2304 \u00d7 1296) \u2022 Objektivi: 2,8mm, 4mm \u2022 0.01 lux @ (F2.0, AGC ON), 0 Lux with IR \u2022 IR domet 30m \u2022 Za\u0161tita ku\u0107i\u0161ta IP67 \u2022 Dodatne funkcije: prepoznavanje ljudi\/vozila, detekcija pokreta, ozna\u010davanje zone detekcije, prilago\u0111ena glasovna upozorenja, dvosmjerna audio komunikacija \u2022\u2026","rel":"","context":"Srodne objave","img":{"alt_text":"","src":"https:\/\/i1.wp.com\/astehshop.com\/wp-content\/uploads\/2023\/02\/63b3ecf31d363-202301031053.png?fit=600%2C600&resize=350%2C200","width":350,"height":200},"classes":[]},{"id":7228,"url":"http:\/\/astehshop.com\/index.php\/product\/hikvision-ezviz-wifi-baterijska-roto-kamera-cs-hb8-r100-2c4wdl\/","url_meta":{"origin":7234,"position":1},"title":"HikVision ezviz wifi baterijska roto kamera CS-HB8-R100-2C4WDL","date":"15. velja\u010de 2023.","format":false,"excerpt":"\u2022 Outdoor Smart Pan & Tilt kamera na bateriju \u2022 Rezolucija 4 Mpix(2560 \u00d7 1440) \u2022 Objektivi: 2,8mm, 4mm \u2022 0.01 Lux @ (F1.6, AGC ON),0 Lux with IR \u2022 IR domet 15m \u2022 Vodotproran dizajn ku\u0107i\u0161ta \u2022 Dodatne funkcije: prepoznavanje ljudi, detekcija pokreta, pametno pra\u0107enje, prilago\u0111ena glasovna upozorenja, dvosmjerna\u2026","rel":"","context":"Srodne objave","img":{"alt_text":"","src":"https:\/\/i1.wp.com\/astehshop.com\/wp-content\/uploads\/2023\/02\/CS-HB8-R100-2C4WDL.jpg?fit=800%2C800&resize=350%2C200","width":350,"height":200},"classes":[]},{"id":7218,"url":"http:\/\/astehshop.com\/index.php\/product\/ezviz-hikvision-wifi-kamera-cs-c1c-e0-1e2w\/","url_meta":{"origin":7234,"position":2},"title":"Ezviz HikVision WiFi kamera CS-C1C-E0-1E2W","date":"15. velja\u010de 2023.","format":false,"excerpt":"\u2022 Smart Home kamera \u2022 Rezolucija 2 Mpix(1920\u00d71080) \u2022 Objektiv: 2,8mm \u2022 0.5 Lux @(F2.2, AGC ON), 0 Lux with IR \u2022 IR domet 12 m \u2022 Dodatne funkcije: detekcija pokreta, dvosmjerna audio komunikacija \u2022 H.265 \u2022 Podr\u017eava 2.4 GHz WiFi \u2022 Podr\u017eava MicroSD kartice, do 256 GB \u2022 Napajanje\u2026","rel":"","context":"Srodne objave","img":{"alt_text":"","src":"https:\/\/i2.wp.com\/astehshop.com\/wp-content\/uploads\/2023\/02\/CS-C1C-E0-1E2WF-1.png?fit=1080%2C1080&resize=350%2C200","width":350,"height":200},"classes":[]},{"id":7230,"url":"http:\/\/astehshop.com\/index.php\/product\/hikvision-samostalna-kamera-na-baterije-cs-bc1c-a0-2c4wpbdl\/","url_meta":{"origin":7234,"position":3},"title":"HikVision samostalna kamera na baterije CS-BC1C-A0-2C4WPBDL","date":"15. velja\u010de 2023.","format":false,"excerpt":"Samostalna Smart Home kamera na bateriju \u2022 Rezolucija 2 K+ (2560 \u00d7 1440) \u2022 Objektivi: 2,8mm, 4mm \u2022 0.01 Lux @ (F1.6, AGC ON),0 Lux with IR \u2022 IR domet 10m \u2022 Za\u0161tita ku\u0107i\u0161ta IP66 \u2022 Dodatne funkcije: prepoznavanje ljudi, pametno pra\u0107enje, prilago\u0111ena glasovna upozorenja, dvosmjerna audio komunikacija \u2022 H.265\u2026","rel":"","context":"Srodne objave","img":{"alt_text":"","src":"https:\/\/i0.wp.com\/astehshop.com\/wp-content\/uploads\/2023\/02\/CS-BC1C-A0-2C4WPBDL.jpg?fit=1200%2C1200&resize=350%2C200","width":350,"height":200},"classes":[]},{"id":7224,"url":"http:\/\/astehshop.com\/index.php\/product\/hikvision-ezviz-vanjska-wifi-kamera-cs-c3n-a0-3g2wfl1\/","url_meta":{"origin":7234,"position":4},"title":"HikVision ezviz vanjska wifi kamera CS-C3N-A0-3G2WFL1","date":"15. velja\u010de 2023.","format":false,"excerpt":"\u2022 Ooutdoor Smart kamera \u2022 Rezolucija 2 Mpix(1920\u00d71080) \u2022 Objektivi: 2,8mm, 4mm \u2022 No\u0107no snimanje u boji \u2022 Za\u0161tita ku\u0107i\u0161ta IP67 \u2022 Dodatne funkcije: prepoznavanje ljudi \u2022 H.265 \u2022 Podr\u017eava 2.4 GHz WiFi \u2022 Podr\u017eava MicroSD kartice, do 256 GB \u2022 Napajanje DC 12V \/ 1A","rel":"","context":"Srodne objave","img":{"alt_text":"","src":"https:\/\/i1.wp.com\/astehshop.com\/wp-content\/uploads\/2023\/02\/cs-c3n-a0-3g2wfl1-camara-wifi-para-exteriores-c3n-1080p-con-vision-a-colores-de-noche.jpg?fit=1050%2C1200&resize=350%2C200","width":350,"height":200},"classes":[]},{"id":8306,"url":"http:\/\/astehshop.com\/index.php\/product\/dahua-imou-ipc-l26p-sa-reflektorima\/","url_meta":{"origin":7234,"position":5},"title":"Dahua Imou IPC-L26P sa reflektorima","date":"19. listopada 2023.","format":false,"excerpt":"IPC-L26P Wi Fi kamera sa reflektorom 1\/2.7\u201d 2 Megapixel progressive CMOS senzor, WI-FI sa dvije antene, IR dometa do 10m, H.265&H.264, fiksni objektiv 2.8mm, dvosmjerna komunikacija, integrisan mikrofon, zvu\u010dnik i sirena 110dB, 2 reflektora sa tri re\u017eima aktivacije (ru\u010dno\/PIR\/od sumraka do zore), Motion Detection, PIR detekcija, Alarm notifikacija. Napajanje 240VAC\/40W,\u2026","rel":"","context":"Srodne objave","img":{"alt_text":"","src":"https:\/\/i2.wp.com\/astehshop.com\/wp-content\/uploads\/2023\/10\/ipc-l26p-imou_3.jpg?fit=1000%2C1000&resize=350%2C200","width":350,"height":200},"classes":[]}],"_links":{"self":[{"href":"http:\/\/astehshop.com\/index.php\/wp-json\/wp\/v2\/product\/7234"}],"collection":[{"href":"http:\/\/astehshop.com\/index.php\/wp-json\/wp\/v2\/product"}],"about":[{"href":"http:\/\/astehshop.com\/index.php\/wp-json\/wp\/v2\/types\/product"}],"replies":[{"embeddable":true,"href":"http:\/\/astehshop.com\/index.php\/wp-json\/wp\/v2\/comments?post=7234"}],"wp:featuredmedia":[{"embeddable":true,"href":"http:\/\/astehshop.com\/index.php\/wp-json\/wp\/v2\/media\/7235"}],"wp:attachment":[{"href":"http:\/\/astehshop.com\/index.php\/wp-json\/wp\/v2\/media?parent=7234"}],"wp:term":[{"taxonomy":"product_cat","embeddable":true,"href":"http:\/\/astehshop.com\/index.php\/wp-json\/wp\/v2\/product_cat?post=7234"},{"taxonomy":"product_tag","embeddable":true,"href":"http:\/\/astehshop.com\/index.php\/wp-json\/wp\/v2\/product_tag?post=7234"}],"curies":[{"name":"wp","href":"https:\/\/api.w.org\/{rel}","templated":true}]}}