{"id":7232,"date":"2023-02-15T16:13:54","date_gmt":"2023-02-15T15:13:54","guid":{"rendered":"http:\/\/astehshop.com\/?post_type=product&#038;p=7232"},"modified":"2025-09-17T21:14:55","modified_gmt":"2025-09-17T19:14:55","slug":"solarni-panel-za-ezviz-hikvision-kamere-cs-cmt-solar-panel","status":"publish","type":"product","link":"http:\/\/astehshop.com\/index.php\/product\/solarni-panel-za-ezviz-hikvision-kamere-cs-cmt-solar-panel\/","title":{"rendered":"Solarni panel za Ezviz HikVision kamere CS-CMT-Solar Panel"},"content":{"rendered":"<p>\u2022 Smart Home solarni panel visoke efikasnosti,<br \/>\nod 4,2W\/700mA<br \/>\n\u2022 Monokristalna solarna \u0107elija<br \/>\n\u2022 Efikasnost solarne \u0107elije 21,6%<br \/>\n\u2022 Za\u0161tita ku\u0107i\u0161ta IP65<br \/>\n\u2022 Napajanje 6 VDC, baterija 700mA 4,2W<br \/>\n\u2022 U pakiranju kabel du\u017eine 4 m<\/p>\n","protected":false},"excerpt":{"rendered":"<p>\u2022 Smart Home solarni panel visoke efikasnosti,<br \/>\nod 4,2W\/700mA<br \/>\n\u2022 Monokristalna solarna \u0107elija<br \/>\n\u2022 Efikasnost solarne \u0107elije 21,6%<br \/>\n\u2022 Za\u0161tita ku\u0107i\u0161ta IP65<br \/>\n\u2022 Napajanje 6 VDC, baterija 700mA 4,2W<br \/>\n\u2022 U pakiranju kabel du\u017eine 4 m<\/p>\n","protected":false},"featured_media":7233,"comment_status":"open","ping_status":"closed","template":"","meta":{"_mi_skip_tracking":false,"_exactmetrics_sitenote_active":false,"_exactmetrics_sitenote_note":"","_exactmetrics_sitenote_category":0,"spay_email":""},"product_cat":[135],"product_tag":[5110,5111],"brands":[{"id":2044,"name":"HikVision","slug":"hikvision"}],"df_price":"","df_sale_price":"","df_regular_price":"","df_image_link":"https:\/\/i2.wp.com\/astehshop.com\/wp-content\/uploads\/2023\/02\/0004769_cs-cmt-solar-panel-d.jpeg?fit=424%2C450","jetpack_publicize_connections":[],"jetpack_sharing_enabled":true,"jetpack_likes_enabled":true,"jetpack-related-posts":[{"id":8604,"url":"http:\/\/astehshop.com\/index.php\/product\/solarni-panel-545-w\/","url_meta":{"origin":7232,"position":0},"title":"Solarni panel 545 W","date":"11. studenoga 2023.","format":false,"excerpt":"Solarni paneli Snaga 545\u00a0W Tip \u0107elija Mono U\u010dinkovitost modula 20.9\u00a0% Te\u017eina 29\u00a0kg \u0160irina 1096\u00a0mm Visina 2384\u00a0mm Debljina 35\u00a0mm","rel":"","context":"Srodne objave","img":{"alt_text":"","src":"https:\/\/i1.wp.com\/astehshop.com\/wp-content\/uploads\/2023\/11\/Screenshot-2023-11-11-at-12-12-33-Risen-RSM110-8-545M-Solarni-paneli-Solarne-elektrane-rootCategory-Kim-Tec-Web-Shop.png?fit=438%2C381&resize=350%2C200","width":350,"height":200},"classes":[]},{"id":8601,"url":"http:\/\/astehshop.com\/index.php\/product\/solarna-ploca-375-w\/","url_meta":{"origin":7232,"position":1},"title":"Solarna plo\u010da 375 W","date":"11. studenoga 2023.","format":false,"excerpt":"Snaga 375\u00a0W Tip \u0107elija Mono U\u010dinkovitost modula 22.3\u00a0% Te\u017eina 19.5\u00a0kg \u0160irina 1038\u00a0mm Visina 1755\u00a0mm Debljina 35\u00a0mm","rel":"","context":"Srodne objave","img":{"alt_text":"","src":"https:\/\/i1.wp.com\/astehshop.com\/wp-content\/uploads\/2023\/11\/Screenshot-2023-11-11-at-12-10-58-YINGLI-SOLAR-MODULE-YL375D-Solarni-paneli-Solarne-elektrane-rootCategory-Kim-Tec-Web-Shop.png?fit=433%2C483&resize=350%2C200","width":350,"height":200},"classes":[]},{"id":8041,"url":"http:\/\/astehshop.com\/index.php\/product\/solarni-panel-300w\/","url_meta":{"origin":7232,"position":2},"title":"SOLARNI PANEL 300W","date":"13. kolovoza 2023.","format":false,"excerpt":"SOLARNI PANEL 300W","rel":"","context":"Srodne objave","img":{"alt_text":"","src":"https:\/\/i1.wp.com\/astehshop.com\/wp-content\/uploads\/2023\/08\/solarni-panel.jpg?fit=667%2C696&resize=350%2C200","width":350,"height":200},"classes":[]},{"id":8033,"url":"http:\/\/astehshop.com\/index.php\/product\/solarni-panel-50w\/","url_meta":{"origin":7232,"position":3},"title":"SOLARNI PANEL 50W","date":"13. kolovoza 2023.","format":false,"excerpt":"SOLARNI PANEL 50W\u00a0 (70cm X 54cm)","rel":"","context":"Srodne objave","img":{"alt_text":"","src":"https:\/\/i1.wp.com\/astehshop.com\/wp-content\/uploads\/2023\/08\/solarni-panel.jpg?fit=667%2C696&resize=350%2C200","width":350,"height":200},"classes":[]},{"id":8030,"url":"http:\/\/astehshop.com\/index.php\/product\/solarni-panel-20w\/","url_meta":{"origin":7232,"position":4},"title":"SOLARNI PANEL 20W","date":"13. kolovoza 2023.","format":false,"excerpt":"SOLARNI PANEL 20W - 70 KM (45cm X 34cm)","rel":"","context":"Srodne objave","img":{"alt_text":"","src":"https:\/\/i1.wp.com\/astehshop.com\/wp-content\/uploads\/2023\/08\/solarni-panel.jpg?fit=667%2C696&resize=350%2C200","width":350,"height":200},"classes":[]},{"id":8039,"url":"http:\/\/astehshop.com\/index.php\/product\/solarni-panel-250w\/","url_meta":{"origin":7232,"position":5},"title":"SOLARNI PANEL 250W","date":"13. kolovoza 2023.","format":false,"excerpt":"SOLARNI PANEL 250W (165cm X 100cm)","rel":"","context":"Srodne objave","img":{"alt_text":"","src":"https:\/\/i1.wp.com\/astehshop.com\/wp-content\/uploads\/2023\/08\/solarni-panel.jpg?fit=667%2C696&resize=350%2C200","width":350,"height":200},"classes":[]}],"_links":{"self":[{"href":"http:\/\/astehshop.com\/index.php\/wp-json\/wp\/v2\/product\/7232"}],"collection":[{"href":"http:\/\/astehshop.com\/index.php\/wp-json\/wp\/v2\/product"}],"about":[{"href":"http:\/\/astehshop.com\/index.php\/wp-json\/wp\/v2\/types\/product"}],"replies":[{"embeddable":true,"href":"http:\/\/astehshop.com\/index.php\/wp-json\/wp\/v2\/comments?post=7232"}],"wp:featuredmedia":[{"embeddable":true,"href":"http:\/\/astehshop.com\/index.php\/wp-json\/wp\/v2\/media\/7233"}],"wp:attachment":[{"href":"http:\/\/astehshop.com\/index.php\/wp-json\/wp\/v2\/media?parent=7232"}],"wp:term":[{"taxonomy":"product_cat","embeddable":true,"href":"http:\/\/astehshop.com\/index.php\/wp-json\/wp\/v2\/product_cat?post=7232"},{"taxonomy":"product_tag","embeddable":true,"href":"http:\/\/astehshop.com\/index.php\/wp-json\/wp\/v2\/product_tag?post=7232"}],"curies":[{"name":"wp","href":"https:\/\/api.w.org\/{rel}","templated":true}]}}