{"id":7230,"date":"2023-02-15T16:05:22","date_gmt":"2023-02-15T15:05:22","guid":{"rendered":"http:\/\/astehshop.com\/?post_type=product&#038;p=7230"},"modified":"2025-09-17T21:14:56","modified_gmt":"2025-09-17T19:14:56","slug":"hikvision-samostalna-kamera-na-baterije-cs-bc1c-a0-2c4wpbdl","status":"publish","type":"product","link":"http:\/\/astehshop.com\/index.php\/product\/hikvision-samostalna-kamera-na-baterije-cs-bc1c-a0-2c4wpbdl\/","title":{"rendered":"HikVision samostalna kamera na baterije CS-BC1C-A0-2C4WPBDL"},"content":{"rendered":"<p>Samostalna Smart Home kamera na bateriju<br \/>\n\u2022 Rezolucija 2 K+ (2560 \u00d7 1440)<br \/>\n\u2022 Objektivi: 2,8mm, 4mm<br \/>\n\u2022 0.01 Lux @ (F1.6, AGC ON),0 Lux with IR<br \/>\n\u2022 IR domet 10m<br \/>\n\u2022 Za\u0161tita ku\u0107i\u0161ta IP66<br \/>\n\u2022 Dodatne funkcije: prepoznavanje ljudi, pametno<br \/>\npra\u0107enje, prilago\u0111ena glasovna upozorenja, dvosmjerna<br \/>\naudio komunikacija<br \/>\n\u2022 H.265<br \/>\n\u2022 Podr\u017eava 2.4 GHz WiFi<br \/>\n\u2022 Ugra\u0111eno 32GB eMMC pohrane<br \/>\n\u2022 Napajanje DC 5V \/ 2A<br \/>\n\u2022 Kapacitet baterije 10400 mAh, do 270 dana trajanje<\/p>\n<p>&nbsp;<\/p>\n<iframe  id=\"_ytid_66613\"  width=\"480\" height=\"270\"  data-origwidth=\"480\" data-origheight=\"270\"  src=\"https:\/\/www.youtube.com\/embed\/JQOJj-7RpAk?enablejsapi=1&autoplay=0&cc_load_policy=0&cc_lang_pref=&iv_load_policy=1&loop=0&modestbranding=0&rel=1&fs=1&playsinline=0&autohide=2&theme=dark&color=red&controls=1&\" class=\"__youtube_prefs__  no-lazyload\" title=\"YouTube player\"  allow=\"autoplay; encrypted-media\" allowfullscreen data-no-lazy=\"1\" data-skipgform_ajax_framebjll=\"\"><\/iframe>\n","protected":false},"excerpt":{"rendered":"<p>Samostalna Smart Home kamera na bateriju<br \/>\n\u2022 Rezolucija 2 K+ (2560 \u00d7 1440)<br \/>\n\u2022 Objektivi: 2,8mm, 4mm<br \/>\n\u2022 0.01 Lux @ (F1.6, AGC ON),0 Lux with IR<br \/>\n\u2022 IR domet 10m<br \/>\n\u2022 Za\u0161tita ku\u0107i\u0161ta IP66<br \/>\n\u2022 Dodatne funkcije: prepoznavanje ljudi, pametno<br \/>\npra\u0107enje, prilago\u0111ena glasovna upozorenja, dvosmjerna<br \/>\naudio komunikacija<br \/>\n\u2022 H.265<br \/>\n\u2022 Podr\u017eava 2.4 GHz WiFi<br \/>\n\u2022 Ugra\u0111eno 32GB eMMC pohrane<br \/>\n\u2022 Napajanje DC 5V \/ 2A<br \/>\n\u2022 Kapacitet baterije 10400 mAh, do 270 dana trajanje<\/p>\n<p>&nbsp;<\/p>\n[embedyt] https:\/\/www.youtube.com\/watch?v=JQOJj-7RpAk[\/embedyt]\n","protected":false},"featured_media":7231,"comment_status":"open","ping_status":"closed","template":"","meta":{"_mi_skip_tracking":false,"_exactmetrics_sitenote_active":false,"_exactmetrics_sitenote_note":"","_exactmetrics_sitenote_category":0,"spay_email":""},"product_cat":[135],"product_tag":[5109,377,3448,1183],"brands":[{"id":2044,"name":"HikVision","slug":"hikvision"}],"df_price":"","df_sale_price":"","df_regular_price":"","df_image_link":"https:\/\/i0.wp.com\/astehshop.com\/wp-content\/uploads\/2023\/02\/CS-BC1C-A0-2C4WPBDL.jpg?fit=450%2C450","jetpack_publicize_connections":[],"jetpack_sharing_enabled":true,"jetpack_likes_enabled":true,"jetpack-related-posts":[{"id":7228,"url":"http:\/\/astehshop.com\/index.php\/product\/hikvision-ezviz-wifi-baterijska-roto-kamera-cs-hb8-r100-2c4wdl\/","url_meta":{"origin":7230,"position":0},"title":"HikVision ezviz wifi baterijska roto kamera CS-HB8-R100-2C4WDL","date":"15. velja\u010de 2023.","format":false,"excerpt":"\u2022 Outdoor Smart Pan & Tilt kamera na bateriju \u2022 Rezolucija 4 Mpix(2560 \u00d7 1440) \u2022 Objektivi: 2,8mm, 4mm \u2022 0.01 Lux @ (F1.6, AGC ON),0 Lux with IR \u2022 IR domet 15m \u2022 Vodotproran dizajn ku\u0107i\u0161ta \u2022 Dodatne funkcije: prepoznavanje ljudi, detekcija pokreta, pametno pra\u0107enje, prilago\u0111ena glasovna upozorenja, dvosmjerna\u2026","rel":"","context":"Srodne objave","img":{"alt_text":"","src":"https:\/\/i1.wp.com\/astehshop.com\/wp-content\/uploads\/2023\/02\/CS-HB8-R100-2C4WDL.jpg?fit=800%2C800&resize=350%2C200","width":350,"height":200},"classes":[]},{"id":7226,"url":"http:\/\/astehshop.com\/index.php\/product\/hikvision-ezviz-wifi-kamera-3-mp-vanjska-cs-h3\/","url_meta":{"origin":7230,"position":1},"title":"HikVision ezviz wifi kamera 3 MP vanjska CS-H3","date":"15. velja\u010de 2023.","format":false,"excerpt":"\u2022 Outdoor Smart kamera \u2022 Rezolucija 3 Mpix(2304 \u00d7 1296) \u2022 Objektivi: 2,8mm, 4mm \u2022 0.01 lux @ (F2.0, AGC ON), 0 Lux with IR \u2022 IR domet 30m \u2022 Za\u0161tita ku\u0107i\u0161ta IP67 \u2022 Dodatne funkcije: prepoznavanje ljudi\/vozila, detekcija pokreta, ozna\u010davanje zone detekcije, prilago\u0111ena glasovna upozorenja, dvosmjerna audio komunikacija \u2022\u2026","rel":"","context":"Srodne objave","img":{"alt_text":"","src":"https:\/\/i1.wp.com\/astehshop.com\/wp-content\/uploads\/2023\/02\/63b3ecf31d363-202301031053.png?fit=600%2C600&resize=350%2C200","width":350,"height":200},"classes":[]},{"id":7220,"url":"http:\/\/astehshop.com\/index.php\/product\/hikvision-wifi-roto-kamera-ezviz-cs-ty2-b0-1g2wf\/","url_meta":{"origin":7230,"position":2},"title":"HikVision wifi roto kamera ezviz CS-TY2-B0-1G2WF","date":"15. velja\u010de 2023.","format":false,"excerpt":"\u2022 Smart Home Pan & Tilt kamera \u2022 Rezolucija 2 Mpixs(1920\u00d71080) \u2022 Objektiv: 4mm \u2022 0.01 Lux @ (F2.0, AGC ON), 0 Lux with IR \u2022 IR domet 10 m \u2022 Dodatne funkcije: detekcija pokreta, dvosmjerna audio komunikacija, pametno pra\u0107enje, sleep mode za privatnost \u2022 H.264 \u2022 Podr\u017eava 2.4 GHz\u2026","rel":"","context":"Srodne objave","img":{"alt_text":"","src":"https:\/\/i2.wp.com\/astehshop.com\/wp-content\/uploads\/2023\/02\/ezviz-ez-ty2-ezviz-wifi-camera-1080p-lens-4-mm-ir-10-m.jpg?fit=800%2C800&resize=350%2C200","width":350,"height":200},"classes":[]},{"id":7222,"url":"http:\/\/astehshop.com\/index.php\/product\/hikvision-ezviz-wifi-roto-kamera-4-mp-cs-c6w-a0-3h4wf\/","url_meta":{"origin":7230,"position":3},"title":"HikVision ezviz wifi roto kamera 4 MP CS-C6W-A0-3H4WF","date":"15. velja\u010de 2023.","format":false,"excerpt":"\u2022 Smart Home Pan & Tilt kamera \u2022 Rezolucija 4 Mpix(2560 \u00d7 1440) \u2022 Objektiv: 4mm \u2022 0.5 Lux @ (F2.0, AGC ON), 0 Lux with I \u2022 IR domet 10 m \u2022 Dodatne funkcije: detekcija pokreta, dvosmjerna audio komunikcija , auto zoom\/pametno pra\u0107enje, sleep mode za privatnost, prepoznavanje ljudi,\u2026","rel":"","context":"Srodne objave","img":{"alt_text":"","src":"https:\/\/i1.wp.com\/astehshop.com\/wp-content\/uploads\/2023\/02\/C6W.jpg?fit=1200%2C1200&resize=350%2C200","width":350,"height":200},"classes":[]},{"id":7224,"url":"http:\/\/astehshop.com\/index.php\/product\/hikvision-ezviz-vanjska-wifi-kamera-cs-c3n-a0-3g2wfl1\/","url_meta":{"origin":7230,"position":4},"title":"HikVision ezviz vanjska wifi kamera CS-C3N-A0-3G2WFL1","date":"15. velja\u010de 2023.","format":false,"excerpt":"\u2022 Ooutdoor Smart kamera \u2022 Rezolucija 2 Mpix(1920\u00d71080) \u2022 Objektivi: 2,8mm, 4mm \u2022 No\u0107no snimanje u boji \u2022 Za\u0161tita ku\u0107i\u0161ta IP67 \u2022 Dodatne funkcije: prepoznavanje ljudi \u2022 H.265 \u2022 Podr\u017eava 2.4 GHz WiFi \u2022 Podr\u017eava MicroSD kartice, do 256 GB \u2022 Napajanje DC 12V \/ 1A","rel":"","context":"Srodne objave","img":{"alt_text":"","src":"https:\/\/i1.wp.com\/astehshop.com\/wp-content\/uploads\/2023\/02\/cs-c3n-a0-3g2wfl1-camara-wifi-para-exteriores-c3n-1080p-con-vision-a-colores-de-noche.jpg?fit=1050%2C1200&resize=350%2C200","width":350,"height":200},"classes":[]},{"id":7234,"url":"http:\/\/astehshop.com\/index.php\/product\/smart-wi-fi-komplet-sa-dvije-akumulatorske-kamere-i-baznom-stanicom-cs-bc1-b2\/","url_meta":{"origin":7230,"position":5},"title":"Smart Wi-Fi komplet sa dvije akumulatorske kamere i baznom stanicom CS-BC1-B2","date":"15. velja\u010de 2023.","format":false,"excerpt":"\u2022 Smart Wi-Fi komplet sa dvije akumulatorske kamere i baznom stanicom \u2022 Rezolucija 2 Mpix(1920\u00d71080) \u2022 Objektiv: 2,8mm \u2022 IR domet 10m \u2022 Za\u0161tita ku\u0107i\u0161ta IP66 \u2022 Dodatne funkcije: detekcija pokreta, prilago\u0111ena glasovna upozorenja, dvosmjerna audio komunikacija \u2022 H.265 \u2022 MicroSD 256GB u baznoj stanici \u2022 5VDC\/1A, 5W \/ baterija\u2026","rel":"","context":"Srodne objave","img":{"alt_text":"","src":"https:\/\/i2.wp.com\/astehshop.com\/wp-content\/uploads\/2023\/02\/0004782_cs-bc1-b2_700.jpeg?fit=700%2C700&resize=350%2C200","width":350,"height":200},"classes":[]}],"_links":{"self":[{"href":"http:\/\/astehshop.com\/index.php\/wp-json\/wp\/v2\/product\/7230"}],"collection":[{"href":"http:\/\/astehshop.com\/index.php\/wp-json\/wp\/v2\/product"}],"about":[{"href":"http:\/\/astehshop.com\/index.php\/wp-json\/wp\/v2\/types\/product"}],"replies":[{"embeddable":true,"href":"http:\/\/astehshop.com\/index.php\/wp-json\/wp\/v2\/comments?post=7230"}],"wp:featuredmedia":[{"embeddable":true,"href":"http:\/\/astehshop.com\/index.php\/wp-json\/wp\/v2\/media\/7231"}],"wp:attachment":[{"href":"http:\/\/astehshop.com\/index.php\/wp-json\/wp\/v2\/media?parent=7230"}],"wp:term":[{"taxonomy":"product_cat","embeddable":true,"href":"http:\/\/astehshop.com\/index.php\/wp-json\/wp\/v2\/product_cat?post=7230"},{"taxonomy":"product_tag","embeddable":true,"href":"http:\/\/astehshop.com\/index.php\/wp-json\/wp\/v2\/product_tag?post=7230"}],"curies":[{"name":"wp","href":"https:\/\/api.w.org\/{rel}","templated":true}]}}