{"id":7208,"date":"2023-01-29T21:18:37","date_gmt":"2023-01-29T20:18:37","guid":{"rendered":"http:\/\/astehshop.com\/?post_type=product&#038;p=7208"},"modified":"2023-01-29T21:18:39","modified_gmt":"2023-01-29T20:18:39","slug":"video-nadzor-longse-komplet-sa-4-kamere-5-mpx-4k-lite-podesivi-objektiv-2-8-12-mm","status":"publish","type":"product","link":"http:\/\/astehshop.com\/index.php\/product\/video-nadzor-longse-komplet-sa-4-kamere-5-mpx-4k-lite-podesivi-objektiv-2-8-12-mm\/","title":{"rendered":"Video nadzor Longse komplet sa 4 kamere 5 MPX 4K lite podesivi objektiv 2.8 &#8211; 12 mm"},"content":{"rendered":"<div>\n<p>Longse video nadzor SET za poslovne prostore, dvori\u0161ta, gara\u017ee, ku\u0107e, stanove.<\/p>\n<p>1 x Longse 4 kanalni snima\u010d<br \/>\n4 x Longse bullet kamera 5 MPX FULL COLOR sa podesivim objektivom 2.8 mm &#8211;\u00a0 12 mm<br \/>\n1 x disk 1 TB<br \/>\n1 x RG59 + struja 100 M<br \/>\n4 x DC<br \/>\n8 x BNC<br \/>\n1 x stabilisano napajanje<br \/>\n4 x RBOX za za\u0161titu kablova i kutija za kameru<\/p>\n<p>Longse komplet video nadzor sa 5 MPX 4K kamerama nudi mogu\u0107nost da pokrijete ulaz u ku\u0107u ili dvori\u0161te, odnosno manji lokal ili stan.<\/p>\n<p>U kompletu se nalazi Full HD (1080p) kamera oblika bullete. Kamera poseduje BLC, 2D DNR, DWDR kao i inteligentnu IR rasvetu dometa do 20 m (Smart IR). Ukoliko Vam je potrebna dome kamera umjesto Bullet u ovom setu je mo\u017eemo zamijeniti ako to naglasite.<\/p>\n<p>Kablovi za video nadzor se ne nalaze u kompletu iz razloga \u0161to je svakom kupcu potrebna druga\u010dija du\u017eina kablova. U ponudi imamo ne\u0161to od gotovih kablova, ali Vam mo\u017eemo i napraviti po \u017eelji.<\/p>\n<p>Pored kamera u kompletu se nalazi digitalni video rekorder (DVR) koji slu\u017ei za snimanje video materijala.<\/p>\n<p>Video se skladi\u0161ti na hard disku veli\u010dine 1 TB \u0161to je dovoljno za oko 7 dana snimanja 24 sata bez prestanka. Umjesto vas pode\u0161avamo sistem da radi na detekciju pokreta tj. da snimma samo kada promjena na ekranu, tada snimanje produ\u017eeno i do 15 dana<\/p>\n<p>Ako na objektu posjedujete internet potrebno je samo da isti pove\u017eete sa DVR snima\u010dem i tako mo\u017eete pratiti Va\u0161 video nadzor preko interneta na ra\u010dunaru, telefonu ili tabletu u realnom vremenu.<\/p>\n<p>Potrebno je instalirati Longse program za PC ili aplikaciju za mobilni i za bukvalno par minuta mo\u017eete pristupiti kamerama iz bilo kog dijela svijeta, samo vam je internet potreban. Nakon kupovine kompleta dobijate link za preuzimanje programa, kao i link do Android i iOS aplikacije i kratko uputstvo za pode\u0161avanje, iako sve a\u017eurno mo\u017eete vidjeti na na\u0161oj stranici u polju Tutorijali<\/p>\n<\/div>\n","protected":false},"excerpt":{"rendered":"<div>\n<p>Longse video nadzor SET za poslovne prostore, dvori\u0161ta, gara\u017ee, ku\u0107e, stanove.<\/p>\n<p>1 x Longse 4 kanalni snima\u010d<br \/>\n4 x Longse bullet kamera 5 MPX FULL COLOR sa podesivim objektivom 2.8 mm &#8211;\u00a0 12 mm<br \/>\n1 x disk 1 TB<br \/>\n1 x RG59 + struja 100 M<br \/>\n4 x DC<br \/>\n8 x BNC<br \/>\n1 x stabilisano napajanje<br \/>\n4 x RBOX za za\u0161titu kablova i kutija za kameru<\/p>\n<p>Longse komplet video nadzor sa 5 MPX 4K kamerama nudi mogu\u0107nost da pokrijete ulaz u ku\u0107u ili dvori\u0161te, odnosno manji lokal ili stan.<\/p>\n<p>U kompletu se nalazi Full HD (1080p) kamera oblika bullete. Kamera poseduje BLC, 2D DNR, DWDR kao i inteligentnu IR rasvetu dometa do 20 m (Smart IR). Ukoliko Vam je potrebna dome kamera umjesto Bullet u ovom setu je mo\u017eemo zamijeniti ako to naglasite.<\/p>\n<p>Kablovi za video nadzor se ne nalaze u kompletu iz razloga \u0161to je svakom kupcu potrebna druga\u010dija du\u017eina kablova. U ponudi imamo ne\u0161to od gotovih kablova, ali Vam mo\u017eemo i napraviti po \u017eelji.<\/p>\n<p>Pored kamera u kompletu se nalazi digitalni video rekorder (DVR) koji slu\u017ei za snimanje video materijala.<\/p>\n<p>Video se skladi\u0161ti na hard disku veli\u010dine 1 TB \u0161to je dovoljno za oko 7 dana snimanja 24 sata bez prestanka. Umjesto vas pode\u0161avamo sistem da radi na detekciju pokreta tj. da snimma samo kada promjena na ekranu, tada snimanje produ\u017eeno i do 15 dana<\/p>\n<p>Ako na objektu posjedujete internet potrebno je samo da isti pove\u017eete sa DVR snima\u010dem i tako mo\u017eete pratiti Va\u0161 video nadzor preko interneta na ra\u010dunaru, telefonu ili tabletu u realnom vremenu.<\/p>\n<p>Potrebno je instalirati Longse program za PC ili aplikaciju za mobilni i za bukvalno par minuta mo\u017eete pristupiti kamerama iz bilo kog dijela svijeta, samo vam je internet potreban. Nakon kupovine kompleta dobijate link za preuzimanje programa, kao i link do Android i iOS aplikacije i kratko uputstvo za pode\u0161avanje, iako sve a\u017eurno mo\u017eete vidjeti na na\u0161oj stranici u polju Tutorijali<\/p>\n<\/div>\n","protected":false},"featured_media":7209,"comment_status":"open","ping_status":"closed","template":"","meta":{"_mi_skip_tracking":false,"_exactmetrics_sitenote_active":false,"_exactmetrics_sitenote_note":"","_exactmetrics_sitenote_category":0,"spay_email":""},"product_cat":[2294,2298],"product_tag":[4748,1042,2258,2222],"brands":[{"id":2220,"name":"Longse","slug":"longse"}],"df_price":1206,"df_sale_price":"","df_regular_price":1206,"df_image_link":"https:\/\/i2.wp.com\/astehshop.com\/wp-content\/uploads\/2023\/01\/komplet-video-nadzor-4k.jpg?fit=450%2C358","jetpack_publicize_connections":[],"jetpack_sharing_enabled":true,"jetpack_likes_enabled":true,"jetpack-related-posts":[{"id":7074,"url":"http:\/\/astehshop.com\/index.php\/product\/video-nadzor-longse-komplet-sa-2-kamere-2-mpx\/","url_meta":{"origin":7208,"position":0},"title":"Video nadzor Longse komplet sa 2 kamere 2 MPX","date":"13. prosinca 2022.","format":false,"excerpt":"Longse video nadzor SET za poslovne prostore, dvori\u0161ta, gara\u017ee, ku\u0107e, stanove. 1 x Longse 4 kanalni snima\u010d 2 x Longse bullet kamera 2 MPX 1 x disk 500 GB 1 x naljepnica Objekat je pod video nadzorom Longse komplet video nadzor sa 2 Full HD kamerom nudi mogu\u0107nost da pokrijete\u2026","rel":"","context":"Srodne objave","img":{"alt_text":"","src":"https:\/\/i2.wp.com\/astehshop.com\/wp-content\/uploads\/2022\/12\/longse-sa-2-kamere.jpg?fit=1200%2C953&resize=350%2C200","width":350,"height":200},"classes":[]},{"id":7085,"url":"http:\/\/astehshop.com\/index.php\/product\/video-nadzor-longse-komplet-sa-4-kamere-2-mpx-full-color\/","url_meta":{"origin":7208,"position":1},"title":"Video nadzor Longse komplet sa 4 kamere 2 MPX Full Color","date":"16. prosinca 2022.","format":false,"excerpt":"Longse video nadzor SET za poslovne prostore, dvori\u0161ta, gara\u017ee, ku\u0107e, stanove. 1 x Longse 4 kanalni snima\u010d 4 x Longse bullet kamera 2 MPX FULL COLOR 1 x disk 500 GB 1 x naljepnica Objekat je pod video nadzorom 4 x RBOX za za\u0161titu kablova i kutija za kameru Longse\u2026","rel":"","context":"Srodne objave","img":{"alt_text":"","src":"https:\/\/i2.wp.com\/astehshop.com\/wp-content\/uploads\/2022\/12\/set-longse-u-boji-sa-4-kamere.jpg?fit=1200%2C953&resize=350%2C200","width":350,"height":200},"classes":[]},{"id":7081,"url":"http:\/\/astehshop.com\/index.php\/product\/video-nadzor-longse-komplet-sa-2-kamere-2-mpx-full-color\/","url_meta":{"origin":7208,"position":2},"title":"Video nadzor Longse komplet sa 2 kamere 2 MPX Full Color","date":"16. prosinca 2022.","format":false,"excerpt":"Longse video nadzor SET za poslovne prostore, dvori\u0161ta, gara\u017ee, ku\u0107e, stanove. 1 x Longse 4 kanalni snima\u010d 2 x Longse bullet kamera 2 MPX 1 x disk 500 GB 1 x naljepnica Objekat je pod video nadzorom 2 x RBOX za za\u0161titu kablova i kutija za kameru Longse komplet video\u2026","rel":"","context":"Srodne objave","img":{"alt_text":"","src":"https:\/\/i1.wp.com\/astehshop.com\/wp-content\/uploads\/2022\/12\/BPSCHTC200FPEW-2-set-2-kamere.jpg?fit=1200%2C953&resize=350%2C200","width":350,"height":200},"classes":[]},{"id":7072,"url":"http:\/\/astehshop.com\/index.php\/product\/video-nadzor-longse-komplet-sa-jednom-kamerom-2-mpx\/","url_meta":{"origin":7208,"position":3},"title":"Video nadzor Longse komplet sa jednom kamerom 2 MPX","date":"12. prosinca 2022.","format":false,"excerpt":"Longse video nadzor SET za poslovne prostore, dvori\u0161ta, gara\u017ee, ku\u0107e, stanove. 1 x Longse 4 kanalni snima\u010d 1 x Longse bullet kamera 2 MPX 1 x disk 500 GB 1 x naljepnica Objekat je pod video nadzorom Longse komplet video nadzor sa jednom Full HD kamerom nudi mogu\u0107nost da pokrijete\u2026","rel":"","context":"Srodne objave","img":{"alt_text":"","src":"https:\/\/i1.wp.com\/astehshop.com\/wp-content\/uploads\/2022\/12\/longse-1-kamera.jpg?fit=1200%2C953&resize=350%2C200","width":350,"height":200},"classes":[]},{"id":7083,"url":"http:\/\/astehshop.com\/index.php\/product\/video-nadzor-longse-komplet-sa-3-kamere-2-mpx-full-color\/","url_meta":{"origin":7208,"position":4},"title":"Video nadzor Longse komplet sa 3 kamere 2 MPX Full Color","date":"16. prosinca 2022.","format":false,"excerpt":"Longse video nadzor SET za poslovne prostore, dvori\u0161ta, gara\u017ee, ku\u0107e, stanove. 1 x Longse 4 kanalni snima\u010d 3 x Longse bullet kamera 2 MPX FULL COLOR 1 x disk 500 GB 1 x naljepnica Objekat je pod video nadzorom 3 x RBOX za za\u0161titu kablova i kutija za kameru Longse\u2026","rel":"","context":"Srodne objave","img":{"alt_text":"","src":"https:\/\/i0.wp.com\/astehshop.com\/wp-content\/uploads\/2022\/12\/longse-set-3-kamere.jpg?fit=1200%2C953&resize=350%2C200","width":350,"height":200},"classes":[]},{"id":7079,"url":"http:\/\/astehshop.com\/index.php\/product\/video-nadzor-longse-komplet-sa-jednom-kamerom-2-mpx-full-color\/","url_meta":{"origin":7208,"position":5},"title":"Video nadzor Longse komplet sa jednom kamerom 2 MPX FULL Color","date":"16. prosinca 2022.","format":false,"excerpt":"Longse video nadzor SET za poslovne prostore, dvori\u0161ta, gara\u017ee, ku\u0107e, stanove. 1 x Longse 4 kanalni snima\u010d 1 x Longse bullet kamera 2 MPX BPSCHTC200FPEW-2 Full color slika u boji uvijek 1 x disk 500 GB 1 x naljepnica Objekat je pod video nadzorom 1 x RBOX kutija za kablove\u2026","rel":"","context":"Srodne objave","img":{"alt_text":"","src":"https:\/\/i1.wp.com\/astehshop.com\/wp-content\/uploads\/2022\/12\/BPSCHTC200FPEW-2-set-1-kam.jpg?fit=1200%2C953&resize=350%2C200","width":350,"height":200},"classes":[]}],"_links":{"self":[{"href":"http:\/\/astehshop.com\/index.php\/wp-json\/wp\/v2\/product\/7208"}],"collection":[{"href":"http:\/\/astehshop.com\/index.php\/wp-json\/wp\/v2\/product"}],"about":[{"href":"http:\/\/astehshop.com\/index.php\/wp-json\/wp\/v2\/types\/product"}],"replies":[{"embeddable":true,"href":"http:\/\/astehshop.com\/index.php\/wp-json\/wp\/v2\/comments?post=7208"}],"wp:featuredmedia":[{"embeddable":true,"href":"http:\/\/astehshop.com\/index.php\/wp-json\/wp\/v2\/media\/7209"}],"wp:attachment":[{"href":"http:\/\/astehshop.com\/index.php\/wp-json\/wp\/v2\/media?parent=7208"}],"wp:term":[{"taxonomy":"product_cat","embeddable":true,"href":"http:\/\/astehshop.com\/index.php\/wp-json\/wp\/v2\/product_cat?post=7208"},{"taxonomy":"product_tag","embeddable":true,"href":"http:\/\/astehshop.com\/index.php\/wp-json\/wp\/v2\/product_tag?post=7208"}],"curies":[{"name":"wp","href":"https:\/\/api.w.org\/{rel}","templated":true}]}}