{"id":7186,"date":"2023-01-28T14:40:37","date_gmt":"2023-01-28T13:40:37","guid":{"rendered":"http:\/\/astehshop.com\/?post_type=product&#038;p=7186"},"modified":"2026-01-14T17:26:46","modified_gmt":"2026-01-14T16:26:46","slug":"pametna-brava-sigurnosna-brava-tuya-u03","status":"publish","type":"product","link":"http:\/\/astehshop.com\/index.php\/product\/pametna-brava-sigurnosna-brava-tuya-u03\/","title":{"rendered":"Pametna brava sigurnosna brava Tuya U03"},"content":{"rendered":"<div>\n<p>Pametna brava TUYA U03 sa<br \/>\notiskom prsta<br \/>\npin kodom<br \/>\nkarticom<br \/>\naplikacijom Tuya ili TT LOCK<br \/>\nklju\u010d za otvaranje u slu\u010daju nedostatka baterije<br \/>\nmikro usb konektor<br \/>\npunjiva baterija unutar brave<br \/>\npovezivanje na va\u0161u wifi mre\u017eu<br \/>\njednostavno pode\u0161avanje i kontrola<\/p>\n<p>&nbsp;<\/p>\n<p>Garancija 12 mjeseci<\/p>\n<\/div>\n","protected":false},"excerpt":{"rendered":"<div>\n<p>Pametna brava TUYA U03 sa<br \/>\notiskom prsta<br \/>\npin kodom<br \/>\nkarticom<br \/>\naplikacijom Tuya ili TT LOCK<br \/>\nklju\u010d za otvaranje u slu\u010daju nedostatka baterije<br \/>\nmikro usb konektor<br \/>\npunjiva baterija unutar brave<br \/>\npovezivanje na va\u0161u wifi mre\u017eu<br \/>\njednostavno pode\u0161avanje i kontrola<\/p>\n<p>&nbsp;<\/p>\n<p>Garancija 12 mjeseci<\/p>\n<\/div>\n","protected":false},"featured_media":7187,"comment_status":"open","ping_status":"closed","template":"","meta":{"_mi_skip_tracking":false,"_exactmetrics_sitenote_active":false,"_exactmetrics_sitenote_note":"","_exactmetrics_sitenote_category":0,"spay_email":""},"product_cat":[6356,5062],"product_tag":[5075,5076],"brands":[{"id":5063,"name":"tuya","slug":"tuya"}],"df_price":330,"df_sale_price":330,"df_regular_price":519,"df_image_link":"https:\/\/i0.wp.com\/astehshop.com\/wp-content\/uploads\/2023\/01\/pametna-brava-tuya-u03.png?fit=450%2C287","jetpack_publicize_connections":[],"jetpack_sharing_enabled":true,"jetpack_likes_enabled":true,"jetpack-related-posts":[{"id":7183,"url":"http:\/\/astehshop.com\/index.php\/product\/pametna-brava-tuya-u05\/","url_meta":{"origin":7186,"position":0},"title":"Pametna brava Tuya U05","date":"28. sije\u010dnja 2023.","format":false,"excerpt":"Pametna brava TUYA U05 sa otiskom prsta pin kodom karticom aplikacijom Tuya ili TT LOCK klju\u010d za otvaranje u slu\u010daju nedostatka baterije mikro usb konektor punjiva baterija unutar brave povezivanje na va\u0161u wifi mre\u017eu jednostavno pode\u0161avanje i kontrola \u00a0 Garancija 12 mjeseci","rel":"","context":"Srodne objave","img":{"alt_text":"","src":"https:\/\/i0.wp.com\/astehshop.com\/wp-content\/uploads\/2023\/01\/u05-01.png?fit=1061%2C692&resize=350%2C200","width":350,"height":200},"classes":[]},{"id":7193,"url":"http:\/\/astehshop.com\/index.php\/product\/pametna-brava-sigurnosna-brava-rf07\/","url_meta":{"origin":7186,"position":1},"title":"Pametna brava sigurnosna brava RF07","date":"28. sije\u010dnja 2023.","format":false,"excerpt":"Pametna brava sigurnosna brava Tuya RF07 sa otiskom prsta pin kodom karticom aplikacijom Tuya ili TT LOCK klju\u010d za otvaranje u slu\u010daju nedostatka baterije mikro usb konektor punjiva baterija unutar brave povezivanje na va\u0161u wifi mre\u017eu jednostavno pode\u0161avanje i kontrola otvaranje na lice ostavljanje poruka automatsko otvaranje Garancija 12 mjeseci","rel":"","context":"Srodne objave","img":{"alt_text":"","src":"https:\/\/i1.wp.com\/astehshop.com\/wp-content\/uploads\/2023\/01\/rf07-pametna-brava.png?fit=1072%2C705&resize=350%2C200","width":350,"height":200},"classes":[]},{"id":7191,"url":"http:\/\/astehshop.com\/index.php\/product\/pametna-brava-sigurnosna-brava-tuya-uy01\/","url_meta":{"origin":7186,"position":2},"title":"Pametna brava sigurnosna brava Tuya UY01","date":"28. sije\u010dnja 2023.","format":false,"excerpt":"Pametna brava sigurnosna brava Tuya UY01 sa otiskom prsta pin kodom karticom aplikacijom Tuya ili TT LOCK klju\u010d za otvaranje u slu\u010daju nedostatka baterije mikro usb konektor punjiva baterija unutar brave povezivanje na va\u0161u wifi mre\u017eu jednostavno pode\u0161avanje i kontrola uski profil za prozore i uska vrata 35mm panel IP65\u2026","rel":"","context":"Srodne objave","img":{"alt_text":"","src":"https:\/\/i1.wp.com\/astehshop.com\/wp-content\/uploads\/2023\/01\/uy01.png?fit=1085%2C707&resize=350%2C200","width":350,"height":200},"classes":[]},{"id":7202,"url":"http:\/\/astehshop.com\/index.php\/product\/pametna-brava-sigurnosna-brava-tuya-zf09\/","url_meta":{"origin":7186,"position":3},"title":"Pametna brava sigurnosna brava Tuya ZF09","date":"28. sije\u010dnja 2023.","format":false,"excerpt":"ametna brava sigurnosna brava Tuya ZF09 sa otiskom prsta pin kodom karticom aplikacijom Tuya ili TT LOCK klju\u010d za otvaranje u slu\u010daju nedostatka baterije mikro usb konektor punjiva baterija unutar brave povezivanje na va\u0161u wifi mre\u017eu jednostavno pode\u0161avanje i kontrola Alarm Upozorenje na slabu bateriju Mikro USB za brzo punjenje\u2026","rel":"","context":"Srodne objave","img":{"alt_text":"","src":"https:\/\/i2.wp.com\/astehshop.com\/wp-content\/uploads\/2023\/01\/pametna-brava-zf09.png?fit=1135%2C710&resize=350%2C200","width":350,"height":200},"classes":[]},{"id":7196,"url":"http:\/\/astehshop.com\/index.php\/product\/pametna-brava-sigurnosna-brava-rf11-sa-digitalnim-monitorom\/","url_meta":{"origin":7186,"position":4},"title":"Pametna brava sigurnosna brava RF11 sa digitalnim monitorom","date":"28. sije\u010dnja 2023.","format":false,"excerpt":"Pametna brava sigurnosna brava Tuya RF11 sa otiskom prsta pin kodom karticom aplikacijom Tuya ili TT LOCK klju\u010d za otvaranje u slu\u010daju nedostatka baterije mikro usb konektor punjiva baterija unutar brave povezivanje na va\u0161u wifi mre\u017eu jednostavno pode\u0161avanje i kontrola otvaranje na lice ostavljanje poruka automatsko otvaranje digitalni monitor sa\u2026","rel":"","context":"Srodne objave","img":{"alt_text":"","src":"https:\/\/i2.wp.com\/astehshop.com\/wp-content\/uploads\/2023\/01\/rf11-sigurnosna-pametna-brava.png?fit=1131%2C685&resize=350%2C200","width":350,"height":200},"classes":[]},{"id":7188,"url":"http:\/\/astehshop.com\/index.php\/product\/pametna-brava-sigurnosna-brava-tuya-u04-5-pro\/","url_meta":{"origin":7186,"position":5},"title":"Pametna brava sigurnosna brava Tuya U04\/5 PRO","date":"28. sije\u010dnja 2023.","format":false,"excerpt":"Pametna brava sigurnosna brava Tuya U04\/5 PRO sa otiskom prsta pin kodom karticom aplikacijom Tuya ili TT LOCK klju\u010d za otvaranje u slu\u010daju nedostatka baterije mikro usb konektor punjiva baterija unutar brave povezivanje na va\u0161u wifi mre\u017eu jednostavno pode\u0161avanje i kontrola","rel":"","context":"Srodne objave","img":{"alt_text":"","src":"https:\/\/i0.wp.com\/astehshop.com\/wp-content\/uploads\/2023\/01\/u04-kroz-5-tuya-pametna-brava.png?fit=1165%2C695&resize=350%2C200","width":350,"height":200},"classes":[]}],"_links":{"self":[{"href":"http:\/\/astehshop.com\/index.php\/wp-json\/wp\/v2\/product\/7186"}],"collection":[{"href":"http:\/\/astehshop.com\/index.php\/wp-json\/wp\/v2\/product"}],"about":[{"href":"http:\/\/astehshop.com\/index.php\/wp-json\/wp\/v2\/types\/product"}],"replies":[{"embeddable":true,"href":"http:\/\/astehshop.com\/index.php\/wp-json\/wp\/v2\/comments?post=7186"}],"wp:featuredmedia":[{"embeddable":true,"href":"http:\/\/astehshop.com\/index.php\/wp-json\/wp\/v2\/media\/7187"}],"wp:attachment":[{"href":"http:\/\/astehshop.com\/index.php\/wp-json\/wp\/v2\/media?parent=7186"}],"wp:term":[{"taxonomy":"product_cat","embeddable":true,"href":"http:\/\/astehshop.com\/index.php\/wp-json\/wp\/v2\/product_cat?post=7186"},{"taxonomy":"product_tag","embeddable":true,"href":"http:\/\/astehshop.com\/index.php\/wp-json\/wp\/v2\/product_tag?post=7186"}],"curies":[{"name":"wp","href":"https:\/\/api.w.org\/{rel}","templated":true}]}}