{"id":7172,"date":"2023-01-26T16:09:43","date_gmt":"2023-01-26T15:09:43","guid":{"rendered":"http:\/\/astehshop.com\/?post_type=product&#038;p=7172"},"modified":"2023-01-26T16:09:44","modified_gmt":"2023-01-26T15:09:44","slug":"jablotron-ja10-jk-xsja10i-set-1-bezicni-set-komplet-vanjska-sirena","status":"publish","type":"product","link":"http:\/\/astehshop.com\/index.php\/product\/jablotron-ja10-jk-xsja10i-set-1-bezicni-set-komplet-vanjska-sirena\/","title":{"rendered":"Jablotron JA10 JK-XSJA10I-SET-1 be\u017ei\u010dni set KOMPLET + vanjska sirena"},"content":{"rendered":"<p><img decoding=\"async\" class=\"emoji\" role=\"img\" draggable=\"false\" src=\"https:\/\/s.w.org\/images\/core\/emoji\/13.1.0\/svg\/1f525.svg\" alt=\"&#x1f525;\" \/> Jablotron JA10 JK-XSJA10I-SET-1 be\u017ei\u010dni set KOMPLET<br \/>\n\u0160ta dobijate u setu :<br \/>\n<img decoding=\"async\" class=\"emoji\" role=\"img\" draggable=\"false\" src=\"https:\/\/s.w.org\/images\/core\/emoji\/13.1.0\/svg\/1f44c.svg\" alt=\"&#x1f44c;\" \/> JK-XSJA10I-SET Lite JA-14KR be\u017ei\u010dna cloud centrala<br \/>\n<img decoding=\"async\" class=\"emoji\" role=\"img\" draggable=\"false\" src=\"https:\/\/s.w.org\/images\/core\/emoji\/13.1.0\/svg\/1f44c.svg\" alt=\"&#x1f44c;\" \/> JA-15E be\u017ei\u010dna tastatura<br \/>\n<img decoding=\"async\" class=\"emoji\" role=\"img\" draggable=\"false\" src=\"https:\/\/s.w.org\/images\/core\/emoji\/13.1.0\/svg\/1f44c.svg\" alt=\"&#x1f44c;\" \/> JA-15P be\u017ei\u010dni PIR detektor<br \/>\n<img decoding=\"async\" class=\"emoji\" role=\"img\" draggable=\"false\" src=\"https:\/\/s.w.org\/images\/core\/emoji\/13.1.0\/svg\/1f44c.svg\" alt=\"&#x1f44c;\" \/> JA-10A \u017ei\u010dna unutra\u0161nja sirena<br \/>\n<img decoding=\"async\" class=\"emoji\" role=\"img\" draggable=\"false\" src=\"https:\/\/s.w.org\/images\/core\/emoji\/13.1.0\/svg\/1f44c.svg\" alt=\"&#x1f44c;\" \/> Vanjska baza be\u017ei\u010dne sirene JA-16A-BASE-RB + baterija za sirenu<br \/>\n<img decoding=\"async\" class=\"emoji\" role=\"img\" draggable=\"false\" src=\"https:\/\/s.w.org\/images\/core\/emoji\/13.1.0\/svg\/1f44c.svg\" alt=\"&#x1f44c;\" \/> Plasti\u010dni poklopac sirene bijele boje JA-1X1A-C-WH-B<br \/>\n<img decoding=\"async\" class=\"emoji\" role=\"img\" draggable=\"false\" src=\"https:\/\/s.w.org\/images\/core\/emoji\/13.1.0\/svg\/1f44c.svg\" alt=\"&#x1f44c;\" \/> JA-192J privezak RFID<br \/>\n<img decoding=\"async\" class=\"emoji\" role=\"img\" draggable=\"false\" src=\"https:\/\/s.w.org\/images\/core\/emoji\/13.1.0\/svg\/1f44c.svg\" alt=\"&#x1f44c;\" \/> Baterije<br \/>\n<img decoding=\"async\" class=\"emoji\" role=\"img\" draggable=\"false\" src=\"https:\/\/s.w.org\/images\/core\/emoji\/13.1.0\/svg\/1f44c.svg\" alt=\"&#x1f44c;\" \/> Akumulator 12V 2.4 Ah<br \/>\n* Kontrola preko cloud-a: aplikacija, ra\u010dunar ili tastatura<br \/>\n* Memorija za do 7 miliona doga\u0111aja (interno i na serveru)<br \/>\n* Auto-dijagnostika, prikaz baterija i radio signala<br \/>\n* LAN konekcija<br \/>\n* Frekvencija: ISM 868,1 MHz<br \/>\n* do 32 be\u017ei\u010dne ili \u017ei\u010dne adrese<br \/>\n* do 16 korisnika<br \/>\n* 4 particije<br \/>\n* do 4 PG izlaza<br \/>\n* do 10 nezavisnih rasporeda<br \/>\n* SMS i glasovni izve\u0161taji iz sistema do 8 korisnika<br \/>\n* 5 CDS protokola<br \/>\nwww.jablotronbih.com<br \/>\n7 Godina garancije uz redovno odr\u017eavanje licenciranih instalater<\/p>\n","protected":false},"excerpt":{"rendered":"<p><img decoding=\"async\" class=\"emoji\" role=\"img\" draggable=\"false\" src=\"https:\/\/s.w.org\/images\/core\/emoji\/13.1.0\/svg\/1f525.svg\" alt=\"&#x1f525;\" \/> Jablotron JA10 JK-XSJA10I-SET-1 be\u017ei\u010dni set KOMPLET<br \/>\n\u0160ta dobijate u setu :<br \/>\n<img decoding=\"async\" class=\"emoji\" role=\"img\" draggable=\"false\" src=\"https:\/\/s.w.org\/images\/core\/emoji\/13.1.0\/svg\/1f44c.svg\" alt=\"&#x1f44c;\" \/> JK-XSJA10I-SET Lite JA-14KR be\u017ei\u010dna cloud centrala<br \/>\n<img decoding=\"async\" class=\"emoji\" role=\"img\" draggable=\"false\" src=\"https:\/\/s.w.org\/images\/core\/emoji\/13.1.0\/svg\/1f44c.svg\" alt=\"&#x1f44c;\" \/> JA-15E be\u017ei\u010dna tastatura<br \/>\n<img decoding=\"async\" class=\"emoji\" role=\"img\" draggable=\"false\" src=\"https:\/\/s.w.org\/images\/core\/emoji\/13.1.0\/svg\/1f44c.svg\" alt=\"&#x1f44c;\" \/> JA-15P be\u017ei\u010dni PIR detektor<br \/>\n<img decoding=\"async\" class=\"emoji\" role=\"img\" draggable=\"false\" src=\"https:\/\/s.w.org\/images\/core\/emoji\/13.1.0\/svg\/1f44c.svg\" alt=\"&#x1f44c;\" \/> JA-10A \u017ei\u010dna unutra\u0161nja sirena<br \/>\n<img decoding=\"async\" class=\"emoji\" role=\"img\" draggable=\"false\" src=\"https:\/\/s.w.org\/images\/core\/emoji\/13.1.0\/svg\/1f44c.svg\" alt=\"&#x1f44c;\" \/> Vanjska baza be\u017ei\u010dne sirene JA-16A-BASE-RB + baterija za sirenu<br \/>\n<img decoding=\"async\" class=\"emoji\" role=\"img\" draggable=\"false\" src=\"https:\/\/s.w.org\/images\/core\/emoji\/13.1.0\/svg\/1f44c.svg\" alt=\"&#x1f44c;\" \/> Plasti\u010dni poklopac sirene bijele boje JA-1X1A-C-WH-B<br \/>\n<img decoding=\"async\" class=\"emoji\" role=\"img\" draggable=\"false\" src=\"https:\/\/s.w.org\/images\/core\/emoji\/13.1.0\/svg\/1f44c.svg\" alt=\"&#x1f44c;\" \/> JA-192J privezak RFID<br \/>\n<img decoding=\"async\" class=\"emoji\" role=\"img\" draggable=\"false\" src=\"https:\/\/s.w.org\/images\/core\/emoji\/13.1.0\/svg\/1f44c.svg\" alt=\"&#x1f44c;\" \/> Baterije<br \/>\n<img decoding=\"async\" class=\"emoji\" role=\"img\" draggable=\"false\" src=\"https:\/\/s.w.org\/images\/core\/emoji\/13.1.0\/svg\/1f44c.svg\" alt=\"&#x1f44c;\" \/> Akumulator 12V 2.4 Ah<br \/>\n* Kontrola preko cloud-a: aplikacija, ra\u010dunar ili tastatura<br \/>\n* Memorija za do 7 miliona doga\u0111aja (interno i na serveru)<br \/>\n* Auto-dijagnostika, prikaz baterija i radio signala<br \/>\n* LAN konekcija<br \/>\n* Frekvencija: ISM 868,1 MHz<br \/>\n* do 32 be\u017ei\u010dne ili \u017ei\u010dne adrese<br \/>\n* do 16 korisnika<br \/>\n* 4 particije<br \/>\n* do 4 PG izlaza<br \/>\n* do 10 nezavisnih rasporeda<br \/>\n* SMS i glasovni izve\u0161taji iz sistema do 8 korisnika<br \/>\n* 5 CDS protokola<br \/>\nwww.jablotronbih.com<br \/>\n7 Godina garancije uz redovno odr\u017eavanje licenciranih instalater<\/p>\n","protected":false},"featured_media":7173,"comment_status":"open","ping_status":"closed","template":"","meta":{"_mi_skip_tracking":false,"_exactmetrics_sitenote_active":false,"_exactmetrics_sitenote_note":"","_exactmetrics_sitenote_category":0,"spay_email":""},"product_cat":[2723,2294],"product_tag":[3622,3833,3623,3624,3834,5052,5053,5054,5051,5050,4999,5049],"brands":[{"id":3620,"name":"Jablotron","slug":"jablotron"}],"df_price":1349,"df_sale_price":"","df_regular_price":1349,"df_image_link":"https:\/\/i0.wp.com\/astehshop.com\/wp-content\/uploads\/2023\/01\/jablotron-sa-vanjskom-sirenom-scaled.jpg?fit=450%2C364","jetpack_publicize_connections":[],"jetpack_sharing_enabled":true,"jetpack_likes_enabled":true,"jetpack-related-posts":[{"id":7170,"url":"http:\/\/astehshop.com\/index.php\/product\/jablotron-ja10-jk-xsja10i-set-1-bezicni-set-komplet\/","url_meta":{"origin":7172,"position":0},"title":"Jablotron JA10 JK-XSJA10I-SET-1 be\u017ei\u010dni set KOMPLET","date":"26. sije\u010dnja 2023.","format":false,"excerpt":"\ud83d\udd25 Jablotron JA10 JK-XSJA10I-SET-1 be\u017ei\u010dni set KOMPLET \u0160ta dobijate u setu : \ud83d\udc4c JK-XSJA10I-SET Lite JA-14KR be\u017ei\u010dna cloud centrala \ud83d\udc4c JA-15E be\u017ei\u010dna tastatura \ud83d\udc4c JA-15P be\u017ei\u010dni PIR detektor \ud83d\udc4c JA-10A \u017ei\u010dna unutra\u0161nja sirena \ud83d\udc4c JA-192J privezak RFID \ud83d\udc4c Baterije \ud83d\udc4c Akumulator 12V 2.4 Ah * Kontrola preko cloud-a: aplikacija, ra\u010dunar\u2026","rel":"","context":"Srodne objave","img":{"alt_text":"","src":"https:\/\/i0.wp.com\/astehshop.com\/wp-content\/uploads\/2023\/01\/jablotron-set-wifi-scaled.jpg?fit=1200%2C971&resize=350%2C200","width":350,"height":200},"classes":[]},{"id":5778,"url":"http:\/\/astehshop.com\/index.php\/product\/jablotron-jk-xsja10i-set-lite-bezicni-set\/","url_meta":{"origin":7172,"position":1},"title":"Jablotron JK-XSJA10I-SET LITE be\u017ei\u010dni set","date":"9. sije\u010dnja 2022.","format":false,"excerpt":"JA-14KR be\u017ei\u010dna cloud centrala, JA-15E be\u017ei\u010dna tastatura, JA-15P be\u017ei\u010dni PIR detektor, JA-10A \u017ei\u010dna unutra\u0161nja sirena i JA-192J privezak RFID * Kontrola preko cloud-a: aplikacija, ra\u010dunarr ili tastatura * Memorija za do7 miliona doga\u0111aja (interno i na serveru) * Auto-dijagnostika, prikaz baterija i radio signala (opciono i GSM) * LAN konekcija\u2026","rel":"","context":"Srodne objave","img":{"alt_text":"","src":"https:\/\/i1.wp.com\/astehshop.com\/wp-content\/uploads\/2022\/01\/JK-XSJA10I-SET-LITE.jpg?fit=844%2C798&resize=350%2C200","width":350,"height":200},"classes":[]},{"id":5780,"url":"http:\/\/astehshop.com\/index.php\/product\/jablotron-jk-xsja10ii-set-lite-zicni-set\/","url_meta":{"origin":7172,"position":2},"title":"Jablotron JK-XSJA10II-SET LITE \u017ei\u010dni set","date":"9. sije\u010dnja 2022.","format":false,"excerpt":"JA-14K \u017ei\u010dna centrala, JA-10E \u017ei\u010dna tastatura, JA-114HN modul sa po 4 konvencionalna ulaza i PG izlaza, JS-20 Largo \u017ei\u010dni PIR detektor, JA-10A \u017ei\u010dna unutra\u0161nja sirena i JA-192J privezak RFID. * Kontrola preko cloud-a: aplikacija, ra\u010dunarr ili tastatura * Memorija za do7 miliona doga\u0111aja (interno i na serveru) * Auto-dijagnostika, prikaz\u2026","rel":"","context":"Srodne objave","img":{"alt_text":"","src":"https:\/\/i2.wp.com\/astehshop.com\/wp-content\/uploads\/2022\/01\/JK-XSJA10II-SET.jpg?fit=878%2C852&resize=350%2C200","width":350,"height":200},"classes":[]},{"id":5797,"url":"http:\/\/astehshop.com\/index.php\/product\/jablotron-ja-15a-bezicna-unutrasnja-sirena\/","url_meta":{"origin":7172,"position":3},"title":"Jablotron JA-15A be\u017ei\u010dna unutra\u0161nja sirena","date":"9. sije\u010dnja 2022.","format":false,"excerpt":"Sirena JA-15A je be\u017ei\u010dna i namenjena je za unutra\u0161nju upotrebu.Napaja se sa uti\u010dnice u koju je utaknuta, a ima ugra\u0111eno i rezervno napajanje u slu\u010daju nestanka struje. U slu\u010daju neplaniranog izvla\u010denja iz uti\u010dnice oglasi\u0107e se uzbuna. Zauzima jednu od 32 JA-10 be\u017ei\u010dne adrese. Dizajnirana je da ogla\u0161ava uzbunu, zvuk odlaganja\u2026","rel":"","context":"Srodne objave","img":{"alt_text":"","src":"https:\/\/i1.wp.com\/astehshop.com\/wp-content\/uploads\/2022\/01\/JA-15A.jpg?fit=600%2C600&resize=350%2C200","width":350,"height":200},"classes":[]},{"id":5989,"url":"http:\/\/astehshop.com\/index.php\/product\/jablotron-ja-162pw-bezicni-dual-pir-mw\/","url_meta":{"origin":7172,"position":4},"title":"Jablotron JA-162PW be\u017ei\u010dni dual PIR + MW","date":"13. velja\u010de 2022.","format":false,"excerpt":"Be\u017ei\u010dni senzor visoke imunosti na la\u017ene alarme posti\u017ee se zahvaljuju\u0107i kombinaciji PIR i mikrotalasne (MW) detekcije. Detektor radi kao klasi\u010dni PIR detektor, me\u0111utim, kada PIR detektira kretanje u za\u0161ti\u0107enom podru\u010dju, aktivira se MW deo i potvr\u0111uje prethodnu PIR aktivaciju.","rel":"","context":"Srodne objave","img":{"alt_text":"","src":"https:\/\/i2.wp.com\/astehshop.com\/wp-content\/uploads\/2022\/02\/JA-162PW.jpg?fit=600%2C569&resize=350%2C200","width":350,"height":200},"classes":[]},{"id":6011,"url":"http:\/\/astehshop.com\/index.php\/product\/jablotron-ja-150a-ii-bezicna-unutrasnja-sirena\/","url_meta":{"origin":7172,"position":5},"title":"Jablotron JA-150A II be\u017ei\u010dna unutra\u0161nja sirena","date":"14. velja\u010de 2022.","format":false,"excerpt":"JA-150A II be\u017ei\u010dna unutra\u0161nja sirena nove generacije je dizajnirana za glasno ogla\u0161avanje alarma, izlaznih i ulaznih sekvenci ka\u0161njenja (vreme ulaska i izlaska), signalizaciju stanja i aktivacije ili uklju\u010denja PGM-ova.Sirena je opremljena tasterom sa mogu\u0107no\u0161\u0107u programiranja. Implementirana je funkcija provere alarma. Sirena komunicira be\u017ei\u010dno sa centralom. Napajanje: 230 V, 50 Hz.\u2026","rel":"","context":"Srodne objave","img":{"alt_text":"","src":"https:\/\/i0.wp.com\/astehshop.com\/wp-content\/uploads\/2022\/02\/JA-150A-II.png?fit=633%2C600&resize=350%2C200","width":350,"height":200},"classes":[]}],"_links":{"self":[{"href":"http:\/\/astehshop.com\/index.php\/wp-json\/wp\/v2\/product\/7172"}],"collection":[{"href":"http:\/\/astehshop.com\/index.php\/wp-json\/wp\/v2\/product"}],"about":[{"href":"http:\/\/astehshop.com\/index.php\/wp-json\/wp\/v2\/types\/product"}],"replies":[{"embeddable":true,"href":"http:\/\/astehshop.com\/index.php\/wp-json\/wp\/v2\/comments?post=7172"}],"wp:featuredmedia":[{"embeddable":true,"href":"http:\/\/astehshop.com\/index.php\/wp-json\/wp\/v2\/media\/7173"}],"wp:attachment":[{"href":"http:\/\/astehshop.com\/index.php\/wp-json\/wp\/v2\/media?parent=7172"}],"wp:term":[{"taxonomy":"product_cat","embeddable":true,"href":"http:\/\/astehshop.com\/index.php\/wp-json\/wp\/v2\/product_cat?post=7172"},{"taxonomy":"product_tag","embeddable":true,"href":"http:\/\/astehshop.com\/index.php\/wp-json\/wp\/v2\/product_tag?post=7172"}],"curies":[{"name":"wp","href":"https:\/\/api.w.org\/{rel}","templated":true}]}}