{"id":7170,"date":"2023-01-26T16:03:16","date_gmt":"2023-01-26T15:03:16","guid":{"rendered":"http:\/\/astehshop.com\/?post_type=product&#038;p=7170"},"modified":"2023-01-26T16:03:18","modified_gmt":"2023-01-26T15:03:18","slug":"jablotron-ja10-jk-xsja10i-set-1-bezicni-set-komplet","status":"publish","type":"product","link":"http:\/\/astehshop.com\/index.php\/product\/jablotron-ja10-jk-xsja10i-set-1-bezicni-set-komplet\/","title":{"rendered":"Jablotron JA10 JK-XSJA10I-SET-1 be\u017ei\u010dni set KOMPLET"},"content":{"rendered":"<p>&#x1f525; Jablotron JA10 JK-XSJA10I-SET-1 be\u017ei\u010dni set KOMPLET<br \/>\n\u0160ta dobijate u setu :<br \/>\n&#x1f44c; JK-XSJA10I-SET Lite JA-14KR be\u017ei\u010dna cloud centrala<br \/>\n&#x1f44c; JA-15E be\u017ei\u010dna tastatura<br \/>\n&#x1f44c; JA-15P be\u017ei\u010dni PIR detektor<br \/>\n&#x1f44c; JA-10A \u017ei\u010dna unutra\u0161nja sirena<br \/>\n&#x1f44c; JA-192J privezak RFID<br \/>\n&#x1f44c; Baterije<br \/>\n&#x1f44c; Akumulator 12V 2.4 Ah<br \/>\n* Kontrola preko cloud-a: aplikacija, ra\u010dunar ili tastatura<br \/>\n* Memorija za do 7 miliona doga\u0111aja (interno i na serveru)<br \/>\n* Auto-dijagnostika, prikaz baterija i radio signala<br \/>\n* LAN konekcija<br \/>\n* Frekvencija: ISM 868,1 MHz<br \/>\n* do 32 be\u017ei\u010dne ili \u017ei\u010dne adrese<br \/>\n* do 16 korisnika<br \/>\n* 4 particije<br \/>\n* do 4 PG izlaza<br \/>\n* do 10 nezavisnih rasporeda<br \/>\n* SMS i glasovni izve\u0161taji iz sistema do 8 korisnika<br \/>\n* 5 CDS protokola<br \/>\nwww.jablotronbih.com<br \/>\n7 Godina garancije uz redovno odr\u017eavanje licenciranih instalatera<\/p>\n","protected":false},"excerpt":{"rendered":"<p>&#x1f525; Jablotron JA10 JK-XSJA10I-SET-1 be\u017ei\u010dni set KOMPLET<br \/>\n\u0160ta dobijate u setu :<br \/>\n&#x1f44c; JK-XSJA10I-SET Lite JA-14KR be\u017ei\u010dna cloud centrala<br \/>\n&#x1f44c; JA-15E be\u017ei\u010dna tastatura<br \/>\n&#x1f44c; JA-15P be\u017ei\u010dni PIR detektor<br \/>\n&#x1f44c; JA-10A \u017ei\u010dna unutra\u0161nja sirena<br \/>\n&#x1f44c; JA-192J privezak RFID<br \/>\n&#x1f44c; Baterije<br \/>\n&#x1f44c; Akumulator 12V 2.4 Ah<br \/>\n* Kontrola preko cloud-a: aplikacija, ra\u010dunar ili tastatura<br \/>\n* Memorija za do 7 miliona doga\u0111aja (interno i na serveru)<br \/>\n* Auto-dijagnostika, prikaz baterija i radio signala<br \/>\n* LAN konekcija<br \/>\n* Frekvencija: ISM 868,1 MHz<br \/>\n* do 32 be\u017ei\u010dne ili \u017ei\u010dne adrese<br \/>\n* do 16 korisnika<br \/>\n* 4 particije<br \/>\n* do 4 PG izlaza<br \/>\n* do 10 nezavisnih rasporeda<br \/>\n* SMS i glasovni izve\u0161taji iz sistema do 8 korisnika<br \/>\n* 5 CDS protokola<br \/>\nwww.jablotronbih.com<br \/>\n7 Godina garancije uz redovno odr\u017eavanje licenciranih instalatera<\/p>\n","protected":false},"featured_media":7171,"comment_status":"open","ping_status":"closed","template":"","meta":{"_mi_skip_tracking":false,"_exactmetrics_sitenote_active":false,"_exactmetrics_sitenote_note":"","_exactmetrics_sitenote_category":0,"spay_email":""},"product_cat":[2723,2294],"product_tag":[280,5047,3622,5046,3623,3624,5044,5045,5048],"brands":[{"id":3620,"name":"Jablotron","slug":"jablotron"}],"df_price":899,"df_sale_price":"","df_regular_price":899,"df_image_link":"https:\/\/i0.wp.com\/astehshop.com\/wp-content\/uploads\/2023\/01\/jablotron-set-wifi-scaled.jpg?fit=450%2C364","jetpack_publicize_connections":[],"jetpack_sharing_enabled":true,"jetpack_likes_enabled":true,"jetpack-related-posts":[{"id":7172,"url":"http:\/\/astehshop.com\/index.php\/product\/jablotron-ja10-jk-xsja10i-set-1-bezicni-set-komplet-vanjska-sirena\/","url_meta":{"origin":7170,"position":0},"title":"Jablotron JA10 JK-XSJA10I-SET-1 be\u017ei\u010dni set KOMPLET + vanjska sirena","date":"26. sije\u010dnja 2023.","format":false,"excerpt":"Jablotron JA10 JK-XSJA10I-SET-1 be\u017ei\u010dni set KOMPLET \u0160ta dobijate u setu : JK-XSJA10I-SET Lite JA-14KR be\u017ei\u010dna cloud centrala JA-15E be\u017ei\u010dna tastatura JA-15P be\u017ei\u010dni PIR detektor JA-10A \u017ei\u010dna unutra\u0161nja sirena Vanjska baza be\u017ei\u010dne sirene JA-16A-BASE-RB + baterija za sirenu Plasti\u010dni poklopac sirene bijele boje JA-1X1A-C-WH-B JA-192J privezak RFID Baterije Akumulator 12V 2.4\u2026","rel":"","context":"Srodne objave","img":{"alt_text":"","src":"https:\/\/i0.wp.com\/astehshop.com\/wp-content\/uploads\/2023\/01\/jablotron-sa-vanjskom-sirenom-scaled.jpg?fit=1200%2C971&resize=350%2C200","width":350,"height":200},"classes":[]},{"id":5778,"url":"http:\/\/astehshop.com\/index.php\/product\/jablotron-jk-xsja10i-set-lite-bezicni-set\/","url_meta":{"origin":7170,"position":1},"title":"Jablotron JK-XSJA10I-SET LITE be\u017ei\u010dni set","date":"9. sije\u010dnja 2022.","format":false,"excerpt":"JA-14KR be\u017ei\u010dna cloud centrala, JA-15E be\u017ei\u010dna tastatura, JA-15P be\u017ei\u010dni PIR detektor, JA-10A \u017ei\u010dna unutra\u0161nja sirena i JA-192J privezak RFID * Kontrola preko cloud-a: aplikacija, ra\u010dunarr ili tastatura * Memorija za do7 miliona doga\u0111aja (interno i na serveru) * Auto-dijagnostika, prikaz baterija i radio signala (opciono i GSM) * LAN konekcija\u2026","rel":"","context":"Srodne objave","img":{"alt_text":"","src":"https:\/\/i1.wp.com\/astehshop.com\/wp-content\/uploads\/2022\/01\/JK-XSJA10I-SET-LITE.jpg?fit=844%2C798&resize=350%2C200","width":350,"height":200},"classes":[]},{"id":5780,"url":"http:\/\/astehshop.com\/index.php\/product\/jablotron-jk-xsja10ii-set-lite-zicni-set\/","url_meta":{"origin":7170,"position":2},"title":"Jablotron JK-XSJA10II-SET LITE \u017ei\u010dni set","date":"9. sije\u010dnja 2022.","format":false,"excerpt":"JA-14K \u017ei\u010dna centrala, JA-10E \u017ei\u010dna tastatura, JA-114HN modul sa po 4 konvencionalna ulaza i PG izlaza, JS-20 Largo \u017ei\u010dni PIR detektor, JA-10A \u017ei\u010dna unutra\u0161nja sirena i JA-192J privezak RFID. * Kontrola preko cloud-a: aplikacija, ra\u010dunarr ili tastatura * Memorija za do7 miliona doga\u0111aja (interno i na serveru) * Auto-dijagnostika, prikaz\u2026","rel":"","context":"Srodne objave","img":{"alt_text":"","src":"https:\/\/i2.wp.com\/astehshop.com\/wp-content\/uploads\/2022\/01\/JK-XSJA10II-SET.jpg?fit=878%2C852&resize=350%2C200","width":350,"height":200},"classes":[]},{"id":4264,"url":"http:\/\/astehshop.com\/index.php\/product\/dahua-set-4-mp-sa-motorizovanim-zoom-om-komplet\/","url_meta":{"origin":7170,"position":3},"title":"Dahua set 4 MP sa motorizovanim zoom-om komplet","date":"31. o\u017eujka 2020.","format":false,"excerpt":"\ud83d\udd25Dahua akcija\ud83d\udd25 \ud83d\ude80Kompletan set 4 kamere 4 MP sa motorizovanim zoom-om. \ud83d\udc4c1 x Dahua 4 kanalni snima\u010d \ud83d\udc494 x Dahua kamere 4 MP ( 2.7 - 13.5mm + 60M IR ) \ud83d\udc4c1 x 1 TB HDD \ud83d\udc491 x stabilisano napajanje \ud83d\udc4c1 x 100 m kabla ( struja + signal )\u2026","rel":"","context":"Srodne objave","img":{"alt_text":"","src":"https:\/\/i2.wp.com\/astehshop.com\/wp-content\/uploads\/2020\/03\/Dahua-set-4-MP-sa-motorizovanim-zoom-om-komplet.jpg?fit=800%2C544&resize=350%2C200","width":350,"height":200},"classes":[]},{"id":5961,"url":"http:\/\/astehshop.com\/index.php\/product\/jablotron-ja-150e-bezicna-tastatura\/","url_meta":{"origin":7170,"position":4},"title":"Jablotron JA-150E Be\u017ei\u010dna tastatura","date":"13. velja\u010de 2022.","format":false,"excerpt":"JA-150E je be\u017ei\u010dna tastatura za sisteme JA-100 KR.Ova tastatuta mo\u017ee kontrolisati sve \u010detiri particije\/sekcije koje nudi JA-100KR sistem i mo\u017ee upravljati programabilnim izlazima. Ova tastatura ima mogu\u0107nost prikaza korisni\u010dki definisanih poruka, vremena i temperature. JA-150E se napaja baterijama. Funkcionalni tasteri istovremeno slu\u017ee kao indikatori statusa. Potpuno je be\u017ei\u010dni i napajaju\u2026","rel":"","context":"Srodne objave","img":{"alt_text":"","src":"https:\/\/i1.wp.com\/astehshop.com\/wp-content\/uploads\/2022\/02\/JA-150E-Bez.-tastatura.png?fit=600%2C569&resize=350%2C200","width":350,"height":200},"classes":[]},{"id":5965,"url":"http:\/\/astehshop.com\/index.php\/product\/jablotron-ja-153e-bezicna-tastatura\/","url_meta":{"origin":7170,"position":5},"title":"Jablotron JA-153E Be\u017ei\u010dna tastatura","date":"13. velja\u010de 2022.","format":false,"excerpt":"JA-154E je dvosmerni be\u017ei\u010dni pristupni modul (tastatura sistema) sa tastaturom i RFID \u010dita\u010dem za kontrolu sistema i autorizaciju korisnika.Ovaj pristupni modul uklju\u010duje jedan kontrolni segment i mo\u017ee biti opremljen sa 20 JA-192E kon- trolnih segmenata.Be\u017ei\u010dni pristupni modul je opremljen SRW funkcijom koja omogu\u0107ava automatski prekid mirovanja (paljenje) modula tokom ulazne\u2026","rel":"","context":"Srodne objave","img":{"alt_text":"","src":"https:\/\/i1.wp.com\/astehshop.com\/wp-content\/uploads\/2022\/02\/JA-153E-Bezicna-tastatura.png?fit=600%2C569&resize=350%2C200","width":350,"height":200},"classes":[]}],"_links":{"self":[{"href":"http:\/\/astehshop.com\/index.php\/wp-json\/wp\/v2\/product\/7170"}],"collection":[{"href":"http:\/\/astehshop.com\/index.php\/wp-json\/wp\/v2\/product"}],"about":[{"href":"http:\/\/astehshop.com\/index.php\/wp-json\/wp\/v2\/types\/product"}],"replies":[{"embeddable":true,"href":"http:\/\/astehshop.com\/index.php\/wp-json\/wp\/v2\/comments?post=7170"}],"wp:featuredmedia":[{"embeddable":true,"href":"http:\/\/astehshop.com\/index.php\/wp-json\/wp\/v2\/media\/7171"}],"wp:attachment":[{"href":"http:\/\/astehshop.com\/index.php\/wp-json\/wp\/v2\/media?parent=7170"}],"wp:term":[{"taxonomy":"product_cat","embeddable":true,"href":"http:\/\/astehshop.com\/index.php\/wp-json\/wp\/v2\/product_cat?post=7170"},{"taxonomy":"product_tag","embeddable":true,"href":"http:\/\/astehshop.com\/index.php\/wp-json\/wp\/v2\/product_tag?post=7170"}],"curies":[{"name":"wp","href":"https:\/\/api.w.org\/{rel}","templated":true}]}}