{"id":7164,"date":"2023-01-25T18:25:15","date_gmt":"2023-01-25T17:25:15","guid":{"rendered":"http:\/\/astehshop.com\/?post_type=product&#038;p=7164"},"modified":"2025-09-17T21:21:53","modified_gmt":"2025-09-17T19:21:53","slug":"hikvision-kompletan-bezicni-alarm-set-ds-pwa64-kit-we-sa-vanjskom-wifi-sirenom-tastatura","status":"publish","type":"product","link":"http:\/\/astehshop.com\/index.php\/product\/hikvision-kompletan-bezicni-alarm-set-ds-pwa64-kit-we-sa-vanjskom-wifi-sirenom-tastatura\/","title":{"rendered":"HikVision kompletan be\u017ei\u010dni alarm set DS-PWA64-KIT-WE sa vanjskom WIFI sirenom + tastatura"},"content":{"rendered":"<div>\n<p>AX PRO be\u017ei\u010dni alarmni set.<\/p>\n<p>1 x alarmna centrala DS-PWA64-L-WE<br \/>\n1 x Be\u017ei\u010dni PIR detektor DS-PDP15P-EG2-WE,<br \/>\n1 x be\u017ei\u010dni magnetni kontakt<br \/>\n1 x daljinski upravlja\u010d<br \/>\n1 x vanjska sirena\u00a0 DS-PS1-E-WE ( vijek baterije blizu 3 godine, 3 tipa zvuka * po\u017ear, panik, upad, 110 dB, tamper, dolazi sa baterijama\u00a0 )<br \/>\n1 x DS-PK1-E-WE Be\u017ei\u010dna tastatura sa LED tasterima za centrale serije AX PRO, mogu\u0107nost uklju\u010divanja\/isklju\u010divanja alarma, panik i tihi alarm, aktiviranje relejnih izlaza, dvosmjerna komunikacija sa centralom 868Mhz na rastojanju 1200m i AES 128 enkripcija, napajanje 4 baterije AA \/ 1.5Vdc.<\/p>\n<p>Podr\u017eava LAN, Wi-Fi, GPRS, 868 MHz Dvosmjerna be\u017ei\u010dna komunikacija, AES-128 enkripcija, veliki domet, video verifikacija zone u alarmu,<br \/>\nLak za programiranje putem aplikacije Hik-connect i Hik Pro-Connect.<br \/>\nBe\u017ei\u010dne zone\/izlazi: do 64 Zone, 32 daljinska upravlja\u010da, 2 ripitera, 4 sirene i 8 tastatura.<br \/>\nSoftverske mogu\u0107nosti: 16 podru\u010dja, zvu\u010dno upozorenje, led statusi naoru\u017eavanje\/razoru\u017eavanje, alarm, neovla\u0161c\u0301eni rad, kvar, oblak, snaga RS-232 izlaz, Single SIM slot<br \/>\nNapajanje: integrisano napajanje i baterija 4.2Ah (12h trajanje u stand by re\u017eimu)<\/p>\n<p>066 123 234<\/p>\n<\/div>\n","protected":false},"excerpt":{"rendered":"<div>\n<p>AX PRO be\u017ei\u010dni alarmni set.<\/p>\n<p>1 x alarmna centrala DS-PWA64-L-WE<br \/>\n1 x Be\u017ei\u010dni PIR detektor DS-PDP15P-EG2-WE,<br \/>\n1 x be\u017ei\u010dni magnetni kontakt<br \/>\n1 x daljinski upravlja\u010d<br \/>\n1 x vanjska sirena\u00a0 DS-PS1-E-WE ( vijek baterije blizu 3 godine, 3 tipa zvuka * po\u017ear, panik, upad, 110 dB, tamper, dolazi sa baterijama\u00a0 )<br \/>\n1 x DS-PK1-E-WE Be\u017ei\u010dna tastatura sa LED tasterima za centrale serije AX PRO, mogu\u0107nost uklju\u010divanja\/isklju\u010divanja alarma, panik i tihi alarm, aktiviranje relejnih izlaza, dvosmjerna komunikacija sa centralom 868Mhz na rastojanju 1200m i AES 128 enkripcija, napajanje 4 baterije AA \/ 1.5Vdc.<\/p>\n<p>Podr\u017eava LAN, Wi-Fi, GPRS, 868 MHz Dvosmjerna be\u017ei\u010dna komunikacija, AES-128 enkripcija, veliki domet, video verifikacija zone u alarmu,<br \/>\nLak za programiranje putem aplikacije Hik-connect i Hik Pro-Connect.<br \/>\nBe\u017ei\u010dne zone\/izlazi: do 64 Zone, 32 daljinska upravlja\u010da, 2 ripitera, 4 sirene i 8 tastatura.<br \/>\nSoftverske mogu\u0107nosti: 16 podru\u010dja, zvu\u010dno upozorenje, led statusi naoru\u017eavanje\/razoru\u017eavanje, alarm, neovla\u0161c\u0301eni rad, kvar, oblak, snaga RS-232 izlaz, Single SIM slot<br \/>\nNapajanje: integrisano napajanje i baterija 4.2Ah (12h trajanje u stand by re\u017eimu)<\/p>\n<p>066 123 234<\/p>\n<\/div>\n","protected":false},"featured_media":7165,"comment_status":"open","ping_status":"closed","template":"","meta":{"_mi_skip_tracking":false,"_exactmetrics_sitenote_active":false,"_exactmetrics_sitenote_note":"","_exactmetrics_sitenote_category":0,"spay_email":""},"product_cat":[2723,2298,3104],"product_tag":[3627,3947,3964,3962,3943,5021,3599,827,5035,3489,4999,5034,5033],"brands":[{"id":2044,"name":"HikVision","slug":"hikvision"}],"df_price":"","df_sale_price":"","df_regular_price":"","df_image_link":"https:\/\/i1.wp.com\/astehshop.com\/wp-content\/uploads\/2023\/01\/hik-set-2-sa-sirenom-vanjskom-i-tastaturom.jpg?fit=450%2C357","jetpack_publicize_connections":[],"jetpack_sharing_enabled":true,"jetpack_likes_enabled":true,"jetpack-related-posts":[{"id":7166,"url":"http:\/\/astehshop.com\/index.php\/product\/hikvision-kompletan-bezicni-alarm-set-ds-pwa64-kit-we-sa-vanjskom-wifi-sirenom-tastatura-2\/","url_meta":{"origin":7164,"position":0},"title":"HikVision kompletan be\u017ei\u010dni alarm set DS-PWA64-KIT-WE sa vanjskom WIFI sirenom + tastatura","date":"25. sije\u010dnja 2023.","format":false,"excerpt":"AX PRO be\u017ei\u010dni alarmni set. 1 x alarmna centrala DS-PWA64-L-WE 2 x Be\u017ei\u010dni PIR detektor DS-PDP15P-EG2-WE, 1 x be\u017ei\u010dni magnetni kontakt 1 x daljinski upravlja\u010d 1 x vanjska sirena\u00a0 DS-PS1-E-WE ( vijek baterije blizu 3 godine, 3 tipa zvuka * po\u017ear, panik, upad, 110 dB, tamper, dolazi sa baterijama\u00a0 )\u2026","rel":"","context":"Srodne objave","img":{"alt_text":"","src":"https:\/\/i0.wp.com\/astehshop.com\/wp-content\/uploads\/2023\/01\/komplet-sa-2-senzora.jpg?fit=1200%2C953&resize=350%2C200","width":350,"height":200},"classes":[]},{"id":7162,"url":"http:\/\/astehshop.com\/index.php\/product\/hikvision-kompletan-bezicni-alarm-set-ds-pwa64-kit-we-sa-vanjskom-wifi-sirenom\/","url_meta":{"origin":7164,"position":1},"title":"HikVision kompletan be\u017ei\u010dni alarm set DS-PWA64-KIT-WE sa vanjskom WIFI sirenom","date":"25. sije\u010dnja 2023.","format":false,"excerpt":"AX PRO be\u017ei\u010dni alarmni set. 1 x alarmna centrala DS-PWA64-L-WE 1 x Be\u017ei\u010dni PIR detektor DS-PDP15P-EG2-WE, 1 x be\u017ei\u010dni magnetni kontakt 1 x daljinski upravlja\u010d 1 x vanjska sirena\u00a0 DS-PS1-E-WE ( vijek baterije blizu 3 godine, 3 tipa zvuka * po\u017ear, panik, upad, 110 dB, tamper, dolazi sa baterijama\u00a0 )\u2026","rel":"","context":"Srodne objave","img":{"alt_text":"","src":"https:\/\/i1.wp.com\/astehshop.com\/wp-content\/uploads\/2023\/01\/hik-alarm-i-vanjska-sirena.jpg?fit=1200%2C953&resize=350%2C200","width":350,"height":200},"classes":[]},{"id":7160,"url":"http:\/\/astehshop.com\/index.php\/product\/hikvision-kompletan-bezicni-alarm-set-ds-pwa64-kit-we-start\/","url_meta":{"origin":7164,"position":2},"title":"HikVision kompletan be\u017ei\u010dni alarm set DS-PWA64-KIT-WE START","date":"24. sije\u010dnja 2023.","format":false,"excerpt":"AX PRO be\u017ei\u010dni alarmni set. U setu dolazi centrala DS-PWA64-L-WE, Be\u017ei\u010dni PIR detektor DS-PDP15P-EG2-WE, be\u017ei\u010dni magnetni kontakt i daljinski upravlja\u010d. Podr\u017eava LAN, Wi-Fi, GPRS, 868 MHz Dvosmjerna be\u017ei\u010dna komunikacija, AES-128 enkripcija, veliki domet, video verifikacija zone u alarmu, Lak za programiranje putem aplikacije Hik-connect i Hik Pro-Connect. Be\u017ei\u010dne zone\/izlazi: do\u2026","rel":"","context":"Srodne objave","img":{"alt_text":"","src":"https:\/\/i1.wp.com\/astehshop.com\/wp-content\/uploads\/2023\/01\/hikvisin-set-sa-1-senzorom.jpg?fit=1200%2C953&resize=350%2C200","width":350,"height":200},"classes":[]},{"id":6128,"url":"http:\/\/astehshop.com\/index.php\/product\/bezicni-citac-kartica-hikvision-ax-pro-ds-pt1-we\/","url_meta":{"origin":7164,"position":3},"title":"Be\u017ei\u010dni \u010dita\u010d kartica HikVision AX PRO DS-PT1-WE","date":"1. travnja 2022.","format":false,"excerpt":"868MHz dvosmjerna komunikacija AES-128 enkripcija prednji i stra\u017eni tamper do 1200m (u otvorenom prostoru) AA baterije x3kom dimenzije : 75x124x21mm","rel":"","context":"Srodne objave","img":{"alt_text":"","src":"https:\/\/i1.wp.com\/astehshop.com\/wp-content\/uploads\/2022\/04\/DS-PT1-WE.png?fit=678%2C381&resize=350%2C200","width":350,"height":200},"classes":[]},{"id":6102,"url":"http:\/\/astehshop.com\/index.php\/product\/bezicna-alarmna-centrala-hikvision-ds-pwa64-l-we-ax-pro\/","url_meta":{"origin":7164,"position":4},"title":"Be\u017ei\u010dna alarmna centrala HikVision DS-PWA64-L-WE AX PRO","date":"1. travnja 2022.","format":false,"excerpt":"TCP\/IP, Wi-Fi, GPRS dvosmjerna komunikacija sa AES-128 enkripcijom do 64 zone, 8 tipkovnica, 4 sirene 4520 mAh baterija Contact ID i SIA protokol","rel":"","context":"Srodne objave","img":{"alt_text":"","src":"https:\/\/i1.wp.com\/astehshop.com\/wp-content\/uploads\/2022\/04\/DS-PWA64-L-WE.png?fit=800%2C800&resize=350%2C200","width":350,"height":200},"classes":[]},{"id":6116,"url":"http:\/\/astehshop.com\/index.php\/product\/bezicni-detektor-temperature-i-vlaznosti-hikvision-ax-pro-ds-pdtph-e-we\/","url_meta":{"origin":7164,"position":5},"title":"Be\u017ei\u010dni detektor temperature i vla\u017enosti HikVision AX PRO DS-PDTPH-E-WE","date":"1. travnja 2022.","format":false,"excerpt":"temperaturni senzor : -10\u00b0 do 55\u00b0 (samostoje\u0107i) temperaturni senzor : -35\u00b0 do 99\u00b0 (sa sondom) 2.7\u00b4\u00b4 display sa LED indikacijom 868Mhz dvosmjerna komunikacija napajanje : AAA baterije x2kom dimenzije : 62.6 x 62.6 x 18mm","rel":"","context":"Srodne objave","img":{"alt_text":"","src":"https:\/\/i2.wp.com\/astehshop.com\/wp-content\/uploads\/2022\/04\/DS-PDTPH-E-WE.jpg?fit=800%2C800&resize=350%2C200","width":350,"height":200},"classes":[]}],"_links":{"self":[{"href":"http:\/\/astehshop.com\/index.php\/wp-json\/wp\/v2\/product\/7164"}],"collection":[{"href":"http:\/\/astehshop.com\/index.php\/wp-json\/wp\/v2\/product"}],"about":[{"href":"http:\/\/astehshop.com\/index.php\/wp-json\/wp\/v2\/types\/product"}],"replies":[{"embeddable":true,"href":"http:\/\/astehshop.com\/index.php\/wp-json\/wp\/v2\/comments?post=7164"}],"wp:featuredmedia":[{"embeddable":true,"href":"http:\/\/astehshop.com\/index.php\/wp-json\/wp\/v2\/media\/7165"}],"wp:attachment":[{"href":"http:\/\/astehshop.com\/index.php\/wp-json\/wp\/v2\/media?parent=7164"}],"wp:term":[{"taxonomy":"product_cat","embeddable":true,"href":"http:\/\/astehshop.com\/index.php\/wp-json\/wp\/v2\/product_cat?post=7164"},{"taxonomy":"product_tag","embeddable":true,"href":"http:\/\/astehshop.com\/index.php\/wp-json\/wp\/v2\/product_tag?post=7164"}],"curies":[{"name":"wp","href":"https:\/\/api.w.org\/{rel}","templated":true}]}}