{"id":7150,"date":"2023-01-21T12:31:18","date_gmt":"2023-01-21T11:31:18","guid":{"rendered":"http:\/\/astehshop.com\/?post_type=product&#038;p=7150"},"modified":"2023-01-22T10:03:13","modified_gmt":"2023-01-22T09:03:13","slug":"paradox-alarm-komplet-sa-2-senzora-i-sirenom-sp5500","status":"publish","type":"product","link":"http:\/\/astehshop.com\/index.php\/product\/paradox-alarm-komplet-sa-2-senzora-i-sirenom-sp5500\/","title":{"rendered":"Paradox alarm komplet sa 2 senzora i sirenom SP5500+"},"content":{"rendered":"<div>\n<div>\n<div>\n<p>Alarmni komplet za firme, poslovne prostore, ku\u0107e, stanove<\/p>\n<p>1 x Paradox centrala SP5500+ novi model<br \/>\n2 x Paradox NV5 senzora sa nosa\u010dem<br \/>\n1 x Paradox tastatura K10 LED<br \/>\n1 x Solo vanjska sirena ( najbolja u klasi )<br \/>\n1 x Trafox 220 na 16.5 V<br \/>\n1 x metalna kutija za elemente<br \/>\n2 x akumulator 12v 7Ah ( jedan za sirenu, jedan za centralu )<\/p>\n<p>Paradox alarmni sistemi su prisutni na na\u0161em tr\u017ei\u0161tu dugi niz godina i u ovom setu dolazi sa\u00a0 dva PIR senzora nudi mogu\u0107nost da pokrijete ulaz u ku\u0107u ili dvori\u0161te, odnosno manji lokal ili trafiku.<\/p>\n<p>U kompletu se nalazi \u017ei\u010dni PIR senzor koji slu\u017ei da otkrije \u010dovjek u polju. Lako otkriva ljude ili velike \u017eivotinje koje naru\u0161avaju \u0161ti\u0107eni prostor i blagovremeno obavje\u0161tavaju o alarmnim doga\u0111ajima..<\/p>\n<p>Pored \u017ei\u010dnih senzora u kompletu se nalazi centrala.<br \/>\nSet se isporu\u010duje bez alarmnih kablova. Razlog tome su razli\u010dite du\u017eine potrebne za dovod do senzora, \u0161ifratora, sirene.<\/p>\n<p>Sve detaljno mo\u017eete prona\u0107i i u na\u0161em odjelu na sajtu pod nazivom Tutorijali<\/p>\n<p>Ovo je mogu\u0107e kupiti samo putem na\u0161eg sajta po ovoj\u00a0 cijeni !<\/p>\n<\/div>\n<\/div>\n<\/div>\n","protected":false},"excerpt":{"rendered":"<div>\n<div>\n<div>\n<div>\n<div>\n<div>\n<div>\n<div>\n<div>\n<p>Alarmni komplet za firme, poslovne prostore, ku\u0107e, stanove<\/p>\n<p>1 x Paradox centrala SP5500+ novi model<br \/>\n2 x Paradox NV5 senzora sa nosa\u010dem<br \/>\n1 x Paradox tastatura K10 LED<br \/>\n1 x Solo vanjska sirena ( najbolja u klasi )<br \/>\n1 x Trafox 220 na 16.5 V<br \/>\n1 x metalna kutija za elemente<br \/>\n2 x akumulator 12v 7Ah ( jedan za sirenu, jedan za centralu )<\/p>\n<p>Paradox alarmni sistemi su prisutni na na\u0161em tr\u017ei\u0161tu dugi niz godina i u ovom setu dolazi sa\u00a0 dva PIR senzora nudi mogu\u0107nost da pokrijete ulaz u ku\u0107u ili dvori\u0161te, odnosno manji lokal ili trafiku.<\/p>\n<p>U kompletu se nalazi \u017ei\u010dni PIR senzor koji slu\u017ei da otkrije \u010dovjek u polju. Lako otkriva ljude ili velike \u017eivotinje koje naru\u0161avaju \u0161ti\u0107eni prostor i blagovremeno obavje\u0161tavaju o alarmnim doga\u0111ajima..<\/p>\n<p>Pored \u017ei\u010dnih senzora u kompletu se nalazi centrala.<br \/>\nSet se isporu\u010duje bez alarmnih kablova. Razlog tome su razli\u010dite du\u017eine potrebne za dovod do senzora, \u0161ifratora, sirene.<\/p>\n<p>Sve detaljno mo\u017eete prona\u0107i i u na\u0161em odjelu na sajtu pod nazivom Tutorijali<\/p>\n<p>Ovo je mogu\u0107e kupiti samo putem na\u0161eg sajta po ovoj\u00a0 cijeni !<\/p>\n<\/div>\n<\/div>\n<\/div>\n<\/div>\n<\/div>\n<\/div>\n<\/div>\n<\/div>\n<\/div>\n","protected":false},"featured_media":7151,"comment_status":"open","ping_status":"closed","template":"","meta":{"_mi_skip_tracking":false,"_exactmetrics_sitenote_active":false,"_exactmetrics_sitenote_note":"","_exactmetrics_sitenote_category":0,"spay_email":""},"product_cat":[141,2723,2294],"product_tag":[347,246,4999,317,4997,150,4998,836,5003,283,320,5000,5002,353,235,5001,4996],"brands":[{"id":2046,"name":"paradox","slug":"paradox"}],"df_price":629,"df_sale_price":"","df_regular_price":629,"df_image_link":"https:\/\/i2.wp.com\/astehshop.com\/wp-content\/uploads\/2023\/01\/paradox-sa-2-senzora.jpg?fit=450%2C357","jetpack_publicize_connections":[],"jetpack_sharing_enabled":true,"jetpack_likes_enabled":true,"jetpack-related-posts":[{"id":5546,"url":"http:\/\/astehshop.com\/index.php\/product\/bezicni-paradox-alarm-komplet\/","url_meta":{"origin":7150,"position":0},"title":"Be\u017ei\u010dni paradox alarm komplet","date":"22. listopada 2021.","format":false,"excerpt":"U kompletu dobijate ( mozemo u dogovoru da Vam podesimo sve i na Vama je samo da promijenite ulaznu \u0161ifru ) : 1 x Be\u017ei\u010dnu magellan paradox alarmnu centralu 2 x PMD2P be\u017ei\u010dna senzora ( sa ura\u010dunatim baterijama koje mogu trajati i do 3 godine ) 1 x k10 led\u2026","rel":"","context":"Srodne objave","img":{"alt_text":"","src":"https:\/\/i2.wp.com\/astehshop.com\/wp-content\/uploads\/2021\/10\/slika-1854472-5c321fd1a847f-velika.jpg?fit=800%2C560&resize=350%2C200","width":350,"height":200},"classes":[]},{"id":7070,"url":"http:\/\/astehshop.com\/index.php\/product\/ajax-alarm-komplet-sa-2-senzora-i-sirenom-kontrola-putem-telefona\/","url_meta":{"origin":7150,"position":1},"title":"Ajax alarm komplet sa 2 senzora i sirenom &#8211; kontrola putem telefona","date":"10. prosinca 2022.","format":false,"excerpt":"Alarmni komplet za firme, poslovne prostore, ku\u0107e, stanove 1 x AJAX Hub WH alarmna centrala 2 x AJAX MotionProtect WH be\u017ei\u010dni PIR detektor 1 x AJAX SpaceControl WH daljinski upravlja\u010d 1 x AJAX HomeSiren WH Ajax\u00a0 alarmni komplet sa po jednim PIR senzorom nudi mogu\u0107nost da pokrijete ulaz u ku\u0107u\u2026","rel":"","context":"Srodne objave","img":{"alt_text":"","src":"https:\/\/i2.wp.com\/astehshop.com\/wp-content\/uploads\/2022\/12\/komplet-alarm-ajax-sa-2-senzora.jpg?fit=1200%2C953&resize=350%2C200","width":350,"height":200},"classes":[]},{"id":7064,"url":"http:\/\/astehshop.com\/index.php\/product\/ajax-alarm-komplet-starter-sa-1-senzorom-kontrola-putem-telefona\/","url_meta":{"origin":7150,"position":2},"title":"Ajax alarm komplet Starter sa 1 senzorom &#8211; kontrola putem telefona","date":"10. prosinca 2022.","format":false,"excerpt":"Alarmni komplet za firme, poslovne prostore, ku\u0107e, stanove 1 x AJAX Hub WH alarmna centrala 1 x AJAX MotionProtect WH be\u017ei\u010dni PIR detektor Ajax\u00a0 alarmni komplet sa po jednim PIR senzorom nudi mogu\u0107nost da pokrijete ulaz u ku\u0107u ili dvori\u0161te, odnosno manji lokal ili trafiku koji mo\u017eete spojiti na internet\u2026","rel":"","context":"Srodne objave","img":{"alt_text":"","src":"https:\/\/i0.wp.com\/astehshop.com\/wp-content\/uploads\/2022\/12\/ajax-alarm-1-senzor.jpg?fit=1200%2C953&resize=350%2C200","width":350,"height":200},"classes":[]},{"id":7068,"url":"http:\/\/astehshop.com\/index.php\/product\/ajax-alarm-komplet-sa-1-senzorom-i-sirenom-kontrola-putem-telefona\/","url_meta":{"origin":7150,"position":3},"title":"Ajax alarm komplet sa 1 senzorom i sirenom &#8211; kontrola putem telefona","date":"10. prosinca 2022.","format":false,"excerpt":"Alarmni komplet za firme, poslovne prostore, ku\u0107e, stanove 1 x AJAX Hub WH alarmna centrala 1 x AJAX MotionProtect WH be\u017ei\u010dni PIR detektor 1 x AJAX SpaceControl WH daljinski upravlja\u010d 1 x AJAX HomeSiren WH Ajax\u00a0 alarmni komplet sa po jednim PIR senzorom nudi mogu\u0107nost da pokrijete ulaz u ku\u0107u\u2026","rel":"","context":"Srodne objave","img":{"alt_text":"","src":"https:\/\/i1.wp.com\/astehshop.com\/wp-content\/uploads\/2022\/12\/ajax-sa-sirenom.jpg?fit=1200%2C953&resize=350%2C200","width":350,"height":200},"classes":[]},{"id":7066,"url":"http:\/\/astehshop.com\/index.php\/product\/ajax-alarm-komplet-sa-1-senzorom-i-daljinskim-kontrola-putem-telefona\/","url_meta":{"origin":7150,"position":4},"title":"Ajax alarm komplet sa 1 senzorom i daljinskim &#8211; kontrola putem telefona","date":"10. prosinca 2022.","format":false,"excerpt":"Alarmni komplet za firme, poslovne prostore, ku\u0107e, stanove 1 x AJAX Hub WH alarmna centrala 1 x AJAX MotionProtect WH be\u017ei\u010dni PIR detektor 1 x AJAX SpaceControl WH daljinski upravlja\u010d Ajax\u00a0 alarmni komplet sa po jednim PIR senzorom nudi mogu\u0107nost da pokrijete ulaz u ku\u0107u ili dvori\u0161te, odnosno manji lokal\u2026","rel":"","context":"Srodne objave","img":{"alt_text":"","src":"https:\/\/i2.wp.com\/astehshop.com\/wp-content\/uploads\/2022\/12\/ajax-alarm-senzor-i-daljinski.jpg?fit=1200%2C953&resize=350%2C200","width":350,"height":200},"classes":[]},{"id":2496,"url":"http:\/\/astehshop.com\/index.php\/product\/zicana-paradox-centrala-sp6000\/","url_meta":{"origin":7150,"position":5},"title":"\u017di\u010dana paradox centrala sp6000","date":"27. velja\u010de 2018.","format":false,"excerpt":"Alarmna centrala 16 zona, 2 particije, 2 PGM izlaza, komunikator,BEZ \u0161ifratora i kutije.","rel":"","context":"Srodne objave","img":{"alt_text":"","src":"https:\/\/i2.wp.com\/astehshop.com\/wp-content\/uploads\/2018\/02\/sp6000paradox.jpg?fit=500%2C500&resize=350%2C200","width":350,"height":200},"classes":[]}],"_links":{"self":[{"href":"http:\/\/astehshop.com\/index.php\/wp-json\/wp\/v2\/product\/7150"}],"collection":[{"href":"http:\/\/astehshop.com\/index.php\/wp-json\/wp\/v2\/product"}],"about":[{"href":"http:\/\/astehshop.com\/index.php\/wp-json\/wp\/v2\/types\/product"}],"replies":[{"embeddable":true,"href":"http:\/\/astehshop.com\/index.php\/wp-json\/wp\/v2\/comments?post=7150"}],"wp:featuredmedia":[{"embeddable":true,"href":"http:\/\/astehshop.com\/index.php\/wp-json\/wp\/v2\/media\/7151"}],"wp:attachment":[{"href":"http:\/\/astehshop.com\/index.php\/wp-json\/wp\/v2\/media?parent=7150"}],"wp:term":[{"taxonomy":"product_cat","embeddable":true,"href":"http:\/\/astehshop.com\/index.php\/wp-json\/wp\/v2\/product_cat?post=7150"},{"taxonomy":"product_tag","embeddable":true,"href":"http:\/\/astehshop.com\/index.php\/wp-json\/wp\/v2\/product_tag?post=7150"}],"curies":[{"name":"wp","href":"https:\/\/api.w.org\/{rel}","templated":true}]}}