{"id":7134,"date":"2022-12-27T23:02:51","date_gmt":"2022-12-27T22:02:51","guid":{"rendered":"http:\/\/astehshop.com\/?post_type=product&#038;p=7134"},"modified":"2023-01-06T11:36:45","modified_gmt":"2023-01-06T10:36:45","slug":"partizan-security-dome-kamera-2-mp-cdm-223s-ir","status":"publish","type":"product","link":"http:\/\/astehshop.com\/index.php\/product\/partizan-security-dome-kamera-2-mp-cdm-223s-ir\/","title":{"rendered":"Partizan Security dome kamera 2 MP CDM-223S-IR"},"content":{"rendered":"<p><span class=\"HwtZe\" lang=\"bs\"><span class=\"jCAhz ChMk0b\"><span class=\"ryNqvb\">Ovaj model kamere \u0107e postati odli\u010dan izbor ako tra\u017eite jednostavno, ali pouzdano rje\u0161enje za unutra\u0161nji video nadzor.<\/span><\/span> <span class=\"jCAhz ChMk0b\"><span class=\"ryNqvb\">Kamera ima rezoluciju od 2,0 Mp i opremljena je 1\/2,7\u2033 FullHD CMOS matricom sa dobrim kvalitetom slike u svim uslovima osvetljenja.<\/span><\/span> <span class=\"jCAhz ChMk0b\"><span class=\"ryNqvb\">Kamera je opremljena nizom od 18 infracrvenih SMD LED dioda za no\u0107ni video nadzor.<\/span><\/span> <span class=\"jCAhz ChMk0b\"><span class=\"ryNqvb\">Poma\u017eu da se dobije jednobojna slika na udaljenosti do 20 metara sa uglom gledanja od 60\u00b0.<\/span><\/span> <span class=\"jCAhz ChMk0b\"><span class=\"ryNqvb\">No\u0107ni re\u017eim se automatski prebacuje.<\/span><\/span> <span class=\"jCAhz ChMk0b\"><span class=\"ryNqvb\">Objektiv kamere ima fiksnu \u017ei\u017enu daljinu od 2,8 mm i pru\u017ea maksimalan kvalitet slike na udaljenosti od oko 3 metra.<\/span><\/span> <span class=\"jCAhz ChMk0b\"><span class=\"ryNqvb\">Ova kamera podr\u017eava 4 na\u010dina rada, kao \u0161to su AHD, TVI, CVI, CVBS i potpuno je kompatibilna sa analognim DVR-ima svih popularnih standarda.<\/span><\/span> <span class=\"jCAhz ChMk0b\"><span class=\"ryNqvb\">Radna temperatura kamere je od -40 do +60 \u00b0C.<\/span><\/span><\/span><\/p>\n<p>Senzor slike:<br \/>\n1\/2,7\u2033 FullHD CMOS<br \/>\nrezolucija:<br \/>\n2,0 Mp (Full HD 1080p). Pobolj\u0161an nadzor za razli\u010dite prostore, lica su jasno prepoznatljiva<br \/>\nObjektiv:<br \/>\nFiksni fokus, f=2,8 mm. \u0160iroki ugao, najbolji rezultati prepoznavanja na udaljenosti do 3 metra<br \/>\nNocna vizija:<br \/>\nDo 20 metara<br \/>\nMaterijal ku\u0107i\u0161ta:<br \/>\nMetal<br \/>\nZa\u0161tita ku\u0107i\u0161ta:<br \/>\nIP66. Potpuna za\u0161tita od pra\u0161ine i vlage. Za vanjsku ili industrijsku upotrebu<br \/>\nNapajanje:<br \/>\nDC12V, 0.4A<br \/>\nRadna temperatura:<br \/>\n-40 \u2013 +60 \u00b0C<br \/>\nDodatne prednosti:<br \/>\n\u2013 Multi-mode opcije AHD\/TVI\/CVI\/CVBS. Tu kameru mo\u017eete prebaciti na bilo koji analogni HD format, kamera je kompatibilna sa snima\u010dima tre\u0107ih strana<br \/>\n\u2013 SMD IR LED diode<\/p>\n","protected":false},"excerpt":{"rendered":"<p><span class=\"HwtZe\" lang=\"bs\"><span class=\"jCAhz ChMk0b\"><span class=\"ryNqvb\">Ovaj model kamere \u0107e postati odli\u010dan izbor ako tra\u017eite jednostavno, ali pouzdano rje\u0161enje za unutra\u0161nji video nadzor.<\/span><\/span> <span class=\"jCAhz ChMk0b\"><span class=\"ryNqvb\">Kamera ima rezoluciju od 2,0 Mp i opremljena je 1\/2,7\u2033 FullHD CMOS matricom sa dobrim kvalitetom slike u svim uslovima osvetljenja.<\/span><\/span> <span class=\"jCAhz ChMk0b\"><span class=\"ryNqvb\">Kamera je opremljena nizom od 18 infracrvenih SMD LED dioda za no\u0107ni video nadzor.<\/span><\/span> <span class=\"jCAhz ChMk0b\"><span class=\"ryNqvb\">Poma\u017eu da se dobije jednobojna slika na udaljenosti do 20 metara sa uglom gledanja od 60\u00b0.<\/span><\/span> <span class=\"jCAhz ChMk0b\"><span class=\"ryNqvb\">No\u0107ni re\u017eim se automatski prebacuje.<\/span><\/span> <span class=\"jCAhz ChMk0b\"><span class=\"ryNqvb\">Objektiv kamere ima fiksnu \u017ei\u017enu daljinu od 2,8 mm i pru\u017ea maksimalan kvalitet slike na udaljenosti od oko 3 metra.<\/span><\/span> <span class=\"jCAhz ChMk0b\"><span class=\"ryNqvb\">Ova kamera podr\u017eava 4 na\u010dina rada, kao \u0161to su AHD, TVI, CVI, CVBS i potpuno je kompatibilna sa analognim DVR-ima svih popularnih standarda.<\/span><\/span> <span class=\"jCAhz ChMk0b\"><span class=\"ryNqvb\">Radna temperatura kamere je od -40 do +60 \u00b0C.<\/span><\/span><\/span><\/p>\n<p>Senzor slike:<br \/>\n1\/2,7\u2033 FullHD CMOS<br \/>\nrezolucija:<br \/>\n2,0 Mp (Full HD 1080p). Pobolj\u0161an nadzor za razli\u010dite prostore, lica su jasno prepoznatljiva<br \/>\nObjektiv:<br \/>\nFiksni fokus, f=2,8 mm. \u0160iroki ugao, najbolji rezultati prepoznavanja na udaljenosti do 3 metra<br \/>\nNocna vizija:<br \/>\nDo 20 metara<br \/>\nMaterijal ku\u0107i\u0161ta:<br \/>\nMetal<br \/>\nZa\u0161tita ku\u0107i\u0161ta:<br \/>\nIP66. Potpuna za\u0161tita od pra\u0161ine i vlage. Za vanjsku ili industrijsku upotrebu<br \/>\nNapajanje:<br \/>\nDC12V, 0.4A<br \/>\nRadna temperatura:<br \/>\n-40 \u2013 +60 \u00b0C<br \/>\nDodatne prednosti:<br \/>\n\u2013 Multi-mode opcije AHD\/TVI\/CVI\/CVBS. Tu kameru mo\u017eete prebaciti na bilo koji analogni HD format, kamera je kompatibilna sa snima\u010dima tre\u0107ih strana<br \/>\n\u2013 SMD IR LED diode<\/p>\n","protected":false},"featured_media":7135,"comment_status":"open","ping_status":"closed","template":"","meta":{"_mi_skip_tracking":false,"_exactmetrics_sitenote_active":false,"_exactmetrics_sitenote_note":"","_exactmetrics_sitenote_category":0,"spay_email":""},"product_cat":[131],"product_tag":[4971],"brands":[{"id":2047,"name":"partizan","slug":"partizan"}],"df_price":89,"df_sale_price":"","df_regular_price":89,"df_image_link":"https:\/\/i0.wp.com\/astehshop.com\/wp-content\/uploads\/2022\/12\/CDM-333H-IR-smd1111.jpg?fit=444%2C450","jetpack_publicize_connections":[],"jetpack_sharing_enabled":true,"jetpack_likes_enabled":true,"jetpack-related-posts":[{"id":7113,"url":"http:\/\/astehshop.com\/index.php\/product\/partizan-security-2-mp-full-hd-kamera-cod-331s-metalno-kuciste\/","url_meta":{"origin":7134,"position":0},"title":"Partizan Security 2 MP FULL HD kamera COD-331S metalno ku\u0107i\u0161te","date":"27. prosinca 2022.","format":false,"excerpt":"Ova FullHD spoljna kamera ima sve \u0161to vam je potrebno za video nadzor visokog kvaliteta. Rezolucija od 2,0 MP omogu\u0107ava vam da dobijete jasnu sliku osoba ili automobila. Objektiv kamere ima fiksnu du\u017einu fokusa od 2,8 mm i osigurava maksimalan kvalitet slike na udaljenosti od oko 3 metra. Kamera se\u2026","rel":"","context":"Srodne objave","img":{"alt_text":"","src":"https:\/\/i1.wp.com\/astehshop.com\/wp-content\/uploads\/2022\/12\/IPO-2SP-SE-v4.1-Cloud-1.jpg?fit=1179%2C1200&resize=350%2C200","width":350,"height":200},"classes":[]},{"id":7111,"url":"http:\/\/astehshop.com\/index.php\/product\/partizan-security-kamera-full-hd-cod-331s\/","url_meta":{"origin":7134,"position":1},"title":"Partizan Security kamera FULL HD COD-331S","date":"27. prosinca 2022.","format":false,"excerpt":"Ova FullHD spoljna kamera ima sve \u0161to vam je potrebno za video nadzor visokog kvaliteta. Rezolucija od 2,0 MP omogu\u0107ava vam da dobijete jasnu sliku osoba ili automobila. Objektiv kamere ima fiksnu du\u017einu fokusa od 2,8 mm. Kamera se automatski prebacuje u no\u0107ni re\u017eim no\u0107u i osigurava kvalitetnu sliku na\u2026","rel":"","context":"Srodne objave","img":{"alt_text":"","src":"https:\/\/i0.wp.com\/astehshop.com\/wp-content\/uploads\/2022\/12\/COD-331S-FullHD-Plastic-1.jpg?fit=1200%2C1126&resize=350%2C200","width":350,"height":200},"classes":[]},{"id":7122,"url":"http:\/\/astehshop.com\/index.php\/product\/partizan-security-5-mp-kamera-dome-cdm-233h-ir-superhd-1-1\/","url_meta":{"origin":7134,"position":2},"title":"Partizan Security 5 MP kamera dome CDM-233H-IR SuperHD 1.1","date":"27. prosinca 2022.","format":false,"excerpt":"Ova SuperHD vanjska kamera ima sve \u0161to vam je potrebno za video nadzor visokog kvaliteta. Rezolucija od 5,0 MP omogu\u0107ava vam da dobijete jasnu sliku osoba ili \u010dak registarskih tablica automobila. Objektiv kamere ima fiksnu du\u017einu fokusa od 2,8 mm i osigurava maksimalan kvalitet slike. Kamera se automatski prebacuje u\u2026","rel":"","context":"Srodne objave","img":{"alt_text":"","src":"https:\/\/i0.wp.com\/astehshop.com\/wp-content\/uploads\/2022\/12\/CDM-233H-IR-SuperHD-v1.1-Metal.jpg?fit=1176%2C1200&resize=350%2C200","width":350,"height":200},"classes":[]},{"id":7115,"url":"http:\/\/astehshop.com\/index.php\/product\/partizan-security-kamera-ahd-cod-631h-superhd-1-2\/","url_meta":{"origin":7134,"position":3},"title":"Partizan Security kamera AHD COD-631H SuperHD 1.2","date":"27. prosinca 2022.","format":false,"excerpt":"Ova SuperHD vanjska kamera ima sve \u0161to vam je potrebno za video nadzor visokog kvaliteta. Rezolucija od 5,0 MP omogu\u0107ava vam da dobijete jasnu sliku malih predmeta ili \u010dak nov\u010danica. Objektiv kamere ima fiksnu du\u017einu fokusa od 2,8 mm. Kamera se automatski prebacuje u no\u0107ni re\u017eim no\u0107u i osigurava kvalitetnu\u2026","rel":"","context":"Srodne objave","img":{"alt_text":"","src":"https:\/\/i1.wp.com\/astehshop.com\/wp-content\/uploads\/2022\/12\/5.0MP-AHD-camera-COD-631H-SuperHD-1.1.jpg?fit=1197%2C1200&resize=350%2C200","width":350,"height":200},"classes":[]},{"id":7117,"url":"http:\/\/astehshop.com\/index.php\/product\/partizan-security-full-color-kamera-5-mp-cod-631h-superhd-full-colour\/","url_meta":{"origin":7134,"position":4},"title":"Partizan Security FULL Color kamera 5 MP COD-631H SuperHD Full Colour","date":"27. prosinca 2022.","format":false,"excerpt":"Ova SuperHD vanjska kamera ima sve \u0161to vam je potrebno za video nadzor visokog kvaliteta. Rezolucija od 5,0 MP omogu\u0107ava vam da dobijete jasnu sliku malih predmeta ili \u010dak nov\u010danica. Objektiv kamere ima \u0161irok ugao gledanja i fiksnu \u017ei\u017enu daljinu od 2,8 mm. Kamera se automatski prebacuje u no\u0107ni re\u017eim\u2026","rel":"","context":"Srodne objave","img":{"alt_text":"","src":"https:\/\/i2.wp.com\/astehshop.com\/wp-content\/uploads\/2022\/12\/COD-631H-SuperHD-Full-Colour.jpg?fit=1114%2C1200&resize=350%2C200","width":350,"height":200},"classes":[]},{"id":11783,"url":"http:\/\/astehshop.com\/index.php\/product\/5mp-ip-camera-ipo-5sp-thermal-sh-termalna-kamera\/","url_meta":{"origin":7134,"position":5},"title":"5Mp IP camera IPO-5SP Thermal SH &#8211; termalna kamera","date":"28. rujna 2025.","format":false,"excerpt":"IPO-5SP Thermal SH je mo\u0107na vanjska kamera koja kombinira opti\u010dko snimanje visoke rezolucije s naprednom termalnom tehnologijom, pru\u017eaju\u0107i izuzetnu sigurnost 24\/7. Ova kamera ima opti\u010dki modul od 5 megapiksela sa 1\/2,8\" CMOS senzorom sa progresivnim skeniranjem, koji pru\u017ea o\u0161tre, detaljne slike u Super HD formatu slike, \u0161to omogu\u0107ava prepoznavanje malih\u2026","rel":"","context":"Srodne objave","img":{"alt_text":"","src":"https:\/\/i2.wp.com\/astehshop.com\/wp-content\/uploads\/2025\/09\/bullet-termalna-kamera-5-mpx.png?fit=899%2C753&resize=350%2C200","width":350,"height":200},"classes":[]}],"_links":{"self":[{"href":"http:\/\/astehshop.com\/index.php\/wp-json\/wp\/v2\/product\/7134"}],"collection":[{"href":"http:\/\/astehshop.com\/index.php\/wp-json\/wp\/v2\/product"}],"about":[{"href":"http:\/\/astehshop.com\/index.php\/wp-json\/wp\/v2\/types\/product"}],"replies":[{"embeddable":true,"href":"http:\/\/astehshop.com\/index.php\/wp-json\/wp\/v2\/comments?post=7134"}],"wp:featuredmedia":[{"embeddable":true,"href":"http:\/\/astehshop.com\/index.php\/wp-json\/wp\/v2\/media\/7135"}],"wp:attachment":[{"href":"http:\/\/astehshop.com\/index.php\/wp-json\/wp\/v2\/media?parent=7134"}],"wp:term":[{"taxonomy":"product_cat","embeddable":true,"href":"http:\/\/astehshop.com\/index.php\/wp-json\/wp\/v2\/product_cat?post=7134"},{"taxonomy":"product_tag","embeddable":true,"href":"http:\/\/astehshop.com\/index.php\/wp-json\/wp\/v2\/product_tag?post=7134"}],"curies":[{"name":"wp","href":"https:\/\/api.w.org\/{rel}","templated":true}]}}