{"id":7133,"date":"2022-12-27T22:59:29","date_gmt":"2022-12-27T21:59:29","guid":{"rendered":"http:\/\/astehshop.com\/?post_type=product&#038;p=7133"},"modified":"2023-01-06T11:52:44","modified_gmt":"2023-01-06T10:52:44","slug":"partizan-security-8-kanalni-nvr-poe-nvd-811-poe-4-0-cloud-prosirivo-na-16-kamera","status":"publish","type":"product","link":"http:\/\/astehshop.com\/index.php\/product\/partizan-security-8-kanalni-nvr-poe-nvd-811-poe-4-0-cloud-prosirivo-na-16-kamera\/","title":{"rendered":"Partizan Security 8 kanalni NVR POE NVD-811 POE 4.0 Cloud pro\u0161irivo na 16 kamera"},"content":{"rendered":"<p><span class=\"HwtZe\" lang=\"bs\"><span class=\"jCAhz ChMk0b\"><span class=\"ryNqvb\">Na ovaj multifunkcionalni NVR mo\u017eete povezati do 16 video kamera rezolucije 8,0 MP.<\/span><\/span> <span class=\"jCAhz ChMk0b\"><span class=\"ryNqvb\">Sve kanale video nadzora ure\u0111aj snima istovremeno u realnom vremenu.<\/span><\/span> <span class=\"jCAhz ChMk0b\"><span class=\"ryNqvb\">\u010cetiri re\u017eima snimanja \u2013 puno radno vreme, alarm, pokret ili raspored \u2013 pru\u017eaju mogu\u0107nost konfigurisanja sistema video nadzora prema definisanim zadacima u svakom vremenskom periodu.<\/span><\/span> <span class=\"jCAhz ChMk0b\"><span class=\"ryNqvb\">Dozvoljeno je sigurnosno kopiranje na USB memorijske ure\u0111aje.<\/span><\/span> <span class=\"jCAhz ChMk0b\"><span class=\"ryNqvb\">Standardni (klasi\u010dni H.264\/H.265) kompresijski kodek vam omogu\u0107ava da primate male video datoteke bez gubitka kvaliteta.<\/span><\/span> <span class=\"jCAhz ChMk0b\"><span class=\"ryNqvb\">Upravljanje mre\u017eom se mo\u017ee obezbijediti sa bilo kojeg mjesta na svijetu.<\/span><\/span> <span class=\"jCAhz ChMk0b\"><span class=\"ryNqvb\">Savremeni softver uklju\u010duje zgodan konfigurator i CMS sistem za pra\u0107enje.<\/span><\/span> <span class=\"jCAhz ChMk0b\"><span class=\"ryNqvb\">Mre\u017eni interfejs Ethernet 10\/100Base-T obezbe\u0111uje pouzdanu, za\u0161ti\u0107enu vezu sa optimalnom brzinom prenosa podataka, \u010dija je maksimalna vrednost do 100 Mbit\/s.<\/span><\/span> <span class=\"jCAhz ChMk0b\"><span class=\"ryNqvb\">NVR je opremljen sa ugra\u0111enim PoE prekida\u010dem za 8 kanala (kamere).<\/span><\/span> <span class=\"jCAhz ChMk0b\"><span class=\"ryNqvb\">Ovo vam omogu\u0107ava da pove\u017eete svaku IP kameru direktno na NVR sa samo jednim Ethernet kablom, koji istovremeno prenosi video i napajanje.<\/span><\/span><\/span><\/p>\n<p>Podr\u017eana koli\u010dina(x) kamere rezolucija snimanja @frejmova u sekundi:<br \/>\n16x8Mp@25, 16x5Mp@25, 16x2Mp@25<br \/>\nPOE funkcija:<br \/>\n8 nezavisnih POE portova. NVR je opremljen sa ugra\u0111enim 8-kanalnim (kamere) Poe prekida\u010dem. Ovo omogu\u0107ava da se svaka IP kamera pove\u017ee direktno na NVR koriste\u0107i samo jedan Ethernet kabl sa prenosom videa i napajanja.<br \/>\nVideo kompresija:<br \/>\nH.264\/H.265. Klasi\u010dni kodek je dobar izbor za \u010duvanje snimaka sa normalnom rezolucijom i kvalitetom slike sa razumnim prostorom za skladi\u0161tenje. Tehnologija kompresije video zapisa visokih performansi omogu\u0107ava vam da dobijete video visoke rezolucije minimalne veli\u010dine (bez gubitka kvaliteta) \u0161tede\u0107i mnogo prostora na tvrdom disku.<br \/>\nAudio ulazi\/izlazi:<br \/>\n-\/1ch TRS 3.5mm. 1 audio izlaz (AUDIO OUT) za audio reprodukciju<br \/>\nVideo izlazi:<br \/>\n1xVGA, 1xHDMI<br \/>\nPodr\u017eani HDD (HDD nije uklju\u010den):<br \/>\n1hSATA HDD \u2264 8Tb<br \/>\nmre\u017ea:<br \/>\nRJ-45 (10\/100Base-T)<br \/>\nUpravljanje i kontrola:<br \/>\nOpti\u010dki mi\u0161<br \/>\nRadna temperatura:<br \/>\n0 \u2013 +50\u00a0\u00b0C<br \/>\nDimenzije:<br \/>\n255x225x45 mm, 730 g<br \/>\nMaterijal ku\u0107i\u0161ta:<br \/>\nMetal<br \/>\nDodatne prednosti:<br \/>\n\u2014 16-kanalni zapis<br \/>\n\u2014 8-portno ugra\u0111eno PoE napajanje<br \/>\n\u2014 Podr\u0161ka za ONVIF 2.4 protokol<br \/>\n\u2014 Podr\u017eava pametne funkcije: detekcija ljudi \/ detekcija upada na perimetar \/ detekcija prelaska ljudske linije \/ detekcija lica. Dostupno samo sa kamerama iz Cloud serije<\/p>\n<p><a href=\"https:\/\/download.partizan.global\/Datasheets\/Partizan\/NVR\/en\/NVD-811_POE_4.0_Cloud_en.pdf\">POGLEDAJTE KOMPLETAN DATASHEET<\/a><\/p>\n","protected":false},"excerpt":{"rendered":"<p><span class=\"HwtZe\" lang=\"bs\"><span class=\"jCAhz ChMk0b\"><span class=\"ryNqvb\">Na ovaj multifunkcionalni NVR mo\u017eete povezati do 16 video kamera rezolucije 8,0 MP.<\/span><\/span> <span class=\"jCAhz ChMk0b\"><span class=\"ryNqvb\">Sve kanale video nadzora ure\u0111aj snima istovremeno u realnom vremenu.<\/span><\/span> <span class=\"jCAhz ChMk0b\"><span class=\"ryNqvb\">\u010cetiri re\u017eima snimanja \u2013 puno radno vreme, alarm, pokret ili raspored \u2013 pru\u017eaju mogu\u0107nost konfigurisanja sistema video nadzora prema definisanim zadacima u svakom vremenskom periodu.<\/span><\/span> <span class=\"jCAhz ChMk0b\"><span class=\"ryNqvb\">Dozvoljeno je sigurnosno kopiranje na USB memorijske ure\u0111aje.<\/span><\/span> <span class=\"jCAhz ChMk0b\"><span class=\"ryNqvb\">Standardni (klasi\u010dni H.264\/H.265) kompresijski kodek vam omogu\u0107ava da primate male video datoteke bez gubitka kvaliteta.<\/span><\/span> <span class=\"jCAhz ChMk0b\"><span class=\"ryNqvb\">Upravljanje mre\u017eom se mo\u017ee obezbijediti sa bilo kojeg mjesta na svijetu.<\/span><\/span> <span class=\"jCAhz ChMk0b\"><span class=\"ryNqvb\">Savremeni softver uklju\u010duje zgodan konfigurator i CMS sistem za pra\u0107enje.<\/span><\/span> <span class=\"jCAhz ChMk0b\"><span class=\"ryNqvb\">Mre\u017eni interfejs Ethernet 10\/100Base-T obezbe\u0111uje pouzdanu, za\u0161ti\u0107enu vezu sa optimalnom brzinom prenosa podataka, \u010dija je maksimalna vrednost do 100 Mbit\/s.<\/span><\/span> <span class=\"jCAhz ChMk0b\"><span class=\"ryNqvb\">NVR je opremljen sa ugra\u0111enim PoE prekida\u010dem za 8 kanala (kamere).<\/span><\/span> <span class=\"jCAhz ChMk0b\"><span class=\"ryNqvb\">Ovo vam omogu\u0107ava da pove\u017eete svaku IP kameru direktno na NVR sa samo jednim Ethernet kablom, koji istovremeno prenosi video i napajanje.<\/span><\/span><\/span><\/p>\n<p>Podr\u017eana koli\u010dina(x) kamere rezolucija snimanja @frejmova u sekundi:<br \/>\n16x8Mp@25, 16x5Mp@25, 16x2Mp@25<br \/>\nPOE funkcija:<br \/>\n8 nezavisnih POE portova. NVR je opremljen sa ugra\u0111enim 8-kanalnim (kamere) Poe prekida\u010dem. Ovo omogu\u0107ava da se svaka IP kamera pove\u017ee direktno na NVR koriste\u0107i samo jedan Ethernet kabl sa prenosom videa i napajanja.<br \/>\nVideo kompresija:<br \/>\nH.264\/H.265. Klasi\u010dni kodek je dobar izbor za \u010duvanje snimaka sa normalnom rezolucijom i kvalitetom slike sa razumnim prostorom za skladi\u0161tenje. Tehnologija kompresije video zapisa visokih performansi omogu\u0107ava vam da dobijete video visoke rezolucije minimalne veli\u010dine (bez gubitka kvaliteta) \u0161tede\u0107i mnogo prostora na tvrdom disku.<br \/>\nAudio ulazi\/izlazi:<br \/>\n-\/1ch TRS 3.5mm. 1 audio izlaz (AUDIO OUT) za audio reprodukciju<br \/>\nVideo izlazi:<br \/>\n1xVGA, 1xHDMI<br \/>\nPodr\u017eani HDD (HDD nije uklju\u010den):<br \/>\n1hSATA HDD \u2264 8Tb<br \/>\nmre\u017ea:<br \/>\nRJ-45 (10\/100Base-T)<br \/>\nUpravljanje i kontrola:<br \/>\nOpti\u010dki mi\u0161<br \/>\nRadna temperatura:<br \/>\n0 \u2013 +50\u00a0\u00b0C<br \/>\nDimenzije:<br \/>\n255x225x45 mm, 730 g<br \/>\nMaterijal ku\u0107i\u0161ta:<br \/>\nMetal<br \/>\nDodatne prednosti:<br \/>\n\u2014 16-kanalni zapis<br \/>\n\u2014 8-portno ugra\u0111eno PoE napajanje<br \/>\n\u2014 Podr\u0161ka za ONVIF 2.4 protokol<br \/>\n\u2014 Podr\u017eava pametne funkcije: detekcija ljudi \/ detekcija upada na perimetar \/ detekcija prelaska ljudske linije \/ detekcija lica. Dostupno samo sa kamerama iz Cloud serije<\/p>\n<p><a href=\"https:\/\/download.partizan.global\/Datasheets\/Partizan\/NVR\/en\/NVD-811_POE_4.0_Cloud_en.pdf\">POGLEDAJTE KOMPLETAN DATASHEET<\/a><\/p>\n","protected":false},"featured_media":7132,"comment_status":"open","ping_status":"closed","template":"","meta":{"_mi_skip_tracking":false,"_exactmetrics_sitenote_active":false,"_exactmetrics_sitenote_note":"","_exactmetrics_sitenote_category":0,"spay_email":""},"product_cat":[1558],"product_tag":[4970],"brands":[{"id":2047,"name":"partizan","slug":"partizan"}],"df_price":349,"df_sale_price":"","df_regular_price":349,"df_image_link":"https:\/\/i0.wp.com\/astehshop.com\/wp-content\/uploads\/2022\/12\/NVH-852-3.0-Cloud.png?fit=450%2C424","jetpack_publicize_connections":[],"jetpack_sharing_enabled":true,"jetpack_likes_enabled":true,"jetpack-related-posts":[{"id":7131,"url":"http:\/\/astehshop.com\/index.php\/product\/partizan-security-4-poe-nvd-411-poe-5-0-cloud-prosirivo-na-16-kamera\/","url_meta":{"origin":7133,"position":0},"title":"Partizan Security 4 POE NVD-411 POE 5.0 Cloud pro\u0161irivo na 16 kamera","date":"27. prosinca 2022.","format":false,"excerpt":"Na ovaj multifunkcionalni NVR mo\u017eete povezati do 16 video kamera rezolucije 8,0 MP. Sve kanale video nadzora ure\u0111aj snima istovremeno u realnom vremenu. \u010cetiri re\u017eima snimanja \u2013 puno radno vreme, alarm, pokret ili raspored \u2013 pru\u017eaju mogu\u0107nost konfigurisanja sistema video nadzora prema definisanim zadacima u svakom vremenskom periodu. Dozvoljeno je\u2026","rel":"","context":"Srodne objave","img":{"alt_text":"","src":"https:\/\/i0.wp.com\/astehshop.com\/wp-content\/uploads\/2022\/12\/NVH-852-3.0-Cloud.png?fit=1158%2C1092&resize=350%2C200","width":350,"height":200},"classes":[]},{"id":7126,"url":"http:\/\/astehshop.com\/index.php\/product\/partizan-security-dvr-8-kanalni-adm-88v-superhd-6-0\/","url_meta":{"origin":7133,"position":1},"title":"Partizan Security DVR 8 Kanalni ADM-88V SuperHD 6.0","date":"27. prosinca 2022.","format":false,"excerpt":"Na ovaj hibridni AHD-DVR mo\u017eete povezati do 8 kamera sa rezolucijom od 5 megapiksela. Sve kanale video nadzora ure\u0111aj snima istovremeno u realnom vremenu. \u010cetiri re\u017eima snimanja \u2013 puno radno vreme, alarm, pokret ili raspored \u2013 pru\u017eaju mogu\u0107nost konfigurisanja sistema video nadzora prema definisanim zadacima u svakom vremenskom periodu. Dozvoljeno\u2026","rel":"","context":"Srodne objave","img":{"alt_text":"","src":"https:\/\/i2.wp.com\/astehshop.com\/wp-content\/uploads\/2022\/12\/NVD-411_POE_1.0_Front1.jpg?fit=1200%2C1072&resize=350%2C200","width":350,"height":200},"classes":[]},{"id":7124,"url":"http:\/\/astehshop.com\/index.php\/product\/partizan-security-dvr-4-kanalni-5-mpx-adm-44u-superhd-5-2\/","url_meta":{"origin":7133,"position":2},"title":"Partizan Security DVR 4 kanalni 5 MPX ADM-44U SuperHD 5.2","date":"27. prosinca 2022.","format":false,"excerpt":"Povoljan ure\u0111aj za malu mre\u017eu video nadzora sa punim setom osnovnih funkcija AHD DVR-a i sa mogu\u0107no\u0161\u0107u reprodukcije audio fajlova. Dozvoljena je veza sa 4 video kamere rezolucije 5.0 Mp. Sve kanale video nadzora ure\u0111aj snima istovremeno u realnom vremenu. \u010cetiri re\u017eima snimanja \u2013 puno radno vreme, alarm, pokret ili\u2026","rel":"","context":"Srodne objave","img":{"alt_text":"","src":"https:\/\/i2.wp.com\/astehshop.com\/wp-content\/uploads\/2022\/12\/NVD-411_POE_1.0_Front1.jpg?fit=1200%2C1072&resize=350%2C200","width":350,"height":200},"classes":[]},{"id":3890,"url":"http:\/\/astehshop.com\/index.php\/product\/mrezni-8-kanalni-snimac-ds-7608ni-k2-za-kamere-do-8-mpx\/","url_meta":{"origin":7133,"position":3},"title":"Mre\u017eni 8 kanalni snima\u010d DS-7608NXI-K2 za kamere do 8 MPX","date":"16. velja\u010de 2020.","format":false,"excerpt":"\u2022 IP video ulaz: 8ch \u2022 Do\u00a08 Mp rezolucija \u2022 BANDWITH SNIMANJA 80Mbps \u2022 Dual streams \u2022 2x SATA su\u010delje do 6tB \u2022 Dvosmjerni audio ulaz: 1-ch RCA (2.0Vp-p, 1k\u03a9) \u2022 Rezolucija snimanja i playbacka: \u2022 8MP\/6MP\/5MP\/4MP\/3MP\/1080p\/UXGA \u2022 HDMI izlaz: 4K (3840 \u00d7 2160) \u2022 Audio izlaz: 1-ch RCA linearni\u2026","rel":"","context":"Srodne objave","img":{"alt_text":"","src":"https:\/\/i0.wp.com\/astehshop.com\/wp-content\/uploads\/2020\/02\/DS-7608NI-K2.jpg?fit=1200%2C893&resize=350%2C200","width":350,"height":200},"classes":[]},{"id":7168,"url":"http:\/\/astehshop.com\/index.php\/product\/video-nadzor-longse-komplet-sa-4-kamere-5-mpx-full-color-sa-mikrofonom-ip-sistem\/","url_meta":{"origin":7133,"position":4},"title":"Video nadzor Longse komplet sa 4 kamere 5 MPX FULL Color sa mikrofonom IP sistem","date":"25. sije\u010dnja 2023.","format":false,"excerpt":"Longse video nadzor SET za poslovne prostore, dvori\u0161ta, gara\u017ee, ku\u0107e, stanove. 1 x Longse 4 kanalni snima\u010d sa 4 POE izlaza ( novi model NVR 6 ) 4 x Longse bullet kamera 5 MPX BMSAGL500WH Full color slika u boji uvijek H.265+ ( integrisan mikrofon ) 1 x disk 1\u2026","rel":"","context":"Srodne objave","img":{"alt_text":"","src":"https:\/\/i0.wp.com\/astehshop.com\/wp-content\/uploads\/2023\/01\/Longse-set-5-MPX-full-color.jpg?fit=1200%2C954&resize=350%2C200","width":350,"height":200},"classes":[]},{"id":7148,"url":"http:\/\/astehshop.com\/index.php\/product\/video-nadzor-longse-komplet-sa-4-kamere-2-mpx-full-color-ip-sistem\/","url_meta":{"origin":7133,"position":5},"title":"Video nadzor Longse komplet sa 4 kamere 2 MPX FULL Color IP sistem","date":"20. sije\u010dnja 2023.","format":false,"excerpt":"Longse video nadzor SET za poslovne prostore, dvori\u0161ta, gara\u017ee, ku\u0107e, stanove. 1 x Longse 4 kanalni snima\u010d sa 4 POE izlaza ( novi model NVR 6 ) 4 x Longse bullet kamera 2 MPX BMSDFG200WH Full color slika u boji uvijek H.265+ ( integrisan mikrofon ) 1 x disk 1\u2026","rel":"","context":"Srodne objave","img":{"alt_text":"","src":"https:\/\/i1.wp.com\/astehshop.com\/wp-content\/uploads\/2023\/01\/komplet-ip-longse-sa-4-kamere-full-color.jpg?fit=1200%2C954&resize=350%2C200","width":350,"height":200},"classes":[]}],"_links":{"self":[{"href":"http:\/\/astehshop.com\/index.php\/wp-json\/wp\/v2\/product\/7133"}],"collection":[{"href":"http:\/\/astehshop.com\/index.php\/wp-json\/wp\/v2\/product"}],"about":[{"href":"http:\/\/astehshop.com\/index.php\/wp-json\/wp\/v2\/types\/product"}],"replies":[{"embeddable":true,"href":"http:\/\/astehshop.com\/index.php\/wp-json\/wp\/v2\/comments?post=7133"}],"wp:featuredmedia":[{"embeddable":true,"href":"http:\/\/astehshop.com\/index.php\/wp-json\/wp\/v2\/media\/7132"}],"wp:attachment":[{"href":"http:\/\/astehshop.com\/index.php\/wp-json\/wp\/v2\/media?parent=7133"}],"wp:term":[{"taxonomy":"product_cat","embeddable":true,"href":"http:\/\/astehshop.com\/index.php\/wp-json\/wp\/v2\/product_cat?post=7133"},{"taxonomy":"product_tag","embeddable":true,"href":"http:\/\/astehshop.com\/index.php\/wp-json\/wp\/v2\/product_tag?post=7133"}],"curies":[{"name":"wp","href":"https:\/\/api.w.org\/{rel}","templated":true}]}}