{"id":7126,"date":"2022-12-27T22:12:45","date_gmt":"2022-12-27T21:12:45","guid":{"rendered":"http:\/\/astehshop.com\/?post_type=product&#038;p=7126"},"modified":"2022-12-27T22:12:46","modified_gmt":"2022-12-27T21:12:46","slug":"partizan-security-dvr-8-kanalni-adm-88v-superhd-6-0","status":"publish","type":"product","link":"http:\/\/astehshop.com\/index.php\/product\/partizan-security-dvr-8-kanalni-adm-88v-superhd-6-0\/","title":{"rendered":"Partizan Security DVR 8 Kanalni ADM-88V SuperHD 6.0"},"content":{"rendered":"<p><span class=\"HwtZe\" lang=\"bs\"><span class=\"jCAhz ChMk0b\"><span class=\"ryNqvb\">Na ovaj hibridni AHD-DVR mo\u017eete povezati do 8 kamera sa rezolucijom od 5 megapiksela.<\/span><\/span> <span class=\"jCAhz ChMk0b\"><span class=\"ryNqvb\">Sve kanale video nadzora ure\u0111aj snima istovremeno u realnom vremenu.<\/span><\/span> <span class=\"jCAhz ChMk0b\"><span class=\"ryNqvb\">\u010cetiri re\u017eima snimanja \u2013 puno radno vreme, alarm, pokret ili raspored \u2013 pru\u017eaju mogu\u0107nost konfigurisanja sistema video nadzora prema definisanim zadacima u svakom vremenskom periodu.<\/span><\/span> <span class=\"jCAhz ChMk0b\"><span class=\"ryNqvb\">Dozvoljeno je sigurnosno kopiranje na USB memorijske ure\u0111aje.<\/span><\/span> <span class=\"jCAhz ChMk0b\"><span class=\"ryNqvb\">H.265 kodek (tehnologija video kompresije visokih performansi) omogu\u0107ava vam da dobijete video visoke rezolucije minimalne veli\u010dine (bez gubitka kvaliteta) \u0161tede\u0107i mnogo prostora na va\u0161em tvrdom disku.<\/span><\/span> <span class=\"jCAhz ChMk0b\"><span class=\"ryNqvb\">Upravljanje mre\u017eom se mo\u017ee obezbijediti sa bilo kojeg mjesta na svijetu.<\/span><\/span> <span class=\"jCAhz ChMk0b\"><span class=\"ryNqvb\">Tako\u0111er mo\u017eete spojiti hard diskove do 8 Tb svaki (nisu uklju\u010deni) na ovaj DVR.<\/span><\/span> <span class=\"jCAhz ChMk0b\"><span class=\"ryNqvb\">Upravljanje mre\u017eom se mo\u017ee obezbijediti sa bilo kojeg mjesta na svijetu.<\/span><\/span> <span class=\"jCAhz ChMk0b\"><span class=\"ryNqvb\">Savremeni softver uklju\u010duje pogodan konfigurator i CMS sistem za pra\u0107enje.<\/span><\/span> <span class=\"jCAhz ChMk0b\"><span class=\"ryNqvb\">Mre\u017eni interfejs Ethernet 10\/100Base-T obezbe\u0111uje pouzdanu, za\u0161ti\u0107enu vezu sa optimalnom brzinom prenosa podataka, \u010dija je maksimalna vrednost do 100 Mbit\/s.<\/span><\/span> <span class=\"jCAhz ChMk0b\"><span class=\"ryNqvb\">Ovaj model je opremljen audio ulazom i izlazom za snimanje i reprodukciju zvuka.<\/span><\/span><\/span><\/p>\n<p>Podr\u017eana koli\u010dina kamere:<br \/>\n8 AHD ili analognih kamera<br \/>\nSnimanje:<br \/>\n8\u00d75.0M-N@12, 8\u00d74.0M-N@12, 8xAHD-H@15<br \/>\nhibrid:<br \/>\n8x5M-N@12+4x2Mp@25<br \/>\nVideo kompresija:<br \/>\nH.265. To je visoko efikasna tehnologija kompresije video zapisa koja vam omogu\u0107ava da komprimirate video visoke rezolucije na minimalnu veli\u010dinu bez gubitka kvalitete, \u0161to \u0161tedi prostor na va\u0161em tvrdom disku.<br \/>\nAudio ulazi\/izlazi:<br \/>\n1-kanalni RCA\/1-kanalni RCA. 1 audio ulaz (AUDIO IN) za audio snimanje i 1 audio izlaz (AUDIO OUT) za audio reprodukciju<br \/>\nVideo izlazi:<br \/>\n1xVGA, 1xHDMI<br \/>\nPodr\u017eani HDD (HDD nije uklju\u010den):<br \/>\n1hSATA HDD \u2264 8Tb<br \/>\nmre\u017ea:<br \/>\nEthernet 10\/100Base-T<br \/>\nUpravljanje i kontrola:<br \/>\nOpti\u010dki mi\u0161<br \/>\nRadna temperatura:<br \/>\n0 \u2013 +55 \u00b0C<br \/>\nDimenzije:<br \/>\n210h200h49 mm, 900 g<br \/>\nMaterijal ku\u0107i\u0161ta:<br \/>\nMetal<br \/>\nDodatne prednosti:<br \/>\n\u2014 AHD\/TVI\/CVI\/CVBS\/IP podr\u0161ka<br \/>\n\u2014 5.0Mp AHD podr\u0161ka<br \/>\n\u2014 Podr\u0161ka za ONVIF 2.4+ protokol<br \/>\n\u2014 Podr\u017eava mobilno pra\u0107enje: iOS i Android<br \/>\n\u2014 Mogu\u0107nost rada sa Partizan Cloud Storage-om<br \/>\n\u2014 Daljinski pristup ure\u0111aju sa Partizan MAC-om<\/p>\n","protected":false},"excerpt":{"rendered":"<p><span class=\"HwtZe\" lang=\"bs\"><span class=\"jCAhz ChMk0b\"><span class=\"ryNqvb\">Na ovaj hibridni AHD-DVR mo\u017eete povezati do 8 kamera sa rezolucijom od 5 megapiksela.<\/span><\/span> <span class=\"jCAhz ChMk0b\"><span class=\"ryNqvb\">Sve kanale video nadzora ure\u0111aj snima istovremeno u realnom vremenu.<\/span><\/span> <span class=\"jCAhz ChMk0b\"><span class=\"ryNqvb\">\u010cetiri re\u017eima snimanja \u2013 puno radno vreme, alarm, pokret ili raspored \u2013 pru\u017eaju mogu\u0107nost konfigurisanja sistema video nadzora prema definisanim zadacima u svakom vremenskom periodu.<\/span><\/span> <span class=\"jCAhz ChMk0b\"><span class=\"ryNqvb\">Dozvoljeno je sigurnosno kopiranje na USB memorijske ure\u0111aje.<\/span><\/span> <span class=\"jCAhz ChMk0b\"><span class=\"ryNqvb\">H.265 kodek (tehnologija video kompresije visokih performansi) omogu\u0107ava vam da dobijete video visoke rezolucije minimalne veli\u010dine (bez gubitka kvaliteta) \u0161tede\u0107i mnogo prostora na va\u0161em tvrdom disku.<\/span><\/span> <span class=\"jCAhz ChMk0b\"><span class=\"ryNqvb\">Upravljanje mre\u017eom se mo\u017ee obezbijediti sa bilo kojeg mjesta na svijetu.<\/span><\/span> <span class=\"jCAhz ChMk0b\"><span class=\"ryNqvb\">Tako\u0111er mo\u017eete spojiti hard diskove do 8 Tb svaki (nisu uklju\u010deni) na ovaj DVR.<\/span><\/span> <span class=\"jCAhz ChMk0b\"><span class=\"ryNqvb\">Upravljanje mre\u017eom se mo\u017ee obezbijediti sa bilo kojeg mjesta na svijetu.<\/span><\/span> <span class=\"jCAhz ChMk0b\"><span class=\"ryNqvb\">Savremeni softver uklju\u010duje pogodan konfigurator i CMS sistem za pra\u0107enje.<\/span><\/span> <span class=\"jCAhz ChMk0b\"><span class=\"ryNqvb\">Mre\u017eni interfejs Ethernet 10\/100Base-T obezbe\u0111uje pouzdanu, za\u0161ti\u0107enu vezu sa optimalnom brzinom prenosa podataka, \u010dija je maksimalna vrednost do 100 Mbit\/s.<\/span><\/span> <span class=\"jCAhz ChMk0b\"><span class=\"ryNqvb\">Ovaj model je opremljen audio ulazom i izlazom za snimanje i reprodukciju zvuka.<\/span><\/span><\/span><\/p>\n<p>Podr\u017eana koli\u010dina kamere:<br \/>\n8 AHD ili analognih kamera<br \/>\nSnimanje:<br \/>\n8\u00d75.0M-N@12, 8\u00d74.0M-N@12, 8xAHD-H@15<br \/>\nhibrid:<br \/>\n8x5M-N@12+4x2Mp@25<br \/>\nVideo kompresija:<br \/>\nH.265. To je visoko efikasna tehnologija kompresije video zapisa koja vam omogu\u0107ava da komprimirate video visoke rezolucije na minimalnu veli\u010dinu bez gubitka kvalitete, \u0161to \u0161tedi prostor na va\u0161em tvrdom disku.<br \/>\nAudio ulazi\/izlazi:<br \/>\n1-kanalni RCA\/1-kanalni RCA. 1 audio ulaz (AUDIO IN) za audio snimanje i 1 audio izlaz (AUDIO OUT) za audio reprodukciju<br \/>\nVideo izlazi:<br \/>\n1xVGA, 1xHDMI<br \/>\nPodr\u017eani HDD (HDD nije uklju\u010den):<br \/>\n1hSATA HDD \u2264 8Tb<br \/>\nmre\u017ea:<br \/>\nEthernet 10\/100Base-T<br \/>\nUpravljanje i kontrola:<br \/>\nOpti\u010dki mi\u0161<br \/>\nRadna temperatura:<br \/>\n0 \u2013 +55 \u00b0C<br \/>\nDimenzije:<br \/>\n210h200h49 mm, 900 g<br \/>\nMaterijal ku\u0107i\u0161ta:<br \/>\nMetal<br \/>\nDodatne prednosti:<br \/>\n\u2014 AHD\/TVI\/CVI\/CVBS\/IP podr\u0161ka<br \/>\n\u2014 5.0Mp AHD podr\u0161ka<br \/>\n\u2014 Podr\u0161ka za ONVIF 2.4+ protokol<br \/>\n\u2014 Podr\u017eava mobilno pra\u0107enje: iOS i Android<br \/>\n\u2014 Mogu\u0107nost rada sa Partizan Cloud Storage-om<br \/>\n\u2014 Daljinski pristup ure\u0111aju sa Partizan MAC-om<\/p>\n","protected":false},"featured_media":7125,"comment_status":"open","ping_status":"closed","template":"","meta":{"_mi_skip_tracking":false,"_exactmetrics_sitenote_active":false,"_exactmetrics_sitenote_note":"","_exactmetrics_sitenote_category":0,"spay_email":""},"product_cat":[133],"product_tag":[1190,4959,383,4960],"brands":[{"id":2047,"name":"partizan","slug":"partizan"}],"df_price":250,"df_sale_price":"","df_regular_price":250,"df_image_link":"https:\/\/i2.wp.com\/astehshop.com\/wp-content\/uploads\/2022\/12\/NVD-411_POE_1.0_Front1.jpg?fit=450%2C402","jetpack_publicize_connections":[],"jetpack_sharing_enabled":true,"jetpack_likes_enabled":true,"jetpack-related-posts":[{"id":7124,"url":"http:\/\/astehshop.com\/index.php\/product\/partizan-security-dvr-4-kanalni-5-mpx-adm-44u-superhd-5-2\/","url_meta":{"origin":7126,"position":0},"title":"Partizan Security DVR 4 kanalni 5 MPX ADM-44U SuperHD 5.2","date":"27. prosinca 2022.","format":false,"excerpt":"Povoljan ure\u0111aj za malu mre\u017eu video nadzora sa punim setom osnovnih funkcija AHD DVR-a i sa mogu\u0107no\u0161\u0107u reprodukcije audio fajlova. Dozvoljena je veza sa 4 video kamere rezolucije 5.0 Mp. Sve kanale video nadzora ure\u0111aj snima istovremeno u realnom vremenu. \u010cetiri re\u017eima snimanja \u2013 puno radno vreme, alarm, pokret ili\u2026","rel":"","context":"Srodne objave","img":{"alt_text":"","src":"https:\/\/i2.wp.com\/astehshop.com\/wp-content\/uploads\/2022\/12\/NVD-411_POE_1.0_Front1.jpg?fit=1200%2C1072&resize=350%2C200","width":350,"height":200},"classes":[]},{"id":7133,"url":"http:\/\/astehshop.com\/index.php\/product\/partizan-security-8-kanalni-nvr-poe-nvd-811-poe-4-0-cloud-prosirivo-na-16-kamera\/","url_meta":{"origin":7126,"position":1},"title":"Partizan Security 8 kanalni NVR POE NVD-811 POE 4.0 Cloud pro\u0161irivo na 16 kamera","date":"27. prosinca 2022.","format":false,"excerpt":"Na ovaj multifunkcionalni NVR mo\u017eete povezati do 16 video kamera rezolucije 8,0 MP. Sve kanale video nadzora ure\u0111aj snima istovremeno u realnom vremenu. \u010cetiri re\u017eima snimanja \u2013 puno radno vreme, alarm, pokret ili raspored \u2013 pru\u017eaju mogu\u0107nost konfigurisanja sistema video nadzora prema definisanim zadacima u svakom vremenskom periodu. Dozvoljeno je\u2026","rel":"","context":"Srodne objave","img":{"alt_text":"","src":"https:\/\/i0.wp.com\/astehshop.com\/wp-content\/uploads\/2022\/12\/NVH-852-3.0-Cloud.png?fit=1158%2C1092&resize=350%2C200","width":350,"height":200},"classes":[]},{"id":7131,"url":"http:\/\/astehshop.com\/index.php\/product\/partizan-security-4-poe-nvd-411-poe-5-0-cloud-prosirivo-na-16-kamera\/","url_meta":{"origin":7126,"position":2},"title":"Partizan Security 4 POE NVD-411 POE 5.0 Cloud pro\u0161irivo na 16 kamera","date":"27. prosinca 2022.","format":false,"excerpt":"Na ovaj multifunkcionalni NVR mo\u017eete povezati do 16 video kamera rezolucije 8,0 MP. Sve kanale video nadzora ure\u0111aj snima istovremeno u realnom vremenu. \u010cetiri re\u017eima snimanja \u2013 puno radno vreme, alarm, pokret ili raspored \u2013 pru\u017eaju mogu\u0107nost konfigurisanja sistema video nadzora prema definisanim zadacima u svakom vremenskom periodu. Dozvoljeno je\u2026","rel":"","context":"Srodne objave","img":{"alt_text":"","src":"https:\/\/i0.wp.com\/astehshop.com\/wp-content\/uploads\/2022\/12\/NVH-852-3.0-Cloud.png?fit=1158%2C1092&resize=350%2C200","width":350,"height":200},"classes":[]},{"id":12358,"url":"http:\/\/astehshop.com\/index.php\/product\/hikvision-dvr-208g-m1-t-hilook\/","url_meta":{"origin":7126,"position":3},"title":"HikVision DVR-208G-M1\/T HiLook","date":"28. velja\u010de 2026.","format":false,"excerpt":"8-kanalni 1080p Lite 1U H.265 DVR H.265+\/H.265\/H.264+\/H.264 video formati Podr\u017eava tehnologiju detekcije pokreta za sve kanale HDTVI\/AHD\/CVI\/CVBS\/IP video ulaz Do 10 IP ulaza za kamere (do 2 MP) Podr\u017eava dvosmjernu audio tehnologiju HDTVI za sve kanale","rel":"","context":"Srodne objave","img":{"alt_text":"","src":"https:\/\/i2.wp.com\/astehshop.com\/wp-content\/uploads\/2026\/02\/DVR-204G-K1.png?fit=700%2C700&resize=350%2C200","width":350,"height":200},"classes":[]},{"id":7045,"url":"http:\/\/astehshop.com\/index.php\/product\/video-nadzor-dahua-komplet-sa-3-kamere-2-mpx\/","url_meta":{"origin":7126,"position":4},"title":"Video nadzor Dahua komplet sa 3 kamere 2 MPX","date":"9. prosinca 2022.","format":false,"excerpt":"Dahua HDCVI video nadzor SET za poslovne prostore, dvori\u0161ta, gara\u017ee, ku\u0107e, stanove. 1 x Dahua 4 kanalni snima\u010d WizSense 3 x Dahua bullet kamera\u00a0 2 MPX 30 Metara no\u0107ni IR 1 x disk 500 GB 1 x dodatno napajanje za kamere 1 x naljepnica Objekat je pod video nadzorom Dahua\u2026","rel":"","context":"Srodne objave","img":{"alt_text":"","src":"https:\/\/i0.wp.com\/astehshop.com\/wp-content\/uploads\/2022\/12\/komplet-sa-3-kamere.jpg?fit=1200%2C953&resize=350%2C200","width":350,"height":200},"classes":[]},{"id":8859,"url":"http:\/\/astehshop.com\/index.php\/product\/longse-4-kanala-hibridni-snimac-5in1-xvrt3004c\/","url_meta":{"origin":7126,"position":5},"title":"Longse 4 kanala Hibridni snima\u010d 5in1 XVRT3004C","date":"13. sije\u010dnja 2024.","format":false,"excerpt":"Model: XVRT3004C 4CH H.265 5IN1 XVR 5M-N \u2022 Support AHD\/CVI\/TVI\/IP\/Analog Camera Input \u2022 Up to HD 5MP and IP 5MP Resolution Recording \u2022 Support HD and VGA Video Output \u2022 Support Max. 4CH HD or 9CH IP Camera Input \u2022 Support 1 SATA up to 8TB Capacity Normal Mode: Analog:\u2026","rel":"","context":"Srodne objave","img":{"alt_text":"","src":"https:\/\/i2.wp.com\/astehshop.com\/wp-content\/uploads\/2024\/01\/NVR3016D1.jpg?fit=510%2C348&resize=350%2C200","width":350,"height":200},"classes":[]}],"_links":{"self":[{"href":"http:\/\/astehshop.com\/index.php\/wp-json\/wp\/v2\/product\/7126"}],"collection":[{"href":"http:\/\/astehshop.com\/index.php\/wp-json\/wp\/v2\/product"}],"about":[{"href":"http:\/\/astehshop.com\/index.php\/wp-json\/wp\/v2\/types\/product"}],"replies":[{"embeddable":true,"href":"http:\/\/astehshop.com\/index.php\/wp-json\/wp\/v2\/comments?post=7126"}],"wp:featuredmedia":[{"embeddable":true,"href":"http:\/\/astehshop.com\/index.php\/wp-json\/wp\/v2\/media\/7125"}],"wp:attachment":[{"href":"http:\/\/astehshop.com\/index.php\/wp-json\/wp\/v2\/media?parent=7126"}],"wp:term":[{"taxonomy":"product_cat","embeddable":true,"href":"http:\/\/astehshop.com\/index.php\/wp-json\/wp\/v2\/product_cat?post=7126"},{"taxonomy":"product_tag","embeddable":true,"href":"http:\/\/astehshop.com\/index.php\/wp-json\/wp\/v2\/product_tag?post=7126"}],"curies":[{"name":"wp","href":"https:\/\/api.w.org\/{rel}","templated":true}]}}