{"id":7122,"date":"2022-12-27T22:04:25","date_gmt":"2022-12-27T21:04:25","guid":{"rendered":"http:\/\/astehshop.com\/?post_type=product&#038;p=7122"},"modified":"2022-12-27T22:04:26","modified_gmt":"2022-12-27T21:04:26","slug":"partizan-security-5-mp-kamera-dome-cdm-233h-ir-superhd-1-1","status":"publish","type":"product","link":"http:\/\/astehshop.com\/index.php\/product\/partizan-security-5-mp-kamera-dome-cdm-233h-ir-superhd-1-1\/","title":{"rendered":"Partizan Security 5 MP kamera dome CDM-233H-IR SuperHD 1.1"},"content":{"rendered":"<p><span class=\"HwtZe\" lang=\"bs\"><span class=\"jCAhz ChMk0b\"><span class=\"ryNqvb\">Ova SuperHD vanjska kamera ima sve \u0161to vam je potrebno za video nadzor visokog kvaliteta.<\/span><\/span> <span class=\"jCAhz ChMk0b\"><span class=\"ryNqvb\">Rezolucija od 5,0 MP omogu\u0107ava vam da dobijete jasnu sliku osoba ili \u010dak registarskih tablica automobila.<\/span><\/span> <span class=\"jCAhz ChMk0b\"><span class=\"ryNqvb\">Objektiv kamere ima fiksnu du\u017einu fokusa od 2,8 mm i osigurava maksimalan kvalitet slike.<\/span><\/span> <span class=\"jCAhz ChMk0b\"><span class=\"ryNqvb\">Kamera se automatski prebacuje u no\u0107ni re\u017eim no\u0107u i osigurava kvalitetnu sliku na udaljenosti od oko 20 metara.<\/span><\/span> <span class=\"jCAhz ChMk0b\"><span class=\"ryNqvb\">Ku\u0107i\u0161te kamere ima IP66 za\u0161titu ku\u0107i\u0161ta (kompletna za\u0161tita od pra\u0161ine i vlage), \u0161to omogu\u0107ava ugradnju kamere u zatvorenom i na otvorenom.<\/span><\/span> <span class=\"jCAhz ChMk0b\"><span class=\"ryNqvb\">Kamera ima \u0161irok temperaturni raspon od -40 do +60 \u00b0C.<\/span><\/span><\/span><\/p>\n<p>&nbsp;<\/p>\n<p>Senzor slike:<br \/>\n1\/2,5\u2033 CMOS<br \/>\nrezolucija:<br \/>\n5,0 Mp (SuperHD 2592\u00d71944). Pobolj\u0161an nadzor za razli\u010dite prostore, lica i registarske tablice automobila su jasno prepoznatljivi<br \/>\nObjektiv:<br \/>\nFiksni fokus, f=2,8 mm. \u0160iroki ugao gledanja<br \/>\nNocna vizija:<br \/>\nDo 20 metara<br \/>\nMaterijal ku\u0107i\u0161ta:<br \/>\n\u010cvrsti metal<br \/>\nZa\u0161tita ku\u0107i\u0161ta:<br \/>\nIP66. Potpuna za\u0161tita od pra\u0161ine i vlage. Za vanjsku ili industrijsku upotrebu<br \/>\nNapajanje:<br \/>\nDC12V, 0.4A<br \/>\nRadna temperatura:<br \/>\n-40 \u2013 +60 \u00b0C<br \/>\nDodatne prednosti:<br \/>\n\u2014 Multi-mode opcije AHD\/TVI\/CVI\/CVBS kamera. Tu kameru mo\u017eete prebaciti na bilo koji analogni HD format, kamera je kompatibilna sa snima\u010dima tre\u0107ih strana<br \/>\n\u2014 OSD meni<\/p>\n","protected":false},"excerpt":{"rendered":"<p><span class=\"HwtZe\" lang=\"bs\"><span class=\"jCAhz ChMk0b\"><span class=\"ryNqvb\">Ova SuperHD vanjska kamera ima sve \u0161to vam je potrebno za video nadzor visokog kvaliteta.<\/span><\/span> <span class=\"jCAhz ChMk0b\"><span class=\"ryNqvb\">Rezolucija od 5,0 MP omogu\u0107ava vam da dobijete jasnu sliku osoba ili \u010dak registarskih tablica automobila.<\/span><\/span> <span class=\"jCAhz ChMk0b\"><span class=\"ryNqvb\">Objektiv kamere ima fiksnu du\u017einu fokusa od 2,8 mm i osigurava maksimalan kvalitet slike.<\/span><\/span> <span class=\"jCAhz ChMk0b\"><span class=\"ryNqvb\">Kamera se automatski prebacuje u no\u0107ni re\u017eim no\u0107u i osigurava kvalitetnu sliku na udaljenosti od oko 20 metara.<\/span><\/span> <span class=\"jCAhz ChMk0b\"><span class=\"ryNqvb\">Ku\u0107i\u0161te kamere ima IP66 za\u0161titu ku\u0107i\u0161ta (kompletna za\u0161tita od pra\u0161ine i vlage), \u0161to omogu\u0107ava ugradnju kamere u zatvorenom i na otvorenom.<\/span><\/span> <span class=\"jCAhz ChMk0b\"><span class=\"ryNqvb\">Kamera ima \u0161irok temperaturni raspon od -40 do +60 \u00b0C.<\/span><\/span><\/span><\/p>\n<p>&nbsp;<\/p>\n<p>Senzor slike:<br \/>\n1\/2,5\u2033 CMOS<br \/>\nrezolucija:<br \/>\n5,0 Mp (SuperHD 2592\u00d71944). Pobolj\u0161an nadzor za razli\u010dite prostore, lica i registarske tablice automobila su jasno prepoznatljivi<br \/>\nObjektiv:<br \/>\nFiksni fokus, f=2,8 mm. \u0160iroki ugao gledanja<br \/>\nNocna vizija:<br \/>\nDo 20 metara<br \/>\nMaterijal ku\u0107i\u0161ta:<br \/>\n\u010cvrsti metal<br \/>\nZa\u0161tita ku\u0107i\u0161ta:<br \/>\nIP66. Potpuna za\u0161tita od pra\u0161ine i vlage. Za vanjsku ili industrijsku upotrebu<br \/>\nNapajanje:<br \/>\nDC12V, 0.4A<br \/>\nRadna temperatura:<br \/>\n-40 \u2013 +60 \u00b0C<br \/>\nDodatne prednosti:<br \/>\n\u2014 Multi-mode opcije AHD\/TVI\/CVI\/CVBS kamera. Tu kameru mo\u017eete prebaciti na bilo koji analogni HD format, kamera je kompatibilna sa snima\u010dima tre\u0107ih strana<br \/>\n\u2014 OSD meni<\/p>\n","protected":false},"featured_media":7123,"comment_status":"open","ping_status":"closed","template":"","meta":{"_mi_skip_tracking":false,"_exactmetrics_sitenote_active":false,"_exactmetrics_sitenote_note":"","_exactmetrics_sitenote_category":0,"spay_email":""},"product_cat":[131],"product_tag":[4954,478,4953,468,4956,4955],"brands":[{"id":2047,"name":"partizan","slug":"partizan"}],"df_price":99,"df_sale_price":"","df_regular_price":99,"df_image_link":"https:\/\/i0.wp.com\/astehshop.com\/wp-content\/uploads\/2022\/12\/CDM-233H-IR-SuperHD-v1.1-Metal.jpg?fit=441%2C450","jetpack_publicize_connections":[],"jetpack_sharing_enabled":true,"jetpack_likes_enabled":true,"jetpack-related-posts":[{"id":7115,"url":"http:\/\/astehshop.com\/index.php\/product\/partizan-security-kamera-ahd-cod-631h-superhd-1-2\/","url_meta":{"origin":7122,"position":0},"title":"Partizan Security kamera AHD COD-631H SuperHD 1.2","date":"27. prosinca 2022.","format":false,"excerpt":"Ova SuperHD vanjska kamera ima sve \u0161to vam je potrebno za video nadzor visokog kvaliteta. Rezolucija od 5,0 MP omogu\u0107ava vam da dobijete jasnu sliku malih predmeta ili \u010dak nov\u010danica. Objektiv kamere ima fiksnu du\u017einu fokusa od 2,8 mm. Kamera se automatski prebacuje u no\u0107ni re\u017eim no\u0107u i osigurava kvalitetnu\u2026","rel":"","context":"Srodne objave","img":{"alt_text":"","src":"https:\/\/i1.wp.com\/astehshop.com\/wp-content\/uploads\/2022\/12\/5.0MP-AHD-camera-COD-631H-SuperHD-1.1.jpg?fit=1197%2C1200&resize=350%2C200","width":350,"height":200},"classes":[]},{"id":7117,"url":"http:\/\/astehshop.com\/index.php\/product\/partizan-security-full-color-kamera-5-mp-cod-631h-superhd-full-colour\/","url_meta":{"origin":7122,"position":1},"title":"Partizan Security FULL Color kamera 5 MP COD-631H SuperHD Full Colour","date":"27. prosinca 2022.","format":false,"excerpt":"Ova SuperHD vanjska kamera ima sve \u0161to vam je potrebno za video nadzor visokog kvaliteta. Rezolucija od 5,0 MP omogu\u0107ava vam da dobijete jasnu sliku malih predmeta ili \u010dak nov\u010danica. Objektiv kamere ima \u0161irok ugao gledanja i fiksnu \u017ei\u017enu daljinu od 2,8 mm. Kamera se automatski prebacuje u no\u0107ni re\u017eim\u2026","rel":"","context":"Srodne objave","img":{"alt_text":"","src":"https:\/\/i2.wp.com\/astehshop.com\/wp-content\/uploads\/2022\/12\/COD-631H-SuperHD-Full-Colour.jpg?fit=1114%2C1200&resize=350%2C200","width":350,"height":200},"classes":[]},{"id":7111,"url":"http:\/\/astehshop.com\/index.php\/product\/partizan-security-kamera-full-hd-cod-331s\/","url_meta":{"origin":7122,"position":2},"title":"Partizan Security kamera FULL HD COD-331S","date":"27. prosinca 2022.","format":false,"excerpt":"Ova FullHD spoljna kamera ima sve \u0161to vam je potrebno za video nadzor visokog kvaliteta. Rezolucija od 2,0 MP omogu\u0107ava vam da dobijete jasnu sliku osoba ili automobila. Objektiv kamere ima fiksnu du\u017einu fokusa od 2,8 mm. Kamera se automatski prebacuje u no\u0107ni re\u017eim no\u0107u i osigurava kvalitetnu sliku na\u2026","rel":"","context":"Srodne objave","img":{"alt_text":"","src":"https:\/\/i0.wp.com\/astehshop.com\/wp-content\/uploads\/2022\/12\/COD-331S-FullHD-Plastic-1.jpg?fit=1200%2C1126&resize=350%2C200","width":350,"height":200},"classes":[]},{"id":7113,"url":"http:\/\/astehshop.com\/index.php\/product\/partizan-security-2-mp-full-hd-kamera-cod-331s-metalno-kuciste\/","url_meta":{"origin":7122,"position":3},"title":"Partizan Security 2 MP FULL HD kamera COD-331S metalno ku\u0107i\u0161te","date":"27. prosinca 2022.","format":false,"excerpt":"Ova FullHD spoljna kamera ima sve \u0161to vam je potrebno za video nadzor visokog kvaliteta. Rezolucija od 2,0 MP omogu\u0107ava vam da dobijete jasnu sliku osoba ili automobila. Objektiv kamere ima fiksnu du\u017einu fokusa od 2,8 mm i osigurava maksimalan kvalitet slike na udaljenosti od oko 3 metra. Kamera se\u2026","rel":"","context":"Srodne objave","img":{"alt_text":"","src":"https:\/\/i1.wp.com\/astehshop.com\/wp-content\/uploads\/2022\/12\/IPO-2SP-SE-v4.1-Cloud-1.jpg?fit=1179%2C1200&resize=350%2C200","width":350,"height":200},"classes":[]},{"id":7134,"url":"http:\/\/astehshop.com\/index.php\/product\/partizan-security-dome-kamera-2-mp-cdm-223s-ir\/","url_meta":{"origin":7122,"position":4},"title":"Partizan Security dome kamera 2 MP CDM-223S-IR","date":"27. prosinca 2022.","format":false,"excerpt":"Ovaj model kamere \u0107e postati odli\u010dan izbor ako tra\u017eite jednostavno, ali pouzdano rje\u0161enje za unutra\u0161nji video nadzor. Kamera ima rezoluciju od 2,0 Mp i opremljena je 1\/2,7\u2033 FullHD CMOS matricom sa dobrim kvalitetom slike u svim uslovima osvetljenja. Kamera je opremljena nizom od 18 infracrvenih SMD LED dioda za no\u0107ni\u2026","rel":"","context":"Srodne objave","img":{"alt_text":"","src":"https:\/\/i0.wp.com\/astehshop.com\/wp-content\/uploads\/2022\/12\/CDM-333H-IR-smd1111.jpg?fit=1184%2C1200&resize=350%2C200","width":350,"height":200},"classes":[]},{"id":7120,"url":"http:\/\/astehshop.com\/index.php\/product\/partizan-security-8-mpx-ip-kamera-ipo-5sp-4k-sh-2-0\/","url_meta":{"origin":7122,"position":5},"title":"Partizan Security 8 MPX IP kamera IPO-5SP 4K SH 2.0","date":"27. prosinca 2022.","format":false,"excerpt":"Ovo je pobolj\u0161ana verzija kamere sa 1\/2,8\u2033 CMOS matricom i rezolucijom od 8,0 megapiksela (4K). Takvo a\u017euriranje vam omogu\u0107ava da pru\u017eite kvalitativni pregled podru\u010dja s visokim detaljima malih predmeta, pa \u010dak i nov\u010danica. Ure\u0111aj ima \u0161irok ugao gledanja. Kamera je opremljena infracrvenim osvjetljenjem za pra\u0107enje na udaljenosti do 30 metara\u2026","rel":"","context":"Srodne objave","img":{"alt_text":"","src":"https:\/\/i1.wp.com\/astehshop.com\/wp-content\/uploads\/2022\/12\/IPO-5SP-4K-2.0.jpg?fit=1174%2C1200&resize=350%2C200","width":350,"height":200},"classes":[]}],"_links":{"self":[{"href":"http:\/\/astehshop.com\/index.php\/wp-json\/wp\/v2\/product\/7122"}],"collection":[{"href":"http:\/\/astehshop.com\/index.php\/wp-json\/wp\/v2\/product"}],"about":[{"href":"http:\/\/astehshop.com\/index.php\/wp-json\/wp\/v2\/types\/product"}],"replies":[{"embeddable":true,"href":"http:\/\/astehshop.com\/index.php\/wp-json\/wp\/v2\/comments?post=7122"}],"wp:featuredmedia":[{"embeddable":true,"href":"http:\/\/astehshop.com\/index.php\/wp-json\/wp\/v2\/media\/7123"}],"wp:attachment":[{"href":"http:\/\/astehshop.com\/index.php\/wp-json\/wp\/v2\/media?parent=7122"}],"wp:term":[{"taxonomy":"product_cat","embeddable":true,"href":"http:\/\/astehshop.com\/index.php\/wp-json\/wp\/v2\/product_cat?post=7122"},{"taxonomy":"product_tag","embeddable":true,"href":"http:\/\/astehshop.com\/index.php\/wp-json\/wp\/v2\/product_tag?post=7122"}],"curies":[{"name":"wp","href":"https:\/\/api.w.org\/{rel}","templated":true}]}}