{"id":7115,"date":"2022-12-27T20:00:18","date_gmt":"2022-12-27T19:00:18","guid":{"rendered":"http:\/\/astehshop.com\/?post_type=product&#038;p=7115"},"modified":"2022-12-27T20:00:19","modified_gmt":"2022-12-27T19:00:19","slug":"partizan-security-kamera-ahd-cod-631h-superhd-1-2","status":"publish","type":"product","link":"http:\/\/astehshop.com\/index.php\/product\/partizan-security-kamera-ahd-cod-631h-superhd-1-2\/","title":{"rendered":"Partizan Security kamera AHD COD-631H SuperHD 1.2"},"content":{"rendered":"<p><span class=\"HwtZe\" lang=\"bs\"><span class=\"jCAhz ChMk0b\"><span class=\"ryNqvb\">Ova SuperHD vanjska kamera ima sve \u0161to vam je potrebno za video nadzor visokog kvaliteta.<\/span><\/span> <span class=\"jCAhz ChMk0b\"><span class=\"ryNqvb\">Rezolucija od 5,0 MP omogu\u0107ava vam da dobijete jasnu sliku malih predmeta ili \u010dak nov\u010danica.<\/span><\/span> <span class=\"jCAhz ChMk0b\"><span class=\"ryNqvb\">Objektiv kamere ima fiksnu du\u017einu fokusa od 2,8 mm.<\/span><\/span> <span class=\"jCAhz ChMk0b\"><span class=\"ryNqvb\">Kamera se automatski prebacuje u no\u0107ni re\u017eim no\u0107u i osigurava kvalitetnu sliku na udaljenosti od oko 30 metara.<\/span><\/span> <span class=\"jCAhz ChMk0b\"><span class=\"ryNqvb\">Ku\u0107i\u0161te kamere je izra\u0111eno od metala otpornog na udarce i ima IP66 stepen za\u0161tite (za\u0161tita od pra\u0161ine i vlage), \u0161to omogu\u0107ava ugradnju kamere van vrata ili u industrijskim negrijanim prostorijama.<\/span><\/span> <span class=\"jCAhz ChMk0b\"><span class=\"ryNqvb\">Kamera ima \u0161irok temperaturni raspon od -40 do +60 \u00b0S;<\/span><\/span> <span class=\"jCAhz ChMk0b\"><span class=\"ryNqvb\">otporan je na uticaj padavina i funkcioni\u0161e bez gubitka kvaliteta u nepovoljnim uslovima sredine.<\/span><\/span> <span class=\"jCAhz ChMk0b\"><span class=\"ryNqvb\">Budite sigurni da \u0107e ova kamera odraditi svaki fening pla\u0107en za nju.<\/p>\n<p>Senzor slike:<br \/>\n1\/2,5\u2033 CMOS<br \/>\nrezolucija:<br \/>\n5,0 Mp (SuperHD 2592\u00d71944). Vrlo visok kvalitet slike, sitnice i nov\u010danice su jasno prepoznatljive<br \/>\nObjektiv:<br \/>\nFiksni fokus, f=2,8 mm. \u0160iroki ugao gledanja<br \/>\nNocna vizija:<br \/>\nDo 30 metara<br \/>\nveli\u010dina:<br \/>\n\u00d863\u00d7105 mm<br \/>\nTe\u017eina:<br \/>\n340 g<br \/>\nNapajanje:<br \/>\nDC12V, 0.4A<br \/>\nMaterijal ku\u0107i\u0161ta:<br \/>\nMetal<br \/>\nZa\u0161tita ku\u0107i\u0161ta:<br \/>\nIP66. Potpuna za\u0161tita od pra\u0161ine i vlage. Za vanjsku ili industrijsku upotrebu<br \/>\nRadna temperatura:<br \/>\n-40 \u2013 +60 \u00b0C<br \/>\nDodatne prednosti:<br \/>\n\u2014 Multi-mode opcije AHD\/TVI\/CVI\/CVBS. Tu kameru mo\u017eete prebaciti na bilo koji analogni HD format, kamera je kompatibilna sa snima\u010dima tre\u0107ih strana<br \/>\n\u2014 OSD meni<br \/>\n<\/span><\/span><\/span><\/p>\n<p>&nbsp;<\/p>\n<p><a href=\"https:\/\/download.partizan.global\/Datasheets\/Partizan\/AHDcam\/en\/COD-631H_SuperHD_1.2_en.pdf\">POGLEDAJ KOMPLETAN DATASHEET<\/a><\/p>\n","protected":false},"excerpt":{"rendered":"<p><span class=\"HwtZe\" lang=\"bs\"><span class=\"jCAhz ChMk0b\"><span class=\"ryNqvb\">Ova SuperHD vanjska kamera ima sve \u0161to vam je potrebno za video nadzor visokog kvaliteta.<\/span><\/span> <span class=\"jCAhz ChMk0b\"><span class=\"ryNqvb\">Rezolucija od 5,0 MP omogu\u0107ava vam da dobijete jasnu sliku malih predmeta ili \u010dak nov\u010danica.<\/span><\/span> <span class=\"jCAhz ChMk0b\"><span class=\"ryNqvb\">Objektiv kamere ima fiksnu du\u017einu fokusa od 2,8 mm.<\/span><\/span> <span class=\"jCAhz ChMk0b\"><span class=\"ryNqvb\">Kamera se automatski prebacuje u no\u0107ni re\u017eim no\u0107u i osigurava kvalitetnu sliku na udaljenosti od oko 30 metara.<\/span><\/span> <span class=\"jCAhz ChMk0b\"><span class=\"ryNqvb\">Ku\u0107i\u0161te kamere je izra\u0111eno od metala otpornog na udarce i ima IP66 stepen za\u0161tite (za\u0161tita od pra\u0161ine i vlage), \u0161to omogu\u0107ava ugradnju kamere van vrata ili u industrijskim negrijanim prostorijama.<\/span><\/span> <span class=\"jCAhz ChMk0b\"><span class=\"ryNqvb\">Kamera ima \u0161irok temperaturni raspon od -40 do +60 \u00b0S;<\/span><\/span> <span class=\"jCAhz ChMk0b\"><span class=\"ryNqvb\">otporan je na uticaj padavina i funkcioni\u0161e bez gubitka kvaliteta u nepovoljnim uslovima sredine.<\/span><\/span> <span class=\"jCAhz ChMk0b\"><span class=\"ryNqvb\">Budite sigurni da \u0107e ova kamera odraditi svaki fening pla\u0107en za nju.<\/p>\n<p>Senzor slike:<br \/>\n1\/2,5\u2033 CMOS<br \/>\nrezolucija:<br \/>\n5,0 Mp (SuperHD 2592\u00d71944). Vrlo visok kvalitet slike, sitnice i nov\u010danice su jasno prepoznatljive<br \/>\nObjektiv:<br \/>\nFiksni fokus, f=2,8 mm. \u0160iroki ugao gledanja<br \/>\nNocna vizija:<br \/>\nDo 30 metara<br \/>\nveli\u010dina:<br \/>\n\u00d863\u00d7105 mm<br \/>\nTe\u017eina:<br \/>\n340 g<br \/>\nNapajanje:<br \/>\nDC12V, 0.4A<br \/>\nMaterijal ku\u0107i\u0161ta:<br \/>\nMetal<br \/>\nZa\u0161tita ku\u0107i\u0161ta:<br \/>\nIP66. Potpuna za\u0161tita od pra\u0161ine i vlage. Za vanjsku ili industrijsku upotrebu<br \/>\nRadna temperatura:<br \/>\n-40 \u2013 +60 \u00b0C<br \/>\nDodatne prednosti:<br \/>\n\u2014 Multi-mode opcije AHD\/TVI\/CVI\/CVBS. Tu kameru mo\u017eete prebaciti na bilo koji analogni HD format, kamera je kompatibilna sa snima\u010dima tre\u0107ih strana<br \/>\n\u2014 OSD meni<br \/>\n<\/span><\/span><\/span><\/p>\n<p>&nbsp;<\/p>\n<p><a href=\"https:\/\/download.partizan.global\/Datasheets\/Partizan\/AHDcam\/en\/COD-631H_SuperHD_1.2_en.pdf\">POGLEDAJ KOMPLETAN DATASHEET<\/a><\/p>\n<p><span class=\"HwtZe\" lang=\"bs\">\u00a0<\/span><\/p>\n","protected":false},"featured_media":7116,"comment_status":"open","ping_status":"closed","template":"","meta":{"_mi_skip_tracking":false,"_exactmetrics_sitenote_active":false,"_exactmetrics_sitenote_note":"","_exactmetrics_sitenote_category":0,"spay_email":""},"product_cat":[132],"product_tag":[451,4942,435,4945,3229,4943,4946,548,931,626,4944,650,394],"brands":[{"id":2047,"name":"partizan","slug":"partizan"}],"df_price":110,"df_sale_price":"","df_regular_price":110,"df_image_link":"https:\/\/i1.wp.com\/astehshop.com\/wp-content\/uploads\/2022\/12\/5.0MP-AHD-camera-COD-631H-SuperHD-1.1.jpg?fit=450%2C450","jetpack_publicize_connections":[],"jetpack_sharing_enabled":true,"jetpack_likes_enabled":true,"jetpack-related-posts":[{"id":7122,"url":"http:\/\/astehshop.com\/index.php\/product\/partizan-security-5-mp-kamera-dome-cdm-233h-ir-superhd-1-1\/","url_meta":{"origin":7115,"position":0},"title":"Partizan Security 5 MP kamera dome CDM-233H-IR SuperHD 1.1","date":"27. prosinca 2022.","format":false,"excerpt":"Ova SuperHD vanjska kamera ima sve \u0161to vam je potrebno za video nadzor visokog kvaliteta. Rezolucija od 5,0 MP omogu\u0107ava vam da dobijete jasnu sliku osoba ili \u010dak registarskih tablica automobila. Objektiv kamere ima fiksnu du\u017einu fokusa od 2,8 mm i osigurava maksimalan kvalitet slike. Kamera se automatski prebacuje u\u2026","rel":"","context":"Srodne objave","img":{"alt_text":"","src":"https:\/\/i0.wp.com\/astehshop.com\/wp-content\/uploads\/2022\/12\/CDM-233H-IR-SuperHD-v1.1-Metal.jpg?fit=1176%2C1200&resize=350%2C200","width":350,"height":200},"classes":[]},{"id":7117,"url":"http:\/\/astehshop.com\/index.php\/product\/partizan-security-full-color-kamera-5-mp-cod-631h-superhd-full-colour\/","url_meta":{"origin":7115,"position":1},"title":"Partizan Security FULL Color kamera 5 MP COD-631H SuperHD Full Colour","date":"27. prosinca 2022.","format":false,"excerpt":"Ova SuperHD vanjska kamera ima sve \u0161to vam je potrebno za video nadzor visokog kvaliteta. Rezolucija od 5,0 MP omogu\u0107ava vam da dobijete jasnu sliku malih predmeta ili \u010dak nov\u010danica. Objektiv kamere ima \u0161irok ugao gledanja i fiksnu \u017ei\u017enu daljinu od 2,8 mm. Kamera se automatski prebacuje u no\u0107ni re\u017eim\u2026","rel":"","context":"Srodne objave","img":{"alt_text":"","src":"https:\/\/i2.wp.com\/astehshop.com\/wp-content\/uploads\/2022\/12\/COD-631H-SuperHD-Full-Colour.jpg?fit=1114%2C1200&resize=350%2C200","width":350,"height":200},"classes":[]},{"id":7111,"url":"http:\/\/astehshop.com\/index.php\/product\/partizan-security-kamera-full-hd-cod-331s\/","url_meta":{"origin":7115,"position":2},"title":"Partizan Security kamera FULL HD COD-331S","date":"27. prosinca 2022.","format":false,"excerpt":"Ova FullHD spoljna kamera ima sve \u0161to vam je potrebno za video nadzor visokog kvaliteta. Rezolucija od 2,0 MP omogu\u0107ava vam da dobijete jasnu sliku osoba ili automobila. Objektiv kamere ima fiksnu du\u017einu fokusa od 2,8 mm. Kamera se automatski prebacuje u no\u0107ni re\u017eim no\u0107u i osigurava kvalitetnu sliku na\u2026","rel":"","context":"Srodne objave","img":{"alt_text":"","src":"https:\/\/i0.wp.com\/astehshop.com\/wp-content\/uploads\/2022\/12\/COD-331S-FullHD-Plastic-1.jpg?fit=1200%2C1126&resize=350%2C200","width":350,"height":200},"classes":[]},{"id":7113,"url":"http:\/\/astehshop.com\/index.php\/product\/partizan-security-2-mp-full-hd-kamera-cod-331s-metalno-kuciste\/","url_meta":{"origin":7115,"position":3},"title":"Partizan Security 2 MP FULL HD kamera COD-331S metalno ku\u0107i\u0161te","date":"27. prosinca 2022.","format":false,"excerpt":"Ova FullHD spoljna kamera ima sve \u0161to vam je potrebno za video nadzor visokog kvaliteta. Rezolucija od 2,0 MP omogu\u0107ava vam da dobijete jasnu sliku osoba ili automobila. Objektiv kamere ima fiksnu du\u017einu fokusa od 2,8 mm i osigurava maksimalan kvalitet slike na udaljenosti od oko 3 metra. Kamera se\u2026","rel":"","context":"Srodne objave","img":{"alt_text":"","src":"https:\/\/i1.wp.com\/astehshop.com\/wp-content\/uploads\/2022\/12\/IPO-2SP-SE-v4.1-Cloud-1.jpg?fit=1179%2C1200&resize=350%2C200","width":350,"height":200},"classes":[]},{"id":7120,"url":"http:\/\/astehshop.com\/index.php\/product\/partizan-security-8-mpx-ip-kamera-ipo-5sp-4k-sh-2-0\/","url_meta":{"origin":7115,"position":4},"title":"Partizan Security 8 MPX IP kamera IPO-5SP 4K SH 2.0","date":"27. prosinca 2022.","format":false,"excerpt":"Ovo je pobolj\u0161ana verzija kamere sa 1\/2,8\u2033 CMOS matricom i rezolucijom od 8,0 megapiksela (4K). Takvo a\u017euriranje vam omogu\u0107ava da pru\u017eite kvalitativni pregled podru\u010dja s visokim detaljima malih predmeta, pa \u010dak i nov\u010danica. Ure\u0111aj ima \u0161irok ugao gledanja. Kamera je opremljena infracrvenim osvjetljenjem za pra\u0107enje na udaljenosti do 30 metara\u2026","rel":"","context":"Srodne objave","img":{"alt_text":"","src":"https:\/\/i1.wp.com\/astehshop.com\/wp-content\/uploads\/2022\/12\/IPO-5SP-4K-2.0.jpg?fit=1174%2C1200&resize=350%2C200","width":350,"height":200},"classes":[]},{"id":12377,"url":"http:\/\/astehshop.com\/index.php\/product\/ipo-5sp-fada-cloud-myers\/","url_meta":{"origin":7115,"position":5},"title":"IPO-5SP FADA Cloud Myers","date":"6. o\u017eujka 2026.","format":false,"excerpt":"Novi model je opremljen 1\/2,8\" CMOS matricom rezolucije od 5,0 megapiksela. Ova vanjska kamera generira pobolj\u0161ani Super HD format slike, koji omogu\u0107ava prepoznavanje malih predmeta i nov\u010danica. Ure\u0111aj ima \u0161irok ugao gledanja. Ovaj ure\u0111aj je opremljen revolucionarnom hibridnom IR bijelom LED diodom i sposoban je pru\u017eiti zapanjuju\u0107u i jasnu sliku\u2026","rel":"","context":"Srodne objave","img":{"alt_text":"","src":"https:\/\/i1.wp.com\/astehshop.com\/wp-content\/uploads\/2026\/03\/IPO-5SP-FADA-Cloud.jpg?fit=1000%2C1000&resize=350%2C200","width":350,"height":200},"classes":[]}],"_links":{"self":[{"href":"http:\/\/astehshop.com\/index.php\/wp-json\/wp\/v2\/product\/7115"}],"collection":[{"href":"http:\/\/astehshop.com\/index.php\/wp-json\/wp\/v2\/product"}],"about":[{"href":"http:\/\/astehshop.com\/index.php\/wp-json\/wp\/v2\/types\/product"}],"replies":[{"embeddable":true,"href":"http:\/\/astehshop.com\/index.php\/wp-json\/wp\/v2\/comments?post=7115"}],"wp:featuredmedia":[{"embeddable":true,"href":"http:\/\/astehshop.com\/index.php\/wp-json\/wp\/v2\/media\/7116"}],"wp:attachment":[{"href":"http:\/\/astehshop.com\/index.php\/wp-json\/wp\/v2\/media?parent=7115"}],"wp:term":[{"taxonomy":"product_cat","embeddable":true,"href":"http:\/\/astehshop.com\/index.php\/wp-json\/wp\/v2\/product_cat?post=7115"},{"taxonomy":"product_tag","embeddable":true,"href":"http:\/\/astehshop.com\/index.php\/wp-json\/wp\/v2\/product_tag?post=7115"}],"curies":[{"name":"wp","href":"https:\/\/api.w.org\/{rel}","templated":true}]}}