{"id":7108,"date":"2022-12-19T16:36:29","date_gmt":"2022-12-19T15:36:29","guid":{"rendered":"http:\/\/astehshop.com\/?post_type=product&#038;p=7108"},"modified":"2022-12-19T16:36:30","modified_gmt":"2022-12-19T15:36:30","slug":"video-nadzor-partizan-security-komplet-sa-4-kamere-2-mpx","status":"publish","type":"product","link":"http:\/\/astehshop.com\/index.php\/product\/video-nadzor-partizan-security-komplet-sa-4-kamere-2-mpx\/","title":{"rendered":"Video nadzor Partizan Security komplet sa 4 kamere 2 MPX"},"content":{"rendered":"<div>\n<div>\n<p>Partizan Security video nadzor SET za poslovne prostore, dvori\u0161ta, gara\u017ee, ku\u0107e, stanove.<\/p>\n<p>1 x Partizan Security 4 kanalni snima\u010d<br \/>\n4 x Partizan Security bullet kamera 2 MPX IR do 30 M no\u0107ni domet<br \/>\n1 x disk 500 GB<br \/>\n1 x naljepnica Objekat je pod video nadzorom<\/p>\n<p>Partizan Security komplet video nadzor sa Full HD kamerom nudi mogu\u0107nost da pokrijete ulaz u ku\u0107u ili dvori\u0161te, odnosno manji lokal ili stan.<\/p>\n<p>U kompletu se nalazi Full HD (1080p) kamera oblika bullete. Kamera poseduje BLC, 2D DNR, DWDR kao i inteligentnu IR rasvetu dometa do 20 m (Smart IR). Ukoliko Vam je potrebna dome kamera umjesto Bullet u ovom setu je mo\u017eemo zamijeniti ako to naglasite.<\/p>\n<p>Kablovi za video nadzor se ne nalaze u kompletu iz razloga \u0161to je svakom kupcu potrebna druga\u010dija du\u017eina kablova. U ponudi imamo ne\u0161to od gotovih kablova, ali Vam mo\u017eemo i napraviti po \u017eelji.<\/p>\n<p>Pored kamera u kompletu se nalazi digitalni video rekorder (DVR) koji slu\u017ei za snimanje video materijala.<\/p>\n<p>Video se skladi\u0161ti na hard disku veli\u010dine 500 GB \u0161to je dovoljno za oko 7 dana 24 sata bez prestanka. Umjesto vas pode\u0161avamo sistem da radi na detekciju pokreta tj. da snimma samo kada promjena na ekranu, tada snimanje produ\u017eeno i 12-13 dana<\/p>\n<p>Kamere u kompletu su Full HD.<\/p>\n<p>Ako na objektu posjedujete internet potrebno je samo da isti pove\u017eete sa DVR snima\u010dem i tako mo\u017eete pratiti Va\u0161 video nadzor preko interneta na ra\u010dunaru, telefonu ili tabletu u realnom vremenu.<\/p>\n<p>Potrebno je instalirati Longse program za PC ili aplikaciju za mobilni i za bukvalno par minuta mo\u017eete pristupiti kamerama iz bilo kog dijela svijeta, samo vam je internet potreban. Nakon kupovine kompleta dobijate link za preuzimanje programa, kao i link do Android i iOS aplikacije i kratko uputstvo za pode\u0161avanje, iako sve a\u017eurno mo\u017eete vidjeti na na\u0161oj stranici u polju Tutorijali.<\/p>\n<\/div>\n<\/div>\n","protected":false},"excerpt":{"rendered":"<div>\n<div>\n<p>Partizan Security video nadzor SET za poslovne prostore, dvori\u0161ta, gara\u017ee, ku\u0107e, stanove.<\/p>\n<p>1 x Partizan Security 4 kanalni snima\u010d<br \/>\n4 x Partizan Security bullet kamera 2 MPX IR do 30 M no\u0107ni domet<br \/>\n1 x disk 500 GB<br \/>\n1 x naljepnica Objekat je pod video nadzorom<\/p>\n<p>Partizan Security komplet video nadzor sa Full HD kamerom nudi mogu\u0107nost da pokrijete ulaz u ku\u0107u ili dvori\u0161te, odnosno manji lokal ili stan.<\/p>\n<p>U kompletu se nalazi Full HD (1080p) kamera oblika bullete. Kamera poseduje BLC, 2D DNR, DWDR kao i inteligentnu IR rasvetu dometa do 20 m (Smart IR). Ukoliko Vam je potrebna dome kamera umjesto Bullet u ovom setu je mo\u017eemo zamijeniti ako to naglasite.<\/p>\n<p>Kablovi za video nadzor se ne nalaze u kompletu iz razloga \u0161to je svakom kupcu potrebna druga\u010dija du\u017eina kablova. U ponudi imamo ne\u0161to od gotovih kablova, ali Vam mo\u017eemo i napraviti po \u017eelji.<\/p>\n<p>Pored kamera u kompletu se nalazi digitalni video rekorder (DVR) koji slu\u017ei za snimanje video materijala.<\/p>\n<p>Video se skladi\u0161ti na hard disku veli\u010dine 500 GB \u0161to je dovoljno za oko 7 dana 24 sata bez prestanka. Umjesto vas pode\u0161avamo sistem da radi na detekciju pokreta tj. da snimma samo kada promjena na ekranu, tada snimanje produ\u017eeno i 12-13 dana<\/p>\n<p>Kamere u kompletu su Full HD.<\/p>\n<p>Ako na objektu posjedujete internet potrebno je samo da isti pove\u017eete sa DVR snima\u010dem i tako mo\u017eete pratiti Va\u0161 video nadzor preko interneta na ra\u010dunaru, telefonu ili tabletu u realnom vremenu.<\/p>\n<p>Potrebno je instalirati Longse program za PC ili aplikaciju za mobilni i za bukvalno par minuta mo\u017eete pristupiti kamerama iz bilo kog dijela svijeta, samo vam je internet potreban. Nakon kupovine kompleta dobijate link za preuzimanje programa, kao i link do Android i iOS aplikacije i kratko uputstvo za pode\u0161avanje, iako sve a\u017eurno mo\u017eete vidjeti na na\u0161oj stranici u polju Tutorijali.<\/p>\n<\/div>\n<\/div>\n","protected":false},"featured_media":7109,"comment_status":"open","ping_status":"closed","template":"","meta":{"_mi_skip_tracking":false,"_exactmetrics_sitenote_active":false,"_exactmetrics_sitenote_note":"","_exactmetrics_sitenote_category":0,"spay_email":""},"product_cat":[2298],"product_tag":[548,4933,4921,4916,1549,4918,4931,4917,4915,4936,4937,4927,4930,4924,4919,4929,4923,4922,4935,4920,4914,4928,4932,4849,3283,4934,4926,4925,4913],"brands":[{"id":2047,"name":"partizan","slug":"partizan"}],"df_price":499,"df_sale_price":"","df_regular_price":499,"df_image_link":"https:\/\/i1.wp.com\/astehshop.com\/wp-content\/uploads\/2022\/12\/partizan-security-sa-4-kamere.jpg?fit=450%2C357","jetpack_publicize_connections":[],"jetpack_sharing_enabled":true,"jetpack_likes_enabled":true,"jetpack-related-posts":[{"id":7106,"url":"http:\/\/astehshop.com\/index.php\/product\/video-nadzor-partizan-security-komplet-sa-3-kamere-2-mpx\/","url_meta":{"origin":7108,"position":0},"title":"Video nadzor Partizan Security komplet sa 3 kamere 2 MPX","date":"19. prosinca 2022.","format":false,"excerpt":"Partizan Security video nadzor SET za poslovne prostore, dvori\u0161ta, gara\u017ee, ku\u0107e, stanove. 1 x Partizan Security 4 kanalni snima\u010d 3 x Partizan Security bullet kamera 2 MPX IR do 30 M no\u0107ni domet 1 x disk 500 GB 1 x naljepnica Objekat je pod video nadzorom Partizan Security komplet video\u2026","rel":"","context":"Srodne objave","img":{"alt_text":"","src":"https:\/\/i2.wp.com\/astehshop.com\/wp-content\/uploads\/2022\/12\/partizan-security-cctv-sa-3-kamere.jpg?fit=1200%2C953&resize=350%2C200","width":350,"height":200},"classes":[]},{"id":7102,"url":"http:\/\/astehshop.com\/index.php\/product\/video-nadzor-partizan-security-komplet-sa-jednom-kamerom-2-mpx\/","url_meta":{"origin":7108,"position":1},"title":"Video nadzor Partizan Security komplet sa jednom kamerom 2 MPX","date":"19. prosinca 2022.","format":false,"excerpt":"Partizan Security video nadzor SET za poslovne prostore, dvori\u0161ta, gara\u017ee, ku\u0107e, stanove. 1 x Partizan Security 4 kanalni snima\u010d 1 x Partizan Security bullet kamera 2 MPX IR do 30 M no\u0107ni domet 1 x disk 500 GB 1 x naljepnica Objekat je pod video nadzorom Partizan Security komplet video\u2026","rel":"","context":"Srodne objave","img":{"alt_text":"","src":"https:\/\/i2.wp.com\/astehshop.com\/wp-content\/uploads\/2022\/12\/partizan-security-set-1-kamera.jpg?fit=1200%2C953&resize=350%2C200","width":350,"height":200},"classes":[]},{"id":7104,"url":"http:\/\/astehshop.com\/index.php\/product\/video-nadzor-partizan-security-komplet-sa-2-kamere-2-mpx\/","url_meta":{"origin":7108,"position":2},"title":"Video nadzor Partizan Security komplet sa 2 kamere 2 MPX","date":"19. prosinca 2022.","format":false,"excerpt":"Partizan Security video nadzor SET za poslovne prostore, dvori\u0161ta, gara\u017ee, ku\u0107e, stanove. 1 x Partizan Security 4 kanalni snima\u010d 2 x Partizan Security bullet kamera 2 MPX IR do 30 M no\u0107ni domet 1 x disk 500 GB 1 x naljepnica Objekat je pod video nadzorom Partizan Security komplet video\u2026","rel":"","context":"Srodne objave","img":{"alt_text":"","src":"https:\/\/i2.wp.com\/astehshop.com\/wp-content\/uploads\/2022\/12\/partizan-security-sa-2-kamere.jpg?fit=1200%2C953&resize=350%2C200","width":350,"height":200},"classes":[]},{"id":7178,"url":"http:\/\/astehshop.com\/index.php\/product\/video-nadzor-partizan-security-komplet-sa-4-kamere-5-mpx-full-colour\/","url_meta":{"origin":7108,"position":3},"title":"Video nadzor Partizan Security komplet sa 4 kamere 5 MPX Full Colour","date":"26. sije\u010dnja 2023.","format":false,"excerpt":"Partizan Security video nadzor SET za poslovne prostore, dvori\u0161ta, gara\u017ee, ku\u0107e, stanove. 1 x Partizan Security 4 kanalni snima\u010d 4 x Partizan Security bullet kamera 5 MPX Full Color 1 x disk 500 GB 1 x naljepnica Objekat je pod video nadzorom Partizan Security komplet video nadzor sa Full HD\u2026","rel":"","context":"Srodne objave","img":{"alt_text":"","src":"https:\/\/i2.wp.com\/astehshop.com\/wp-content\/uploads\/2023\/01\/partizan-full-colour.jpg?fit=1200%2C954&resize=350%2C200","width":350,"height":200},"classes":[]},{"id":7096,"url":"http:\/\/astehshop.com\/index.php\/product\/video-nadzor-hikvision-komplet-sa-2-kamere-2-mpx-40m-ir\/","url_meta":{"origin":7108,"position":4},"title":"Video nadzor HikVision komplet sa 2 kamere 2 MPX 40M IR","date":"18. prosinca 2022.","format":false,"excerpt":"HikVision video nadzor SET za poslovne prostore, dvori\u0161ta, gara\u017ee, ku\u0107e, stanove. 1 x HikVision 4 kanalni snima\u010d 2 x HikVision bullet kamera 2 MPX IR do 40M 1 x disk 500 GB 1 x naljepnica Objekat je pod video nadzorom HikVision komplet video nadzor sa Full HD kamerom nudi mogu\u0107nost\u2026","rel":"","context":"Srodne objave","img":{"alt_text":"","src":"https:\/\/i1.wp.com\/astehshop.com\/wp-content\/uploads\/2022\/12\/hikvision-sa-2-kamere-velike.jpg?fit=1200%2C954&resize=350%2C200","width":350,"height":200},"classes":[]},{"id":7087,"url":"http:\/\/astehshop.com\/index.php\/product\/video-nadzor-hikvision-komplet-sa-2-kamere-2-mpx\/","url_meta":{"origin":7108,"position":5},"title":"Video nadzor HikVision komplet sa 2 kamere 2 MPX","date":"16. prosinca 2022.","format":false,"excerpt":"HikVision video nadzor SET za poslovne prostore, dvori\u0161ta, gara\u017ee, ku\u0107e, stanove. 1 x HikVision 4 kanalni snima\u010d 2 x HikVision bullet kamera 2 MPX IR od 30M 1 x disk 500 GB 1 x naljepnica Objekat je pod video nadzorom HikVision komplet video nadzor sa Full HD kamerom nudi mogu\u0107nost\u2026","rel":"","context":"Srodne objave","img":{"alt_text":"","src":"https:\/\/i0.wp.com\/astehshop.com\/wp-content\/uploads\/2022\/12\/hikvision-sajt-sa-2-kamere.jpg?fit=1200%2C953&resize=350%2C200","width":350,"height":200},"classes":[]}],"_links":{"self":[{"href":"http:\/\/astehshop.com\/index.php\/wp-json\/wp\/v2\/product\/7108"}],"collection":[{"href":"http:\/\/astehshop.com\/index.php\/wp-json\/wp\/v2\/product"}],"about":[{"href":"http:\/\/astehshop.com\/index.php\/wp-json\/wp\/v2\/types\/product"}],"replies":[{"embeddable":true,"href":"http:\/\/astehshop.com\/index.php\/wp-json\/wp\/v2\/comments?post=7108"}],"wp:featuredmedia":[{"embeddable":true,"href":"http:\/\/astehshop.com\/index.php\/wp-json\/wp\/v2\/media\/7109"}],"wp:attachment":[{"href":"http:\/\/astehshop.com\/index.php\/wp-json\/wp\/v2\/media?parent=7108"}],"wp:term":[{"taxonomy":"product_cat","embeddable":true,"href":"http:\/\/astehshop.com\/index.php\/wp-json\/wp\/v2\/product_cat?post=7108"},{"taxonomy":"product_tag","embeddable":true,"href":"http:\/\/astehshop.com\/index.php\/wp-json\/wp\/v2\/product_tag?post=7108"}],"curies":[{"name":"wp","href":"https:\/\/api.w.org\/{rel}","templated":true}]}}