{"id":7083,"date":"2022-12-16T14:03:01","date_gmt":"2022-12-16T13:03:01","guid":{"rendered":"http:\/\/astehshop.com\/?post_type=product&#038;p=7083"},"modified":"2022-12-16T14:03:02","modified_gmt":"2022-12-16T13:03:02","slug":"video-nadzor-longse-komplet-sa-3-kamere-2-mpx-full-color","status":"publish","type":"product","link":"https:\/\/astehshop.com\/trgovina\/videonadzor\/kompletan-set-videonadzor\/video-nadzor-longse-komplet-sa-3-kamere-2-mpx-full-color\/","title":{"rendered":"Video nadzor Longse komplet sa 3 kamere 2 MPX Full Color"},"content":{"rendered":"<div>\n<div>\n<p>Longse video nadzor SET za poslovne prostore, dvori\u0161ta, gara\u017ee, ku\u0107e, stanove.<\/p>\n<p>1 x Longse 4 kanalni snima\u010d<br \/>\n3 x Longse bullet kamera 2 MPX FULL COLOR<br \/>\n1 x disk 500 GB<br \/>\n1 x naljepnica Objekat je pod video nadzorom<br \/>\n3 x RBOX za za\u0161titu kablova i kutija za kameru<\/p>\n<p>Longse komplet video nadzor sa 2 Full Color HD kamerama nudi mogu\u0107nost da pokrijete ulaz u ku\u0107u ili dvori\u0161te, odnosno manji lokal ili stan.<\/p>\n<p>U kompletu se nalazi Full HD (1080p) kamera oblika bullete. Kamera poseduje BLC, 2D DNR, DWDR kao i inteligentnu IR rasvetu dometa do 20 m (Smart IR). Ukoliko Vam je potrebna dome kamera umjesto Bullet u ovom setu je mo\u017eemo zamijeniti ako to naglasite.<\/p>\n<p>Kablovi za video nadzor se ne nalaze u kompletu iz razloga \u0161to je svakom kupcu potrebna druga\u010dija du\u017eina kablova. U ponudi imamo ne\u0161to od gotovih kablova, ali Vam mo\u017eemo i napraviti po \u017eelji.<\/p>\n<p>Pored kamera u kompletu se nalazi digitalni video rekorder (DVR) koji slu\u017ei za snimanje video materijala.<\/p>\n<p>Video se skladi\u0161ti na hard disku veli\u010dine 500 GB \u0161to je dovoljno za oko 7 dana snimanja 24 sata bez prestanka. Umjesto vas pode\u0161avamo sistem da radi na detekciju pokreta tj. da snimma samo kada promjena na ekranu, tada snimanje produ\u017eeno i do 15 dana<\/p>\n<p>Kamere u kompletu su Full HD, dok je snimanje materijala u HD rezoluciji.<\/p>\n<p>Ako na objektu posjedujete internet potrebno je samo da isti pove\u017eete sa DVR snima\u010dem i tako mo\u017eete pratiti Va\u0161 video nadzor preko interneta na ra\u010dunaru, telefonu ili tabletu u realnom vremenu.<\/p>\n<p>Potrebno je instalirati Longse program za PC ili aplikaciju za mobilni i za bukvalno par minuta mo\u017eete pristupiti kamerama iz bilo kog dijela svijeta, samo vam je internet potreban. Nakon kupovine kompleta dobijate link za preuzimanje programa, kao i link do Android i iOS aplikacije i kratko uputstvo za pode\u0161avanje, iako sve a\u017eurno mo\u017eete vidjeti na na\u0161oj stranici u polju Tutorijali<\/p>\n<\/div>\n<\/div>\n<form class=\"cart\" action=\"http:\/\/astehshop.com\/index.php\/product\/video-nadzor-longse-komplet-sa-2-kamere-2-mpx-full-color\/\" enctype=\"multipart\/form-data\" method=\"post\">\n<div class=\"quantity\"><label class=\"screen-reader-text\" for=\"quantity_639c6b16c87a1\">Video nadzor Longse komplet sa 2 kamere 2 MPX Full Color koli\u010dina<\/label> <input id=\"quantity_639c6b16c87a1\" class=\"input-text qty text\" title=\"Koli\u010dina\" max=\"\" min=\"1\" name=\"quantity\" size=\"4\" step=\"1\" type=\"number\" value=\"1\" placeholder=\"\" \/><\/div>\n<\/form>\n","protected":false},"excerpt":{"rendered":"<div>\n<div>\n<p>Longse video nadzor SET za poslovne prostore, dvori\u0161ta, gara\u017ee, ku\u0107e, stanove.<\/p>\n<p>1 x Longse 4 kanalni snima\u010d<br \/>\n3 x Longse bullet kamera 2 MPX FULL COLOR<br \/>\n1 x disk 500 GB<br \/>\n1 x naljepnica Objekat je pod video nadzorom<br \/>\n3 x RBOX za za\u0161titu kablova i kutija za kameru<\/p>\n<p>Longse komplet video nadzor sa 2 Full Color HD kamerama nudi mogu\u0107nost da pokrijete ulaz u ku\u0107u ili dvori\u0161te, odnosno manji lokal ili stan.<\/p>\n<p>U kompletu se nalazi Full HD (1080p) kamera oblika bullete. Kamera poseduje BLC, 2D DNR, DWDR kao i inteligentnu IR rasvetu dometa do 20 m (Smart IR). Ukoliko Vam je potrebna dome kamera umjesto Bullet u ovom setu je mo\u017eemo zamijeniti ako to naglasite.<\/p>\n<p>Kablovi za video nadzor se ne nalaze u kompletu iz razloga \u0161to je svakom kupcu potrebna druga\u010dija du\u017eina kablova. U ponudi imamo ne\u0161to od gotovih kablova, ali Vam mo\u017eemo i napraviti po \u017eelji.<\/p>\n<p>Pored kamera u kompletu se nalazi digitalni video rekorder (DVR) koji slu\u017ei za snimanje video materijala.<\/p>\n<p>Video se skladi\u0161ti na hard disku veli\u010dine 500 GB \u0161to je dovoljno za oko 7 dana snimanja 24 sata bez prestanka. Umjesto vas pode\u0161avamo sistem da radi na detekciju pokreta tj. da snimma samo kada promjena na ekranu, tada snimanje produ\u017eeno i do 15 dana<\/p>\n<p>Kamere u kompletu su Full HD, dok je snimanje materijala u HD rezoluciji.<\/p>\n<p>Ako na objektu posjedujete internet potrebno je samo da isti pove\u017eete sa DVR snima\u010dem i tako mo\u017eete pratiti Va\u0161 video nadzor preko interneta na ra\u010dunaru, telefonu ili tabletu u realnom vremenu.<\/p>\n<p>Potrebno je instalirati Longse program za PC ili aplikaciju za mobilni i za bukvalno par minuta mo\u017eete pristupiti kamerama iz bilo kog dijela svijeta, samo vam je internet potreban. Nakon kupovine kompleta dobijate link za preuzimanje programa, kao i link do Android i iOS aplikacije i kratko uputstvo za pode\u0161avanje, iako sve a\u017eurno mo\u017eete vidjeti na na\u0161oj stranici u polju Tutorijali<\/p>\n<\/div>\n<\/div>\n<form class=\"cart\" action=\"http:\/\/astehshop.com\/index.php\/product\/video-nadzor-longse-komplet-sa-2-kamere-2-mpx-full-color\/\" enctype=\"multipart\/form-data\" method=\"post\">\n<div class=\"quantity\"><label class=\"screen-reader-text\" for=\"quantity_639c6b16c87a1\">Video nadzor Longse komplet sa 2 kamere 2 MPX Full Color koli\u010dina<\/label> <input id=\"quantity_639c6b16c87a1\" class=\"input-text qty text\" title=\"Koli\u010dina\" max=\"\" min=\"1\" name=\"quantity\" size=\"4\" step=\"1\" type=\"number\" value=\"1\" placeholder=\"\" \/><\/div>\n<\/form>\n","protected":false},"featured_media":7084,"comment_status":"open","ping_status":"closed","template":"","meta":[],"product_brand":[],"product_cat":[2298],"product_tag":[2030,1549,4848,4849,4744,4847,2310,626,4846,1205,4852,4851,4850],"class_list":{"0":"post-7083","1":"product","2":"type-product","3":"status-publish","4":"has-post-thumbnail","6":"product_cat-kompletan-set-videonadzor","7":"product_tag-dobre-kamere","8":"product_tag-kamere-bijeljina","9":"product_tag-kamere-federacija","10":"product_tag-kamere-srebrenik","11":"product_tag-kamere-za-video-nadzor","12":"product_tag-kamere-zivinice","13":"product_tag-longse-set","14":"product_tag-najbolje-kamere","15":"product_tag-set-3-kamere","16":"product_tag-set-kamera","17":"product_tag-video-nadzor-gracanica","18":"product_tag-video-nadzor-gracaninca","19":"product_tag-video-nadzor-srebrenik","21":"first","22":"instock","23":"shipping-taxable","24":"purchasable","25":"product-type-simple"},"_links":{"self":[{"href":"https:\/\/astehshop.com\/wp-json\/wp\/v2\/product\/7083","targetHints":{"allow":["GET"]}}],"collection":[{"href":"https:\/\/astehshop.com\/wp-json\/wp\/v2\/product"}],"about":[{"href":"https:\/\/astehshop.com\/wp-json\/wp\/v2\/types\/product"}],"replies":[{"embeddable":true,"href":"https:\/\/astehshop.com\/wp-json\/wp\/v2\/comments?post=7083"}],"version-history":[{"count":0,"href":"https:\/\/astehshop.com\/wp-json\/wp\/v2\/product\/7083\/revisions"}],"wp:featuredmedia":[{"embeddable":true,"href":"https:\/\/astehshop.com\/wp-json\/wp\/v2\/media\/7084"}],"wp:attachment":[{"href":"https:\/\/astehshop.com\/wp-json\/wp\/v2\/media?parent=7083"}],"wp:term":[{"taxonomy":"product_brand","embeddable":true,"href":"https:\/\/astehshop.com\/wp-json\/wp\/v2\/product_brand?post=7083"},{"taxonomy":"product_cat","embeddable":true,"href":"https:\/\/astehshop.com\/wp-json\/wp\/v2\/product_cat?post=7083"},{"taxonomy":"product_tag","embeddable":true,"href":"https:\/\/astehshop.com\/wp-json\/wp\/v2\/product_tag?post=7083"}],"curies":[{"name":"wp","href":"https:\/\/api.w.org\/{rel}","templated":true}]}}