{"id":7064,"date":"2022-12-10T20:07:43","date_gmt":"2022-12-10T19:07:43","guid":{"rendered":"http:\/\/astehshop.com\/?post_type=product&#038;p=7064"},"modified":"2022-12-10T20:07:45","modified_gmt":"2022-12-10T19:07:45","slug":"ajax-alarm-komplet-starter-sa-1-senzorom-kontrola-putem-telefona","status":"publish","type":"product","link":"http:\/\/astehshop.com\/index.php\/product\/ajax-alarm-komplet-starter-sa-1-senzorom-kontrola-putem-telefona\/","title":{"rendered":"Ajax alarm komplet Starter sa 1 senzorom &#8211; kontrola putem telefona"},"content":{"rendered":"<p>Alarmni komplet za firme, poslovne prostore, ku\u0107e, stanove<\/p>\n<p>1 x AJAX Hub WH alarmna centrala<br \/>\n1 x AJAX MotionProtect WH be\u017ei\u010dni PIR detektor<\/p>\n<p>Ajax\u00a0 alarmni komplet sa po jednim PIR senzorom nudi mogu\u0107nost da pokrijete ulaz u ku\u0107u ili dvori\u0161te, odnosno manji lokal ili trafiku koji mo\u017eete spojiti na internet i u svakom trenutku imati uvid da li je alarm naoru\u017ean ili nije kao i u slu\u010daju nedozvoljenog ulaza.<\/p>\n<p>U kompletu se nalazi be\u017ei\u010dni PIR senzor koji slu\u017ei da otkrije \u010dovek u polju. Lako otkriva ljude ili velike \u017eivotinje koje naru\u0161avaju \u0161ti\u0107eni prostor i blagovremeno obavje\u0161tavaju o alarmnim doga\u0111ajima.<\/p>\n<p>Ima ugra\u0111enu bateruju koja pru\u017ea siguran rad do \u010dak 5 godina, dok sam senzor posjeduje alarm niskog nivoa baterije tj. pre nego \u0161to se baterija isprazni da izvr\u0161ite zamjenu jer \u201cko \u0107e da pamti pet godina\u201d.<\/p>\n<p>Pored be\u017ei\u010dnih senzora u kompletu se nalazi alarmni hub (centrala) koji vam omogu\u0107ava da primate obavje\u0161tenja u realnom vremenu, kontroli\u0161ete i upravljate svim be\u017ei\u010dnim ure\u0111ajima, izvr\u0161ite udaljene operacije i jo\u0161 mnogo toga. Model iz kompleta ima mogu\u0107nost dojave putem lokalne mre\u017ee i interneta, SMS-om.<\/p>\n<p>Najve\u0107a prednost ovog sistema je \u0161to mo\u017eete dodati Ajax be\u017ei\u010dne sirene (unutra\u0161nja ili spolja\u0161nja), be\u017ei\u010dni \u0161ifrator, panik tastere ili dodatne be\u017ei\u010dne PIR senzore, magnetne kontakte, daljince, detektor dima ili detektor vode.<\/p>\n<p>Za pristup alarmnom sistemu potrebno je instalirati Ajax aplikaciju za mobilni (Android\/iOS) i za bukvalno 5 minuta mo\u017eete pristupiti alarmnom sistemu iz bilo kog dijela svijeta, samo vam je internet potreban. Nakon kupovine kompleta dobijate link za preuzimanje programa, kao i link do Android i iOS aplikacije, a sve detaljno mo\u017eete prona\u0107i i u na\u0161em odjelu na sajtu pod nazivom Tutorijali<\/p>\n<p>Ovo je mogu\u0107e kupiti samo putem na\u0161eg sajta po ovoj\u00a0 cijeni !<\/p>\n","protected":false},"excerpt":{"rendered":"<p>Alarmni komplet za firme, poslovne prostore, ku\u0107e, stanove<\/p>\n<p>1 x AJAX Hub WH alarmna centrala<br \/>\n1 x AJAX MotionProtect WH be\u017ei\u010dni PIR detektor<\/p>\n<p>Ajax\u00a0 alarmni komplet sa po jednim PIR senzorom nudi mogu\u0107nost da pokrijete ulaz u ku\u0107u ili dvori\u0161te, odnosno manji lokal ili trafiku koji mo\u017eete spojiti na internet i u svakom trenutku imati uvid da li je alarm naoru\u017ean ili nije kao i u slu\u010daju nedozvoljenog ulaza.<\/p>\n<p>U kompletu se nalazi be\u017ei\u010dni PIR senzor koji slu\u017ei da otkrije \u010dovek u polju. Lako otkriva ljude ili velike \u017eivotinje koje naru\u0161avaju \u0161ti\u0107eni prostor i blagovremeno obavje\u0161tavaju o alarmnim doga\u0111ajima.<\/p>\n<p>Ima ugra\u0111enu bateruju koja pru\u017ea siguran rad do \u010dak 5 godina, dok sam senzor posjeduje alarm niskog nivoa baterije tj. pre nego \u0161to se baterija isprazni da izvr\u0161ite zamjenu jer \u201cko \u0107e da pamti pet godina\u201d.<\/p>\n<p>Pored be\u017ei\u010dnih senzora u kompletu se nalazi alarmni hub (centrala) koji vam omogu\u0107ava da primate obavje\u0161tenja u realnom vremenu, kontroli\u0161ete i upravljate svim be\u017ei\u010dnim ure\u0111ajima, izvr\u0161ite udaljene operacije i jo\u0161 mnogo toga. Model iz kompleta ima mogu\u0107nost dojave putem lokalne mre\u017ee i interneta, SMS-om.<\/p>\n<p>Najve\u0107a prednost ovog sistema je \u0161to mo\u017eete dodati Ajax be\u017ei\u010dne sirene (unutra\u0161nja ili spolja\u0161nja), be\u017ei\u010dni \u0161ifrator, panik tastere ili dodatne be\u017ei\u010dne PIR senzore, magnetne kontakte, daljince, detektor dima ili detektor vode.<\/p>\n<p>Za pristup alarmnom sistemu potrebno je instalirati Ajax aplikaciju za mobilni (Android\/iOS) i za bukvalno 5 minuta mo\u017eete pristupiti alarmnom sistemu iz bilo kog dijela svijeta, samo vam je internet potreban. Nakon kupovine kompleta dobijate link za preuzimanje programa, kao i link do Android i iOS aplikacije, a sve detaljno mo\u017eete prona\u0107i i u na\u0161em odjelu na sajtu pod nazivom Tutorijali<\/p>\n<p>Ovo je mogu\u0107e kupiti samo putem na\u0161eg sajta po ovoj\u00a0 cijeni !<\/p>\n","protected":false},"featured_media":7065,"comment_status":"open","ping_status":"closed","template":"","meta":{"_mi_skip_tracking":false,"_exactmetrics_sitenote_active":false,"_exactmetrics_sitenote_note":"","_exactmetrics_sitenote_category":0,"spay_email":""},"product_cat":[141,2723],"product_tag":[2474,4788,839,4790,4791,272,4794,4796,4795,4793,2725,4789,4792,235,4797],"brands":[{"id":2473,"name":"AJAX","slug":"ajax"}],"df_price":379,"df_sale_price":"","df_regular_price":379,"df_image_link":"https:\/\/i0.wp.com\/astehshop.com\/wp-content\/uploads\/2022\/12\/ajax-alarm-1-senzor.jpg?fit=450%2C358","jetpack_publicize_connections":[],"jetpack_sharing_enabled":true,"jetpack_likes_enabled":true,"jetpack-related-posts":[{"id":7068,"url":"http:\/\/astehshop.com\/index.php\/product\/ajax-alarm-komplet-sa-1-senzorom-i-sirenom-kontrola-putem-telefona\/","url_meta":{"origin":7064,"position":0},"title":"Ajax alarm komplet sa 1 senzorom i sirenom &#8211; kontrola putem telefona","date":"10. prosinca 2022.","format":false,"excerpt":"Alarmni komplet za firme, poslovne prostore, ku\u0107e, stanove 1 x AJAX Hub WH alarmna centrala 1 x AJAX MotionProtect WH be\u017ei\u010dni PIR detektor 1 x AJAX SpaceControl WH daljinski upravlja\u010d 1 x AJAX HomeSiren WH Ajax\u00a0 alarmni komplet sa po jednim PIR senzorom nudi mogu\u0107nost da pokrijete ulaz u ku\u0107u\u2026","rel":"","context":"Srodne objave","img":{"alt_text":"","src":"https:\/\/i1.wp.com\/astehshop.com\/wp-content\/uploads\/2022\/12\/ajax-sa-sirenom.jpg?fit=1200%2C953&resize=350%2C200","width":350,"height":200},"classes":[]},{"id":7066,"url":"http:\/\/astehshop.com\/index.php\/product\/ajax-alarm-komplet-sa-1-senzorom-i-daljinskim-kontrola-putem-telefona\/","url_meta":{"origin":7064,"position":1},"title":"Ajax alarm komplet sa 1 senzorom i daljinskim &#8211; kontrola putem telefona","date":"10. prosinca 2022.","format":false,"excerpt":"Alarmni komplet za firme, poslovne prostore, ku\u0107e, stanove 1 x AJAX Hub WH alarmna centrala 1 x AJAX MotionProtect WH be\u017ei\u010dni PIR detektor 1 x AJAX SpaceControl WH daljinski upravlja\u010d Ajax\u00a0 alarmni komplet sa po jednim PIR senzorom nudi mogu\u0107nost da pokrijete ulaz u ku\u0107u ili dvori\u0161te, odnosno manji lokal\u2026","rel":"","context":"Srodne objave","img":{"alt_text":"","src":"https:\/\/i2.wp.com\/astehshop.com\/wp-content\/uploads\/2022\/12\/ajax-alarm-senzor-i-daljinski.jpg?fit=1200%2C953&resize=350%2C200","width":350,"height":200},"classes":[]},{"id":7070,"url":"http:\/\/astehshop.com\/index.php\/product\/ajax-alarm-komplet-sa-2-senzora-i-sirenom-kontrola-putem-telefona\/","url_meta":{"origin":7064,"position":2},"title":"Ajax alarm komplet sa 2 senzora i sirenom &#8211; kontrola putem telefona","date":"10. prosinca 2022.","format":false,"excerpt":"Alarmni komplet za firme, poslovne prostore, ku\u0107e, stanove 1 x AJAX Hub WH alarmna centrala 2 x AJAX MotionProtect WH be\u017ei\u010dni PIR detektor 1 x AJAX SpaceControl WH daljinski upravlja\u010d 1 x AJAX HomeSiren WH Ajax\u00a0 alarmni komplet sa po jednim PIR senzorom nudi mogu\u0107nost da pokrijete ulaz u ku\u0107u\u2026","rel":"","context":"Srodne objave","img":{"alt_text":"","src":"https:\/\/i2.wp.com\/astehshop.com\/wp-content\/uploads\/2022\/12\/komplet-alarm-ajax-sa-2-senzora.jpg?fit=1200%2C953&resize=350%2C200","width":350,"height":200},"classes":[]},{"id":5081,"url":"http:\/\/astehshop.com\/index.php\/product\/ajax-alarm-bezicni-set-techno-shop-bn\/","url_meta":{"origin":7064,"position":3},"title":"Ajax alarm be\u017ei\u010dni set Techno Shop BN","date":"4. prosinca 2020.","format":false,"excerpt":"U setu dobijate 1 x Alarmnu centralu HUB ( po izboru bijela ili crna ) 3G kartica + mrezni ulaz \/ dojava u roku milisekunde 1 x senzor ( po izboru bijeli ili crni ) trajanje baterija do 7 godina 1 x unutra\u0161nja sirena ( po izboru crna ili bijela\u2026","rel":"","context":"Srodne objave","img":{"alt_text":"ajax bijeljina","src":"https:\/\/i0.wp.com\/astehshop.com\/wp-content\/uploads\/2020\/12\/ajax-alarm-set-1.jpg?fit=982%2C1200&resize=350%2C200","width":350,"height":200},"classes":[]},{"id":7150,"url":"http:\/\/astehshop.com\/index.php\/product\/paradox-alarm-komplet-sa-2-senzora-i-sirenom-sp5500\/","url_meta":{"origin":7064,"position":4},"title":"Paradox alarm komplet sa 2 senzora i sirenom SP5500+","date":"21. sije\u010dnja 2023.","format":false,"excerpt":"Alarmni komplet za firme, poslovne prostore, ku\u0107e, stanove 1 x Paradox centrala SP5500+ novi model 2 x Paradox NV5 senzora sa nosa\u010dem 1 x Paradox tastatura K10 LED 1 x Solo vanjska sirena ( najbolja u klasi ) 1 x Trafox 220 na 16.5 V 1 x metalna kutija za\u2026","rel":"","context":"Srodne objave","img":{"alt_text":"","src":"https:\/\/i2.wp.com\/astehshop.com\/wp-content\/uploads\/2023\/01\/paradox-sa-2-senzora.jpg?fit=1200%2C953&resize=350%2C200","width":350,"height":200},"classes":[]},{"id":12226,"url":"http:\/\/astehshop.com\/index.php\/product\/paradox-bezicni-pir-detektor-minijaturni-bijeli-pmd5m-bijeli-ili-crni\/","url_meta":{"origin":7064,"position":5},"title":"Paradox Be\u017ei\u010dni PIR detektor &#8211; minijaturni, bijeli PMD5M Bijeli ili Crni","date":"28. sije\u010dnja 2026.","format":false,"excerpt":"Be\u017ei\u010dni PIR detektor - minijaturni, bijeli Integrisan be\u017ei\u010dni primopredajnik na frekvenciji 868MHz, koristi auto learn funkciju \u0161to zna\u010di da se automatski registruje na centralu M serije, dualni PIR senzor, unutra\u0161nja monta\u017ea, domet 12m (110\u00b0), creep zona detekcije, tamper prekida\u010d, preko aplikacije BlueEye nadzor stanja baterije, temperature i RX\/TX signala, baterija\u2026","rel":"","context":"Srodne objave","img":{"alt_text":"","src":"https:\/\/i1.wp.com\/astehshop.com\/wp-content\/uploads\/2026\/01\/paradox-senzor.jpg?fit=1200%2C1200&resize=350%2C200","width":350,"height":200},"classes":[]}],"_links":{"self":[{"href":"http:\/\/astehshop.com\/index.php\/wp-json\/wp\/v2\/product\/7064"}],"collection":[{"href":"http:\/\/astehshop.com\/index.php\/wp-json\/wp\/v2\/product"}],"about":[{"href":"http:\/\/astehshop.com\/index.php\/wp-json\/wp\/v2\/types\/product"}],"replies":[{"embeddable":true,"href":"http:\/\/astehshop.com\/index.php\/wp-json\/wp\/v2\/comments?post=7064"}],"wp:featuredmedia":[{"embeddable":true,"href":"http:\/\/astehshop.com\/index.php\/wp-json\/wp\/v2\/media\/7065"}],"wp:attachment":[{"href":"http:\/\/astehshop.com\/index.php\/wp-json\/wp\/v2\/media?parent=7064"}],"wp:term":[{"taxonomy":"product_cat","embeddable":true,"href":"http:\/\/astehshop.com\/index.php\/wp-json\/wp\/v2\/product_cat?post=7064"},{"taxonomy":"product_tag","embeddable":true,"href":"http:\/\/astehshop.com\/index.php\/wp-json\/wp\/v2\/product_tag?post=7064"}],"curies":[{"name":"wp","href":"https:\/\/api.w.org\/{rel}","templated":true}]}}