{"id":7039,"date":"2022-12-09T12:58:36","date_gmt":"2022-12-09T11:58:36","guid":{"rendered":"http:\/\/astehshop.com\/?post_type=product&#038;p=7039"},"modified":"2025-09-17T21:58:37","modified_gmt":"2025-09-17T19:58:37","slug":"video-nadzor-dahua-komplet-sa-jednom-kamerom-2-mpx-2","status":"publish","type":"product","link":"http:\/\/astehshop.com\/index.php\/product\/video-nadzor-dahua-komplet-sa-jednom-kamerom-2-mpx-2\/","title":{"rendered":"Video nadzor Dahua komplet sa jednom kamerom 2 MPX"},"content":{"rendered":"<div>\n<p>Dahua HDCVI video nadzor SET za poslovne prostore, dvori\u0161ta, gara\u017ee, ku\u0107e, stanove.<\/p>\n<p>1 x Dahua 4 kanalni snima\u010d WizSense<br \/>\n1 x Dahua bullet kamera\u00a0 2 MPX 30 Metara no\u0107ni IR<br \/>\n1 x disk 500 GB<br \/>\n1 x naljepnica Objekat je pod video nadzorom<\/p>\n<p>Dahua komplet video nadzor sa jednom Full HD kamerom nudi mogu\u0107nost da pokrijete ulaz u ku\u0107u ili dvori\u0161te, odnosno manji lokal ili stan.<\/p>\n<p>U kompletu se nalazi Full HD (1080p) kamera oblika bullet. Kamera poseduje BLC, 2D DNR, DWDR kao i inteligentnu IR rasvetu dometa do 30 m (Smart IR). Ukoliko Vam je potrebna dome\u00a0 kamera umjesto bullet u ovom setu je mo\u017eemo zamijeniti ako to naglasite.<\/p>\n<p>Kablovi za video nadzor se ne nalaze u kompletu iz razloga \u0161to je svakom kupcu potrebna druga\u010dija du\u017eina kablova. U ponudi imamo ne\u0161to od gotovih kablova, ali Vam mo\u017eemo i napraviti po \u017eelji.<\/p>\n<p>Pored kamera u kompletu se nalazi digitalni video rekorder (DVR) koji slu\u017ei za snimanje video materijala.<\/p>\n<p>Video se skladi\u0161ti na hard disku veli\u010dine 500 GB \u0161to je dovoljno za preko mjesec dana snimanja 24 sata bez prestanka. Umjesto vas pode\u0161avamo sistem da radi na detekciju pokreta tj. da snima samo kada promjena na ekranu, tada snimanje produ\u017eeno i do nekoliko mjeseci.<\/p>\n<p>Kamere u kompletu su Full HD, dok je snimanje materijala u HD rezoluciji.<\/p>\n<p>Ako na objektu posjedujete internet potrebno je samo da isti pove\u017eete sa DVR snima\u010dem i tako mo\u017eete pratiti Va\u0161 video nadzor preko interneta na ra\u010dunaru, telefonu ili tabletu u realnom vremenu. DVR snima\u010d je WizSense serija, koja ima AI \u2013 detekcija i pretraga po osobi\/vozilu, kao i SMD+ detekcija pokreta.<\/p>\n<p>Potrebno je instalirati Dahua program za PC ili aplikaciju za mobilni i za bukvalno par minuta mo\u017eete pristupiti kamerama iz bilo kog dijela svijeta, samo vam je internet potreban. Nakon kupovine kompleta dobijate link za preuzimanje programa, kao i link do Android i iOS aplikacije i kratko uputstvo za pode\u0161avanje, iako sve a\u017eurno mo\u017eete vidjeti na na\u0161oj stranici u polju Tutorijali.<\/p>\n<\/div>\n","protected":false},"excerpt":{"rendered":"<div>\n<p>Dahua HDCVI video nadzor SET za poslovne prostore, dvori\u0161ta, gara\u017ee, ku\u0107e, stanove.<\/p>\n<p>1 x Dahua 4 kanalni snima\u010d WizSense<br \/>\n1 x Dahua bullet kamera\u00a0 2 MPX 30 Metara no\u0107ni IR<br \/>\n1 x disk 500 GB<br \/>\n1 x naljepnica Objekat je pod video nadzorom<\/p>\n<p>Dahua komplet video nadzor sa jednom Full HD kamerom nudi mogu\u0107nost da pokrijete ulaz u ku\u0107u ili dvori\u0161te, odnosno manji lokal ili stan.<\/p>\n<p>U kompletu se nalazi Full HD (1080p) kamera oblika bullet. Kamera poseduje BLC, 2D DNR, DWDR kao i inteligentnu IR rasvetu dometa do 30 m (Smart IR). Ukoliko Vam je potrebna dome\u00a0 kamera umjesto bullet u ovom setu je mo\u017eemo zamijeniti ako to naglasite.<\/p>\n<p>Kablovi za video nadzor se ne nalaze u kompletu iz razloga \u0161to je svakom kupcu potrebna druga\u010dija du\u017eina kablova. U ponudi imamo ne\u0161to od gotovih kablova, ali Vam mo\u017eemo i napraviti po \u017eelji.<\/p>\n<p>Pored kamera u kompletu se nalazi digitalni video rekorder (DVR) koji slu\u017ei za snimanje video materijala.<\/p>\n<p>Video se skladi\u0161ti na hard disku veli\u010dine 500 GB \u0161to je dovoljno za preko mjesec dana snimanja 24 sata bez prestanka. Umjesto vas pode\u0161avamo sistem da radi na detekciju pokreta tj. da snima samo kada promjena na ekranu, tada snimanje produ\u017eeno i do nekoliko mjeseci.<\/p>\n<p>Kamere u kompletu su Full HD, dok je snimanje materijala u HD rezoluciji.<\/p>\n<p>Ako na objektu posjedujete internet potrebno je samo da isti pove\u017eete sa DVR snima\u010dem i tako mo\u017eete pratiti Va\u0161 video nadzor preko interneta na ra\u010dunaru, telefonu ili tabletu u realnom vremenu. DVR snima\u010d je WizSense serija, koja ima AI \u2013 detekcija i pretraga po osobi\/vozilu, kao i SMD+ detekcija pokreta.<\/p>\n<p>Potrebno je instalirati Dahua program za PC ili aplikaciju za mobilni i za bukvalno par minuta mo\u017eete pristupiti kamerama iz bilo kog dijela svijeta, samo vam je internet potreban. Nakon kupovine kompleta dobijate link za preuzimanje programa, kao i link do Android i iOS aplikacije i kratko uputstvo za pode\u0161avanje, iako sve a\u017eurno mo\u017eete vidjeti na na\u0161oj stranici u polju Tutorijali.<\/p>\n<\/div>\n","protected":false},"featured_media":7040,"comment_status":"open","ping_status":"closed","template":"","meta":{"_mi_skip_tracking":false,"_exactmetrics_sitenote_active":false,"_exactmetrics_sitenote_note":"","_exactmetrics_sitenote_category":0,"spay_email":""},"product_cat":[2298],"product_tag":[598,4728,2030,4733,4732,931,4729,4731,4041,4730,1780],"brands":[{"id":2045,"name":"Dahua","slug":"dahua"}],"df_price":"","df_sale_price":"","df_regular_price":"","df_image_link":"https:\/\/i0.wp.com\/astehshop.com\/wp-content\/uploads\/2022\/12\/komplet-sa-1-dahua-kamerom-bullet.jpg?fit=450%2C358","jetpack_publicize_connections":[],"jetpack_sharing_enabled":true,"jetpack_likes_enabled":true,"jetpack-related-posts":[{"id":7030,"url":"http:\/\/astehshop.com\/index.php\/product\/video-nadzor-dahua-komplet-sa-jednom-kamerom-2-mpx\/","url_meta":{"origin":7039,"position":0},"title":"Video nadzor Dahua komplet sa jednom kamerom 2 MPX","date":"9. prosinca 2022.","format":false,"excerpt":"Dahua HDCVI video nadzor SET za poslovne prostore, dvori\u0161ta, gara\u017ee, ku\u0107e, stanove. 1 x Dahua 4 kanalni snima\u010d WizSense 1 x Dahua dome kamera T21a21 2 MPX 1 x disk 500 GB 1 x naljepnica Objekat je pod video nadzorom Dahua komplet video nadzor sa jednom Full HD kamerom nudi\u2026","rel":"","context":"Srodne objave","img":{"alt_text":"","src":"https:\/\/i0.wp.com\/astehshop.com\/wp-content\/uploads\/2022\/12\/komplet-sa-1-kamerom-2-mp.jpg?fit=1200%2C953&resize=350%2C200","width":350,"height":200},"classes":[]},{"id":7045,"url":"http:\/\/astehshop.com\/index.php\/product\/video-nadzor-dahua-komplet-sa-3-kamere-2-mpx\/","url_meta":{"origin":7039,"position":1},"title":"Video nadzor Dahua komplet sa 3 kamere 2 MPX","date":"9. prosinca 2022.","format":false,"excerpt":"Dahua HDCVI video nadzor SET za poslovne prostore, dvori\u0161ta, gara\u017ee, ku\u0107e, stanove. 1 x Dahua 4 kanalni snima\u010d WizSense 3 x Dahua bullet kamera\u00a0 2 MPX 30 Metara no\u0107ni IR 1 x disk 500 GB 1 x dodatno napajanje za kamere 1 x naljepnica Objekat je pod video nadzorom Dahua\u2026","rel":"","context":"Srodne objave","img":{"alt_text":"","src":"https:\/\/i0.wp.com\/astehshop.com\/wp-content\/uploads\/2022\/12\/komplet-sa-3-kamere.jpg?fit=1200%2C953&resize=350%2C200","width":350,"height":200},"classes":[]},{"id":7032,"url":"http:\/\/astehshop.com\/index.php\/product\/video-nadzor-dahua-komplet-sa-2-kamere-2-mpx\/","url_meta":{"origin":7039,"position":2},"title":"Video nadzor Dahua komplet sa 2 kamere 2 MPX","date":"9. prosinca 2022.","format":false,"excerpt":"Dahua HDCVI video nadzor SET za poslovne prostore, dvori\u0161ta, gara\u017ee, ku\u0107e, stanove. 1 x Dahua 4 kanalni snima\u010d WizSense 2 x Dahua dome kamera T21a21 2 MPX 1 x disk 500 GB 1 x dodatno napajanje za kamere 12v 2A 1 x naljepnica Objekat je pod video nadzorom Dahua komplet\u2026","rel":"","context":"Srodne objave","img":{"alt_text":"","src":"https:\/\/i0.wp.com\/astehshop.com\/wp-content\/uploads\/2022\/12\/komplet-dahua-sa-2-kamere.jpg?fit=1200%2C953&resize=350%2C200","width":350,"height":200},"classes":[]},{"id":7057,"url":"http:\/\/astehshop.com\/index.php\/product\/video-nadzor-dahua-komplet-sa-3-kamere-2-mpx-80m-ir-mikrofon\/","url_meta":{"origin":7039,"position":3},"title":"Video nadzor Dahua komplet sa 3 kamere 2 MPX 80M IR + mikrofon ISTEK ZALIHA","date":"9. prosinca 2022.","format":false,"excerpt":"Dahua HDCVI video nadzor SET za poslovne prostore, dvori\u0161ta, gara\u017ee, ku\u0107e, stanove. 1 x Dahua 4 kanalni snima\u010d WizSense 3 x Dahua bullet kamera\u00a0 2 MPX 80 Metara no\u0107ni IR + integrisan mikrofon u samoj kameri\u00a0 HAC-HFW1200TL 1 x disk 500 GB 1 x dodatno napajanje za kamere 1 x\u2026","rel":"","context":"Srodne objave","img":{"alt_text":"","src":"https:\/\/i0.wp.com\/astehshop.com\/wp-content\/uploads\/2022\/12\/sa-3-kamere-1200tl.jpg?fit=1200%2C953&resize=350%2C200","width":350,"height":200},"classes":[]},{"id":7036,"url":"http:\/\/astehshop.com\/index.php\/product\/video-nadzor-dahua-komplet-sa-1-kamerom-5-mpx\/","url_meta":{"origin":7039,"position":4},"title":"Video nadzor Dahua komplet sa 1 kamerom 5 MPX","date":"9. prosinca 2022.","format":false,"excerpt":"Dahua HDCVI video nadzor SET za poslovne prostore, dvori\u0161ta, gara\u017ee, ku\u0107e, stanove. 1 x Dahua 4 kanalni snima\u010d WizSense 1 x Dahua dome kamera 5 MPX 1 x disk 500 GB 1 x naljepnica Objekat je pod video nadzorom Dahua komplet video nadzor sa jednom 5MPX kamerom nudi mogu\u0107nost da\u2026","rel":"","context":"Srodne objave","img":{"alt_text":"","src":"https:\/\/i0.wp.com\/astehshop.com\/wp-content\/uploads\/2022\/12\/5-mpx-sa-jednom-kamerom.jpg?fit=1200%2C953&resize=350%2C200","width":350,"height":200},"classes":[]},{"id":7061,"url":"http:\/\/astehshop.com\/index.php\/product\/video-nadzor-dahua-komplet-sa-4-kamere-5-mpx-full-color-mikrofon\/","url_meta":{"origin":7039,"position":5},"title":"Video nadzor Dahua komplet sa 4 kamere 5 MPX Full Color + mikrofon","date":"9. prosinca 2022.","format":false,"excerpt":"Dahua HDCVI video nadzor SET za poslovne prostore, dvori\u0161ta, gara\u017ee, ku\u0107e, stanove. 1 x Dahua 4 kanalni snima\u010d WizSense 4 x Dahua bullet kamera\u00a0 5 MPX FULL COLOR + integrisan mikrofon u samoj kameri\u00a0 HAC-HFW1509TLM(-A)-LED 1 x dodatno napajanje za kamere 1 x naljepnica Objekat je pod video nadzorom Dahua\u2026","rel":"","context":"Srodne objave","img":{"alt_text":"","src":"https:\/\/i0.wp.com\/astehshop.com\/wp-content\/uploads\/2022\/12\/dahua-5-mpx-full-color-1.jpg?fit=1200%2C953&resize=350%2C200","width":350,"height":200},"classes":[]}],"_links":{"self":[{"href":"http:\/\/astehshop.com\/index.php\/wp-json\/wp\/v2\/product\/7039"}],"collection":[{"href":"http:\/\/astehshop.com\/index.php\/wp-json\/wp\/v2\/product"}],"about":[{"href":"http:\/\/astehshop.com\/index.php\/wp-json\/wp\/v2\/types\/product"}],"replies":[{"embeddable":true,"href":"http:\/\/astehshop.com\/index.php\/wp-json\/wp\/v2\/comments?post=7039"}],"wp:featuredmedia":[{"embeddable":true,"href":"http:\/\/astehshop.com\/index.php\/wp-json\/wp\/v2\/media\/7040"}],"wp:attachment":[{"href":"http:\/\/astehshop.com\/index.php\/wp-json\/wp\/v2\/media?parent=7039"}],"wp:term":[{"taxonomy":"product_cat","embeddable":true,"href":"http:\/\/astehshop.com\/index.php\/wp-json\/wp\/v2\/product_cat?post=7039"},{"taxonomy":"product_tag","embeddable":true,"href":"http:\/\/astehshop.com\/index.php\/wp-json\/wp\/v2\/product_tag?post=7039"}],"curies":[{"name":"wp","href":"https:\/\/api.w.org\/{rel}","templated":true}]}}