{"id":7021,"date":"2022-12-08T17:02:57","date_gmt":"2022-12-08T16:02:57","guid":{"rendered":"http:\/\/astehshop.com\/?post_type=product&#038;p=7021"},"modified":"2022-12-08T17:02:57","modified_gmt":"2022-12-08T16:02:57","slug":"hyperx-slusalice-cloud-stinger-s-7-1","status":"publish","type":"product","link":"http:\/\/astehshop.com\/index.php\/product\/hyperx-slusalice-cloud-stinger-s-7-1\/","title":{"rendered":"HyperX Slu\u0161alice Cloud Stinger S 7.1"},"content":{"rendered":"<p>Over-ear, \u017di\u010dane, Priklju\u010dci: 3,5mm, Du\u017eina kabla: 2,5m, Headphone Driver Dynamic, 50mm with neodymium magnets, Type Circumaural, Closed back, Frequency response 18Hz-23kHz, Impedance 32 , Sound pressure level 95.5dBSPL\/mW at 1kHz, T.H.D. 2, Weight 275g, , Microphone Element Electret condenser microphone, Polar pattern Uni-directional, Noise-cancelling, Frequency response 50Hz-18kHz, Sensitivity -40dBV (1V\/Pa at 1kHz<\/p>\n","protected":false},"excerpt":{"rendered":"<p>Over-ear, \u017di\u010dane, Priklju\u010dci: 3,5mm, Du\u017eina kabla: 2,5m, Headphone Driver Dynamic, 50mm with neodymium magnets, Type Circumaural, Closed back, Frequency response 18Hz-23kHz, Impedance 32 , Sound pressure level 95.5dBSPL\/mW at 1kHz, T.H.D. 2, Weight 275g, , Microphone Element Electret condenser microphone, Polar pattern Uni-directional, Noise-cancelling, Frequency response 50Hz-18kHz, Sensitivity -40dBV (1V\/Pa at 1kHz<\/p>\n","protected":false},"featured_media":7022,"comment_status":"open","ping_status":"closed","template":"","meta":{"_mi_skip_tracking":false,"_exactmetrics_sitenote_active":false,"_exactmetrics_sitenote_note":"","_exactmetrics_sitenote_category":0,"spay_email":""},"product_cat":[955],"product_tag":[4702],"brands":[],"df_price":135,"df_sale_price":"","df_regular_price":135,"df_image_link":"https:\/\/i2.wp.com\/astehshop.com\/wp-content\/uploads\/2022\/12\/28271-Kingston-HyperX-Headset-Cloud-Stinger-S-71-1.jpg?fit=450%2C437","jetpack_publicize_connections":[],"jetpack_sharing_enabled":true,"jetpack_likes_enabled":true,"jetpack-related-posts":[{"id":7019,"url":"http:\/\/astehshop.com\/index.php\/product\/hyperx-headset-cloud-core-7-1\/","url_meta":{"origin":7021,"position":0},"title":"HyperX Headset Cloud Core 7.1","date":"8. prosinca 2022.","format":false,"excerpt":"Over-ear, \u017di\u010dane, Du\u017eina kabla: 1m, priklju\u010dci 3,5mm + USB Audio Control Mixer Driver: Dynamic, 53mm with neodymium magnets, Circumaural, Closed back, Frequency response: 15Hz-25kHz, Impedance: 60 \u03a9, Sound pressure level: 98dBSPL\/mW at 1kHz, T.H.D.: < 2%, Weight: 309g, , Connection type: 3.5mm plug (4 pole), Element: Electret condenser microphone, Polar\u2026","rel":"","context":"Srodne objave","img":{"alt_text":"","src":"https:\/\/i2.wp.com\/astehshop.com\/wp-content\/uploads\/2022\/12\/29213-Kingston-HyperX-Headset-Cloud-Core-71-1.jpg?fit=637%2C635&resize=350%2C200","width":350,"height":200},"classes":[]},{"id":7025,"url":"http:\/\/astehshop.com\/index.php\/product\/ovleng-gt67-gaming-headset-black-rgb\/","url_meta":{"origin":7021,"position":1},"title":"OVLENG GT67 Gaming Headset Black RGB","date":"8. prosinca 2022.","format":false,"excerpt":"Over-ear, \u017di\u010dane, Priklju\u010dci: 3,5mm + USB, Du\u017eina kabla: 2m, Speaker size: 40mm, Impedance: 3215, Sensitivity: 1103dB, Frequency range: 20Hz-20KHz, Microphone: 6.0x2.2mm, Sensitivity: -383dB, Impedance: 2.2K,5, RGB","rel":"","context":"Srodne objave","img":{"alt_text":"","src":"https:\/\/i2.wp.com\/astehshop.com\/wp-content\/uploads\/2022\/12\/OVLENG-GT67-Gaming-Headset-Black-RGB.jpeg?fit=1200%2C1198&resize=350%2C200","width":350,"height":200},"classes":[]},{"id":7027,"url":"http:\/\/astehshop.com\/index.php\/product\/ovleng-gt91-gaming-slusalice-usb\/","url_meta":{"origin":7021,"position":2},"title":"OVLENG GT91 Gaming Slu\u0161alice USB","date":"8. prosinca 2022.","format":false,"excerpt":"Over-ear, \u017di\u010dane, Priklju\u010dci USB, Du\u017eina kabla: 2 m , Microphone, Frequency response range: 240 (Hz), Impedance: 32 (\u03a9), Sensitivity: 32 (dB), Distortion rate: 1 (%), Wire length: 1.8 (m), Horn diameter: 40 (\u03a6mm), PC","rel":"","context":"Srodne objave","img":{"alt_text":"","src":"https:\/\/i0.wp.com\/astehshop.com\/wp-content\/uploads\/2022\/12\/28856-OVLENG-GT91-Gaming-Headset-USB-1.jpg?fit=653%2C641&resize=350%2C200","width":350,"height":200},"classes":[]},{"id":7023,"url":"http:\/\/astehshop.com\/index.php\/product\/logitech-gaming-slusalice-g332\/","url_meta":{"origin":7021,"position":3},"title":"Logitech Gaming Slu\u0161alice G332","date":"8. prosinca 2022.","format":false,"excerpt":"Driver: 50 mm, Frequency response: 20 Hz-20 KHz, Impedance: 39 Ohms (passive), 5k Ohms (active), Sensitivity: 107 dB SPL\/mW, Microphone (Boom),M icrophone Pickup pattern: Cardioid (Unidirectional), Size: 6 mm, Frequency response: 100 Hz20 KHz, Windows 10, Windows 8.1, Windows 7, Mac, Nintendo Switch, PlayStation 4, Xbox One, tablet, or mobile\u2026","rel":"","context":"Srodne objave","img":{"alt_text":"","src":"https:\/\/i1.wp.com\/astehshop.com\/wp-content\/uploads\/2022\/12\/25919-Logitech-Slualice-G332-1.jpg?fit=621%2C627&resize=350%2C200","width":350,"height":200},"classes":[]},{"id":5844,"url":"http:\/\/astehshop.com\/index.php\/product\/hy-usbc30-type-c-na-audio-adapter\/","url_meta":{"origin":7021,"position":4},"title":"HY-USBC30 Type-C na Audio adapter","date":"23. sije\u010dnja 2022.","format":false,"excerpt":"Type-C na Audio AUX 3,5mm prijelaz sa tipkama za kontrolu glasno\u0107e i reproduciranja Proizvo\u0111a\u010d: Hytech Model: HY-USBC30 Boja: zlatna Priklju\u010dci: 1x Type-C, 1x 3,5mm AUX Du\u017eina kabla: 10cm Broj tipki: 3","rel":"","context":"Srodne objave","img":{"alt_text":"","src":"https:\/\/i0.wp.com\/astehshop.com\/wp-content\/uploads\/2022\/01\/HY-USBC30-Type-C-na-Audio-adapter.jpg?fit=700%2C500&resize=350%2C200","width":350,"height":200},"classes":[]},{"id":6551,"url":"http:\/\/astehshop.com\/index.php\/product\/toster-750w\/","url_meta":{"origin":7021,"position":5},"title":"Toster, 750W","date":"13. studenoga 2022.","format":false,"excerpt":"Toster za sendvi\u010d, snaga 750W, presvu\u010dene neljepljive plate, mo\u017ee se odlo\u017eiti u vertikalnom polo\u017eaju, termostat, svjetlosni indikator rada, ru\u010dka za bolje rukovanje, za\u0161tita od pregrijavanja, za spravljanje dva sendvi\u010da u isto vrijeme, du\u017eina napojnog kabla 85cm, napajanje 230V \/ 50Hz","rel":"","context":"Srodne objave","img":{"alt_text":"","src":"https:\/\/i1.wp.com\/astehshop.com\/wp-content\/uploads\/2022\/11\/toster-1.jpg?fit=1200%2C1079&resize=350%2C200","width":350,"height":200},"classes":[]}],"_links":{"self":[{"href":"http:\/\/astehshop.com\/index.php\/wp-json\/wp\/v2\/product\/7021"}],"collection":[{"href":"http:\/\/astehshop.com\/index.php\/wp-json\/wp\/v2\/product"}],"about":[{"href":"http:\/\/astehshop.com\/index.php\/wp-json\/wp\/v2\/types\/product"}],"replies":[{"embeddable":true,"href":"http:\/\/astehshop.com\/index.php\/wp-json\/wp\/v2\/comments?post=7021"}],"wp:featuredmedia":[{"embeddable":true,"href":"http:\/\/astehshop.com\/index.php\/wp-json\/wp\/v2\/media\/7022"}],"wp:attachment":[{"href":"http:\/\/astehshop.com\/index.php\/wp-json\/wp\/v2\/media?parent=7021"}],"wp:term":[{"taxonomy":"product_cat","embeddable":true,"href":"http:\/\/astehshop.com\/index.php\/wp-json\/wp\/v2\/product_cat?post=7021"},{"taxonomy":"product_tag","embeddable":true,"href":"http:\/\/astehshop.com\/index.php\/wp-json\/wp\/v2\/product_tag?post=7021"}],"curies":[{"name":"wp","href":"https:\/\/api.w.org\/{rel}","templated":true}]}}