{"id":7015,"date":"2022-12-08T16:57:29","date_gmt":"2022-12-08T15:57:29","guid":{"rendered":"http:\/\/astehshop.com\/?post_type=product&#038;p=7015"},"modified":"2022-12-08T16:57:29","modified_gmt":"2022-12-08T15:57:29","slug":"logitech-desktop-set-wireless-mk240-black","status":"publish","type":"product","link":"http:\/\/astehshop.com\/index.php\/product\/logitech-desktop-set-wireless-mk240-black\/","title":{"rendered":"Logitech Desktop set Wireless MK240 Black"},"content":{"rendered":"<p>Desktop MK240, Mi\u0161 be\u017ei\u010dni RF, Senzor opti\u010dki, Rezolucija 1000 dpi, Tipke 3 + scroll, Tastatura be\u017ei\u010dna RF, Boja crna, English Layout<\/p>\n","protected":false},"excerpt":{"rendered":"<p>Desktop MK240, Mi\u0161 be\u017ei\u010dni RF, Senzor opti\u010dki, Rezolucija 1000 dpi, Tipke 3 + scroll, Tastatura be\u017ei\u010dna RF, Boja crna, English Layout<\/p>\n","protected":false},"featured_media":7016,"comment_status":"open","ping_status":"closed","template":"","meta":{"_mi_skip_tracking":false,"_exactmetrics_sitenote_active":false,"_exactmetrics_sitenote_note":"","_exactmetrics_sitenote_category":0,"spay_email":""},"product_cat":[777],"product_tag":[4698],"brands":[],"df_price":65,"df_sale_price":"","df_regular_price":65,"df_image_link":"https:\/\/i1.wp.com\/astehshop.com\/wp-content\/uploads\/2022\/12\/24563-Logitech-Desktop-set-Wireless-MK240-1.jpg?fit=450%2C434","jetpack_publicize_connections":[],"jetpack_sharing_enabled":true,"jetpack_likes_enabled":true,"jetpack-related-posts":[{"id":11566,"url":"http:\/\/astehshop.com\/index.php\/product\/logitech-mis-m650-signature-l\/","url_meta":{"origin":7015,"position":0},"title":"LOGITECH MI\u0160 M650 SIGNATURE L","date":"20. kolovoza 2025.","format":false,"excerpt":"Be\u017ei\u010dni (Logitech Bolt + Bluetooth)Senzor:\u00a0Opti\u010dki DPI:\u00a0400\u20134000 Tipke:\u00a05 Domet:\u00a010 m Scroll:\u00a0SmartWheel za precizno pomicanje","rel":"","context":"Srodne objave","img":{"alt_text":"","src":"https:\/\/i0.wp.com\/astehshop.com\/wp-content\/uploads\/2025\/08\/34215-Logitech-Mi-M650-Signature-L-Wireless-Graphite-1.webp?fit=450%2C450&resize=350%2C200","width":350,"height":200},"classes":[]},{"id":6673,"url":"http:\/\/astehshop.com\/index.php\/product\/mis-good-game-gg-m01-gaming\/","url_meta":{"origin":7015,"position":1},"title":"Mi\u0161 Good Game GG-M01 gaming","date":"17. studenoga 2022.","format":false,"excerpt":"Senzor: opti\u010dki DPI: 800 - 1200 - 1600 Broj tipki: 4 Izdr\u017eljivost: 3000000 klikova Osvjetljenje: Rainbow Utor: USB 2.0 Duljina kabela: 1,5 m Radna temperatura: od 10 \u00b0C do 40 \u00b0C","rel":"","context":"Srodne objave","img":{"alt_text":"","src":"https:\/\/i2.wp.com\/astehshop.com\/wp-content\/uploads\/2022\/11\/medium_5659_824b14e052735d156b345e7927a9aaa357n.png?fit=400%2C400&resize=350%2C200","width":350,"height":200},"classes":[]},{"id":6675,"url":"http:\/\/astehshop.com\/index.php\/product\/mis-good-game-gg-m07-gaming\/","url_meta":{"origin":7015,"position":2},"title":"Mi\u0161 Good Game GG-M07 gaming","date":"17. studenoga 2022.","format":false,"excerpt":"Tehnologija povezivanja: \u017ei\u010dno Senzor: opti\u010dki DPI: 800 - 1600 - 2400 - 3200 Broj tipki: 4 Izdr\u017eljivost: 3 milijuna klikova Osvjetljenje: Rainbow Utor: USB 2.0 Duljina kabela: 1,5 m Radna temperatura: od 10 \u00b0C do 40 \u00b0C OS","rel":"","context":"Srodne objave","img":{"alt_text":"","src":"https:\/\/i0.wp.com\/astehshop.com\/wp-content\/uploads\/2022\/11\/medium_5661_043b8ea47830ae99b5de3f6b50586cf6Acj.png?fit=400%2C400&resize=350%2C200","width":350,"height":200},"classes":[]},{"id":7005,"url":"http:\/\/astehshop.com\/index.php\/product\/borg-km-9025-bundle-mis-tastatura-i-podloga-km-9025\/","url_meta":{"origin":7015,"position":3},"title":"BORG KM-9025 Bundle Mi\u0161, Tastatura i Podloga KM-9025","date":"8. prosinca 2022.","format":false,"excerpt":"Keyboard Connection: Wired, Layout : BH, Keyboard : Rgb key with light, Mouse : 3200 DPI, Sensor : Pixart 3268, 7 Colors to change, Mousepad : 300x220x2 mm Cloth Rubber Gamin","rel":"","context":"Srodne objave","img":{"alt_text":"","src":"https:\/\/i1.wp.com\/astehshop.com\/wp-content\/uploads\/2022\/12\/26465-BORG-Bundle-Mi-Tastatura-i-Podloga-KM-9025-7.jpg?fit=802%2C834&resize=350%2C200","width":350,"height":200},"classes":[]},{"id":6677,"url":"http:\/\/astehshop.com\/index.php\/product\/mis-good-game-gg-m84-wireless-gaming\/","url_meta":{"origin":7015,"position":4},"title":"Mi\u0161 Good Game GG-M84 wireless gaming","date":"17. studenoga 2022.","format":false,"excerpt":"Tehnologija povezivanja: be\u017ei\u010dno Senzor: opti\u010dki DPI: 800 - 1200 - 1600 Broj tipki: 6 Izdr\u017eljivost: 3 milijuna klikova Osvjetljenje: Rainbow Utor: USB 2.0 Wireless frekvencija: 2.4 GHz Wireless domet: do 10 metara Radna temperatura: od 10 \u00b0C do 40 \u00b0C","rel":"","context":"Srodne objave","img":{"alt_text":"","src":"https:\/\/i1.wp.com\/astehshop.com\/wp-content\/uploads\/2022\/11\/medium_5667_1a1fa84294841879528e50606a505ef8b4z.png?fit=400%2C400&resize=350%2C200","width":350,"height":200},"classes":[]},{"id":5778,"url":"http:\/\/astehshop.com\/index.php\/product\/jablotron-jk-xsja10i-set-lite-bezicni-set\/","url_meta":{"origin":7015,"position":5},"title":"Jablotron JK-XSJA10I-SET LITE be\u017ei\u010dni set","date":"9. sije\u010dnja 2022.","format":false,"excerpt":"JA-14KR be\u017ei\u010dna cloud centrala, JA-15E be\u017ei\u010dna tastatura, JA-15P be\u017ei\u010dni PIR detektor, JA-10A \u017ei\u010dna unutra\u0161nja sirena i JA-192J privezak RFID * Kontrola preko cloud-a: aplikacija, ra\u010dunarr ili tastatura * Memorija za do7 miliona doga\u0111aja (interno i na serveru) * Auto-dijagnostika, prikaz baterija i radio signala (opciono i GSM) * LAN konekcija\u2026","rel":"","context":"Srodne objave","img":{"alt_text":"","src":"https:\/\/i1.wp.com\/astehshop.com\/wp-content\/uploads\/2022\/01\/JK-XSJA10I-SET-LITE.jpg?fit=844%2C798&resize=350%2C200","width":350,"height":200},"classes":[]}],"_links":{"self":[{"href":"http:\/\/astehshop.com\/index.php\/wp-json\/wp\/v2\/product\/7015"}],"collection":[{"href":"http:\/\/astehshop.com\/index.php\/wp-json\/wp\/v2\/product"}],"about":[{"href":"http:\/\/astehshop.com\/index.php\/wp-json\/wp\/v2\/types\/product"}],"replies":[{"embeddable":true,"href":"http:\/\/astehshop.com\/index.php\/wp-json\/wp\/v2\/comments?post=7015"}],"wp:featuredmedia":[{"embeddable":true,"href":"http:\/\/astehshop.com\/index.php\/wp-json\/wp\/v2\/media\/7016"}],"wp:attachment":[{"href":"http:\/\/astehshop.com\/index.php\/wp-json\/wp\/v2\/media?parent=7015"}],"wp:term":[{"taxonomy":"product_cat","embeddable":true,"href":"http:\/\/astehshop.com\/index.php\/wp-json\/wp\/v2\/product_cat?post=7015"},{"taxonomy":"product_tag","embeddable":true,"href":"http:\/\/astehshop.com\/index.php\/wp-json\/wp\/v2\/product_tag?post=7015"}],"curies":[{"name":"wp","href":"https:\/\/api.w.org\/{rel}","templated":true}]}}