{"id":6991,"date":"2022-12-08T16:37:28","date_gmt":"2022-12-08T15:37:28","guid":{"rendered":"http:\/\/astehshop.com\/?post_type=product&#038;p=6991"},"modified":"2026-02-07T18:39:36","modified_gmt":"2026-02-07T17:39:36","slug":"seagate-10tb-sata3-hdd-skyhawk-st10000ve0008","status":"publish","type":"product","link":"http:\/\/astehshop.com\/index.php\/product\/seagate-10tb-sata3-hdd-skyhawk-st10000ve0008\/","title":{"rendered":"Seagate 10TB SATA3 HDD SkyHawk ST10000VE0008"},"content":{"rendered":"<p>10TB, Form Factor 3.5&#8243;, SATA 6.0Gb\/s, 7200 RPM, Cache 256MB<\/p>\n","protected":false},"excerpt":{"rendered":"<p>10TB, Form Factor 3.5&#8243;, SATA 6.0Gb\/s, 7200 RPM, Cache 256MB<\/p>\n","protected":false},"featured_media":6992,"comment_status":"open","ping_status":"closed","template":"","meta":{"_mi_skip_tracking":false,"_exactmetrics_sitenote_active":false,"_exactmetrics_sitenote_note":"","_exactmetrics_sitenote_category":0,"spay_email":""},"product_cat":[160],"product_tag":[4682,4681,4683,3074,4684,4680],"brands":[],"df_price":"","df_sale_price":"","df_regular_price":"","df_image_link":"https:\/\/i0.wp.com\/astehshop.com\/wp-content\/uploads\/2022\/12\/ST10000VE0008.jpg?fit=450%2C406","jetpack_publicize_connections":[],"jetpack_sharing_enabled":true,"jetpack_likes_enabled":true,"jetpack-related-posts":[{"id":6995,"url":"http:\/\/astehshop.com\/index.php\/product\/wd-10tb-sata3-hdd-red-plus-nas\/","url_meta":{"origin":6991,"position":0},"title":"WD 10TB SATA3 HDD Red Plus NAS","date":"8. prosinca 2022.","format":false,"excerpt":"Capacity: 10TB, Interface SATA 6Gb\/s, Buffer Size 256 MB, Form Factor 3.5\", Spindle Speed 5400 rpm, Features24x7 continuous operation, 3D Active Balance Plus, Advanced Format technology, Conventional magnetic recording (CMR), NASware technology, Native Command Queuing (NCQ), workload up to 180 TB per year,","rel":"","context":"Srodne objave","img":{"alt_text":"","src":"https:\/\/i1.wp.com\/astehshop.com\/wp-content\/uploads\/2022\/12\/WD-10TB-SATA3-HDD-Red-scaled.jpg?fit=974%2C1200&resize=350%2C200","width":350,"height":200},"classes":[]},{"id":11405,"url":"http:\/\/astehshop.com\/index.php\/product\/hard-disk-st10000ve001-10tb-namijenjen-za-rad-24-sata-dnevno\/","url_meta":{"origin":6991,"position":1},"title":"Hard disk ST10000VE001 10TB namijenjen za rad 24 sata dnevno","date":"27. srpnja 2025.","format":false,"excerpt":"Interni, 3,5\" HDD sa odli\u010dnim performansama. Disk je dizajniran za pouzdan 24-satni rad u CCTV sistemima za nadzor. Serijski ATA interfejs.","rel":"","context":"Srodne objave","img":{"alt_text":"","src":"https:\/\/i0.wp.com\/astehshop.com\/wp-content\/uploads\/2025\/07\/seagate-st10000ve001-hdd-10tb_0.jpg?fit=1200%2C675&resize=350%2C200","width":350,"height":200},"classes":[]},{"id":6993,"url":"http:\/\/astehshop.com\/index.php\/product\/seagate-14tb-sata3-hdd-exos-st14000nm001g\/","url_meta":{"origin":6991,"position":2},"title":"Seagate 14TB SATA3 HDD Exos ST14000NM001G","date":"8. prosinca 2022.","format":false,"excerpt":"14TB, 3.5 in, Serial ATA III, 7200 RPM, Storage drive buffer size 256 MB, Transfer rate HDD interface 6 Gbit\/s, Working voltage 5\/12V.","rel":"","context":"Srodne objave","img":{"alt_text":"","src":"https:\/\/i1.wp.com\/astehshop.com\/wp-content\/uploads\/2022\/12\/Exos-ST14000NM001G.jpg?fit=928%2C816&resize=350%2C200","width":350,"height":200},"classes":[]},{"id":9602,"url":"http:\/\/astehshop.com\/index.php\/product\/tiandy-nvr-5-kanala-tc-r3105\/","url_meta":{"origin":6991,"position":3},"title":"Tiandy NVR 5 kanala TC-R3105","date":"16. studenoga 2024.","format":false,"excerpt":"Mre\u017eni snima\u010d 5 kanala, 1 x sata HDD 10TB max, 1 HDMI (3840 \u00d7 2160), max. 80Mbps incoming bandwidth, videoanalitika. https:\/\/www.youtube.com\/watch?v=iP-YV9vRs2A \u00a0 \u00a0","rel":"","context":"Srodne objave","img":{"alt_text":"","src":"https:\/\/i0.wp.com\/astehshop.com\/wp-content\/uploads\/2024\/11\/TC-R3105-technoshopbn-scaled.jpg?fit=1200%2C800&resize=350%2C200","width":350,"height":200},"classes":[]},{"id":8851,"url":"http:\/\/astehshop.com\/index.php\/product\/longse-32-kanalni-mrezni-snimac-nvr-4k-nvr3332e2\/","url_meta":{"origin":6991,"position":4},"title":"Longse 32 Kanalni mre\u017eni snima\u010d (NVR) 4K NVR3332E2","date":"11. sije\u010dnja 2024.","format":false,"excerpt":"\u0160ifra artikla: NVR3332E2 32CH 4K Network Video Recorder, \u2022 Input: Max. 32CH, support (two-way) Audio; HD output:4K (3840\u00d72160) Video Compression : H265\/H264\/H265+\/H264+. 32CH(4000*3000,3840*2160,2592\u00d71944, 2048\u00d71536, 1920\u00d71080, 1280\u00d7960, 1280\u00d7720, etc), Support 2 SATA Hard Disk Interface (3.5\u2033 SATA) up to 10TB. Power consumption DC12V\/4A","rel":"","context":"Srodne objave","img":{"alt_text":"","src":"https:\/\/i2.wp.com\/astehshop.com\/wp-content\/uploads\/2024\/01\/NVR3016D1.jpg?fit=510%2C348&resize=350%2C200","width":350,"height":200},"classes":[]},{"id":6276,"url":"http:\/\/astehshop.com\/index.php\/product\/hard-disk-4-tb-wd40purz-namijenjen-da-radi-24h-dnevno\/","url_meta":{"origin":6991,"position":5},"title":"Hard disk 4 TB WD40PURZ namijenjen da radi 24h dnevno","date":"9. travnja 2022.","format":false,"excerpt":"HDD AV WD Purple (3.5\u201d, 4TB, 64MB, 5400 RPM, SATA 6 Gb\/s)","rel":"","context":"Srodne objave","img":{"alt_text":"","src":"https:\/\/i2.wp.com\/astehshop.com\/wp-content\/uploads\/2022\/04\/WD40PURZ.jpeg?fit=550%2C550&resize=350%2C200","width":350,"height":200},"classes":[]}],"_links":{"self":[{"href":"http:\/\/astehshop.com\/index.php\/wp-json\/wp\/v2\/product\/6991"}],"collection":[{"href":"http:\/\/astehshop.com\/index.php\/wp-json\/wp\/v2\/product"}],"about":[{"href":"http:\/\/astehshop.com\/index.php\/wp-json\/wp\/v2\/types\/product"}],"replies":[{"embeddable":true,"href":"http:\/\/astehshop.com\/index.php\/wp-json\/wp\/v2\/comments?post=6991"}],"wp:featuredmedia":[{"embeddable":true,"href":"http:\/\/astehshop.com\/index.php\/wp-json\/wp\/v2\/media\/6992"}],"wp:attachment":[{"href":"http:\/\/astehshop.com\/index.php\/wp-json\/wp\/v2\/media?parent=6991"}],"wp:term":[{"taxonomy":"product_cat","embeddable":true,"href":"http:\/\/astehshop.com\/index.php\/wp-json\/wp\/v2\/product_cat?post=6991"},{"taxonomy":"product_tag","embeddable":true,"href":"http:\/\/astehshop.com\/index.php\/wp-json\/wp\/v2\/product_tag?post=6991"}],"curies":[{"name":"wp","href":"https:\/\/api.w.org\/{rel}","templated":true}]}}