{"id":6904,"date":"2022-12-02T16:43:50","date_gmt":"2022-12-02T15:43:50","guid":{"rendered":"http:\/\/astehshop.com\/?post_type=product&#038;p=6904"},"modified":"2022-12-02T16:43:50","modified_gmt":"2022-12-02T15:43:50","slug":"vivotek-vanjska-vodootporna-kutija-am-71e","status":"publish","type":"product","link":"http:\/\/astehshop.com\/index.php\/product\/vivotek-vanjska-vodootporna-kutija-am-71e\/","title":{"rendered":"Vivotek vanjska vodootporna kutija AM-71E"},"content":{"rendered":"<p><span id=\"page10R_mcid12\" class=\"markedContent\"><span dir=\"ltr\" role=\"presentation\">Podr\u017eani modeli:<\/span><\/span><span id=\"page10R_mcid13\" class=\"markedContent\"><br role=\"presentation\" \/><span dir=\"ltr\" role=\"presentation\">V01: IB9360-H, IB9380-H<\/span><\/span><span id=\"page10R_mcid14\" class=\"markedContent\"><br role=\"presentation\" \/><span dir=\"ltr\" role=\"presentation\">V02: IB9360-H, IB9380-H, IB9369, FD9369<\/span><\/span><\/p>\n","protected":false},"excerpt":{"rendered":"<p><span id=\"page10R_mcid12\" class=\"markedContent\"><span dir=\"ltr\" role=\"presentation\">Podr\u017eani modeli:<\/span><\/span><span id=\"page10R_mcid13\" class=\"markedContent\"><br role=\"presentation\" \/><span dir=\"ltr\" role=\"presentation\">V01: IB9360-H, IB9380-H<\/span><\/span><span id=\"page10R_mcid14\" class=\"markedContent\"><br role=\"presentation\" \/><span dir=\"ltr\" role=\"presentation\">V02: IB9360-H, IB9380-H, IB9369, FD9369<\/span><\/span><\/p>\n","protected":false},"featured_media":6905,"comment_status":"open","ping_status":"closed","template":"","meta":{"_mi_skip_tracking":false,"_exactmetrics_sitenote_active":false,"_exactmetrics_sitenote_note":"","_exactmetrics_sitenote_category":0,"spay_email":""},"product_cat":[1972],"product_tag":[4595,4596,4262],"brands":[],"df_price":55,"df_sale_price":"","df_regular_price":55,"df_image_link":"https:\/\/i0.wp.com\/astehshop.com\/wp-content\/uploads\/2022\/12\/am_71e_.png?fit=288%2C288","jetpack_publicize_connections":[],"jetpack_sharing_enabled":true,"jetpack_likes_enabled":true,"jetpack-related-posts":[{"id":6902,"url":"http:\/\/astehshop.com\/index.php\/product\/vivotek-vodootporna-kutija-am-71c\/","url_meta":{"origin":6904,"position":0},"title":"Vivotek vodootporna kutija AM-71C","date":"2. prosinca 2022.","format":false,"excerpt":"Podr\u017eani modeli:FD9360-H, FD9380-H, IT9360-H, IT9380-H, IB9360-H, IB9368-HT, IB9380-H, IB9388-HT, IB9389-EH(T)-v2","rel":"","context":"Srodne objave","img":{"alt_text":"","src":"https:\/\/i2.wp.com\/astehshop.com\/wp-content\/uploads\/2022\/12\/am-71c.png?fit=456%2C460&resize=350%2C200","width":350,"height":200},"classes":[]},{"id":5323,"url":"http:\/\/astehshop.com\/index.php\/product\/mi-tv-stick-tv-box-xiaomi-android-top-cijena\/","url_meta":{"origin":6904,"position":1},"title":"Mi TV Stick, TV BOX XIAOMI Android TOP CIJENA","date":"10. listopada 2021.","format":false,"excerpt":"TOP CIJENA XIAOMI KVALITET PONESITE SVOJ KOMPAKTNI TV BOX NA LJETOVANJE, VIKENDICU, KOD PRIJATELJA NA UTAKMICU.... \u00a0 Prijenosni streaming Media Player sa daljinskim upravlja\u010dem. Zaboravite na kabele, utaknite stick u bilo koji televizor, monitor ili projektor s HDMI priklju\u010dkom da biste ga pretvorili u pametni TV! Mi TV Stick pokre\u0107e\u2026","rel":"","context":"Srodne objave","img":{"alt_text":"","src":"https:\/\/i1.wp.com\/astehshop.com\/wp-content\/uploads\/2021\/10\/Stick-3__21355.1615821388.jpg?fit=1200%2C1169&resize=350%2C200","width":350,"height":200},"classes":[]},{"id":4683,"url":"http:\/\/astehshop.com\/index.php\/product\/ip-snimac-9ch-4ch-poe-h-265-h-264-4k-lite-nvr3604dp\/","url_meta":{"origin":6904,"position":2},"title":"IP Snima\u010d 9ch \/ 4ch POE H.265+\/H.264+ 4K Lite NVR3604DP","date":"20. rujna 2020.","format":false,"excerpt":"NVR3604DP IP9CH - 4CH POE H.265+ POE NVR \u2022 Third-party Network Cameras Supported \u2022 Up to 5MP Resolution Recording and Playback \u2022 HD and VGA Output,HD Port up to 1920*1080 \u2022 Support H.265+\/H.265\/H.264+\/H.264 Video Format \u2022 Support 1 SATA up to 8TB Capacity \u2022 Support 4 Independent PoE Network Interfaces\u2026","rel":"","context":"Srodne objave","img":{"alt_text":"","src":"https:\/\/i2.wp.com\/astehshop.com\/wp-content\/uploads\/2020\/09\/NVR3608DP.jpg?fit=480%2C350&resize=350%2C200","width":350,"height":200},"classes":[]},{"id":12358,"url":"http:\/\/astehshop.com\/index.php\/product\/hikvision-dvr-208g-m1-t-hilook\/","url_meta":{"origin":6904,"position":3},"title":"HikVision DVR-208G-M1\/T HiLook","date":"28. velja\u010de 2026.","format":false,"excerpt":"8-kanalni 1080p Lite 1U H.265 DVR H.265+\/H.265\/H.264+\/H.264 video formati Podr\u017eava tehnologiju detekcije pokreta za sve kanale HDTVI\/AHD\/CVI\/CVBS\/IP video ulaz Do 10 IP ulaza za kamere (do 2 MP) Podr\u017eava dvosmjernu audio tehnologiju HDTVI za sve kanale","rel":"","context":"Srodne objave","img":{"alt_text":"","src":"https:\/\/i2.wp.com\/astehshop.com\/wp-content\/uploads\/2026\/02\/DVR-204G-K1.png?fit=700%2C700&resize=350%2C200","width":350,"height":200},"classes":[]},{"id":12356,"url":"http:\/\/astehshop.com\/index.php\/product\/hikvision-dvr-204g-k1-hilook\/","url_meta":{"origin":6904,"position":4},"title":"HikVision DVR-204G-K1 HiLook","date":"28. velja\u010de 2026.","format":false,"excerpt":"4-kanalni 1080p Lite 1U H.265 DVR H.265+\/H.265\/H.264+\/H.264 video formati Klasifikacija ljudskih i vozila temeljena na dubokom u\u010denju putem Motion Detection 2.0 HDTVI\/AHD\/CVI\/CVBS\/IP video ulaz Do 5 IP ulaza za kamere (do 2 MP) Mogu\u0107nost kodiranja do 1080p Lite@15 fps","rel":"","context":"Srodne objave","img":{"alt_text":"","src":"https:\/\/i2.wp.com\/astehshop.com\/wp-content\/uploads\/2026\/02\/DVR-204G-K1.png?fit=700%2C700&resize=350%2C200","width":350,"height":200},"classes":[]},{"id":5746,"url":"http:\/\/astehshop.com\/index.php\/product\/longse-ip-kamera-bmscgc200-2-mp\/","url_meta":{"origin":6904,"position":5},"title":"Longse IP kamera BMSCGC200 2 MP","date":"5. sije\u010dnja 2022.","format":false,"excerpt":"BMSCGC200 2MP Outdoor Fixed Bullet IP IR 25m \u2022\u00a01\/2.9\"Progressive Scan CMOS Sensor \u2022\u00a0H.265+\/H.265\/H.264+\/H.264 Compression Method \u2022\u00a03.6mm Fixed Lens \u2022\u00a0IR Distance 25m Max. \u2022\u00a0IP67 Outdoor Metal Case","rel":"","context":"Srodne objave","img":{"alt_text":"","src":"https:\/\/i1.wp.com\/astehshop.com\/wp-content\/uploads\/2022\/01\/BMSCFG200.jpg?fit=480%2C350&resize=350%2C200","width":350,"height":200},"classes":[]}],"_links":{"self":[{"href":"http:\/\/astehshop.com\/index.php\/wp-json\/wp\/v2\/product\/6904"}],"collection":[{"href":"http:\/\/astehshop.com\/index.php\/wp-json\/wp\/v2\/product"}],"about":[{"href":"http:\/\/astehshop.com\/index.php\/wp-json\/wp\/v2\/types\/product"}],"replies":[{"embeddable":true,"href":"http:\/\/astehshop.com\/index.php\/wp-json\/wp\/v2\/comments?post=6904"}],"wp:featuredmedia":[{"embeddable":true,"href":"http:\/\/astehshop.com\/index.php\/wp-json\/wp\/v2\/media\/6905"}],"wp:attachment":[{"href":"http:\/\/astehshop.com\/index.php\/wp-json\/wp\/v2\/media?parent=6904"}],"wp:term":[{"taxonomy":"product_cat","embeddable":true,"href":"http:\/\/astehshop.com\/index.php\/wp-json\/wp\/v2\/product_cat?post=6904"},{"taxonomy":"product_tag","embeddable":true,"href":"http:\/\/astehshop.com\/index.php\/wp-json\/wp\/v2\/product_tag?post=6904"}],"curies":[{"name":"wp","href":"https:\/\/api.w.org\/{rel}","templated":true}]}}