{"id":6889,"date":"2022-12-02T15:47:29","date_gmt":"2022-12-02T14:47:29","guid":{"rendered":"http:\/\/astehshop.com\/?post_type=product&#038;p=6889"},"modified":"2022-12-02T15:47:30","modified_gmt":"2022-12-02T14:47:30","slug":"vivotek-ip-bullet-kamera-ib9369","status":"publish","type":"product","link":"http:\/\/astehshop.com\/index.php\/product\/vivotek-ip-bullet-kamera-ib9369\/","title":{"rendered":"Vivotek IP bullet kamera IB9369"},"content":{"rendered":"<pre id=\"tw-target-text\" class=\"tw-data-text tw-text-large tw-ta\" dir=\"ltr\" data-placeholder=\"Prijevod\"><span class=\"Y2IQFc\" lang=\"bs\">H.265 Tehnologija kompresije\r\n    30 fps @ 1920x1080\r\n    Smart Stream III za optimizaciju efikasnosti propusnog opsega\r\n    Ugra\u0111eni IR iluminatori, efektivni do 30 metara\r\n    Pametna IR tehnologija za izbjegavanje prekomjerne ekspozicije\r\n    Pametna detekcija pokreta za smanjenje la\u017enih alarma\r\n    Ugra\u0111eni slot za MicroSD\/SDHC\/SDXC karticu za skladi\u0161tenje na plo\u010di\r\n    Ku\u0107i\u0161te otporno na vremenske uvjete IP66 i IK10 otporno na vandalizam<\/span><\/pre>\n","protected":false},"excerpt":{"rendered":"<pre id=\"tw-target-text\" class=\"tw-data-text tw-text-large tw-ta\" dir=\"ltr\" data-placeholder=\"Prijevod\"><span class=\"Y2IQFc\" lang=\"bs\">H.265 Tehnologija kompresije\r\n    30 fps @ 1920x1080\r\n    Smart Stream III za optimizaciju efikasnosti propusnog opsega\r\n    Ugra\u0111eni IR iluminatori, efektivni do 30 metara\r\n    Pametna IR tehnologija za izbjegavanje prekomjerne ekspozicije\r\n    Pametna detekcija pokreta za smanjenje la\u017enih alarma\r\n    Ugra\u0111eni slot za MicroSD\/SDHC\/SDXC karticu za skladi\u0161tenje na plo\u010di\r\n    Ku\u0107i\u0161te otporno na vremenske uvjete IP66 i IK10 otporno na vandalizam<\/span><\/pre>\n","protected":false},"featured_media":6890,"comment_status":"open","ping_status":"closed","template":"","meta":{"_mi_skip_tracking":false,"_exactmetrics_sitenote_active":false,"_exactmetrics_sitenote_note":"","_exactmetrics_sitenote_category":0,"spay_email":""},"product_cat":[1043],"product_tag":[4577,477,4262,4578,4579],"brands":[],"df_price":350,"df_sale_price":"","df_regular_price":350,"df_image_link":"https:\/\/i2.wp.com\/astehshop.com\/wp-content\/uploads\/2022\/12\/ib9369.jpg?fit=434%2C450","jetpack_publicize_connections":[],"jetpack_sharing_enabled":true,"jetpack_likes_enabled":true,"jetpack-related-posts":[{"id":6891,"url":"http:\/\/astehshop.com\/index.php\/product\/vivotek-ip-kamera-2-mp-ib9368-ht\/","url_meta":{"origin":6889,"position":0},"title":"Vivotek IP kamera 2 MP IB9368-HT","date":"2. prosinca 2022.","format":false,"excerpt":"H.265 Tehnologija kompresije 30 fps @ 1920x1080 (WDR Pro uklju\u010den) 2,8~12 mm, daljinski fokus SNV (Supreme Night Visibility) za uslove slabog osvetljenja WDR Pro za neuporedivu vidljivost u ekstremno svijetlim i tamnim okru\u017eenjima Smart Stream III za optimizaciju efikasnosti propusnog opsega Ugra\u0111eni IR iluminatori, efektivni do 30 metara Trend Micro\u2026","rel":"","context":"Srodne objave","img":{"alt_text":"","src":"https:\/\/i2.wp.com\/astehshop.com\/wp-content\/uploads\/2022\/12\/ib9368-ht.png?fit=484%2C460&resize=350%2C200","width":350,"height":200},"classes":[]},{"id":6893,"url":"http:\/\/astehshop.com\/index.php\/product\/vivotek-dome-5-mp-fd9380-h-ip-kamera\/","url_meta":{"origin":6889,"position":1},"title":"Vivotek Dome 5 MP FD9380-H IP kamera","date":"2. prosinca 2022.","format":false,"excerpt":"H.265 Tehnologija kompresije 20 fps @ 2560x1920 (WDR Pro uklju\u010den) SNV (Supreme Night Visibility) za uslove slabog osvetljenja WDR Pro za neuporedivu vidljivost u ekstremno svijetlim i tamnim okru\u017eenjima Smart Stream III za optimizaciju efikasnosti propusnog opsega Ugra\u0111eni IR iluminatori, efektivni do 30 metara Trend Micro IoT sigurnost Ku\u0107i\u0161te otporno\u2026","rel":"","context":"Srodne objave","img":{"alt_text":"","src":"https:\/\/i2.wp.com\/astehshop.com\/wp-content\/uploads\/2022\/12\/fd9380-h_.png?fit=466%2C443&resize=350%2C200","width":350,"height":200},"classes":[]},{"id":6895,"url":"http:\/\/astehshop.com\/index.php\/product\/vivotek-5-mp-bullet-ip-kamera-ip-ib9380-h\/","url_meta":{"origin":6889,"position":2},"title":"Vivotek 5 MP Bullet IP kamera ip IB9380-H","date":"2. prosinca 2022.","format":false,"excerpt":"H.265 Tehnologija kompresije SNV (Supreme Night Visibility) za uslove slabog osvetljenja 20 fps @ 2560x1920 (WDR Pro uklju\u010den) WDR Pro za neuporedivu vidljivost u ekstremno svijetlim i tamnim okru\u017eenjima Smart Stream III za optimizaciju efikasnosti propusnog opsega Ugra\u0111eni IR iluminatori, efektivni do 30 metara Trend Micro IoT sigurnost Ku\u0107i\u0161te otporno\u2026","rel":"","context":"Srodne objave","img":{"alt_text":"","src":"https:\/\/i1.wp.com\/astehshop.com\/wp-content\/uploads\/2022\/12\/ib9380-h.png?fit=437%2C435&resize=350%2C200","width":350,"height":200},"classes":[]},{"id":7687,"url":"http:\/\/astehshop.com\/index.php\/product\/dahua-hac-hfw1500t-a-5-mpx-bullet-kamera\/","url_meta":{"origin":6889,"position":3},"title":"Dahua HAC-HFW1500T-A 5 MPX Bullet kamera","date":"9. svibnja 2023.","format":false,"excerpt":"- 4u1 HD analogna cijevna kamera - 1\/2,7\" CMOS - HDCVI\/CVBS podr\u0161ka - Razlu\u010divost: 5M (2592 \u00d7 1944) - FPS: 20fps@5MP - Objektiv: 3,6 mm - Kut gledanja: 77,5\u00b0 - Minimalni zahtjev za svjetlom: 0,02Lux @F1,85, 0Lux za IR - Ugra\u0111ene IR LED diode (max. 30m) - Filtriranje \u0161uma: 2DNR\u2026","rel":"","context":"Srodne objave","img":{"alt_text":"","src":"https:\/\/i1.wp.com\/astehshop.com\/wp-content\/uploads\/2023\/05\/DH-HAC-HFW1500T.png?fit=400%2C400&resize=350%2C200","width":350,"height":200},"classes":[]},{"id":11858,"url":"http:\/\/astehshop.com\/index.php\/product\/unv-antivandal-ip-kamera-2-mpx-ipc322lb-af28k-a2\/","url_meta":{"origin":6889,"position":4},"title":"UNV antivandal Ip kamera 2 mpx IPC322LB-AF28K-A2","date":"31. listopada 2025.","format":false,"excerpt":"\u2022 Visokokvalitetna slika sa 1080P, 1\/3.0\" CMOS senzorom \u2022 1080P (1920 \u00d7 1080)@30\/25 fps; 720P (1280 \u00d7 720)@30\/25 fps \u2022 Podr\u017eava preciznu detekciju ljudskog tijela 2.0 \u2022 Ultra 265, H.265, H.264 \u2022 Ugra\u0111eni mikrofon \u2022 Pametni IR, do 30 m (98.4 ft) IR dometa \u2022 Dan\/no\u0107 funkcionalnost \u2022 2D\/3D DNR\u2026","rel":"","context":"Srodne objave","img":{"alt_text":"","src":"https:\/\/i2.wp.com\/astehshop.com\/wp-content\/uploads\/2025\/10\/IPC322LB-AF28K-A2.png?fit=600%2C338&resize=350%2C200","width":350,"height":200},"classes":[]},{"id":6549,"url":"http:\/\/astehshop.com\/index.php\/product\/aparat-za-kokice-priprema-uz-ulje-i-sol-700-w\/","url_meta":{"origin":6889,"position":5},"title":"Aparat za kokice, priprema uz ulje i sol, 700 W","date":"13. studenoga 2022.","format":false,"excerpt":"Aparat za kokice, snaga 700 W, upotreba ulja i soli, kokice spremne za 3 - 5 minuta, providni poklopac mo\u017ee poslu\u017eiti kao zdjela za poslu\u017eivanje, non - stick premaz protiv ljepljnje, tijelo otporno na toplinu","rel":"","context":"Srodne objave","img":{"alt_text":"","src":"https:\/\/i2.wp.com\/astehshop.com\/wp-content\/uploads\/2022\/11\/IN-6401.jpg?fit=1200%2C1172&resize=350%2C200","width":350,"height":200},"classes":[]}],"_links":{"self":[{"href":"http:\/\/astehshop.com\/index.php\/wp-json\/wp\/v2\/product\/6889"}],"collection":[{"href":"http:\/\/astehshop.com\/index.php\/wp-json\/wp\/v2\/product"}],"about":[{"href":"http:\/\/astehshop.com\/index.php\/wp-json\/wp\/v2\/types\/product"}],"replies":[{"embeddable":true,"href":"http:\/\/astehshop.com\/index.php\/wp-json\/wp\/v2\/comments?post=6889"}],"wp:featuredmedia":[{"embeddable":true,"href":"http:\/\/astehshop.com\/index.php\/wp-json\/wp\/v2\/media\/6890"}],"wp:attachment":[{"href":"http:\/\/astehshop.com\/index.php\/wp-json\/wp\/v2\/media?parent=6889"}],"wp:term":[{"taxonomy":"product_cat","embeddable":true,"href":"http:\/\/astehshop.com\/index.php\/wp-json\/wp\/v2\/product_cat?post=6889"},{"taxonomy":"product_tag","embeddable":true,"href":"http:\/\/astehshop.com\/index.php\/wp-json\/wp\/v2\/product_tag?post=6889"}],"curies":[{"name":"wp","href":"https:\/\/api.w.org\/{rel}","templated":true}]}}