{"id":6881,"date":"2022-11-25T22:53:53","date_gmt":"2022-11-25T21:53:53","guid":{"rendered":"http:\/\/astehshop.com\/?post_type=product&#038;p=6881"},"modified":"2022-11-25T22:53:54","modified_gmt":"2022-11-25T21:53:54","slug":"usb-flash-drive-32gb-usb-3-2-usb-c-usb-a-twist-line","status":"publish","type":"product","link":"http:\/\/astehshop.com\/index.php\/product\/usb-flash-drive-32gb-usb-3-2-usb-c-usb-a-twist-line\/","title":{"rendered":"USB Flash drive 32GB, USB 3.2, USB-C, USB-A, Twist Line"},"content":{"rendered":"<p>Prakti\u010dan USB Flash Drive sa dvostrukim interfejsom, USB-C i USB-A priklju\u010dak<\/p>\n<p>USB Flash drive 32GB Twist Line<\/p>\n<p>Super Speed USB 3.2 Gen 1&#215;1 (5 Gbit\/s, USB-C &amp; USB-A), transfer up to 70 MB\/s<\/p>\n<p>Materijal izrade aluminium, boja crna<\/p>\n","protected":false},"excerpt":{"rendered":"<p>Prakti\u010dan USB Flash Drive sa dvostrukim interfejsom, USB-C i USB-A priklju\u010dak<\/p>\n<p>USB Flash drive 32GB Twist Line<\/p>\n<p>Super Speed USB 3.2 Gen 1&#215;1 (5 Gbit\/s, USB-C &amp; USB-A), transfer up to 70 MB\/s<\/p>\n<p>Materijal izrade aluminium, boja crna<\/p>\n","protected":false},"featured_media":6882,"comment_status":"open","ping_status":"closed","template":"","meta":{"_mi_skip_tracking":false,"_exactmetrics_sitenote_active":false,"_exactmetrics_sitenote_note":"","_exactmetrics_sitenote_category":0,"spay_email":""},"product_cat":[15],"product_tag":[4570,4567,4566,4569,4568],"brands":[],"df_price":17,"df_sale_price":"","df_regular_price":17,"df_image_link":"https:\/\/i0.wp.com\/astehshop.com\/wp-content\/uploads\/2022\/11\/usb-32.jpg?fit=430%2C450","jetpack_publicize_connections":[],"jetpack_sharing_enabled":true,"jetpack_likes_enabled":true,"jetpack-related-posts":[{"id":11837,"url":"http:\/\/astehshop.com\/index.php\/product\/cudy-7-u-1-hub-uh407\/","url_meta":{"origin":6881,"position":0},"title":"Cudy 7 u 1 HUB UH407","date":"5. listopada 2025.","format":false,"excerpt":"Cudy 7-u-1 USB-C hub s HDMI 2.0 (4K@60Hz) \u2022 1\u00d7 USB-C 3.2 Gen 1 (5 Gbps) upstream port \u2022 2\u00d7 USB-A 3.2 Gen 1 (5 Gbps) \u2022 1\u00d7 USB-C 3.2 Gen 1 (5 Gbps) downstream port \u2022 1\u00d7 HDMI 2.0 (4K@60Hz, 2K@144Hz) \u2022 1\u00d7 SD i 1\u00d7 TF kartica slot\u2026","rel":"","context":"Srodne objave","img":{"alt_text":"","src":"https:\/\/i1.wp.com\/astehshop.com\/wp-content\/uploads\/2025\/10\/UH407.jpg?fit=1000%2C1000&resize=350%2C200","width":350,"height":200},"classes":[]},{"id":10382,"url":"http:\/\/astehshop.com\/index.php\/product\/toshiba-1tb-external-hdd-2-5-usb-3-0\/","url_meta":{"origin":6881,"position":1},"title":"Toshiba 1TB External HDD 2.5&#8243; USB 3.0","date":"15. svibnja 2025.","format":false,"excerpt":"Toshiba 1TB External HDD\u00a02.5\" USB 3.0 1TB, 2.5\" external hard drive, Matt finish, SuperSpeed USB 3.2 Gen 1, USB-powered, Max. transfer rate ~ 5.0 Gbit\/s, Color Black","rel":"","context":"Srodne objave","img":{"alt_text":"","src":"https:\/\/i2.wp.com\/astehshop.com\/wp-content\/uploads\/2025\/05\/15931-Toshiba-Canvio-Basics-25-1TB-USB-30-ext-HDD-2.jpg?fit=450%2C450&resize=350%2C200","width":350,"height":200},"classes":[]},{"id":10386,"url":"http:\/\/astehshop.com\/index.php\/product\/externi-ssd-hp-portable-ssd-p500-250gb\/","url_meta":{"origin":6881,"position":2},"title":"EXTERNI SSD HP Portable SSD P500 250GB","date":"15. svibnja 2025.","format":false,"excerpt":"Model Name: HP P500 Portable SSD Capacity: 250GB Hardware Interface: USB A + Type-C Hard Drive Interface: USB 3.2 Gen 1 (backwards compatible) Form Factor Portable Max. Sequential Read Speed: 370 MB\/s* \/ 370 MB\/s* \/ 420 MB\/s* \/ 420 MB\/s*","rel":"","context":"Srodne objave","img":{"alt_text":"","src":"https:\/\/i2.wp.com\/astehshop.com\/wp-content\/uploads\/2025\/05\/412nXqFxSL._AC_UF10001000_QL80_.jpg?fit=1000%2C829&resize=350%2C200","width":350,"height":200},"classes":[]},{"id":10308,"url":"http:\/\/astehshop.com\/index.php\/product\/racunar-all-in-one-hp-22-dg0011ny-aio-pc-a02qdea\/","url_meta":{"origin":6881,"position":3},"title":"Ra\u010dunar All in One HP 22-dg0011ny AIO PC A02QDEA","date":"2. svibnja 2025.","format":false,"excerpt":"Intel N100, 21.5\" 1920 x 1080 display, 8GB DDR5 RAM, 256GB SSD, Intel UHD Graphics, WebCam, WiFi, Bluetooth, HDMI, 2x USB 2.0, 2x USB 3.2 Type-A, USB Type-C, Audio\/microphone combo, HP Wired Keyboard and mouse combo, Boja: Crna,","rel":"","context":"Srodne objave","img":{"alt_text":"","src":"https:\/\/i2.wp.com\/astehshop.com\/wp-content\/uploads\/2025\/05\/HP-22-dg0011ny-AIO-PC-A02QDEA.jpg?fit=1024%2C768&resize=350%2C200","width":350,"height":200},"classes":[]},{"id":11188,"url":"http:\/\/astehshop.com\/index.php\/product\/monitor-24-iiyama-prolite-xub2497hsn-b1-usb-c\/","url_meta":{"origin":6881,"position":4},"title":"MONITOR 24&#8243; IIYAMA ProLite XUB2497HSN-B1 USB-C","date":"18. srpnja 2025.","format":false,"excerpt":"Veli\u010dina ekrana: 24\" Tip panela: IPS Rezolucija: 1920\u00d71080 (Full HD) Osvjetljenje: 250 cd\/m\u00b2 Vrijeme odziva: 1 ms Brzina osvje\u017eenja: 100 Hz Priklju\u010dci: HDMI, DisplayPort, USB Type-C (Power Delivery 65W) USB hub: DP output, 3\u00d7USB 3.2 Type-A, USB Type-C, LAN Ugra\u0111eni zvu\u010dnici: 2\u00d72W","rel":"","context":"Srodne objave","img":{"alt_text":"","src":"https:\/\/i2.wp.com\/astehshop.com\/wp-content\/uploads\/2025\/07\/39063-24-IIYAMA-ProLite-XUB2497HSN-B1-USB-C-Display-3.webp?fit=450%2C450&resize=350%2C200","width":350,"height":200},"classes":[]},{"id":11687,"url":"http:\/\/astehshop.com\/index.php\/product\/kingston-usb-c-dt70-256gb-3-2\/","url_meta":{"origin":6881,"position":5},"title":"Kingston USB-C DT70 256GB 3.2","date":"24. kolovoza 2025.","format":false,"excerpt":"Interfejs:\u00a0USB 3.2 Gen 1 Kapacitet:\u00a0256GB Dizajn:\u00a0Kompaktan, prenosiv Kompatibilnost:\u00a0Windows, Mac OS, Linux, Chrome OS","rel":"","context":"Srodne objave","img":{"alt_text":"","src":"https:\/\/i0.wp.com\/astehshop.com\/wp-content\/uploads\/2025\/08\/39300-Kingston-USB-C-DT70-256GB-32-1.webp?fit=450%2C450&resize=350%2C200","width":350,"height":200},"classes":[]}],"_links":{"self":[{"href":"http:\/\/astehshop.com\/index.php\/wp-json\/wp\/v2\/product\/6881"}],"collection":[{"href":"http:\/\/astehshop.com\/index.php\/wp-json\/wp\/v2\/product"}],"about":[{"href":"http:\/\/astehshop.com\/index.php\/wp-json\/wp\/v2\/types\/product"}],"replies":[{"embeddable":true,"href":"http:\/\/astehshop.com\/index.php\/wp-json\/wp\/v2\/comments?post=6881"}],"wp:featuredmedia":[{"embeddable":true,"href":"http:\/\/astehshop.com\/index.php\/wp-json\/wp\/v2\/media\/6882"}],"wp:attachment":[{"href":"http:\/\/astehshop.com\/index.php\/wp-json\/wp\/v2\/media?parent=6881"}],"wp:term":[{"taxonomy":"product_cat","embeddable":true,"href":"http:\/\/astehshop.com\/index.php\/wp-json\/wp\/v2\/product_cat?post=6881"},{"taxonomy":"product_tag","embeddable":true,"href":"http:\/\/astehshop.com\/index.php\/wp-json\/wp\/v2\/product_tag?post=6881"}],"curies":[{"name":"wp","href":"https:\/\/api.w.org\/{rel}","templated":true}]}}