{"id":6871,"date":"2022-11-25T22:36:13","date_gmt":"2022-11-25T21:36:13","guid":{"rendered":"http:\/\/astehshop.com\/?post_type=product&#038;p=6871"},"modified":"2022-11-25T22:36:14","modified_gmt":"2022-11-25T21:36:14","slug":"bezicni-kontroler-za-ps4-pc-bluetooth","status":"publish","type":"product","link":"http:\/\/astehshop.com\/index.php\/product\/bezicni-kontroler-za-ps4-pc-bluetooth\/","title":{"rendered":"Be\u017ei\u010dni kontroler za PS4 \/ PC, Bluetooth"},"content":{"rendered":"<p>Be\u017ei\u010dni kontroler za PS4 \/ PC, programabilni, dvostruka vibracija, 6-osni gyroskop<\/p>\n<p>Bluetooth povezivanje, domet do 7 met.<\/p>\n<p>Baterija 3.7 V \/ 600 mAh<\/p>\n","protected":false},"excerpt":{"rendered":"<p>Be\u017ei\u010dni kontroler za PS4 \/ PC, programabilni, dvostruka vibracija, 6-osni gyroskop<\/p>\n<p>Bluetooth povezivanje, domet do 7 met.<\/p>\n<p>Baterija 3.7 V \/ 600 mAh<\/p>\n","protected":false},"featured_media":6872,"comment_status":"open","ping_status":"closed","template":"","meta":{"_mi_skip_tracking":false,"_exactmetrics_sitenote_active":false,"_exactmetrics_sitenote_note":"","_exactmetrics_sitenote_category":0,"spay_email":""},"product_cat":[954],"product_tag":[4554,435,763,4555,1607,969],"brands":[],"df_price":70,"df_sale_price":"","df_regular_price":70,"df_image_link":"https:\/\/i2.wp.com\/astehshop.com\/wp-content\/uploads\/2022\/11\/8058150343609.jpg?fit=428%2C450","jetpack_publicize_connections":[],"jetpack_sharing_enabled":true,"jetpack_likes_enabled":true,"jetpack-related-posts":[{"id":3997,"url":"http:\/\/astehshop.com\/index.php\/product\/paradox-2wpgm-bezicni-pgm\/","url_meta":{"origin":6871,"position":0},"title":"Paradox 2WPGM be\u017ei\u010dni PGM","date":"18. velja\u010de 2020.","format":false,"excerpt":"\u2022 Be\u017ei\u010dni PGM \u2022 1 potpuno programabilni relej, zahtjeva VDC ili AC napajanje \u2022 Antisabota\u017eni prekida\u010d","rel":"","context":"Srodne objave","img":{"alt_text":"","src":"https:\/\/i0.wp.com\/astehshop.com\/wp-content\/uploads\/2020\/02\/2WPGM.jpg?fit=934%2C936&resize=350%2C200","width":350,"height":200},"classes":[]},{"id":6066,"url":"http:\/\/astehshop.com\/index.php\/product\/ja-182sh-bezicni-detektor-udarca-i-nagiba\/","url_meta":{"origin":6871,"position":1},"title":"JA-182SH Be\u017ei\u010dni detektor udarca i nagiba","date":"14. velja\u010de 2022.","format":false,"excerpt":"JA-182SH je detektor koji obavlja dvostruku funkciju.Na\u010din otkrivanja \u0161oka (vibracija), ili udarca prati vrata, prozore, staklene pregrade itd. a otkrivanje udarca ukazuje na poku\u0161aje njihovog savladavanja grubom silom. Otkrivanje nagiba s druge strane otkriva neovla\u0161\u0107eno rukovanje vrednim predmetom unutar \u0161ti\u0107enog objekta. Detektor koristi troosni digitalni akcelerometar. Napajanje: litijumska baterija CR-123A,\u2026","rel":"","context":"Srodne objave","img":{"alt_text":"","src":"https:\/\/i0.wp.com\/astehshop.com\/wp-content\/uploads\/2022\/02\/JA-182SH.png?fit=600%2C569&resize=350%2C200","width":350,"height":200},"classes":[]},{"id":12229,"url":"http:\/\/astehshop.com\/index.php\/product\/paradox-alarmni-bezicni-pir-detektor-pmd3m\/","url_meta":{"origin":6871,"position":2},"title":"Paradox alarmni Be\u017ei\u010dni PIR detektor PMD3M","date":"29. sije\u010dnja 2026.","format":false,"excerpt":"Be\u017ei\u010dni PIR detektor Integrisan be\u017ei\u010dni primopredajnik na frekvenciji 868MHz, koristi auto learn funkciju \u0161to zna\u010di da se automatski registruje na centralu M serije, dualni PIR senzor, unutra\u0161nja monta\u017ea, domet 12m (110\u00b0), tamper prekida\u010d, preko aplikacije BlueEye nadzor stanja baterije, temperature I RX\/TX signala, baterija 2 x AA 1,5V.","rel":"","context":"Srodne objave","img":{"alt_text":"","src":"https:\/\/i0.wp.com\/astehshop.com\/wp-content\/uploads\/2026\/01\/PMD3M.png?fit=750%2C1000&resize=350%2C200","width":350,"height":200},"classes":[]},{"id":6725,"url":"http:\/\/astehshop.com\/index.php\/product\/slusalice-cat-ear-stn-28-djecje-wireless-crne\/","url_meta":{"origin":6871,"position":3},"title":"Slu\u0161alice CAT EAR STN-28 dje\u010dje, wireless, crne","date":"19. studenoga 2022.","format":false,"excerpt":"Veli\u010dina zvu\u010dnika:\u00a0\u00d8 40 mm Frekvencijski odziv: 20 Hz - 20 kHz Otpor zvu\u010dnika: 32 Ohm Bluetooth verzija: 5.0 Baterija: 350 mAh, litijska Bluetooth domet: 10 metara Talk \/ Play vrijeme: 8 - 10 sati Trajanje punjenja: 2 sata Kabel za punjenje uklju\u010den u pakiranje; USB na micro","rel":"","context":"Srodne objave","img":{"alt_text":"","src":"https:\/\/i1.wp.com\/astehshop.com\/wp-content\/uploads\/2022\/11\/medium_85732941_2c763054182237b8c8cbc0ac21734bbddI4.png?fit=400%2C400&resize=350%2C200","width":350,"height":200},"classes":[]},{"id":6038,"url":"http:\/\/astehshop.com\/index.php\/product\/ja-150m-bezicni-magnetni-detektor\/","url_meta":{"origin":6871,"position":4},"title":"JA-150M Be\u017ei\u010dni magnetni detektor","date":"14. velja\u010de 2022.","format":false,"excerpt":"JA-150M je namenjen za otkrivanje otvaranja prozora ili vrata. Beli.Mo\u017ee se programirati da \u0161alje status ili impulsni signal za detekciju otvaranja vrata ili prozora. Detektor tako\u0111e uklju\u010duje dva ulazna terminala IN1 i IN2 na koje se mogu spojiti alternativni \u017ei\u010dni detektori otvaranja, detektor poplave ili ne\u0161to sli\u010dno.Napajanje: 1x alkalna baterija\u2026","rel":"","context":"Srodne objave","img":{"alt_text":"","src":"https:\/\/i0.wp.com\/astehshop.com\/wp-content\/uploads\/2022\/02\/JA-150M-Bezicni-magnetni-detektor.png?fit=600%2C569&resize=350%2C200","width":350,"height":200},"classes":[]},{"id":8046,"url":"http:\/\/astehshop.com\/index.php\/product\/bluetooth-zvucnik-12-inca-1-bezicni-mikrofon-karaoke\/","url_meta":{"origin":6871,"position":5},"title":"BLUETOOTH ZVU\u010cNIK 12 INCA +1 BE\u017dI\u010cNI MIKROFON karaoke","date":"13. kolovoza 2023.","format":false,"excerpt":"UZ ZVU\u010cNIK DOLAZI: - 1 BE\u017dI\u010cNI MIKROFON - DALJINSKI - LED OSVJETLJENJE, - USB ULAZ - SD CARD - FM RADIO - BLUETOOTH - AUX IN - MOGU\u0106NOST PRIKLJU\u010cIVANJA GITARE","rel":"","context":"Srodne objave","img":{"alt_text":"","src":"https:\/\/i2.wp.com\/astehshop.com\/wp-content\/uploads\/2023\/08\/k3-12.jpg?fit=1010%2C1068&resize=350%2C200","width":350,"height":200},"classes":[]}],"_links":{"self":[{"href":"http:\/\/astehshop.com\/index.php\/wp-json\/wp\/v2\/product\/6871"}],"collection":[{"href":"http:\/\/astehshop.com\/index.php\/wp-json\/wp\/v2\/product"}],"about":[{"href":"http:\/\/astehshop.com\/index.php\/wp-json\/wp\/v2\/types\/product"}],"replies":[{"embeddable":true,"href":"http:\/\/astehshop.com\/index.php\/wp-json\/wp\/v2\/comments?post=6871"}],"wp:featuredmedia":[{"embeddable":true,"href":"http:\/\/astehshop.com\/index.php\/wp-json\/wp\/v2\/media\/6872"}],"wp:attachment":[{"href":"http:\/\/astehshop.com\/index.php\/wp-json\/wp\/v2\/media?parent=6871"}],"wp:term":[{"taxonomy":"product_cat","embeddable":true,"href":"http:\/\/astehshop.com\/index.php\/wp-json\/wp\/v2\/product_cat?post=6871"},{"taxonomy":"product_tag","embeddable":true,"href":"http:\/\/astehshop.com\/index.php\/wp-json\/wp\/v2\/product_tag?post=6871"}],"curies":[{"name":"wp","href":"https:\/\/api.w.org\/{rel}","templated":true}]}}