{"id":6869,"date":"2022-11-25T22:33:58","date_gmt":"2022-11-25T21:33:58","guid":{"rendered":"http:\/\/astehshop.com\/?post_type=product&#038;p=6869"},"modified":"2022-11-25T22:33:58","modified_gmt":"2022-11-25T21:33:58","slug":"gigaset-telefon-bezicni-lcd-display","status":"publish","type":"product","link":"http:\/\/astehshop.com\/index.php\/product\/gigaset-telefon-bezicni-lcd-display\/","title":{"rendered":"Gigaset Telefon be\u017ei\u010dni, LCD display"},"content":{"rendered":"<p>Gigaset A170, crni, be\u017ei\u010dni DECT analogni telefon , telefonski imenik za 50 imena i brojeva, prikaz broja pozivatelja, lista zadnjih 25 propu\u0161tenih poziva, 10 polifonih melodija, LCD 1.5&#8243; display, pozadinsko osvjetljenje, prikaz vrijeme \/ datum, alarm&#8230;<\/p>\n<p>Baterije 2 x NiMh AAA baterije ( 400 mAh ), vrijeme rada do 18 h., stand by do 200 h., doet do 50 met. u zatvorenom prostoru, 300 met., na otvorenom prostoru, dimenzije baze 89 x 43 x 89 mm, dimenzije slu\u0161alice 48 x 30 x 159 mm<\/p>\n","protected":false},"excerpt":{"rendered":"<p>Gigaset A170, crni, be\u017ei\u010dni DECT analogni telefon , telefonski imenik za 50 imena i brojeva, prikaz broja pozivatelja, lista zadnjih 25 propu\u0161tenih poziva, 10 polifonih melodija, LCD 1.5&#8243; display, pozadinsko osvjetljenje, prikaz vrijeme \/ datum, alarm&#8230;<\/p>\n<p>Baterije 2 x NiMh AAA baterije ( 400 mAh ), vrijeme rada do 18 h., stand by do 200 h., doet do 50 met. u zatvorenom prostoru, 300 met., na otvorenom prostoru, dimenzije baze 89 x 43 x 89 mm, dimenzije slu\u0161alice 48 x 30 x 159 mm<\/p>\n","protected":false},"featured_media":6870,"comment_status":"open","ping_status":"closed","template":"","meta":{"_mi_skip_tracking":false,"_exactmetrics_sitenote_active":false,"_exactmetrics_sitenote_note":"","_exactmetrics_sitenote_category":0,"spay_email":""},"product_cat":[1170],"product_tag":[4552,4553],"brands":[],"df_price":59,"df_sale_price":"","df_regular_price":59,"df_image_link":"https:\/\/i0.wp.com\/astehshop.com\/wp-content\/uploads\/2022\/11\/4250366853987.png?fit=450%2C397","jetpack_publicize_connections":[],"jetpack_sharing_enabled":true,"jetpack_likes_enabled":true,"jetpack-related-posts":[{"id":11358,"url":"http:\/\/astehshop.com\/index.php\/product\/kx-tg1611fxh-panasonic-telefon-crni-dect-cid\/","url_meta":{"origin":6869,"position":0},"title":"KX-TG1611FXH Panasonic telefon crni DECT CID","date":"23. srpnja 2025.","format":false,"excerpt":"Be\u017eicni telefon sa jednom slu\u0161alicom, KX-TG1611FXH Panasonic telefon crni DECT CID.","rel":"","context":"Srodne objave","img":{"alt_text":"","src":"https:\/\/i2.wp.com\/astehshop.com\/wp-content\/uploads\/2025\/07\/0062453_kx-tg1611fxh-panasonic-telefon-crni-dect-cid.jpeg?fit=450%2C450&resize=350%2C200","width":350,"height":200},"classes":[]},{"id":3991,"url":"http:\/\/astehshop.com\/index.php\/product\/paradox-rx1-bezicni-prijemnik\/","url_meta":{"origin":6869,"position":1},"title":"Paradox RX1 be\u017ei\u010dni prijemnik","date":"18. velja\u010de 2020.","format":false,"excerpt":"\u2022 32 be\u017ei\u010dne zone \u2022 Do 32 daljinska upravlja\u010da \u2022 Nadzor RF smetnji \u2022 Nadzor statusa baterije, anti-sabota\u017enog prekida\u010da i prijave modula \u2022 Prikaz ja\u010dine primopredajnog signala","rel":"","context":"Srodne objave","img":{"alt_text":"","src":"https:\/\/i0.wp.com\/astehshop.com\/wp-content\/uploads\/2020\/02\/RX1.jpg?fit=900%2C1014&resize=350%2C200","width":350,"height":200},"classes":[]},{"id":3976,"url":"http:\/\/astehshop.com\/index.php\/product\/paradox-k641lx-lcd-sifrator-tastatura\/","url_meta":{"origin":6869,"position":2},"title":"Paradox K641LX LCD \u0161ifrator tastatura","date":"18. velja\u010de 2020.","format":false,"excerpt":"\u2022 32 znakovni plavi LCD modul tipkovnice sa ugra\u0111enim primopredajnikom \u2022 Podesivo pozadinsko osvjetljenje, kontrast i brzina skrolanja \u2022 Prikaz vremena koriste\u0107i 12h ili 24h format \u2022 Ugra\u0111eni primopredajnik (433 ili 868 MHz)","rel":"","context":"Srodne objave","img":{"alt_text":"","src":"https:\/\/i0.wp.com\/astehshop.com\/wp-content\/uploads\/2020\/02\/K641LX.jpg?fit=856%2C840&resize=350%2C200","width":350,"height":200},"classes":[]},{"id":3974,"url":"http:\/\/astehshop.com\/index.php\/product\/paradox-k641-sifrator\/","url_meta":{"origin":6869,"position":3},"title":"Paradox K641+ \u0161ifrator","date":"18. velja\u010de 2020.","format":false,"excerpt":"\u2022 32 znakovni plavi LCD ekran sa programabilnim ispisima (putem memorijskog klju\u010da, WinLoad-a i Neware-a) \u2022 Podesivo pozadinsko osvjetljenje, kontrast i brzina skrolanja \u2022 Prikaz vremena koriste\u0107i 12h ili 24h format","rel":"","context":"Srodne objave","img":{"alt_text":"","src":"https:\/\/i0.wp.com\/astehshop.com\/wp-content\/uploads\/2020\/02\/K641.jpg?fit=1180%2C1152&resize=350%2C200","width":350,"height":200},"classes":[]},{"id":3989,"url":"http:\/\/astehshop.com\/index.php\/product\/paradox-rtx3-bezicni-modul-prosirenja\/","url_meta":{"origin":6869,"position":4},"title":"Paradox RTX3 be\u017ei\u010dni modul pro\u0161irenja","date":"18. velja\u010de 2020.","format":false,"excerpt":"\u2022 32 be\u017ei\u010dne zone \u2022 Broj be\u017ei\u010dnih PGM-ova (8\/EVO, 16\/SP) \u2022 Nadzor RF smetnji \u2022 Nadzor statusa baterije, anti-sabota\u017enog prekida\u010da i prijave modula \u2022 Prikaz ja\u010dine primopredajnog signala \u2022 3 PGM izlaza i jedan izlaz po izboru","rel":"","context":"Srodne objave","img":{"alt_text":"","src":"https:\/\/i0.wp.com\/astehshop.com\/wp-content\/uploads\/2020\/02\/rtx3.jpg?fit=1056%2C1122&resize=350%2C200","width":350,"height":200},"classes":[]},{"id":6128,"url":"http:\/\/astehshop.com\/index.php\/product\/bezicni-citac-kartica-hikvision-ax-pro-ds-pt1-we\/","url_meta":{"origin":6869,"position":5},"title":"Be\u017ei\u010dni \u010dita\u010d kartica HikVision AX PRO DS-PT1-WE","date":"1. travnja 2022.","format":false,"excerpt":"868MHz dvosmjerna komunikacija AES-128 enkripcija prednji i stra\u017eni tamper do 1200m (u otvorenom prostoru) AA baterije x3kom dimenzije : 75x124x21mm","rel":"","context":"Srodne objave","img":{"alt_text":"","src":"https:\/\/i1.wp.com\/astehshop.com\/wp-content\/uploads\/2022\/04\/DS-PT1-WE.png?fit=678%2C381&resize=350%2C200","width":350,"height":200},"classes":[]}],"_links":{"self":[{"href":"http:\/\/astehshop.com\/index.php\/wp-json\/wp\/v2\/product\/6869"}],"collection":[{"href":"http:\/\/astehshop.com\/index.php\/wp-json\/wp\/v2\/product"}],"about":[{"href":"http:\/\/astehshop.com\/index.php\/wp-json\/wp\/v2\/types\/product"}],"replies":[{"embeddable":true,"href":"http:\/\/astehshop.com\/index.php\/wp-json\/wp\/v2\/comments?post=6869"}],"wp:featuredmedia":[{"embeddable":true,"href":"http:\/\/astehshop.com\/index.php\/wp-json\/wp\/v2\/media\/6870"}],"wp:attachment":[{"href":"http:\/\/astehshop.com\/index.php\/wp-json\/wp\/v2\/media?parent=6869"}],"wp:term":[{"taxonomy":"product_cat","embeddable":true,"href":"http:\/\/astehshop.com\/index.php\/wp-json\/wp\/v2\/product_cat?post=6869"},{"taxonomy":"product_tag","embeddable":true,"href":"http:\/\/astehshop.com\/index.php\/wp-json\/wp\/v2\/product_tag?post=6869"}],"curies":[{"name":"wp","href":"https:\/\/api.w.org\/{rel}","templated":true}]}}