{"id":6832,"date":"2022-11-25T19:17:25","date_gmt":"2022-11-25T18:17:25","guid":{"rendered":"http:\/\/astehshop.com\/?post_type=product&#038;p=6832"},"modified":"2022-11-25T19:17:25","modified_gmt":"2022-11-25T18:17:25","slug":"samsung-f135-ds-galaxy-f13","status":"publish","type":"product","link":"http:\/\/astehshop.com\/index.php\/product\/samsung-f135-ds-galaxy-f13\/","title":{"rendered":"Samsung F135-DS Galaxy F13"},"content":{"rendered":"<p>Samsung Galaxy F13 4\/64GB<\/p>\n<p>Specifikacije modela su:<br \/>\nDisplej: 6.6&#8243;<br \/>\nPrednja kamera: 8MP,<br \/>\nZadnja kamera: 50MP + 5MP + 2MP,<br \/>\nRAM: 4GB,<br \/>\nInterna memorija: 64GB,<br \/>\nBaterija: 6000mAh,<\/p>\n","protected":false},"excerpt":{"rendered":"<p>Samsung Galaxy F13 4\/64GB<\/p>\n<p>Specifikacije modela su:<br \/>\nDisplej: 6.6&#8243;<br \/>\nPrednja kamera: 8MP,<br \/>\nZadnja kamera: 50MP + 5MP + 2MP,<br \/>\nRAM: 4GB,<br \/>\nInterna memorija: 64GB,<br \/>\nBaterija: 6000mAh,<\/p>\n","protected":false},"featured_media":6833,"comment_status":"open","ping_status":"closed","template":"","meta":{"_mi_skip_tracking":false,"_exactmetrics_sitenote_active":false,"_exactmetrics_sitenote_note":"","_exactmetrics_sitenote_category":0,"spay_email":""},"product_cat":[1170],"product_tag":[4527],"brands":[],"df_price":359,"df_sale_price":"","df_regular_price":359,"df_image_link":"https:\/\/i0.wp.com\/astehshop.com\/wp-content\/uploads\/2022\/11\/samsung-f13-ds-galaxy-f13-4gb-64gb-blue-noeu-ind.jpg?fit=450%2C450","jetpack_publicize_connections":[],"jetpack_sharing_enabled":true,"jetpack_likes_enabled":true,"jetpack-related-posts":[{"id":6826,"url":"http:\/\/astehshop.com\/index.php\/product\/xiaomi-redmi-9a-4gb-64gb-black\/","url_meta":{"origin":6832,"position":0},"title":"Xiaomi Redmi 9A 4GB 64GB Black","date":"25. studenoga 2022.","format":false,"excerpt":"Xiaomi Redmi 9A u crnoj boji. IPS LCD ekran veli\u010dine 6.53 in\u010da. Te\u017eina 196g. Zadnja kamera 13 MP, prednja kamera 5MP. Android 10 operativni sistem i octa-core procesor.Interna memorija iznosi 64GB. RAM 4GB. Baterija 5000 mAh. Dual SIM (Nano-SIM, dual stand-by).","rel":"","context":"Srodne objave","img":{"alt_text":"","src":"https:\/\/i1.wp.com\/astehshop.com\/wp-content\/uploads\/2022\/11\/xiaomi-redmi-9a-4gb-64gb-black-noeu.jpg?fit=800%2C800&resize=350%2C200","width":350,"height":200},"classes":[]},{"id":6828,"url":"http:\/\/astehshop.com\/index.php\/product\/xiaomi-redmi-10a-4gb-64gb-grey\/","url_meta":{"origin":6832,"position":1},"title":"Xiaomi Redmi 10A 4GB 64GB Grey","date":"25. studenoga 2022.","format":false,"excerpt":"Veli\u010dina ekrana 6.53 Procesor MediaTek Helio G25 Octa-core processor RAM 4GB Pohrana 64GB Kamera 13MP Baterija 5000mAh","rel":"","context":"Srodne objave","img":{"alt_text":"","src":"https:\/\/i0.wp.com\/astehshop.com\/wp-content\/uploads\/2022\/11\/xiaomi-redmi-9a-4gb-64gb-black-noeu-1.jpg?fit=800%2C800&resize=350%2C200","width":350,"height":200},"classes":[]},{"id":10310,"url":"http:\/\/astehshop.com\/index.php\/product\/tablet-blackview-tab-a6-kids-4gb-128gb-wifi-10-ocean-blue\/","url_meta":{"origin":6832,"position":2},"title":"Tablet Blackview Tab A6 kids 4GB 128GB WiFi 10&#8243; Ocean Blue","date":"2. svibnja 2025.","format":false,"excerpt":"Procesor (CPU) Allwinner A523 \/ Octa-Core \/ 1.80 GHz Memorija (RAM) 4GB Ekran (Display) 10.1'' \/ IPS LCD \/ 60Hz Operativni Sistem Android 14 Pohrana podataka (Storage) 128GB EMMC Grafi\u010dka karta (GPU) ARM Mali-G57 MP1 Zadnja kamera 8MP Prednja kamera 5MP Baterija 5100mAh","rel":"","context":"Srodne objave","img":{"alt_text":"","src":"https:\/\/i1.wp.com\/astehshop.com\/wp-content\/uploads\/2025\/05\/Tablet-Blackview-Tab-A6-kids-4GB-128GB-WiFi.png?fit=900%2C900&resize=350%2C200","width":350,"height":200},"classes":[]},{"id":11618,"url":"http:\/\/astehshop.com\/index.php\/product\/xiaomi-poco-c71-3gb-64gb\/","url_meta":{"origin":6832,"position":3},"title":"XIAOMI POCO C71 3GB 64GB","date":"21. kolovoza 2025.","format":false,"excerpt":"Brend:\u00a0Xiaomi Garancija:\u00a024 mjeseca Velicina ekrana:\u00a06.67\" Kamera:\u00a050MP\u00a0+ 5MP Baterija:\u00a06000mAh","rel":"","context":"Srodne objave","img":{"alt_text":"","src":"https:\/\/i0.wp.com\/astehshop.com\/wp-content\/uploads\/2025\/08\/xiaomi-poco-c71-3gb-64gb-black-eu.jpg?fit=400%2C400&resize=350%2C200","width":350,"height":200},"classes":[]},{"id":11446,"url":"http:\/\/astehshop.com\/index.php\/product\/samsung-a26-8gb-256gb-black\/","url_meta":{"origin":6832,"position":4},"title":"SAMSUNG A26 8GB 256GB BLACK","date":"18. kolovoza 2025.","format":false,"excerpt":"Ekran:\u00a06.7\" Super AMOLED, 120Hz, Full HD+ (1080 \u00d7 2340 px) Memorija:\u00a08GB RAM \/ 256GB interna + microSD podr\u0161ka Procesor:\u00a0Exynos 1380, osmojezgarni, 5nm Zadnja kamera:\u00a050MP (glavna) + 8MP (ultra\u0161iroka) + 2MP (makro) Prednja kamera:\u00a013MP Video:\u00a04K @30fps, 1080p @30fps Baterija:\u00a05000 mAh, brzo punjenje 25W Operativni sistem:\u00a0Android 15, One UI 7 Otpornost:\u00a0IP67 \u2013\u2026","rel":"","context":"Srodne objave","img":{"alt_text":"","src":"https:\/\/i1.wp.com\/astehshop.com\/wp-content\/uploads\/2025\/08\/0135733_mobitel-samsung-galaxy-a26-5g-8gb-256gb-dual-sim-black_550.png?fit=550%2C550&resize=350%2C200","width":350,"height":200},"classes":[]},{"id":11940,"url":"http:\/\/astehshop.com\/index.php\/product\/samsung-a06-4gb-64gb-gold\/","url_meta":{"origin":6832,"position":5},"title":"Samsung A06 4GB 64GB Gold","date":"7. prosinca 2025.","format":false,"excerpt":"Samsung Galaxy A06 Gold Samsung Galaxy A06 Gold\u00a0je pametni telefon iz Samsungove serije Galaxy A, dizajniran za korisnike koji tra\u017ee solidne performanse po pristupa\u010dnoj cijeni. Ovaj model nudi sve klju\u010dne karakteristike potrebne za svakodnevnu upotrebu, uz moderni dizajn i dugotrajnu bateriju. Klju\u010dne Karakteristike: Ekran:\u00a06.7-in\u010dni PLS LCD ekran sa HD+ rezolucijom\u2026","rel":"","context":"Srodne objave","img":{"alt_text":"","src":"https:\/\/i1.wp.com\/astehshop.com\/wp-content\/uploads\/2025\/12\/samsung-a065-galaxy-a06-dual-4gb-64gb-gold-noeu.jpg?fit=800%2C800&resize=350%2C200","width":350,"height":200},"classes":[]}],"_links":{"self":[{"href":"http:\/\/astehshop.com\/index.php\/wp-json\/wp\/v2\/product\/6832"}],"collection":[{"href":"http:\/\/astehshop.com\/index.php\/wp-json\/wp\/v2\/product"}],"about":[{"href":"http:\/\/astehshop.com\/index.php\/wp-json\/wp\/v2\/types\/product"}],"replies":[{"embeddable":true,"href":"http:\/\/astehshop.com\/index.php\/wp-json\/wp\/v2\/comments?post=6832"}],"wp:featuredmedia":[{"embeddable":true,"href":"http:\/\/astehshop.com\/index.php\/wp-json\/wp\/v2\/media\/6833"}],"wp:attachment":[{"href":"http:\/\/astehshop.com\/index.php\/wp-json\/wp\/v2\/media?parent=6832"}],"wp:term":[{"taxonomy":"product_cat","embeddable":true,"href":"http:\/\/astehshop.com\/index.php\/wp-json\/wp\/v2\/product_cat?post=6832"},{"taxonomy":"product_tag","embeddable":true,"href":"http:\/\/astehshop.com\/index.php\/wp-json\/wp\/v2\/product_tag?post=6832"}],"curies":[{"name":"wp","href":"https:\/\/api.w.org\/{rel}","templated":true}]}}