{"id":6828,"date":"2022-11-25T19:14:34","date_gmt":"2022-11-25T18:14:34","guid":{"rendered":"http:\/\/astehshop.com\/?post_type=product&#038;p=6828"},"modified":"2022-11-25T19:14:34","modified_gmt":"2022-11-25T18:14:34","slug":"xiaomi-redmi-10a-4gb-64gb-grey","status":"publish","type":"product","link":"http:\/\/astehshop.com\/index.php\/product\/xiaomi-redmi-10a-4gb-64gb-grey\/","title":{"rendered":"Xiaomi Redmi 10A 4GB 64GB Grey"},"content":{"rendered":"<section class=\"product-features\">\n<dl class=\"data-sheet\">\n<dt class=\"name\">Veli\u010dina ekrana<\/dt>\n<dd class=\"value\">6.53<\/dd>\n<dt class=\"name\">Procesor<\/dt>\n<dd class=\"value\">MediaTek Helio G25 Octa-core processor<\/dd>\n<dt class=\"name\">RAM<\/dt>\n<dd class=\"value\">4GB<\/dd>\n<dt class=\"name\">Pohrana<\/dt>\n<dd class=\"value\">64GB<\/dd>\n<dt class=\"name\">Kamera<\/dt>\n<dd class=\"value\">13MP<\/dd>\n<dt class=\"name\">Baterija<\/dt>\n<dd class=\"value\">5000mAh<\/dd>\n<\/dl>\n<\/section>\n","protected":false},"excerpt":{"rendered":"<section class=\"product-features\">\n<dl class=\"data-sheet\">\n<dt class=\"name\">Veli\u010dina ekrana<\/dt>\n<dd class=\"value\">6.53<\/dd>\n<dt class=\"name\">Procesor<\/dt>\n<dd class=\"value\">MediaTek Helio G25 Octa-core processor<\/dd>\n<dt class=\"name\">RAM<\/dt>\n<dd class=\"value\">4GB<\/dd>\n<dt class=\"name\">Pohrana<\/dt>\n<dd class=\"value\">64GB<\/dd>\n<dt class=\"name\">Kamera<\/dt>\n<dd class=\"value\">13MP<\/dd>\n<dt class=\"name\">Baterija<\/dt>\n<dd class=\"value\">5000mAh<\/dd>\n<\/dl>\n<\/section>\n","protected":false},"featured_media":6829,"comment_status":"open","ping_status":"closed","template":"","meta":{"_mi_skip_tracking":false,"_exactmetrics_sitenote_active":false,"_exactmetrics_sitenote_note":"","_exactmetrics_sitenote_category":0,"spay_email":""},"product_cat":[1170],"product_tag":[4525],"brands":[],"df_price":255,"df_sale_price":"","df_regular_price":255,"df_image_link":"https:\/\/i0.wp.com\/astehshop.com\/wp-content\/uploads\/2022\/11\/xiaomi-redmi-9a-4gb-64gb-black-noeu-1.jpg?fit=450%2C450","jetpack_publicize_connections":[],"jetpack_sharing_enabled":true,"jetpack_likes_enabled":true,"jetpack-related-posts":[{"id":6834,"url":"http:\/\/astehshop.com\/index.php\/product\/xiaomi-redmi-10a-sport-6gb-128gb\/","url_meta":{"origin":6828,"position":0},"title":"Xiaomi Redmi 10A Sport 6GB 128GB","date":"25. studenoga 2022.","format":false,"excerpt":"Veli\u010dina ekrana 6.53'' Procesor MediaTek Helio G25 Octa-core processor RAM 6GB Pohrana 128GB Kamera 13MP Baterija 5000mAh","rel":"","context":"Srodne objave","img":{"alt_text":"","src":"https:\/\/i2.wp.com\/astehshop.com\/wp-content\/uploads\/2022\/11\/xiaomi-redmi-10a-sport-6gb-128gb-blue.jpg?fit=800%2C800&resize=350%2C200","width":350,"height":200},"classes":[]},{"id":6843,"url":"http:\/\/astehshop.com\/index.php\/product\/xiaomi-redmi-note-11s-8gb-128gb-black\/","url_meta":{"origin":6828,"position":1},"title":"Xiaomi Redmi Note 11s 8GB 128GB Black","date":"25. studenoga 2022.","format":false,"excerpt":"Veli\u010dina ekrana 6.43'' Procesor MediaTek Helio G96 Octa-core processor RAM 8GB Pohrana 128GB Kamera 108MP Baterija 5000mAh","rel":"","context":"Srodne objave","img":{"alt_text":"","src":"https:\/\/i0.wp.com\/astehshop.com\/wp-content\/uploads\/2022\/11\/xiaomi-redmi-note-11s-8gb-128gb-noeu-ind.png?fit=800%2C800&resize=350%2C200","width":350,"height":200},"classes":[]},{"id":6841,"url":"http:\/\/astehshop.com\/index.php\/product\/xiaomi-redmi-note-11s-6gb-128gb-blue\/","url_meta":{"origin":6828,"position":2},"title":"Xiaomi Redmi Note 11s 6GB 128GB Blue","date":"25. studenoga 2022.","format":false,"excerpt":"Veli\u010dina ekrana 6.43'' Procesor Octa-core (2x2.05 GHz Cortex-A76 & 6x2.0 GHz Cortex-A55) RAM 6GB Pohrana 128GB Kamera 108MP Baterija 5000mAh","rel":"","context":"Srodne objave","img":{"alt_text":"","src":"https:\/\/i2.wp.com\/astehshop.com\/wp-content\/uploads\/2022\/11\/xiaomi-redmi-note-11s-6gb-128gb-blue-noeu-ind.png?fit=800%2C800&resize=350%2C200","width":350,"height":200},"classes":[]},{"id":6826,"url":"http:\/\/astehshop.com\/index.php\/product\/xiaomi-redmi-9a-4gb-64gb-black\/","url_meta":{"origin":6828,"position":3},"title":"Xiaomi Redmi 9A 4GB 64GB Black","date":"25. studenoga 2022.","format":false,"excerpt":"Xiaomi Redmi 9A u crnoj boji. IPS LCD ekran veli\u010dine 6.53 in\u010da. Te\u017eina 196g. Zadnja kamera 13 MP, prednja kamera 5MP. Android 10 operativni sistem i octa-core procesor.Interna memorija iznosi 64GB. RAM 4GB. Baterija 5000 mAh. Dual SIM (Nano-SIM, dual stand-by).","rel":"","context":"Srodne objave","img":{"alt_text":"","src":"https:\/\/i1.wp.com\/astehshop.com\/wp-content\/uploads\/2022\/11\/xiaomi-redmi-9a-4gb-64gb-black-noeu.jpg?fit=800%2C800&resize=350%2C200","width":350,"height":200},"classes":[]},{"id":6839,"url":"http:\/\/astehshop.com\/index.php\/product\/xiaomi-redmi-10-power-8gb-128gb\/","url_meta":{"origin":6828,"position":4},"title":"Xiaomi Redmi 10 Power 8GB 128GB","date":"25. studenoga 2022.","format":false,"excerpt":"Veli\u010dina ekrana 6.7'' Procesor Snapdragon 680 6nm Octa-core processor; Up to 2.4GHz clock speed RAM 8GB Virtuelni RAM 3GB Pohrana 128GB Kamera 50MP Baterija 6000mAh","rel":"","context":"Srodne objave","img":{"alt_text":"","src":"https:\/\/i1.wp.com\/astehshop.com\/wp-content\/uploads\/2022\/11\/xiaomi-redmi-10-power-8gb-128gb-black.jpg?fit=800%2C800&resize=350%2C200","width":350,"height":200},"classes":[]},{"id":6820,"url":"http:\/\/astehshop.com\/index.php\/product\/xiaomi-redmi-a1-2gb-32gb-blue\/","url_meta":{"origin":6828,"position":5},"title":"Xiaomi Redmi A1 2GB 32GB Blue","date":"25. studenoga 2022.","format":false,"excerpt":"Veli\u010dina ekrana 6.52\" Procesor Quad-core 2.0 GHz Cortex-A53 RAM 2GB Pohrana 32GB Kamera 8MP Baterija 5000mAh","rel":"","context":"Srodne objave","img":{"alt_text":"","src":"https:\/\/i2.wp.com\/astehshop.com\/wp-content\/uploads\/2022\/11\/xiaomi-redmi-a1-2gb-32gb-blue.jpg?fit=800%2C800&resize=350%2C200","width":350,"height":200},"classes":[]}],"_links":{"self":[{"href":"http:\/\/astehshop.com\/index.php\/wp-json\/wp\/v2\/product\/6828"}],"collection":[{"href":"http:\/\/astehshop.com\/index.php\/wp-json\/wp\/v2\/product"}],"about":[{"href":"http:\/\/astehshop.com\/index.php\/wp-json\/wp\/v2\/types\/product"}],"replies":[{"embeddable":true,"href":"http:\/\/astehshop.com\/index.php\/wp-json\/wp\/v2\/comments?post=6828"}],"wp:featuredmedia":[{"embeddable":true,"href":"http:\/\/astehshop.com\/index.php\/wp-json\/wp\/v2\/media\/6829"}],"wp:attachment":[{"href":"http:\/\/astehshop.com\/index.php\/wp-json\/wp\/v2\/media?parent=6828"}],"wp:term":[{"taxonomy":"product_cat","embeddable":true,"href":"http:\/\/astehshop.com\/index.php\/wp-json\/wp\/v2\/product_cat?post=6828"},{"taxonomy":"product_tag","embeddable":true,"href":"http:\/\/astehshop.com\/index.php\/wp-json\/wp\/v2\/product_tag?post=6828"}],"curies":[{"name":"wp","href":"https:\/\/api.w.org\/{rel}","templated":true}]}}