{"id":6826,"date":"2022-11-25T19:12:08","date_gmt":"2022-11-25T18:12:08","guid":{"rendered":"http:\/\/astehshop.com\/?post_type=product&#038;p=6826"},"modified":"2022-11-25T19:12:09","modified_gmt":"2022-11-25T18:12:09","slug":"xiaomi-redmi-9a-4gb-64gb-black","status":"publish","type":"product","link":"http:\/\/astehshop.com\/index.php\/product\/xiaomi-redmi-9a-4gb-64gb-black\/","title":{"rendered":"Xiaomi Redmi 9A 4GB 64GB Black"},"content":{"rendered":"<p>Xiaomi Redmi 9A u crnoj boji. IPS LCD ekran veli\u010dine 6.53 in\u010da. Te\u017eina 196g. Zadnja kamera 13 MP, prednja kamera 5MP. Android 10 operativni sistem i octa-core procesor.Interna memorija iznosi 64GB. RAM 4GB. Baterija 5000 mAh. Dual SIM (Nano-SIM, dual stand-by).<\/p>\n","protected":false},"excerpt":{"rendered":"<p>Xiaomi Redmi 9A u crnoj boji. IPS LCD ekran veli\u010dine 6.53 in\u010da. Te\u017eina 196g. Zadnja kamera 13 MP, prednja kamera 5MP. Android 10 operativni sistem i octa-core procesor.Interna memorija iznosi 64GB. RAM 4GB. Baterija 5000 mAh. Dual SIM (Nano-SIM, dual stand-by).<\/p>\n","protected":false},"featured_media":6827,"comment_status":"open","ping_status":"closed","template":"","meta":{"_mi_skip_tracking":false,"_exactmetrics_sitenote_active":false,"_exactmetrics_sitenote_note":"","_exactmetrics_sitenote_category":0,"spay_email":""},"product_cat":[1170],"product_tag":[435,1742,4524,4523,2359,4522],"brands":[],"df_price":249,"df_sale_price":"","df_regular_price":249,"df_image_link":"https:\/\/i1.wp.com\/astehshop.com\/wp-content\/uploads\/2022\/11\/xiaomi-redmi-9a-4gb-64gb-black-noeu.jpg?fit=450%2C450","jetpack_publicize_connections":[],"jetpack_sharing_enabled":true,"jetpack_likes_enabled":true,"jetpack-related-posts":[{"id":6828,"url":"http:\/\/astehshop.com\/index.php\/product\/xiaomi-redmi-10a-4gb-64gb-grey\/","url_meta":{"origin":6826,"position":0},"title":"Xiaomi Redmi 10A 4GB 64GB Grey","date":"25. studenoga 2022.","format":false,"excerpt":"Veli\u010dina ekrana 6.53 Procesor MediaTek Helio G25 Octa-core processor RAM 4GB Pohrana 64GB Kamera 13MP Baterija 5000mAh","rel":"","context":"Srodne objave","img":{"alt_text":"","src":"https:\/\/i0.wp.com\/astehshop.com\/wp-content\/uploads\/2022\/11\/xiaomi-redmi-9a-4gb-64gb-black-noeu-1.jpg?fit=800%2C800&resize=350%2C200","width":350,"height":200},"classes":[]},{"id":6830,"url":"http:\/\/astehshop.com\/index.php\/product\/xiaomi-redmi-9-active-4gb-64gb-green\/","url_meta":{"origin":6826,"position":1},"title":"Xiaomi Redmi 9 Active 4GB 64GB Green","date":"25. studenoga 2022.","format":false,"excerpt":"Smartphone Xiaomi Redmi 9 Activ, Dual SIM, IPS LCD 6.53\" display rezolucija 720 x 1600 Chipset MediaTek MT6765G Helio G35, CPU Octa Core 2.3GHz ( 4 x 2.3 GHz Cortex-A53 & 4 x 1.8 GHz Cortex-A53 ), grafi\u010dka kartica PowerVR GE8320, RAM memorija 4 GB, interna memorija 64 GB. Dual\u2026","rel":"","context":"Srodne objave","img":{"alt_text":"","src":"https:\/\/i0.wp.com\/astehshop.com\/wp-content\/uploads\/2022\/11\/xiaomi-redmi-9-active-4gb-64gb-green-noeu-ind.jpg?fit=800%2C800&resize=350%2C200","width":350,"height":200},"classes":[]},{"id":6822,"url":"http:\/\/astehshop.com\/index.php\/product\/samsung-a032f-ds-galaxy-a03-core-dual-2gb-32gb-black\/","url_meta":{"origin":6826,"position":2},"title":"Samsung A032F-DS Galaxy A03 Core Dual 2GB 32GB Black","date":"25. studenoga 2022.","format":false,"excerpt":"Samsung Galaxy A03 Core u crnoj boji. RAM 2 GB i interna memorija je 32 GB. Baterija 5000 mAh. Rezolucija zadnje kamere je 8 MP, prednja kamera 5 MP. Octa-core i Android 11 (Go edition) operativni sistem. Ekran 6.5 in\u010da. Dual SIM (Nano-SIM, dual stand-by). Jack za slu\u0161alice 3.5mm.","rel":"","context":"Srodne objave","img":{"alt_text":"","src":"https:\/\/i2.wp.com\/astehshop.com\/wp-content\/uploads\/2022\/11\/samsung-a032f-ds-galaxy-a03-core-dual-2gb-32gb-black-noeu.jpg?fit=800%2C800&resize=350%2C200","width":350,"height":200},"classes":[]},{"id":10310,"url":"http:\/\/astehshop.com\/index.php\/product\/tablet-blackview-tab-a6-kids-4gb-128gb-wifi-10-ocean-blue\/","url_meta":{"origin":6826,"position":3},"title":"Tablet Blackview Tab A6 kids 4GB 128GB WiFi 10&#8243; Ocean Blue","date":"2. svibnja 2025.","format":false,"excerpt":"Procesor (CPU) Allwinner A523 \/ Octa-Core \/ 1.80 GHz Memorija (RAM) 4GB Ekran (Display) 10.1'' \/ IPS LCD \/ 60Hz Operativni Sistem Android 14 Pohrana podataka (Storage) 128GB EMMC Grafi\u010dka karta (GPU) ARM Mali-G57 MP1 Zadnja kamera 8MP Prednja kamera 5MP Baterija 5100mAh","rel":"","context":"Srodne objave","img":{"alt_text":"","src":"https:\/\/i1.wp.com\/astehshop.com\/wp-content\/uploads\/2025\/05\/Tablet-Blackview-Tab-A6-kids-4GB-128GB-WiFi.png?fit=900%2C900&resize=350%2C200","width":350,"height":200},"classes":[]},{"id":6832,"url":"http:\/\/astehshop.com\/index.php\/product\/samsung-f135-ds-galaxy-f13\/","url_meta":{"origin":6826,"position":4},"title":"Samsung F135-DS Galaxy F13","date":"25. studenoga 2022.","format":false,"excerpt":"Samsung Galaxy F13 4\/64GB Specifikacije modela su: Displej: 6.6\" Prednja kamera: 8MP, Zadnja kamera: 50MP + 5MP + 2MP, RAM: 4GB, Interna memorija: 64GB, Baterija: 6000mAh,","rel":"","context":"Srodne objave","img":{"alt_text":"","src":"https:\/\/i0.wp.com\/astehshop.com\/wp-content\/uploads\/2022\/11\/samsung-f13-ds-galaxy-f13-4gb-64gb-blue-noeu-ind.jpg?fit=800%2C800&resize=350%2C200","width":350,"height":200},"classes":[]},{"id":11954,"url":"http:\/\/astehshop.com\/index.php\/product\/xiaomi-redmi-15c-4gb-128gb-blue-eu\/","url_meta":{"origin":6826,"position":5},"title":"Xiaomi Redmi 15C 4GB 128GB Blue EU","date":"7. prosinca 2025.","format":false,"excerpt":"Xiaomi Redmi 15C 4GB 128GB Blue EU Xiaomi Redmi 15C\u00a0u varijanti sa\u00a04 GB RAM\u2011a\u00a0i\u00a0128 GB interne memorije\u00a0nudi sve \u0161to je potrebno za svakodnevnu upotrebu \u2013 od pregledavanja sadr\u017eaja i komunikacije, do laganih aplikacija i multimedije. Pristupa\u010dan je i pouzdan izbor u svojoj klasi. Klju\u010dne Karakteristike: Ekran:\u00a06.9\u2011in\u010dni\u00a0IPS LCD\u00a0ekran sa HD+ rezolucijom\u2026","rel":"","context":"Srodne objave","img":{"alt_text":"","src":"https:\/\/i2.wp.com\/astehshop.com\/wp-content\/uploads\/2025\/12\/Xiaomi-Redmi-15C-4GB-128GB-Blue-EU.png?fit=800%2C800&resize=350%2C200","width":350,"height":200},"classes":[]}],"_links":{"self":[{"href":"http:\/\/astehshop.com\/index.php\/wp-json\/wp\/v2\/product\/6826"}],"collection":[{"href":"http:\/\/astehshop.com\/index.php\/wp-json\/wp\/v2\/product"}],"about":[{"href":"http:\/\/astehshop.com\/index.php\/wp-json\/wp\/v2\/types\/product"}],"replies":[{"embeddable":true,"href":"http:\/\/astehshop.com\/index.php\/wp-json\/wp\/v2\/comments?post=6826"}],"wp:featuredmedia":[{"embeddable":true,"href":"http:\/\/astehshop.com\/index.php\/wp-json\/wp\/v2\/media\/6827"}],"wp:attachment":[{"href":"http:\/\/astehshop.com\/index.php\/wp-json\/wp\/v2\/media?parent=6826"}],"wp:term":[{"taxonomy":"product_cat","embeddable":true,"href":"http:\/\/astehshop.com\/index.php\/wp-json\/wp\/v2\/product_cat?post=6826"},{"taxonomy":"product_tag","embeddable":true,"href":"http:\/\/astehshop.com\/index.php\/wp-json\/wp\/v2\/product_tag?post=6826"}],"curies":[{"name":"wp","href":"https:\/\/api.w.org\/{rel}","templated":true}]}}