{"id":6822,"date":"2022-11-25T19:09:30","date_gmt":"2022-11-25T18:09:30","guid":{"rendered":"http:\/\/astehshop.com\/?post_type=product&#038;p=6822"},"modified":"2022-11-25T19:09:30","modified_gmt":"2022-11-25T18:09:30","slug":"samsung-a032f-ds-galaxy-a03-core-dual-2gb-32gb-black","status":"publish","type":"product","link":"http:\/\/astehshop.com\/index.php\/product\/samsung-a032f-ds-galaxy-a03-core-dual-2gb-32gb-black\/","title":{"rendered":"Samsung A032F-DS Galaxy A03 Core Dual 2GB 32GB Black"},"content":{"rendered":"<p>Samsung Galaxy A03 Core u crnoj boji. RAM 2 GB i interna memorija je 32 GB. Baterija 5000 mAh. Rezolucija zadnje kamere je 8 MP, prednja kamera 5 MP. Octa-core i Android 11 (Go edition) operativni sistem. Ekran 6.5 in\u010da. Dual SIM (Nano-SIM, dual stand-by). Jack za slu\u0161alice 3.5mm.<\/p>\n","protected":false},"excerpt":{"rendered":"<p>Samsung Galaxy A03 Core u crnoj boji. RAM 2 GB i interna memorija je 32 GB. Baterija 5000 mAh. Rezolucija zadnje kamere je 8 MP, prednja kamera 5 MP. Octa-core i Android 11 (Go edition) operativni sistem. Ekran 6.5 in\u010da. Dual SIM (Nano-SIM, dual stand-by). Jack za slu\u0161alice 3.5mm.<\/p>\n","protected":false},"featured_media":6823,"comment_status":"open","ping_status":"closed","template":"","meta":{"_mi_skip_tracking":false,"_exactmetrics_sitenote_active":false,"_exactmetrics_sitenote_note":"","_exactmetrics_sitenote_category":0,"spay_email":""},"product_cat":[1170],"product_tag":[4520,1377],"brands":[],"df_price":239,"df_sale_price":"","df_regular_price":239,"df_image_link":"https:\/\/i2.wp.com\/astehshop.com\/wp-content\/uploads\/2022\/11\/samsung-a032f-ds-galaxy-a03-core-dual-2gb-32gb-black-noeu.jpg?fit=450%2C450","jetpack_publicize_connections":[],"jetpack_sharing_enabled":true,"jetpack_likes_enabled":true,"jetpack-related-posts":[{"id":6826,"url":"http:\/\/astehshop.com\/index.php\/product\/xiaomi-redmi-9a-4gb-64gb-black\/","url_meta":{"origin":6822,"position":0},"title":"Xiaomi Redmi 9A 4GB 64GB Black","date":"25. studenoga 2022.","format":false,"excerpt":"Xiaomi Redmi 9A u crnoj boji. IPS LCD ekran veli\u010dine 6.53 in\u010da. Te\u017eina 196g. Zadnja kamera 13 MP, prednja kamera 5MP. Android 10 operativni sistem i octa-core procesor.Interna memorija iznosi 64GB. RAM 4GB. Baterija 5000 mAh. Dual SIM (Nano-SIM, dual stand-by).","rel":"","context":"Srodne objave","img":{"alt_text":"","src":"https:\/\/i1.wp.com\/astehshop.com\/wp-content\/uploads\/2022\/11\/xiaomi-redmi-9a-4gb-64gb-black-noeu.jpg?fit=800%2C800&resize=350%2C200","width":350,"height":200},"classes":[]},{"id":6391,"url":"http:\/\/astehshop.com\/index.php\/product\/pametni-telefon-cubot-p50-6gb-128gb-black\/","url_meta":{"origin":6822,"position":1},"title":"Pametni telefon Cubot P50 6GB 128GB Black","date":"30. rujna 2022.","format":false,"excerpt":"Cubot P50 u zelenoj boji. Posjeduje slot za SD karticu. RAM je 6 GB i interna memorija je 128 GB, mo\u017ee se pove\u0107ati sa SD karticom do 512 GB. Baterija 4200 mAh. Rezolucija zadnje kamere je 12MP, prednja kamera 20 MP. Octa core i Android 11 Red Velvet Cake operativni\u2026","rel":"","context":"Srodne objave","img":{"alt_text":"","src":"https:\/\/i0.wp.com\/astehshop.com\/wp-content\/uploads\/2022\/09\/cubot-p50-black.jpg?fit=800%2C800&resize=350%2C200","width":350,"height":200},"classes":[]},{"id":6756,"url":"http:\/\/astehshop.com\/index.php\/product\/mobitel-samsung-galaxy-a04-3gb-32gb-dual-sim-white\/","url_meta":{"origin":6822,"position":2},"title":"Mobitel Samsung Galaxy A04 3GB 32GB Dual Sim white","date":"19. studenoga 2022.","format":false,"excerpt":"Dimenzija 164.4 x 76.3 x 9.1 mm Mre\u017ea GSM \/ HSPA \/ LTE Te\u017eina 192 g SIM kartice Dual SIM ( 2x Nano SIM ) Vrsta zaslona PLS IPS Veli\u010dina zaslona 6.5\" Za\u0161tita zaslona NE Rezolucija zaslona 720 x 1600 pixels, 20:9 ratio (~270 ppi density) Operativni sustav (OS) Android\u2026","rel":"","context":"Srodne objave","img":{"alt_text":"","src":"https:\/\/i2.wp.com\/astehshop.com\/wp-content\/uploads\/2022\/11\/0113977_mobitel-samsung-galaxy-a04-3gb-32gb-dual-sim-white.jpeg?fit=1110%2C1148&resize=350%2C200","width":350,"height":200},"classes":[]},{"id":6818,"url":"http:\/\/astehshop.com\/index.php\/product\/cubot-j10-1gb-32gb-black\/","url_meta":{"origin":6822,"position":3},"title":"Cubot J10 1GB 32GB Black","date":"25. studenoga 2022.","format":false,"excerpt":"Cubot J10 u crnoj boji. Posjeduje slot za SD karticu. RAM je 1GB i interna memorija je 32GB, sa SD karticom do 128 GB. Baterija 2350 mAh. Rezolucija zadnje kamere je 5MP, prednja kamera 2MP. Quad Core i Android 11 operativni sistem. Veli\u010dina 4 in\u010da. \u00a0 \u00a0","rel":"","context":"Srodne objave","img":{"alt_text":"","src":"https:\/\/i0.wp.com\/astehshop.com\/wp-content\/uploads\/2022\/11\/Cubot-J10-1GB-32GB-Black.png?fit=800%2C800&resize=350%2C200","width":350,"height":200},"classes":[]},{"id":6830,"url":"http:\/\/astehshop.com\/index.php\/product\/xiaomi-redmi-9-active-4gb-64gb-green\/","url_meta":{"origin":6822,"position":4},"title":"Xiaomi Redmi 9 Active 4GB 64GB Green","date":"25. studenoga 2022.","format":false,"excerpt":"Smartphone Xiaomi Redmi 9 Activ, Dual SIM, IPS LCD 6.53\" display rezolucija 720 x 1600 Chipset MediaTek MT6765G Helio G35, CPU Octa Core 2.3GHz ( 4 x 2.3 GHz Cortex-A53 & 4 x 1.8 GHz Cortex-A53 ), grafi\u010dka kartica PowerVR GE8320, RAM memorija 4 GB, interna memorija 64 GB. Dual\u2026","rel":"","context":"Srodne objave","img":{"alt_text":"","src":"https:\/\/i0.wp.com\/astehshop.com\/wp-content\/uploads\/2022\/11\/xiaomi-redmi-9-active-4gb-64gb-green-noeu-ind.jpg?fit=800%2C800&resize=350%2C200","width":350,"height":200},"classes":[]},{"id":11946,"url":"http:\/\/astehshop.com\/index.php\/product\/samsung-a17-4gb-128gb-blue\/","url_meta":{"origin":6822,"position":5},"title":"Samsung A17 4GB 128GB Blue","date":"7. prosinca 2025.","format":false,"excerpt":"Samsung Galaxy A17 (4GB \/ 128GB, Blue) Samsung Galaxy A17\u00a0je elegantan i pouzdan pametni telefon koji kombinuje moderan dizajn, sna\u017ene performanse i prakti\u010dne funkcije za svakodnevnu upotrebu. Idealan je za korisnike koji \u017eele balans izme\u0111u kvaliteta, funkcionalnosti i pristupa\u010dne cijene. Klju\u010dne Karakteristike: Ekran:\u00a06.7\u201d Super AMOLED\u00a0ekran sa Full HD+ rezolucijom (1080\u2026","rel":"","context":"Srodne objave","img":{"alt_text":"","src":"https:\/\/i2.wp.com\/astehshop.com\/wp-content\/uploads\/2025\/12\/Samsung-A17-4GB-128GB-Blue.png?fit=800%2C800&resize=350%2C200","width":350,"height":200},"classes":[]}],"_links":{"self":[{"href":"http:\/\/astehshop.com\/index.php\/wp-json\/wp\/v2\/product\/6822"}],"collection":[{"href":"http:\/\/astehshop.com\/index.php\/wp-json\/wp\/v2\/product"}],"about":[{"href":"http:\/\/astehshop.com\/index.php\/wp-json\/wp\/v2\/types\/product"}],"replies":[{"embeddable":true,"href":"http:\/\/astehshop.com\/index.php\/wp-json\/wp\/v2\/comments?post=6822"}],"wp:featuredmedia":[{"embeddable":true,"href":"http:\/\/astehshop.com\/index.php\/wp-json\/wp\/v2\/media\/6823"}],"wp:attachment":[{"href":"http:\/\/astehshop.com\/index.php\/wp-json\/wp\/v2\/media?parent=6822"}],"wp:term":[{"taxonomy":"product_cat","embeddable":true,"href":"http:\/\/astehshop.com\/index.php\/wp-json\/wp\/v2\/product_cat?post=6822"},{"taxonomy":"product_tag","embeddable":true,"href":"http:\/\/astehshop.com\/index.php\/wp-json\/wp\/v2\/product_tag?post=6822"}],"curies":[{"name":"wp","href":"https:\/\/api.w.org\/{rel}","templated":true}]}}