{"id":6818,"date":"2022-11-25T19:06:24","date_gmt":"2022-11-25T18:06:24","guid":{"rendered":"http:\/\/astehshop.com\/?post_type=product&#038;p=6818"},"modified":"2023-03-10T19:20:44","modified_gmt":"2023-03-10T18:20:44","slug":"cubot-j10-1gb-32gb-black","status":"publish","type":"product","link":"http:\/\/astehshop.com\/index.php\/product\/cubot-j10-1gb-32gb-black\/","title":{"rendered":"Cubot J10 1GB 32GB Black"},"content":{"rendered":"<p>Cubot J10 u crnoj boji. Posjeduje slot za SD karticu. RAM je 1GB i interna memorija je 32GB, sa SD karticom do 128 GB. Baterija 2350 mAh. Rezolucija zadnje kamere je 5MP, prednja kamera 2MP. Quad Core i Android 11 operativni sistem. Veli\u010dina 4 in\u010da.<\/p>\n<p>&nbsp;<\/p>\n<iframe  id=\"_ytid_82952\"  width=\"480\" height=\"270\"  data-origwidth=\"480\" data-origheight=\"270\"  src=\"https:\/\/www.youtube.com\/embed\/FJNjxNo3b0o?enablejsapi=1&autoplay=0&cc_load_policy=0&cc_lang_pref=&iv_load_policy=1&loop=0&modestbranding=0&rel=1&fs=1&playsinline=0&autohide=2&theme=dark&color=red&controls=1&\" class=\"__youtube_prefs__  no-lazyload\" title=\"YouTube player\"  allow=\"autoplay; encrypted-media\" allowfullscreen data-no-lazy=\"1\" data-skipgform_ajax_framebjll=\"\"><\/iframe>\n<p>&nbsp;<\/p>\n","protected":false},"excerpt":{"rendered":"<p>Cubot J10 u crnoj boji. Posjeduje slot za SD karticu. RAM je 1GB i interna memorija je 32GB, sa SD karticom do 128 GB. Baterija 2350 mAh. Rezolucija zadnje kamere je 5MP, prednja kamera 2MP. Quad Core i Android 11 operativni sistem. Veli\u010dina 4 in\u010da.<\/p>\n<p>&nbsp;<\/p>\n[embedyt] https:\/\/www.youtube.com\/watch?v=FJNjxNo3b0o[\/embedyt]\n<p>&nbsp;<\/p>\n","protected":false},"featured_media":6819,"comment_status":"open","ping_status":"closed","template":"","meta":{"_mi_skip_tracking":false,"_exactmetrics_sitenote_active":false,"_exactmetrics_sitenote_note":"","_exactmetrics_sitenote_category":0,"spay_email":""},"product_cat":[1170],"product_tag":[4514,5156,3202,5152,1174,5153,5155,5154,4523,2525],"brands":[],"df_price":99,"df_sale_price":99,"df_regular_price":119,"df_image_link":"https:\/\/i0.wp.com\/astehshop.com\/wp-content\/uploads\/2022\/11\/Cubot-J10-1GB-32GB-Black.png?fit=450%2C450","jetpack_publicize_connections":[],"jetpack_sharing_enabled":true,"jetpack_likes_enabled":true,"jetpack-related-posts":[{"id":6391,"url":"http:\/\/astehshop.com\/index.php\/product\/pametni-telefon-cubot-p50-6gb-128gb-black\/","url_meta":{"origin":6818,"position":0},"title":"Pametni telefon Cubot P50 6GB 128GB Black","date":"30. rujna 2022.","format":false,"excerpt":"Cubot P50 u zelenoj boji. Posjeduje slot za SD karticu. RAM je 6 GB i interna memorija je 128 GB, mo\u017ee se pove\u0107ati sa SD karticom do 512 GB. Baterija 4200 mAh. Rezolucija zadnje kamere je 12MP, prednja kamera 20 MP. Octa core i Android 11 Red Velvet Cake operativni\u2026","rel":"","context":"Srodne objave","img":{"alt_text":"","src":"https:\/\/i0.wp.com\/astehshop.com\/wp-content\/uploads\/2022\/09\/cubot-p50-black.jpg?fit=800%2C800&resize=350%2C200","width":350,"height":200},"classes":[]},{"id":6822,"url":"http:\/\/astehshop.com\/index.php\/product\/samsung-a032f-ds-galaxy-a03-core-dual-2gb-32gb-black\/","url_meta":{"origin":6818,"position":1},"title":"Samsung A032F-DS Galaxy A03 Core Dual 2GB 32GB Black","date":"25. studenoga 2022.","format":false,"excerpt":"Samsung Galaxy A03 Core u crnoj boji. RAM 2 GB i interna memorija je 32 GB. Baterija 5000 mAh. Rezolucija zadnje kamere je 8 MP, prednja kamera 5 MP. Octa-core i Android 11 (Go edition) operativni sistem. Ekran 6.5 in\u010da. Dual SIM (Nano-SIM, dual stand-by). Jack za slu\u0161alice 3.5mm.","rel":"","context":"Srodne objave","img":{"alt_text":"","src":"https:\/\/i2.wp.com\/astehshop.com\/wp-content\/uploads\/2022\/11\/samsung-a032f-ds-galaxy-a03-core-dual-2gb-32gb-black-noeu.jpg?fit=800%2C800&resize=350%2C200","width":350,"height":200},"classes":[]},{"id":6389,"url":"http:\/\/astehshop.com\/index.php\/product\/cubot-note-8-2gb-16gb-green\/","url_meta":{"origin":6818,"position":2},"title":"Cubot Note 8 2GB 16GB Green","date":"30. rujna 2022.","format":false,"excerpt":"Cubot Note zelene boje sa HD+ ekranom. Posjeduje 13MP AI zadnju kameru i 5MP prednju kameru koje daju odli\u010dnu kvalitetu slika. Te\u017eine je 143g. Rezolucija ekrana je 442x960px. Posjeduje SD slot.","rel":"","context":"Srodne objave","img":{"alt_text":"","src":"https:\/\/i2.wp.com\/astehshop.com\/wp-content\/uploads\/2022\/09\/cubot-note-8-2gb-16gb-green.png?fit=800%2C800&resize=350%2C200","width":350,"height":200},"classes":[]},{"id":6826,"url":"http:\/\/astehshop.com\/index.php\/product\/xiaomi-redmi-9a-4gb-64gb-black\/","url_meta":{"origin":6818,"position":3},"title":"Xiaomi Redmi 9A 4GB 64GB Black","date":"25. studenoga 2022.","format":false,"excerpt":"Xiaomi Redmi 9A u crnoj boji. IPS LCD ekran veli\u010dine 6.53 in\u010da. Te\u017eina 196g. Zadnja kamera 13 MP, prednja kamera 5MP. Android 10 operativni sistem i octa-core procesor.Interna memorija iznosi 64GB. RAM 4GB. Baterija 5000 mAh. Dual SIM (Nano-SIM, dual stand-by).","rel":"","context":"Srodne objave","img":{"alt_text":"","src":"https:\/\/i1.wp.com\/astehshop.com\/wp-content\/uploads\/2022\/11\/xiaomi-redmi-9a-4gb-64gb-black-noeu.jpg?fit=800%2C800&resize=350%2C200","width":350,"height":200},"classes":[]},{"id":4351,"url":"http:\/\/astehshop.com\/index.php\/product\/tablet-kids-k7\/","url_meta":{"origin":6818,"position":4},"title":"Tablet kids k7","date":"31. o\u017eujka 2020.","format":false,"excerpt":"Android tablet 7\", ekran rezolucija 1024 x 600, CPU Quad Core, RAM memorija 1GB, interna memorija 8GB, pro\u0161irivo sa microSD do 32GB, kamera 2Mpixel, G senzor, WiFi, Bluetooth. Baterija 2500mAh Operativni sustav Android 7.1 Nougat","rel":"","context":"Srodne objave","img":{"alt_text":"","src":"https:\/\/i2.wp.com\/astehshop.com\/wp-content\/uploads\/2020\/03\/K7-Kids.png?fit=1200%2C1099&resize=350%2C200","width":350,"height":200},"classes":[]},{"id":9209,"url":"http:\/\/astehshop.com\/index.php\/product\/djeciji-tablet-k17-panda-kids\/","url_meta":{"origin":6818,"position":5},"title":"Dje\u010diji tablet K17 Panda Kids","date":"19. o\u017eujka 2024.","format":false,"excerpt":"Tablet 7\u201d IPS ekran, rezolucija 1024 x600 CPU Quad-core, 2GB RAM + 16GB interna memorija, pro\u0161irivo micro SD karticom do 32GB, Wi-Fi, BT mre\u017ea, G sensor Kamera 2MP + prednja 0,3MP Baterija 3000mAh Android 12 Go Software prilago\u0111en djeci (software iWawa) Edukativne igre i roditeljska za\u0161tita Ku\u010di\u0161te plasti\u0107no s gumenom\u2026","rel":"","context":"Srodne objave","img":{"alt_text":"","src":"https:\/\/i0.wp.com\/astehshop.com\/wp-content\/uploads\/2024\/03\/19539_1686255766ep4k9111tj.png?fit=1200%2C1200&resize=350%2C200","width":350,"height":200},"classes":[]}],"_links":{"self":[{"href":"http:\/\/astehshop.com\/index.php\/wp-json\/wp\/v2\/product\/6818"}],"collection":[{"href":"http:\/\/astehshop.com\/index.php\/wp-json\/wp\/v2\/product"}],"about":[{"href":"http:\/\/astehshop.com\/index.php\/wp-json\/wp\/v2\/types\/product"}],"replies":[{"embeddable":true,"href":"http:\/\/astehshop.com\/index.php\/wp-json\/wp\/v2\/comments?post=6818"}],"wp:featuredmedia":[{"embeddable":true,"href":"http:\/\/astehshop.com\/index.php\/wp-json\/wp\/v2\/media\/6819"}],"wp:attachment":[{"href":"http:\/\/astehshop.com\/index.php\/wp-json\/wp\/v2\/media?parent=6818"}],"wp:term":[{"taxonomy":"product_cat","embeddable":true,"href":"http:\/\/astehshop.com\/index.php\/wp-json\/wp\/v2\/product_cat?post=6818"},{"taxonomy":"product_tag","embeddable":true,"href":"http:\/\/astehshop.com\/index.php\/wp-json\/wp\/v2\/product_tag?post=6818"}],"curies":[{"name":"wp","href":"https:\/\/api.w.org\/{rel}","templated":true}]}}