{"id":6804,"date":"2022-11-24T14:14:28","date_gmt":"2022-11-24T13:14:28","guid":{"rendered":"http:\/\/astehshop.com\/?post_type=product&#038;p=6804"},"modified":"2022-11-24T14:14:30","modified_gmt":"2022-11-24T13:14:30","slug":"tvt-full-color-bullet-kamera-ahd-td-7421tm3-slika-u-boji-24-7","status":"publish","type":"product","link":"http:\/\/astehshop.com\/index.php\/product\/tvt-full-color-bullet-kamera-ahd-td-7421tm3-slika-u-boji-24-7\/","title":{"rendered":"TVT Full Color bullet kamera AHD TD-7421TM3 slika u boji 24 \/ 7"},"content":{"rendered":"<p>1080 P realna rezolucija sa realnom bojom<br \/>\nPodrska za OSD meni<br \/>\nBrz prenos slike<br \/>\nSlika u boji uvijek uz pomo\u0107 LED lampica<br \/>\nIP67<\/p>\n<p>&nbsp;<\/p>\n<iframe  id=\"_ytid_97164\"  width=\"480\" height=\"270\"  data-origwidth=\"480\" data-origheight=\"270\"  src=\"https:\/\/www.youtube.com\/embed\/RcBmA09F2fM?enablejsapi=1&autoplay=0&cc_load_policy=0&cc_lang_pref=&iv_load_policy=1&loop=0&modestbranding=0&rel=1&fs=1&playsinline=0&autohide=2&theme=dark&color=red&controls=1&\" class=\"__youtube_prefs__  no-lazyload\" title=\"YouTube player\"  allow=\"autoplay; encrypted-media\" allowfullscreen data-no-lazy=\"1\" data-skipgform_ajax_framebjll=\"\"><\/iframe>\n","protected":false},"excerpt":{"rendered":"<p>1080 P realna rezolucija sa realnom bojom<br \/>\nPodrska za OSD meni<br \/>\nBrz prenos slike<br \/>\nSlika u boji uvijek uz pomo\u0107 LED lampica<br \/>\nIP67<\/p>\n<p>&nbsp;<\/p>\n[embedyt] https:\/\/www.youtube.com\/watch?v=RcBmA09F2fM[\/embedyt]\n","protected":false},"featured_media":6805,"comment_status":"open","ping_status":"closed","template":"","meta":{"_mi_skip_tracking":false,"_exactmetrics_sitenote_active":false,"_exactmetrics_sitenote_note":"","_exactmetrics_sitenote_category":0,"spay_email":""},"product_cat":[132],"product_tag":[3078,4507],"brands":[],"df_price":139,"df_sale_price":"","df_regular_price":139,"df_image_link":"https:\/\/i1.wp.com\/astehshop.com\/wp-content\/uploads\/2022\/11\/tvt-full-color-scaled.jpg?fit=450%2C275","jetpack_publicize_connections":[],"jetpack_sharing_enabled":true,"jetpack_likes_enabled":true,"jetpack-related-posts":[{"id":8441,"url":"http:\/\/astehshop.com\/index.php\/product\/unv-5-mpx-bullet-kamera-colourhunter-uac-b125-af28m-w\/","url_meta":{"origin":6804,"position":0},"title":"UNV 5 MPX bullet kamera ColourHunter UAC-B125-AF28M-W","date":"23. listopada 2023.","format":false,"excerpt":"\u2022 5MP visokokvalitetna slika \u2022 TVI\/AHD\/CVI\/CVBS \u2022 Podr\u017eava osvetljenje bele svetlosti, slike u boji 24\/7 \u2022 Podr\u017eava horizontalno okretanje od 180\u00b0, vertikalno okretanje od 180\u00b0 \u2022 OSD konfiguracijski meni, jednostavan za rukovanje \u2022 IP67 vodootporan dizajn i dizajn otporan na pra\u0161inu, visoka pouzdanost \u2022 OSD konfiguracijski meni na 11 jezika\u2026","rel":"","context":"Srodne objave","img":{"alt_text":"","src":"https:\/\/i0.wp.com\/astehshop.com\/wp-content\/uploads\/2023\/10\/UAC-B122-AF2840M-W.jpg?fit=730%2C556&resize=350%2C200","width":350,"height":200},"classes":[]},{"id":8443,"url":"http:\/\/astehshop.com\/index.php\/product\/unv-dome-kamera-5-mpx-colourhunter-uac-t122-af28m-w\/","url_meta":{"origin":6804,"position":1},"title":"UNV dome kamera 2 MPX ColourHunter UAC-T122-AF28M-W","date":"23. listopada 2023.","format":false,"excerpt":"\u2022 2MP visokokvalitetna slika \u2022 TVI\/AHD\/CVI\/CVBS \u2022 Podr\u017eava osvetljenje bele svetlosti, slike u boji 24\/7 \u2022 Podr\u017eava horizontalno okretanje od 180\u00b0, vertikalno okretanje od 180\u00b0 \u2022 OSD konfiguracijski meni, jednostavan za rukovanje \u2022 IP67 vodootporan dizajn i dizajn otporan na pra\u0161inu, visoka pouzdanost \u2022 OSD konfiguracijski meni na 11 jezika\u2026","rel":"","context":"Srodne objave","img":{"alt_text":"","src":"https:\/\/i1.wp.com\/astehshop.com\/wp-content\/uploads\/2023\/10\/UAC-T122-AF28.jpg?fit=734%2C539&resize=350%2C200","width":350,"height":200},"classes":[]},{"id":8437,"url":"http:\/\/astehshop.com\/index.php\/product\/unv-bullet-5-mpx-kamera-colourhunter-uac-b115-f28-w\/","url_meta":{"origin":6804,"position":2},"title":"UNV Bullet 5 MPX kamera ColourHunter UAC-B115-F28-W","date":"23. listopada 2023.","format":false,"excerpt":"Slika visokog kvaliteta od 5MP \u2022 TVI\/AHD\/CVI\/CVBS \u2022 Podr\u017eava osvetljenje bele svetlosti, slike u boji 24\/7 \u2022 Podr\u017eava horizontalno okretanje od 180\u00b0, vertikalno okretanje od 180\u00b0 \u2022 OSD konfiguracijski meni, jednostavan za rukovanje \u2022 IP67 vodootporan dizajn i dizajn otporan na pra\u0161inu, visoka pouzdanost \u2022 OSD konfiguracijski meni na 11\u2026","rel":"","context":"Srodne objave","img":{"alt_text":"","src":"https:\/\/i1.wp.com\/astehshop.com\/wp-content\/uploads\/2023\/10\/20220830_1852827_2_949740_140445_0.jpg?fit=758%2C565&resize=350%2C200","width":350,"height":200},"classes":[]},{"id":8446,"url":"http:\/\/astehshop.com\/index.php\/product\/unv-dome-kamera-5-mpx-colourhunter-uac-t125-af28m-w\/","url_meta":{"origin":6804,"position":3},"title":"UNV dome kamera 5 MPX ColourHunter UAC-T125-AF28M-W","date":"23. listopada 2023.","format":false,"excerpt":"\u2022 5MP visokokvalitetna slika \u2022 TVI\/AHD\/CVI\/CVBS \u2022 Podr\u017eava osvetljenje bele svetlosti, slike u boji 24\/7 \u2022 Podr\u017eava horizontalno okretanje od 180\u00b0, vertikalno okretanje od 180\u00b0 \u2022 OSD konfiguracijski meni, jednostavan za rukovanje \u2022 IP67 vodootporan dizajn i otpornost na pra\u0161inu, visoka pouzdanost \u2022 OSD konfiguracijski meni na 11 jezika \u2022\u2026","rel":"","context":"Srodne objave","img":{"alt_text":"","src":"https:\/\/i1.wp.com\/astehshop.com\/wp-content\/uploads\/2023\/10\/UAC-T122-AF28.jpg?fit=734%2C539&resize=350%2C200","width":350,"height":200},"classes":[]},{"id":7483,"url":"http:\/\/astehshop.com\/index.php\/product\/hikvision-colorvu-kamera-1080p-ds-2ce10df3t-fs-sa-mikrofonom\/","url_meta":{"origin":6804,"position":4},"title":"HikVision ColorVu kamera 1080p DS-2CE10DF3T-FS sa mikrofonom","date":"12. o\u017eujka 2023.","format":false,"excerpt":"Visokokvalitetna slika sa 2 MP, rezolucijom 1920 \u00d7 1080 24\/7 slika u boji sa otvorom blende F1.0 Jasna slika uz jako pozadinsko svjetlo zahvaljuju\u0107i istinskoj WDR tehnologiji od 130 dB 3D DNR tehnologija daje \u010diste i o\u0161tre slike 2,8 mm, 3,6 mm fiksna \u017ei\u017ena so\u010diva Udaljenost bijelog svjetla do 20\u2026","rel":"","context":"Srodne objave","img":{"alt_text":"","src":"https:\/\/i0.wp.com\/astehshop.com\/wp-content\/uploads\/2023\/03\/DS-2CE10DF3T-F-2.jpg?fit=590%2C590&resize=350%2C200","width":350,"height":200},"classes":[]},{"id":8439,"url":"http:\/\/astehshop.com\/index.php\/product\/unv-2-mpx-bullet-kamera-colourhunter-uac-b122-af28m-w\/","url_meta":{"origin":6804,"position":5},"title":"UNV 2 MPX bullet kamera ColourHunter UAC-B122-AF28M-W","date":"23. listopada 2023.","format":false,"excerpt":"\u2022 2MP visokokvalitetna slika \u2022 TVI\/AHD\/CVI\/CVBS \u2022 Podr\u017eava osvetljenje bele svetlosti, slike u boji 24\/7 \u2022 Podr\u017eava horizontalno okretanje od 180\u00b0, vertikalno okretanje od 180\u00b0 \u2022 OSD konfiguracijski meni, jednostavan za rukovanje \u2022 IP67 vodootporan dizajn i dizajn otporan na pra\u0161inu, visoka pouzdanost \u2022 OSD konfiguracijski meni na 11 jezika\u2026","rel":"","context":"Srodne objave","img":{"alt_text":"","src":"https:\/\/i0.wp.com\/astehshop.com\/wp-content\/uploads\/2023\/10\/UAC-B122-AF2840M-W.jpg?fit=730%2C556&resize=350%2C200","width":350,"height":200},"classes":[]}],"_links":{"self":[{"href":"http:\/\/astehshop.com\/index.php\/wp-json\/wp\/v2\/product\/6804"}],"collection":[{"href":"http:\/\/astehshop.com\/index.php\/wp-json\/wp\/v2\/product"}],"about":[{"href":"http:\/\/astehshop.com\/index.php\/wp-json\/wp\/v2\/types\/product"}],"replies":[{"embeddable":true,"href":"http:\/\/astehshop.com\/index.php\/wp-json\/wp\/v2\/comments?post=6804"}],"wp:featuredmedia":[{"embeddable":true,"href":"http:\/\/astehshop.com\/index.php\/wp-json\/wp\/v2\/media\/6805"}],"wp:attachment":[{"href":"http:\/\/astehshop.com\/index.php\/wp-json\/wp\/v2\/media?parent=6804"}],"wp:term":[{"taxonomy":"product_cat","embeddable":true,"href":"http:\/\/astehshop.com\/index.php\/wp-json\/wp\/v2\/product_cat?post=6804"},{"taxonomy":"product_tag","embeddable":true,"href":"http:\/\/astehshop.com\/index.php\/wp-json\/wp\/v2\/product_tag?post=6804"}],"curies":[{"name":"wp","href":"https:\/\/api.w.org\/{rel}","templated":true}]}}