{"id":6791,"date":"2022-11-22T19:01:41","date_gmt":"2022-11-22T18:01:41","guid":{"rendered":"http:\/\/astehshop.com\/?post_type=product&#038;p=6791"},"modified":"2024-01-11T21:14:17","modified_gmt":"2024-01-11T20:14:17","slug":"bezicna-ip-kamera-longse-na-baterije-4mp","status":"publish","type":"product","link":"http:\/\/astehshop.com\/index.php\/product\/bezicna-ip-kamera-longse-na-baterije-4mp\/","title":{"rendered":"Be\u017ei\u010dna IP Kamera Longse na baterije 4MP"},"content":{"rendered":"<p>Imate vikendicu ili mjesto gdje nemate napona elektri\u010dnom energijom? Dugo o\u010dekivana kamera na na\u0161em tr\u017ei\u0161tu od Longse upravo je stigla.<\/p>\n<p>R4A Model je 4 MP i ima \u0161irok objektiv 2.8mm F1.6. Svojom viskom rezolucijom pribilje\u017eit \u0107e svaki detalj, kako slike tako i video materijala.<\/p>\n<p>Ovaj model dolazi sa jo\u0161 ve\u0107im kapacitetom baterija 9600 mAh. Kameru je bitno podesiti da snima na detekciju pokreta da bi baterije \u0161to du\u017ee izdr\u017eale. Jednostavno punjenje putem USB kabla.<\/p>\n<p>Kamera ima mjesto za Micro SD i podr\u017eava karticu do 128GB. Ista dolazi sa ugra\u0111enim zvu\u010dnikom i mikrofonom. No\u0107ni IR domet do 7 metara. U kameri je ugra\u0111en zvu\u010dnik i mikrofon. Otporna je na vodu i pra\u0161inu IP65 standarda.<\/p>\n<p>U koliko na lokaciji imate internet istu je jednostavno spojiti na va\u0161 ruter i kameru pratiti sa udaljene lokacije putem LongPlus aplikacije. Radna temperatura od -10 do 45 stepeni. Te\u017eina 420g<\/p>\n<p><strong>Garancija 24 mjeseca (U slu\u010daju kvara u uslovima garancije ure\u0111aj se ne popravlja, nego isklju\u010divo mijenja za novi ure\u0111aj istih ili boljih karekteristika). Kod ugradnje bitno je obratiti pa\u017enju da isto odradi ovla\u0161tena ili stru\u010dna osoba.<\/strong><\/p>\n<p>1\/3\u2033 Progressive Scan CMOS, GC4653+T31ZX SOC, Built-in Rechargeable Battery 9600mAh, Low Power Consumption, With Magnetic Wall Mount, Image Resolution: Max: 2560*1440@ 15fps Support Cloud storage, Micro SD card (up to 128GB), Two way Audio, Motion Detection, Push video to Smart Phone, Full Color Night Vistion. Wire-Free Battery Powered Low-consumption<br \/>\nCamera Led: High Powered Infrared &amp; White LEDs Lens: 2.8mm Wide Angle Lens Power: 2pcs 21700 Rechargeable Battery (9600mAh), Easy Charge by USB Cable Operating Temperature: -10 to 45\u00b0 Size: 84mm x 62mm x 92.5mm (without bracket) Weight: 420g<\/p>\n<p>&nbsp;<\/p>\n<p style=\"text-align: center;\"><span style=\"color: #ff0000;\">ODLI\u010cNA PONUDA Klikni na sliku da sazna\u0161 vi\u0161e :<\/span><br \/>\n<a href=\"http:\/\/astehshop.com\/?post_type=product&amp;p=6794&amp;preview=true\"><img data-attachment-id=\"6796\" data-permalink=\"http:\/\/astehshop.com\/?attachment_id=6796\" data-orig-file=\"https:\/\/i2.wp.com\/astehshop.com\/wp-content\/uploads\/2022\/11\/ponuda-2-x-ip-kamera-1.jpg?fit=1596%2C1160\" data-orig-size=\"1596,1160\" data-comments-opened=\"1\" data-image-meta=\"{&quot;aperture&quot;:&quot;0&quot;,&quot;credit&quot;:&quot;TechnoShopBN&quot;,&quot;camera&quot;:&quot;&quot;,&quot;caption&quot;:&quot;&quot;,&quot;created_timestamp&quot;:&quot;1669149353&quot;,&quot;copyright&quot;:&quot;&quot;,&quot;focal_length&quot;:&quot;0&quot;,&quot;iso&quot;:&quot;0&quot;,&quot;shutter_speed&quot;:&quot;0&quot;,&quot;title&quot;:&quot;&quot;,&quot;orientation&quot;:&quot;1&quot;}\" data-image-title=\"ponuda 2 x ip kamera\" data-image-description=\"\" data-image-caption=\"\" data-medium-file=\"https:\/\/i2.wp.com\/astehshop.com\/wp-content\/uploads\/2022\/11\/ponuda-2-x-ip-kamera-1.jpg?fit=450%2C327\" data-large-file=\"https:\/\/i2.wp.com\/astehshop.com\/wp-content\/uploads\/2022\/11\/ponuda-2-x-ip-kamera-1.jpg?fit=1024%2C744\" decoding=\"async\" loading=\"lazy\" class=\"wp-image-6796 size-medium aligncenter\" src=\"https:\/\/i2.wp.com\/astehshop.com\/wp-content\/uploads\/2022\/11\/ponuda-2-x-ip-kamera-1.jpg?resize=450%2C327\" alt=\"\" width=\"450\" height=\"327\" srcset=\"https:\/\/i2.wp.com\/astehshop.com\/wp-content\/uploads\/2022\/11\/ponuda-2-x-ip-kamera-1.jpg?resize=450%2C327 450w, https:\/\/i2.wp.com\/astehshop.com\/wp-content\/uploads\/2022\/11\/ponuda-2-x-ip-kamera-1.jpg?resize=1024%2C744 1024w, https:\/\/i2.wp.com\/astehshop.com\/wp-content\/uploads\/2022\/11\/ponuda-2-x-ip-kamera-1.jpg?resize=768%2C558 768w, https:\/\/i2.wp.com\/astehshop.com\/wp-content\/uploads\/2022\/11\/ponuda-2-x-ip-kamera-1.jpg?resize=1536%2C1116 1536w, https:\/\/i2.wp.com\/astehshop.com\/wp-content\/uploads\/2022\/11\/ponuda-2-x-ip-kamera-1.jpg?resize=300%2C218 300w, https:\/\/i2.wp.com\/astehshop.com\/wp-content\/uploads\/2022\/11\/ponuda-2-x-ip-kamera-1.jpg?resize=1170%2C850 1170w, https:\/\/i2.wp.com\/astehshop.com\/wp-content\/uploads\/2022\/11\/ponuda-2-x-ip-kamera-1.jpg?resize=600%2C436 600w, https:\/\/i2.wp.com\/astehshop.com\/wp-content\/uploads\/2022\/11\/ponuda-2-x-ip-kamera-1.jpg?w=1596 1596w\" sizes=\"(max-width: 450px) 100vw, 450px\" data-recalc-dims=\"1\" \/><\/a><\/p>\n<p>&nbsp;<\/p>\n","protected":false},"excerpt":{"rendered":"<p>Imate vikendicu ili mjesto gdje nemate napona elektri\u010dnom energijom? Dugo o\u010dekivana kamera na na\u0161em tr\u017ei\u0161tu od Longse upravo je stigla.<\/p>\n<p>R4A Model je 4 MP i ima \u0161irok objektiv 2.8mm F1.6. Svojom viskom rezolucijom pribilje\u017eit \u0107e svaki detalj, kako slike tako i video materijala.<\/p>\n<p>Ovaj model dolazi sa jo\u0161 ve\u0107im kapacitetom baterija 9600 mAh. Kameru je bitno podesiti da snima na detekciju pokreta da bi baterije \u0161to du\u017ee izdr\u017eale. Jednostavno punjenje putem USB kabla.<\/p>\n<p>Kamera ima mjesto za Micro SD i podr\u017eava karticu do 128GB. Ista dolazi sa ugra\u0111enim zvu\u010dnikom i mikrofonom. No\u0107ni IR domet do 7 metara. U kameri je ugra\u0111en zvu\u010dnik i mikrofon. Otporna je na vodu i pra\u0161inu IP65 standarda.<\/p>\n<p>U koliko na lokaciji imate internet istu je jednostavno spojiti na va\u0161 ruter i kameru pratiti sa udaljene lokacije putem LongPlus aplikacije. Radna temperatura od -10 do 45 stepeni. Te\u017eina 420g<\/p>\n<p><strong>Garancija 24 mjeseca (U slu\u010daju kvara u uslovima garancije ure\u0111aj se ne popravlja, nego isklju\u010divo mijenja za novi ure\u0111aj istih ili boljih karekteristika). Kod ugradnje bitno je obratiti pa\u017enju da isto odradi ovla\u0161tena ili stru\u010dna osoba.<\/strong><\/p>\n<p>1\/3\u2033 Progressive Scan CMOS, GC4653+T31ZX SOC, Built-in Rechargeable Battery 9600mAh, Low Power Consumption, With Magnetic Wall Mount, Image Resolution: Max: 2560*1440@ 15fps Support Cloud storage, Micro SD card (up to 128GB), Two way Audio, Motion Detection, Push video to Smart Phone, Full Color Night Vistion. Wire-Free Battery Powered Low-consumption<br \/>\nCamera Led: High Powered Infrared &amp; White LEDs Lens: 2.8mm Wide Angle Lens Power: 2pcs 21700 Rechargeable Battery (9600mAh), Easy Charge by USB Cable Operating Temperature: -10 to 45\u00b0 Size: 84mm x 62mm x 92.5mm (without bracket) Weight: 420g<\/p>\n<p style=\"text-align: center;\"><span style=\"color: #ff0000;\">ODLI\u010cNA PONUDA Klikni na sliku da sazna\u0161 vi\u0161e :<\/span><br \/>\n<a href=\"http:\/\/astehshop.com\/?post_type=product&amp;p=6794&amp;preview=true\"><img decoding=\"async\" loading=\"lazy\" class=\"wp-image-6796 size-medium aligncenter\" src=\"http:\/\/astehshop.com\/wp-content\/uploads\/2022\/11\/ponuda-2-x-ip-kamera-1-450x327.jpg\" alt=\"\" width=\"450\" height=\"327\" srcset=\"https:\/\/i2.wp.com\/astehshop.com\/wp-content\/uploads\/2022\/11\/ponuda-2-x-ip-kamera-1.jpg?resize=450%2C327 450w, https:\/\/i2.wp.com\/astehshop.com\/wp-content\/uploads\/2022\/11\/ponuda-2-x-ip-kamera-1.jpg?resize=1024%2C744 1024w, https:\/\/i2.wp.com\/astehshop.com\/wp-content\/uploads\/2022\/11\/ponuda-2-x-ip-kamera-1.jpg?resize=768%2C558 768w, https:\/\/i2.wp.com\/astehshop.com\/wp-content\/uploads\/2022\/11\/ponuda-2-x-ip-kamera-1.jpg?resize=1536%2C1116 1536w, https:\/\/i2.wp.com\/astehshop.com\/wp-content\/uploads\/2022\/11\/ponuda-2-x-ip-kamera-1.jpg?resize=300%2C218 300w, https:\/\/i2.wp.com\/astehshop.com\/wp-content\/uploads\/2022\/11\/ponuda-2-x-ip-kamera-1.jpg?resize=1170%2C850 1170w, https:\/\/i2.wp.com\/astehshop.com\/wp-content\/uploads\/2022\/11\/ponuda-2-x-ip-kamera-1.jpg?resize=600%2C436 600w, https:\/\/i2.wp.com\/astehshop.com\/wp-content\/uploads\/2022\/11\/ponuda-2-x-ip-kamera-1.jpg?w=1596 1596w\" sizes=\"(max-width: 450px) 100vw, 450px\" \/><\/a><\/p>\n<p>&nbsp;<\/p>\n<p>&nbsp;<\/p>\n","protected":false},"featured_media":6792,"comment_status":"open","ping_status":"closed","template":"","meta":{"_mi_skip_tracking":false,"_exactmetrics_sitenote_active":false,"_exactmetrics_sitenote_note":"","_exactmetrics_sitenote_category":0,"spay_email":""},"product_cat":[130],"product_tag":[3449,3448,4498],"brands":[{"id":2220,"name":"Longse","slug":"longse"}],"df_price":249,"df_sale_price":"","df_regular_price":249,"df_image_link":"https:\/\/i2.wp.com\/astehshop.com\/wp-content\/uploads\/2022\/11\/longse-smart-wi-fi-camera-r4a.jpg?fit=348%2C450","jetpack_publicize_connections":[],"jetpack_sharing_enabled":true,"jetpack_likes_enabled":true,"jetpack-related-posts":[{"id":8833,"url":"http:\/\/astehshop.com\/index.php\/product\/bezicna-ip-kamera-na-baterije-2mp-2-8mm-5200-mah-r2a\/","url_meta":{"origin":6791,"position":0},"title":"Be\u017ei\u010dna IP Kamera na baterije 2MP 2.8mm 5200 mAh  R2A","date":"11. sije\u010dnja 2024.","format":false,"excerpt":"Model: R2A Imate vikendicu ili mjesto gdje nemate napona elektri\u010dnom energijom? Dugo o\u010dekivana kamera na na\u0161em tr\u017ei\u0161tu od Longse upravo je stigla. R2A Model je 2 MP i ima \u0161irok objektiv 2.8mm F1.6. Svojom viskom rezolucijom pribilje\u017eit \u0107e svaki detalj, kako slike tako i video materijala. Ovaj model dolazi sa\u2026","rel":"","context":"Srodne objave","img":{"alt_text":"","src":"https:\/\/i2.wp.com\/astehshop.com\/wp-content\/uploads\/2024\/01\/R2A.jpg?fit=510%2C348&resize=350%2C200","width":350,"height":200},"classes":[]},{"id":6794,"url":"http:\/\/astehshop.com\/index.php\/product\/2-x-longse-baterijska-kamera-r4a-2-x-64-gb-memorijska-kartica-533-km\/","url_meta":{"origin":6791,"position":1},"title":"2 x Longse baterijska kamera R4A + 2 x 64 GB Memorijska kartica 533 KM","date":"22. studenoga 2022.","format":false,"excerpt":"Odli\u010dna ponuda ukoliko kupite 2 Longse baterijske kamere dobijate i 2 kartice besplatno 64 GB i dodatni popust od 10 % \u00a0 Imate vikendicu ili mjesto gdje nemate napona elektri\u010dnom energijom? Dugo o\u010dekivana kamera na na\u0161em tr\u017ei\u0161tu od Longse upravo je stigla. R4A Model je 4 MP i ima \u0161irok\u2026","rel":"","context":"Srodne objave","img":{"alt_text":"","src":"https:\/\/i2.wp.com\/astehshop.com\/wp-content\/uploads\/2022\/11\/ponuda-2-x-ip-kamera-1.jpg?fit=1200%2C872&resize=350%2C200","width":350,"height":200},"classes":[]},{"id":9172,"url":"http:\/\/astehshop.com\/index.php\/product\/poe-dome-ip-kamera-longse-4mp-2-8mm-25m-ir-sd-card-slot-mic-cmsefg400\/","url_meta":{"origin":6791,"position":2},"title":"POE Dome IP Kamera Longse 4MP 2.8mm 25m IR SD Card slot + Mic CMSEFG400","date":"10. o\u017eujka 2024.","format":false,"excerpt":"Ovaj model kamere dolazi u metalnom ku\u0107i\u0161tu sa objektivom 2.8mm i rezolucijom 4MP 4K. \u0160irokim objektivom od 2.8mm i ista \u0107e pokriti \u0161irok dio prostora sa jasnom i kvalitetnom slikom ili videom. No\u0107ni IR domet 25m. Posjeduje integrirani mikrofon i utor za MicroSD karticu. Sa kompresijom H.265+ kamera \u0107e u\u0161tedjeti\u2026","rel":"","context":"Srodne objave","img":{"alt_text":"","src":"https:\/\/i0.wp.com\/astehshop.com\/wp-content\/uploads\/2024\/03\/CMSDKL500.jpg?fit=618%2C475&resize=350%2C200","width":350,"height":200},"classes":[]},{"id":9164,"url":"http:\/\/astehshop.com\/index.php\/product\/ip-kamera-dome-5mp-2-8mm-25m-ir-external-poe-mic-cmsdkl500\/","url_meta":{"origin":6791,"position":3},"title":"IP Kamera Dome 5MP 2.8mm 25m IR External POE + Mic CMSDKL500","date":"10. o\u017eujka 2024.","format":false,"excerpt":"Ovaj model kamere dolazi u metalnom ku\u0107i\u0161tu sa objektivom 2.8mm i rezolucijom 5MP@30fps 4K. \u0160irokim objektivom od 2.8mm i ista \u0107e pokriti \u0161irok dio prostora sa jasnom i kvalitetnom slikom ili videom. No\u0107ni IR domet 25m. Posjeduje integrirani mikrofon. Sa kompresijom H.265+ kamera \u0107e u\u0161tedjeti mjesto na va\u0161em hard disku,\u2026","rel":"","context":"Srodne objave","img":{"alt_text":"","src":"https:\/\/i0.wp.com\/astehshop.com\/wp-content\/uploads\/2024\/03\/CMSDKL500.jpg?fit=618%2C475&resize=350%2C200","width":350,"height":200},"classes":[]},{"id":8823,"url":"http:\/\/astehshop.com\/index.php\/product\/longse-starlight-ip-kamera-bullet-8mp-3-6mm-20m-ir-poe-sd-card-slot-bmsaml800\/","url_meta":{"origin":6791,"position":4},"title":"Longse Starlight IP Kamera Bullet 8MP 3.6mm 20m IR POE + SD Card Slot BMSAML800","date":"10. sije\u010dnja 2024.","format":false,"excerpt":"Model: BMSAML800 Ovaj model kamere dolazi u metalnom ku\u0107i\u0161tu sa objektivom 3.6mm i rezolucijom 8MP@20fps 4MP@20fps UHD 4K (SC8238+SSC338Q). Objektivom od 3.6mm i ista \u0107e pokriti prostor sa jasnom i kvalitetnom slikom ili videom. No\u0107ni IR domet u boji 24h + Starlight no\u0107no osvjetljenje, hvata do 20 metara. Sa kompresijom\u2026","rel":"","context":"Srodne objave","img":{"alt_text":"","src":"https:\/\/i0.wp.com\/astehshop.com\/wp-content\/uploads\/2023\/11\/BMSAFG400WH-2.png?fit=1140%2C924&resize=350%2C200","width":350,"height":200},"classes":[]},{"id":9178,"url":"http:\/\/astehshop.com\/index.php\/product\/poe-bullet-ip-kamera-longse-4mp-2-8mm-25m-ir-full-color-24h-mic-bmscfg400wh\/","url_meta":{"origin":6791,"position":5},"title":"POE Bullet IP Kamera Longse 4MP 2.8mm 25m IR Full Color 24h + MIC BMSCFG400WH","date":"10. o\u017eujka 2024.","format":false,"excerpt":"Ovaj model kamere dolazi u metalnom ku\u0107i\u0161tu. Rezolucijom Full HD 4MP i objektivom 2.8mm ista \u0107e pokriti kvalitetno \u0161irok spekrtar prostora sa jasnom slikom ili videom. No\u0107ni IR domet 25m sa Full Color osvjetljenjem kamera \u0107e raditi u boji 24\/7h. Sa kompresijom H.265 ili H.265+ kamera \u0107e u\u0161tedjeti mjesto na\u2026","rel":"","context":"Srodne objave","img":{"alt_text":"","src":"https:\/\/i0.wp.com\/astehshop.com\/wp-content\/uploads\/2024\/03\/BMSCFG400WH-1.jpg?fit=510%2C348&resize=350%2C200","width":350,"height":200},"classes":[]}],"_links":{"self":[{"href":"http:\/\/astehshop.com\/index.php\/wp-json\/wp\/v2\/product\/6791"}],"collection":[{"href":"http:\/\/astehshop.com\/index.php\/wp-json\/wp\/v2\/product"}],"about":[{"href":"http:\/\/astehshop.com\/index.php\/wp-json\/wp\/v2\/types\/product"}],"replies":[{"embeddable":true,"href":"http:\/\/astehshop.com\/index.php\/wp-json\/wp\/v2\/comments?post=6791"}],"wp:featuredmedia":[{"embeddable":true,"href":"http:\/\/astehshop.com\/index.php\/wp-json\/wp\/v2\/media\/6792"}],"wp:attachment":[{"href":"http:\/\/astehshop.com\/index.php\/wp-json\/wp\/v2\/media?parent=6791"}],"wp:term":[{"taxonomy":"product_cat","embeddable":true,"href":"http:\/\/astehshop.com\/index.php\/wp-json\/wp\/v2\/product_cat?post=6791"},{"taxonomy":"product_tag","embeddable":true,"href":"http:\/\/astehshop.com\/index.php\/wp-json\/wp\/v2\/product_tag?post=6791"}],"curies":[{"name":"wp","href":"https:\/\/api.w.org\/{rel}","templated":true}]}}