{"id":6763,"date":"2022-11-19T22:15:41","date_gmt":"2022-11-19T21:15:41","guid":{"rendered":"http:\/\/astehshop.com\/?post_type=product&#038;p=6763"},"modified":"2022-11-19T22:15:41","modified_gmt":"2022-11-19T21:15:41","slug":"printer-hp-laserjet-m111a","status":"publish","type":"product","link":"http:\/\/astehshop.com\/index.php\/product\/printer-hp-laserjet-m111a\/","title":{"rendered":"Printer HP LaserJet M111a"},"content":{"rendered":"<div class=\"product-name\">\n<h1>Printer HP LaserJet M111a 20str\/min.600dpi,USB 2.0. 7MD67A .toner W1500A<\/h1>\n<\/div>\n<div class=\"short-description\">Printer HP LaserJet M111a 20str\/min.600dpi,USB 2.0. 7MD67A .toner W1500A<\/div>\n","protected":false},"excerpt":{"rendered":"<div class=\"product-name\">\n<h1>Printer HP LaserJet M111a 20str\/min.600dpi,USB 2.0. 7MD67A .toner W1500A<\/h1>\n<\/div>\n<div class=\"short-description\">Printer HP LaserJet M111a 20str\/min.600dpi,USB 2.0. 7MD67A .toner W1500A<\/div>\n","protected":false},"featured_media":6764,"comment_status":"open","ping_status":"closed","template":"","meta":{"_mi_skip_tracking":false,"_exactmetrics_sitenote_active":false,"_exactmetrics_sitenote_note":"","_exactmetrics_sitenote_category":0,"spay_email":""},"product_cat":[166],"product_tag":[4477,1449,1436,1364],"brands":[],"df_price":239,"df_sale_price":"","df_regular_price":239,"df_image_link":"https:\/\/i1.wp.com\/astehshop.com\/wp-content\/uploads\/2022\/11\/0109593_printer-hp-laserjet-m111a-20strmin600dpiusb-20-7md67a-toner-w1500a.jpeg?fit=450%2C446","jetpack_publicize_connections":[],"jetpack_sharing_enabled":true,"jetpack_likes_enabled":true,"jetpack-related-posts":[{"id":8510,"url":"http:\/\/astehshop.com\/index.php\/product\/hp-laserjet-137fnw-4zb84a-mfp-printer-fax-skener-kopir\/","url_meta":{"origin":6763,"position":0},"title":"HP LaserJet 137fnw 4ZB84A MFP Printer FAX Skener kopir","date":"2. studenoga 2023.","format":false,"excerpt":"Brzina printanja: 24 str\/min, Rezolucija: 1200x1200 dpi, 128 MB, Format: A4, A5, A6, Funkcije: Printer, Skener, Kopir, Fax, Povezivost: USB 2.0, Wi-Fi, Mjese\u010dni ciklus: 10 000 str. Toner: 106A.","rel":"","context":"Srodne objave","img":{"alt_text":"","src":"https:\/\/i2.wp.com\/astehshop.com\/wp-content\/uploads\/2023\/11\/26582-HP-LaserJet-MFP-137fnw-3.jpg?fit=450%2C450&resize=350%2C200","width":350,"height":200},"classes":[]},{"id":3318,"url":"http:\/\/astehshop.com\/index.php\/product\/toner-za-laserski-stampac-hp-laserjet-3050-all-in-one-printer\/","url_meta":{"origin":6763,"position":1},"title":"Toner za laserski \u0161tampa\u010d HP LaserJet 3050 All-in-One Printer","date":"27. travnja 2019.","format":false,"excerpt":"Zamjenski toner za laserski \u0161tampa\u010d HP LaserJet 3050 All-in-One Printer Kompatibilnost: Q2612A, Kapacitet: 2.000 strana A4 066 123 234 Garancija \/ Kvalitet \/ Povjerenje","rel":"","context":"Srodne objave","img":{"alt_text":"","src":"https:\/\/i2.wp.com\/astehshop.com\/wp-content\/uploads\/2019\/04\/12a-toner-1.jpg?fit=240%2C240&resize=350%2C200","width":350,"height":200},"classes":[]},{"id":3322,"url":"http:\/\/astehshop.com\/index.php\/product\/toner-za-laserski-stampac-hp-laserjet-m1005-multifunction-printer\/","url_meta":{"origin":6763,"position":2},"title":"Toner za laserski \u0161tampa\u010d HP LaserJet M1005 Multifunction Printer","date":"27. travnja 2019.","format":false,"excerpt":"Toner za laserski \u0161tampa\u010d HP LaserJet M1005 Multifunction Printer Kompatibilnost: Q2612A, Kapacitet: 2.000 strana A4 066 123 234 Garancija \/ Kvalitet \/ Povjerenje","rel":"","context":"Srodne objave","img":{"alt_text":"","src":"https:\/\/i2.wp.com\/astehshop.com\/wp-content\/uploads\/2019\/04\/12a-toner-1.jpg?fit=240%2C240&resize=350%2C200","width":350,"height":200},"classes":[]},{"id":3319,"url":"http:\/\/astehshop.com\/index.php\/product\/toner-za-laserski-stampac-hp-laserjet-3052-all-in-one-printer\/","url_meta":{"origin":6763,"position":3},"title":"Toner za laserski \u0161tampa\u010d HP LaserJet 3052 All-in-One Printer","date":"27. travnja 2019.","format":false,"excerpt":"Zamjenski toner za laserski \u0161tampa\u010d HP LaserJet 3052 All-in-One Printer \u00a0 Kompatibilnost: Q2612A, Kapacitet: 2.000 strana A4 066 123 234 Garancija \/ Kvalitet \/ Povjerenje","rel":"","context":"Srodne objave","img":{"alt_text":"","src":"https:\/\/i2.wp.com\/astehshop.com\/wp-content\/uploads\/2019\/04\/12a-toner-1.jpg?fit=240%2C240&resize=350%2C200","width":350,"height":200},"classes":[]},{"id":8514,"url":"http:\/\/astehshop.com\/index.php\/product\/hp-laserjet-m111w-printer-7md68a\/","url_meta":{"origin":6763,"position":4},"title":"HP LaserJet M111w printer 7MD68A","date":"2. studenoga 2023.","format":false,"excerpt":"Brzina printanja: 20 str\/min, Mono, Rezolucija: 600x600 dpi, 64 MB, Funkcije: Printer, Kompatibilno sa HP toner 150A Black","rel":"","context":"Srodne objave","img":{"alt_text":"","src":"https:\/\/i0.wp.com\/astehshop.com\/wp-content\/uploads\/2023\/11\/m111a.jpg?fit=452%2C364&resize=350%2C200","width":350,"height":200},"classes":[]},{"id":3320,"url":"http:\/\/astehshop.com\/index.php\/product\/toner-za-laserski-stampac-hp-laserjet-3055-all-in-one-printer\/","url_meta":{"origin":6763,"position":5},"title":"Toner za laserski \u0161tampa\u010d HP LaserJet 3055 All-in-One Printer","date":"27. travnja 2019.","format":false,"excerpt":"Zamjenski toner za laserski \u0161tampa\u010d HP LaserJet 3055 All-in-One Printer Kompatibilnost: Q2612A, Kapacitet: 2.000 strana A4 066 123 234 Garancija \/ Kvalitet \/ Povjerenje","rel":"","context":"Srodne objave","img":{"alt_text":"","src":"https:\/\/i2.wp.com\/astehshop.com\/wp-content\/uploads\/2019\/04\/12a-toner-1.jpg?fit=240%2C240&resize=350%2C200","width":350,"height":200},"classes":[]}],"_links":{"self":[{"href":"http:\/\/astehshop.com\/index.php\/wp-json\/wp\/v2\/product\/6763"}],"collection":[{"href":"http:\/\/astehshop.com\/index.php\/wp-json\/wp\/v2\/product"}],"about":[{"href":"http:\/\/astehshop.com\/index.php\/wp-json\/wp\/v2\/types\/product"}],"replies":[{"embeddable":true,"href":"http:\/\/astehshop.com\/index.php\/wp-json\/wp\/v2\/comments?post=6763"}],"wp:featuredmedia":[{"embeddable":true,"href":"http:\/\/astehshop.com\/index.php\/wp-json\/wp\/v2\/media\/6764"}],"wp:attachment":[{"href":"http:\/\/astehshop.com\/index.php\/wp-json\/wp\/v2\/media?parent=6763"}],"wp:term":[{"taxonomy":"product_cat","embeddable":true,"href":"http:\/\/astehshop.com\/index.php\/wp-json\/wp\/v2\/product_cat?post=6763"},{"taxonomy":"product_tag","embeddable":true,"href":"http:\/\/astehshop.com\/index.php\/wp-json\/wp\/v2\/product_tag?post=6763"}],"curies":[{"name":"wp","href":"https:\/\/api.w.org\/{rel}","templated":true}]}}